{"id":13914,"date":"2020-09-15T12:39:37","date_gmt":"2020-09-15T10:39:37","guid":{"rendered":"http:\/\/serveiseducatius.xtec.cat\/pallars\/?page_id=13914"},"modified":"2022-02-09T11:51:51","modified_gmt":"2022-02-09T10:51:51","slug":"setembre-2020","status":"publish","type":"page","link":"https:\/\/serveiseducatius.xtec.cat\/pallars\/full-informatiu\/fulls-informatius-2020\/setembre-2020\/","title":{"rendered":"Setembre 2020"},"content":{"rendered":"<p>&nbsp;<\/p>\n<table style=\"height: 323px; border-style: none; width: 776px;\" border=\"0\" width=\"776\">\n<tbody>\n<tr style=\"height: 142px;\">\n<td style=\"width: 258.833px; height: 142px; border-style: none; background-color: #f5eadf; text-align: center;\" scope=\"row\" height=\"124\"><a href=\"https:\/\/serveiseducatius.xtec.cat\/pallars\/general\/oferta-formativa-2020-2021\/\"><img loading=\"lazy\" decoding=\"async\" class=\"alignnone size-full wp-image-13915\" src=\"https:\/\/serveiseducatius.xtec.cat\/pallars\/wp-content\/uploads\/usu1099\/2020\/09\/oferta-formativa.png\" alt=\"\" width=\"222\" height=\"122\" \/><\/a><\/td>\n<td style=\"width: 253.15px; height: 142px; border-style: none;\" align=\"center\"><a href=\"https:\/\/forms.gle\/fKvR2xTyU96pQkHY8\"><img loading=\"lazy\" decoding=\"async\" class=\"alignnone size-full wp-image-13789\" src=\"https:\/\/serveiseducatius.xtec.cat\/pallars\/wp-content\/uploads\/usu1099\/2020\/06\/retorn-de-material-2.png\" alt=\"\" width=\"222\" height=\"122\" \/><\/a><\/td>\n<td style=\"width: 256.017px; height: 142px; border-style: none; background-color: #f5eadf; text-align: center;\"><a href=\"https:\/\/serveiseducatius.xtec.cat\/pallars\/general\/jornada-virtual-de-biblioteca-publica-i-centres-educatius-dels-pallars-i-alta-ribagorca\/\"><img loading=\"lazy\" decoding=\"async\" class=\"alignnone size-full wp-image-13926\" src=\"https:\/\/serveiseducatius.xtec.cat\/pallars\/wp-content\/uploads\/usu1099\/2020\/09\/jornada-de-biblioteca-pw.png\" alt=\"\" width=\"220\" height=\"122\" \/><\/a><\/td>\n<\/tr>\n<tr style=\"height: 49px;\">\n<td style=\"width: 258.833px; height: 49px; border-style: none; background-color: #f5eadf; text-align: center;\" scope=\"row\" height=\"21\"><a href=\"https:\/\/serveiseducatius.xtec.cat\/pallars\/general\/oferta-formativa-2020-2021\/\"><strong>Inscripcions a les activitats<\/strong><\/a><\/td>\n<td style=\"width: 253.15px; height: 49px; text-align: center; border-style: none;\"><strong><a href=\"https:\/\/forms.gle\/fKvR2xTyU96pQkHY8\">Formulari de demanda<br \/>\nde maletes pedag\u00f2giques.<\/a><br \/>\nFins al 27 de setembre<\/strong><\/td>\n<td style=\"width: 256.017px; height: 49px; border-style: none; background-color: #f5eadf; text-align: center;\"><a href=\"https:\/\/serveiseducatius.xtec.cat\/pallars\/general\/jornada-virtual-de-biblioteca-publica-i-centres-educatius-dels-pallars-i-alta-ribagorca\/\"><strong>Jornada virtual de Biblioteca P\u00fablica<br \/>\ni Centres educatius<br \/>\ndels Pallars i Alta Ribagor\u00e7a<\/strong><\/a><\/td>\n<\/tr>\n<tr style=\"height: 33px;\">\n<td style=\"width: 258.833px; height: 33px; border-style: none; text-align: center;\" scope=\"row\"><a href=\"https:\/\/serveiseducatius.xtec.cat\/pallars\/general\/formacio-llengues-estrangeres-dels-st-de-lleida\/\"><img loading=\"lazy\" decoding=\"async\" class=\"alignnone size-full wp-image-14006\" src=\"https:\/\/serveiseducatius.xtec.cat\/pallars\/wp-content\/uploads\/usu1099\/2020\/09\/Pw-llengues-estrangeres.png\" alt=\"\" width=\"222\" height=\"122\" \/><\/a><\/td>\n<td style=\"width: 253.15px; height: 33px; border-style: none; background-color: #f5eadf;\"><a href=\"http:\/\/ensenyament.gencat.cat\/ca\/departament\/linies-estrategiques\/pla-educacio-digital\/\"><img loading=\"lazy\" decoding=\"async\" class=\"alignnone size-full wp-image-13963\" src=\"https:\/\/serveiseducatius.xtec.cat\/pallars\/wp-content\/uploads\/usu1099\/2020\/09\/Pla-de-cultura-digital.png\" alt=\"\" width=\"222\" height=\"122\" \/><\/a><\/td>\n<td style=\"width: 256.017px; height: 33px; border-style: none;\"><a href=\"https:\/\/toolbox.mobileworldcapital.com\/?utm_source=%2A+mSchools+mailing+list+%2A&amp;utm_campaign=9146ed0d00-EMAIL_CAMPAIGN_2018_06_27_01_59_COPY_01&amp;utm_medium=email&amp;utm_term=0_e6934f6547-9146ed0d00-171037297\"><img loading=\"lazy\" decoding=\"async\" class=\"alignnone size-full wp-image-10859\" src=\"https:\/\/serveiseducatius.xtec.cat\/pallars\/wp-content\/uploads\/usu1099\/2018\/12\/mobiles.png\" alt=\"\" width=\"222\" height=\"122\" \/><\/a><\/td>\n<\/tr>\n<tr style=\"height: 33px;\">\n<td style=\"width: 258.833px; height: 33px; border-style: none; text-align: center;\" scope=\"row\" height=\"21\"><a href=\"https:\/\/serveiseducatius.xtec.cat\/pallars\/general\/formacio-llengues-estrangeres-dels-st-de-lleida\/\"><strong>M\u00e9s informaci\u00f3<\/strong><\/a><\/td>\n<td style=\"width: 253.15px; height: 33px; border-style: none; background-color: #f5eadf; text-align: center;\"><strong><a href=\"http:\/\/ensenyament.gencat.cat\/ca\/departament\/linies-estrategiques\/pla-educacio-digital\/\">M\u00e9s informaci\u00f3<\/a><\/strong><\/td>\n<td style=\"width: 256.017px; height: 33px; border-style: none; text-align: center;\"><strong><a href=\"https:\/\/toolbox.mobileworldcapital.com\/?utm_source=%2A+mSchools+mailing+list+%2A&amp;utm_campaign=9146ed0d00-EMAIL_CAMPAIGN_2018_06_27_01_59_COPY_01&amp;utm_medium=email&amp;utm_term=0_e6934f6547-9146ed0d00-171037297\">Acc\u00e9s a contingut m\u00f2bil educatiu. Apps i experi\u00e8ncies<\/a><\/strong><\/td>\n<\/tr>\n<tr style=\"height: 33px;\">\n<td style=\"width: 258.833px; height: 33px; border-style: none; background-color: #f5eadf;\" scope=\"row\"><a href=\"https:\/\/drive.google.com\/file\/d\/1X1uirK7AOXduGZatH3j5qpkD0VrYvazP\/view?usp=sharing\"><img loading=\"lazy\" decoding=\"async\" class=\"alignnone size-full wp-image-13934\" src=\"https:\/\/serveiseducatius.xtec.cat\/pallars\/wp-content\/uploads\/usu1099\/2020\/09\/cartells.png\" alt=\"\" width=\"222\" height=\"122\" \/><\/a><\/td>\n<td style=\"width: 253.15px; height: 33px; border-style: none;\"><a href=\"https:\/\/serveiseducatius.xtec.cat\/pallars\/general\/projecte-retotech-endesa\/\"><img loading=\"lazy\" decoding=\"async\" class=\"alignnone size-full wp-image-13937\" src=\"https:\/\/serveiseducatius.xtec.cat\/pallars\/wp-content\/uploads\/usu1099\/2020\/09\/Retoche.png\" alt=\"\" width=\"222\" height=\"122\" \/><\/a><\/td>\n<td style=\"width: 256.017px; height: 33px; border-style: none; background-color: #f5eadf; text-align: center;\"><a href=\"https:\/\/laveritablehistoriadelamusica.wordpress.com\/\"><img loading=\"lazy\" decoding=\"async\" class=\"alignnone size-full wp-image-13961\" src=\"https:\/\/serveiseducatius.xtec.cat\/pallars\/wp-content\/uploads\/usu1099\/2020\/09\/M\u00fasica.jpg\" alt=\"\" width=\"222\" height=\"122\" \/><\/a><\/td>\n<\/tr>\n<tr style=\"height: 33px;\">\n<td style=\"width: 258.833px; height: 33px; border-style: none; background-color: #f5eadf; text-align: center;\" scope=\"row\"><strong><a href=\"https:\/\/drive.google.com\/file\/d\/1X1uirK7AOXduGZatH3j5qpkD0VrYvazP\/view?usp=sharing\">Cartells per a centres de Salut<\/a><\/strong><\/td>\n<td style=\"width: 253.15px; height: 33px; border-style: none; text-align: center;\"><a href=\"https:\/\/serveiseducatius.xtec.cat\/pallars\/general\/projecte-retotech-endesa\/\"><strong>M\u00e9s informaci\u00f3<\/strong><\/a><\/td>\n<td style=\"width: 256.017px; height: 33px; border-style: none; background-color: #f5eadf; text-align: center;\"><a href=\"https:\/\/laveritablehistoriadelamusica.wordpress.com\/\"><strong>Recurs<\/strong><\/a><\/td>\n<\/tr>\n<\/tbody>\n<\/table>\n","protected":false},"excerpt":{"rendered":"<p>&nbsp; Inscripcions a les activitats Formulari de demanda de maletes pedag\u00f2giques. Fins al 27 de setembre Jornada virtual de Biblioteca [&hellip;]<\/p>\n","protected":false},"author":1,"featured_media":0,"parent":17694,"menu_order":9,"comment_status":"closed","ping_status":"closed","template":"page-templates\/side-menu.php","meta":{"_bbp_topic_count":0,"_bbp_reply_count":0,"_bbp_total_topic_count":0,"_bbp_total_reply_count":0,"_bbp_voice_count":0,"_bbp_anonymous_reply_count":0,"_bbp_topic_count_hidden":0,"_bbp_reply_count_hidden":0,"_bbp_forum_subforum_count":0,"site-sidebar-layout":"default","site-content-layout":"","ast-site-content-layout":"","site-content-style":"default","site-sidebar-style":"default","ast-global-header-display":"","ast-banner-title-visibility":"","ast-main-header-display":"","ast-hfb-above-header-display":"","ast-hfb-below-header-display":"","ast-hfb-mobile-header-display":"","site-post-title":"","ast-breadcrumbs-content":"","ast-featured-img":"","footer-sml-layout":"","theme-transparent-header-meta":"","adv-header-id-meta":"","stick-header-meta":"","header-above-stick-meta":"","header-main-stick-meta":"","header-below-stick-meta":"","astra-migrate-meta-layouts":"default","ast-page-background-enabled":"default","ast-page-background-meta":{"desktop":{"background-color":"var(--ast-global-color-4)","background-image":"","background-repeat":"repeat","background-position":"center center","background-size":"auto","background-attachment":"scroll","background-type":"","background-media":"","overlay-type":"","overlay-color":"","overlay-opacity":"","overlay-gradient":""},"tablet":{"background-color":"","background-image":"","background-repeat":"repeat","background-position":"center center","background-size":"auto","background-attachment":"scroll","background-type":"","background-media":"","overlay-type":"","overlay-color":"","overlay-opacity":"","overlay-gradient":""},"mobile":{"background-color":"","background-image":"","background-repeat":"repeat","background-position":"center center","background-size":"auto","background-attachment":"scroll","background-type":"","background-media":"","overlay-type":"","overlay-color":"","overlay-opacity":"","overlay-gradient":""}},"ast-content-background-meta":{"desktop":{"background-color":"var(--ast-global-color-5)","background-image":"","background-repeat":"repeat","background-position":"center center","background-size":"auto","background-attachment":"scroll","background-type":"","background-media":"","overlay-type":"","overlay-color":"","overlay-opacity":"","overlay-gradient":""},"tablet":{"background-color":"var(--ast-global-color-5)","background-image":"","background-repeat":"repeat","background-position":"center center","background-size":"auto","background-attachment":"scroll","background-type":"","background-media":"","overlay-type":"","overlay-color":"","overlay-opacity":"","overlay-gradient":""},"mobile":{"background-color":"var(--ast-global-color-5)","background-image":"","background-repeat":"repeat","background-position":"center center","background-size":"auto","background-attachment":"scroll","background-type":"","background-media":"","overlay-type":"","overlay-color":"","overlay-opacity":"","overlay-gradient":""}},"footnotes":""},"class_list":["post-13914","page","type-page","status-publish","hentry"],"post_mailing_queue_ids":[],"_links":{"self":[{"href":"https:\/\/serveiseducatius.xtec.cat\/pallars\/wp-json\/wp\/v2\/pages\/13914","targetHints":{"allow":["GET"]}}],"collection":[{"href":"https:\/\/serveiseducatius.xtec.cat\/pallars\/wp-json\/wp\/v2\/pages"}],"about":[{"href":"https:\/\/serveiseducatius.xtec.cat\/pallars\/wp-json\/wp\/v2\/types\/page"}],"author":[{"embeddable":true,"href":"https:\/\/serveiseducatius.xtec.cat\/pallars\/wp-json\/wp\/v2\/users\/1"}],"replies":[{"embeddable":true,"href":"https:\/\/serveiseducatius.xtec.cat\/pallars\/wp-json\/wp\/v2\/comments?post=13914"}],"version-history":[{"count":3,"href":"https:\/\/serveiseducatius.xtec.cat\/pallars\/wp-json\/wp\/v2\/pages\/13914\/revisions"}],"predecessor-version":[{"id":14008,"href":"https:\/\/serveiseducatius.xtec.cat\/pallars\/wp-json\/wp\/v2\/pages\/13914\/revisions\/14008"}],"up":[{"embeddable":true,"href":"https:\/\/serveiseducatius.xtec.cat\/pallars\/wp-json\/wp\/v2\/pages\/17694"}],"wp:attachment":[{"href":"https:\/\/serveiseducatius.xtec.cat\/pallars\/wp-json\/wp\/v2\/media?parent=13914"}],"curies":[{"name":"wp","href":"https:\/\/api.w.org\/{rel}","templated":true}]}}