{"id":13740,"date":"2020-06-15T12:09:08","date_gmt":"2020-06-15T10:09:08","guid":{"rendered":"http:\/\/serveiseducatius.xtec.cat\/pallars\/?page_id=13740"},"modified":"2022-02-09T11:51:02","modified_gmt":"2022-02-09T10:51:02","slug":"juny-2020-segona-quinzena","status":"publish","type":"page","link":"https:\/\/serveiseducatius.xtec.cat\/pallars\/full-informatiu\/fulls-informatius-2020\/juny-2020-segona-quinzena\/","title":{"rendered":"Juny 2020 &#8211; Segona quinzena"},"content":{"rendered":"<p>&nbsp;<\/p>\n<table style=\"height: 323px; border-style: none; width: 776px;\" border=\"0\" width=\"776\">\n<tbody>\n<tr style=\"height: 142px;\">\n<td style=\"width: 258.833px; height: 142px; border-style: none; background-color: #f5eadf; text-align: center;\" scope=\"row\" height=\"124\"><a href=\"https:\/\/serveiseducatius.xtec.cat\/pallars\/general\/recollida-de-material-de-prestec-se-dels-pallars\/\"><img loading=\"lazy\" decoding=\"async\" class=\"alignnone size-full wp-image-13789\" src=\"https:\/\/serveiseducatius.xtec.cat\/pallars\/wp-content\/uploads\/usu1099\/2020\/06\/retorn-de-material-2.png\" alt=\"\" width=\"222\" height=\"122\" \/><\/a><\/td>\n<td style=\"width: 253.15px; height: 142px; border-style: none;\" align=\"center\"><a href=\"https:\/\/serveiseducatius.xtec.cat\/pallars\/general\/eines-per-avaluar-a-lalumnat-ii\/\"><img loading=\"lazy\" decoding=\"async\" class=\"alignnone size-full wp-image-13741\" src=\"https:\/\/serveiseducatius.xtec.cat\/pallars\/wp-content\/uploads\/usu1099\/2020\/06\/eines-per-avaluar-lalumnat-2.png\" alt=\"\" width=\"222\" height=\"122\" \/><\/a><\/td>\n<td style=\"width: 256.017px; height: 142px; border-style: none; background-color: #f5eadf; text-align: center;\"><a href=\"https:\/\/serveiseducatius.xtec.cat\/pallars\/general\/convocatoria-extraordinaria-de-programes-dinnovacio-pedagogica\/\"><img loading=\"lazy\" decoding=\"async\" class=\"alignnone size-full wp-image-13760\" src=\"https:\/\/serveiseducatius.xtec.cat\/pallars\/wp-content\/uploads\/usu1099\/2020\/06\/programes-dinnovaci\u00f3.png\" alt=\"\" width=\"222\" height=\"122\" \/><\/a><\/td>\n<\/tr>\n<tr style=\"height: 49px;\">\n<td style=\"width: 258.833px; height: 49px; border-style: none; background-color: #f5eadf; text-align: center;\" scope=\"row\" height=\"21\"><a href=\"https:\/\/serveiseducatius.xtec.cat\/pallars\/general\/recollida-de-material-de-prestec-se-dels-pallars\/\"><strong>Retorn de material<br \/>\nals SE dels Pallars<\/strong><\/a><\/td>\n<td style=\"width: 253.15px; height: 49px; text-align: center; border-style: none;\"><a href=\"https:\/\/serveiseducatius.xtec.cat\/pallars\/general\/eines-per-avaluar-a-lalumnat-ii\/\"><strong>M\u00e9s informaci\u00f3<\/strong><\/a><\/td>\n<td style=\"width: 256.017px; height: 49px; border-style: none; background-color: #f5eadf; text-align: center;\"><strong><a href=\"https:\/\/serveiseducatius.xtec.cat\/pallars\/general\/convocatoria-extraordinaria-de-programes-dinnovacio-pedagogica\/\">Convocat\u00f2ria extraordin\u00e0ria.<br \/>\nM\u00e9s informaci\u00f3<\/a><\/strong><\/td>\n<\/tr>\n<tr style=\"height: 33px;\">\n<td style=\"width: 258.833px; height: 33px; border-style: none; text-align: center;\" scope=\"row\"><a href=\"https:\/\/agora.xtec.cat\/nodes\/consells-per-una-bona-comunicacio-families\/\"><img loading=\"lazy\" decoding=\"async\" class=\"size-full wp-image-13778 aligncenter\" src=\"https:\/\/serveiseducatius.xtec.cat\/pallars\/wp-content\/uploads\/usu1099\/2020\/06\/consells-comunicaci\u00f3.png\" alt=\"\" width=\"222\" height=\"122\" \/><\/a><\/td>\n<td style=\"width: 253.15px; height: 33px; border-style: none; background-color: #f5eadf;\"><a href=\"https:\/\/sites.google.com\/a\/xtec.cat\/butlleti-bdr\/\"><img loading=\"lazy\" decoding=\"async\" class=\"size-full wp-image-13746 aligncenter\" src=\"https:\/\/serveiseducatius.xtec.cat\/pallars\/wp-content\/uploads\/usu1099\/2020\/06\/butlleti-bdr.png\" alt=\"\" width=\"222\" height=\"122\" \/><\/a><\/td>\n<td style=\"width: 256.017px; height: 33px; border-style: none;\"><a href=\"http:\/\/ensenyament.gencat.cat\/ca\/departament\/publicacions\/butlletins\/educentres\/butlleti-10\/\"><img loading=\"lazy\" decoding=\"async\" class=\"size-full wp-image-13747 aligncenter\" src=\"https:\/\/serveiseducatius.xtec.cat\/pallars\/wp-content\/uploads\/usu1099\/2020\/06\/butllei-educentres.png\" alt=\"\" width=\"222\" height=\"122\" \/><\/a><\/td>\n<\/tr>\n<tr style=\"height: 33px;\">\n<td style=\"width: 258.833px; height: 33px; border-style: none; text-align: center;\" scope=\"row\" height=\"21\"><a href=\"https:\/\/agora.xtec.cat\/nodes\/consells-per-una-bona-comunicacio-families\/\"><strong>Consells per una bona comunicaci\u00f3<\/strong><\/a><\/td>\n<td style=\"width: 253.15px; height: 33px; border-style: none; background-color: #f5eadf; text-align: center;\"><strong><a href=\"https:\/\/sites.google.com\/a\/xtec.cat\/butlleti-bdr\/\">3r Butllet\u00ed Juny<\/a><\/strong><\/td>\n<td style=\"width: 256.017px; height: 33px; border-style: none; text-align: center;\"><strong><a href=\"http:\/\/ensenyament.gencat.cat\/ca\/departament\/publicacions\/butlletins\/educentres\/butlleti-10\/\">10\u00e8 Butllet\u00ed<\/a><\/strong><\/td>\n<\/tr>\n<tr style=\"height: 33px;\">\n<td style=\"width: 258.833px; height: 33px; border-style: none; background-color: #f5eadf;\" scope=\"row\"><a href=\"http:\/\/xtec.gencat.cat\/ca\/formacio\/formacio-estiu\/\"><img loading=\"lazy\" decoding=\"async\" class=\"alignnone size-full wp-image-13769\" src=\"https:\/\/serveiseducatius.xtec.cat\/pallars\/wp-content\/uploads\/usu1099\/2020\/06\/formaci\u00f3-estiu.png\" alt=\"\" width=\"222\" height=\"122\" \/><\/a><\/td>\n<td style=\"width: 253.15px; height: 33px; border-style: none;\"><a href=\"https:\/\/serveiseducatius.xtec.cat\/pallars\/general\/jornada-educacio-amb-lentorn-i-desenvolupament-rural\/\"><img loading=\"lazy\" decoding=\"async\" class=\"alignnone size-full wp-image-13771\" src=\"https:\/\/serveiseducatius.xtec.cat\/pallars\/wp-content\/uploads\/usu1099\/2020\/06\/jornada.png\" alt=\"\" width=\"222\" height=\"122\" \/><\/a><\/td>\n<td style=\"width: 256.017px; height: 33px; border-style: none; background-color: #f5eadf; text-align: center;\"><a href=\"https:\/\/serveiseducatius.xtec.cat\/pallars\/general\/la-caixa-misteriosa-joc-virtual-democions\/\"><img loading=\"lazy\" decoding=\"async\" class=\"size-full wp-image-13761 aligncenter\" src=\"https:\/\/serveiseducatius.xtec.cat\/pallars\/wp-content\/uploads\/usu1099\/2020\/06\/la-caixa-misteriosapw.png\" alt=\"\" width=\"222\" height=\"122\" \/><\/a><\/td>\n<\/tr>\n<tr style=\"height: 33px;\">\n<td style=\"width: 258.833px; height: 33px; border-style: none; background-color: #f5eadf; text-align: center;\" scope=\"row\"><strong><a href=\"http:\/\/xtec.gencat.cat\/ca\/formacio\/formacio-estiu\/\">M\u00e9s informaci\u00f3<\/a><\/strong><\/td>\n<td style=\"width: 253.15px; height: 33px; border-style: none; text-align: center;\"><strong><a href=\"https:\/\/serveiseducatius.xtec.cat\/pallars\/general\/jornada-educacio-amb-lentorn-i-desenvolupament-rural\/\">M\u00e9s informaci\u00f3<\/a><\/strong><\/td>\n<td style=\"width: 256.017px; height: 33px; border-style: none; background-color: #f5eadf; text-align: center;\"><strong><a href=\"https:\/\/serveiseducatius.xtec.cat\/pallars\/general\/la-caixa-misteriosa-joc-virtual-democions\/\">La Caixa Misteriosa.<br \/>\nJoc virtual d&#8217;emocions<\/a><\/strong><\/td>\n<\/tr>\n<tr>\n<td style=\"width: 258.833px; border-style: none; background-color: rgba(0, 0, 0, 0); text-align: center;\"><a href=\"https:\/\/www.educaciontrespuntocero.com\/recursos\/la-caja-digital-sorpresa\/\"><strong><img loading=\"lazy\" decoding=\"async\" class=\"alignnone size-full wp-image-13779\" src=\"https:\/\/serveiseducatius.xtec.cat\/pallars\/wp-content\/uploads\/usu1099\/2020\/06\/caja-digital.png\" alt=\"\" width=\"222\" height=\"121\" \/><\/strong><\/a><\/td>\n<td style=\"width: 253.15px; border-style: none; background-color: #f5eadf; text-align: center;\"><a href=\"https:\/\/www.educaciontrespuntocero.com\/recursos\/bancos-de-musica-libre\/\"><img loading=\"lazy\" decoding=\"async\" class=\"alignnone size-full wp-image-13770\" src=\"https:\/\/serveiseducatius.xtec.cat\/pallars\/wp-content\/uploads\/usu1099\/2020\/06\/bancs-de-musica.png\" alt=\"\" width=\"222\" height=\"122\" \/><\/a><\/td>\n<td style=\"width: 256.017px; border-style: none; text-align: center;\"><strong>\u00a0<a href=\"https:\/\/www.diba.cat\/web\/xarxasost\/setmanaenergia\/recursos\"><img loading=\"lazy\" decoding=\"async\" class=\"size-full wp-image-13775 aligncenter\" src=\"https:\/\/serveiseducatius.xtec.cat\/pallars\/wp-content\/uploads\/usu1099\/2020\/06\/setmana-de-lenergia.png\" alt=\"\" width=\"222\" height=\"122\" \/><\/a><\/strong><\/td>\n<\/tr>\n<tr>\n<td style=\"width: 258.833px; border-style: none; background-color: rgba(0, 0, 0, 0); text-align: center;\"><a href=\"https:\/\/www.educaciontrespuntocero.com\/recursos\/la-caja-digital-sorpresa\/\"><strong>\u00c0rea de llengua.<br \/>\nCaixa digital sorpresa<\/strong><\/a><\/td>\n<td style=\"width: 253.15px; border-style: none; background-color: #f5eadf; text-align: center;\"><strong><a href=\"https:\/\/www.educaciontrespuntocero.com\/recursos\/bancos-de-musica-libre\/\">Bancs de M\u00fasica. M\u00e9s informaci\u00f3<\/a><\/strong><\/td>\n<td style=\"width: 256.017px; border-style: none; text-align: center;\"><strong> <a href=\"https:\/\/www.diba.cat\/web\/xarxasost\/setmanaenergia\/recursos\">Setmana de l&#8217;energia del <\/a><br \/>\n22 al 26 de juny<\/strong><\/td>\n<\/tr>\n<\/tbody>\n<\/table>\n","protected":false},"excerpt":{"rendered":"<p>&nbsp; Retorn de material als SE dels Pallars M\u00e9s informaci\u00f3 Convocat\u00f2ria extraordin\u00e0ria. M\u00e9s informaci\u00f3 Consells per una bona comunicaci\u00f3 3r [&hellip;]<\/p>\n","protected":false},"author":1,"featured_media":0,"parent":17694,"menu_order":8,"comment_status":"closed","ping_status":"closed","template":"page-templates\/side-menu.php","meta":{"_bbp_topic_count":0,"_bbp_reply_count":0,"_bbp_total_topic_count":0,"_bbp_total_reply_count":0,"_bbp_voice_count":0,"_bbp_anonymous_reply_count":0,"_bbp_topic_count_hidden":0,"_bbp_reply_count_hidden":0,"_bbp_forum_subforum_count":0,"site-sidebar-layout":"default","site-content-layout":"","ast-site-content-layout":"","site-content-style":"default","site-sidebar-style":"default","ast-global-header-display":"","ast-banner-title-visibility":"","ast-main-header-display":"","ast-hfb-above-header-display":"","ast-hfb-below-header-display":"","ast-hfb-mobile-header-display":"","site-post-title":"","ast-breadcrumbs-content":"","ast-featured-img":"","footer-sml-layout":"","theme-transparent-header-meta":"","adv-header-id-meta":"","stick-header-meta":"","header-above-stick-meta":"","header-main-stick-meta":"","header-below-stick-meta":"","astra-migrate-meta-layouts":"default","ast-page-background-enabled":"default","ast-page-background-meta":{"desktop":{"background-color":"var(--ast-global-color-4)","background-image":"","background-repeat":"repeat","background-position":"center center","background-size":"auto","background-attachment":"scroll","background-type":"","background-media":"","overlay-type":"","overlay-color":"","overlay-opacity":"","overlay-gradient":""},"tablet":{"background-color":"","background-image":"","background-repeat":"repeat","background-position":"center center","background-size":"auto","background-attachment":"scroll","background-type":"","background-media":"","overlay-type":"","overlay-color":"","overlay-opacity":"","overlay-gradient":""},"mobile":{"background-color":"","background-image":"","background-repeat":"repeat","background-position":"center center","background-size":"auto","background-attachment":"scroll","background-type":"","background-media":"","overlay-type":"","overlay-color":"","overlay-opacity":"","overlay-gradient":""}},"ast-content-background-meta":{"desktop":{"background-color":"var(--ast-global-color-5)","background-image":"","background-repeat":"repeat","background-position":"center center","background-size":"auto","background-attachment":"scroll","background-type":"","background-media":"","overlay-type":"","overlay-color":"","overlay-opacity":"","overlay-gradient":""},"tablet":{"background-color":"var(--ast-global-color-5)","background-image":"","background-repeat":"repeat","background-position":"center center","background-size":"auto","background-attachment":"scroll","background-type":"","background-media":"","overlay-type":"","overlay-color":"","overlay-opacity":"","overlay-gradient":""},"mobile":{"background-color":"var(--ast-global-color-5)","background-image":"","background-repeat":"repeat","background-position":"center center","background-size":"auto","background-attachment":"scroll","background-type":"","background-media":"","overlay-type":"","overlay-color":"","overlay-opacity":"","overlay-gradient":""}},"footnotes":""},"class_list":["post-13740","page","type-page","status-publish","hentry"],"post_mailing_queue_ids":[],"_links":{"self":[{"href":"https:\/\/serveiseducatius.xtec.cat\/pallars\/wp-json\/wp\/v2\/pages\/13740","targetHints":{"allow":["GET"]}}],"collection":[{"href":"https:\/\/serveiseducatius.xtec.cat\/pallars\/wp-json\/wp\/v2\/pages"}],"about":[{"href":"https:\/\/serveiseducatius.xtec.cat\/pallars\/wp-json\/wp\/v2\/types\/page"}],"author":[{"embeddable":true,"href":"https:\/\/serveiseducatius.xtec.cat\/pallars\/wp-json\/wp\/v2\/users\/1"}],"replies":[{"embeddable":true,"href":"https:\/\/serveiseducatius.xtec.cat\/pallars\/wp-json\/wp\/v2\/comments?post=13740"}],"version-history":[{"count":4,"href":"https:\/\/serveiseducatius.xtec.cat\/pallars\/wp-json\/wp\/v2\/pages\/13740\/revisions"}],"predecessor-version":[{"id":13796,"href":"https:\/\/serveiseducatius.xtec.cat\/pallars\/wp-json\/wp\/v2\/pages\/13740\/revisions\/13796"}],"up":[{"embeddable":true,"href":"https:\/\/serveiseducatius.xtec.cat\/pallars\/wp-json\/wp\/v2\/pages\/17694"}],"wp:attachment":[{"href":"https:\/\/serveiseducatius.xtec.cat\/pallars\/wp-json\/wp\/v2\/media?parent=13740"}],"curies":[{"name":"wp","href":"https:\/\/api.w.org\/{rel}","templated":true}]}}