{"id":13637,"date":"2020-05-29T09:14:48","date_gmt":"2020-05-29T07:14:48","guid":{"rendered":"http:\/\/serveiseducatius.xtec.cat\/pallars\/?page_id=13637"},"modified":"2022-02-09T11:50:18","modified_gmt":"2022-02-09T10:50:18","slug":"juny-2020","status":"publish","type":"page","link":"https:\/\/serveiseducatius.xtec.cat\/pallars\/full-informatiu\/fulls-informatius-2020\/juny-2020\/","title":{"rendered":"Juny 2020"},"content":{"rendered":"<p>&nbsp;<\/p>\n<table style=\"height: 323px; border-style: none; width: 776px;\" border=\"0\" width=\"776\">\n<tbody>\n<tr style=\"height: 142px;\">\n<td style=\"width: 258.833px; height: 142px; border-style: none; background-color: #f5eadf;\" scope=\"row\" height=\"124\"><a href=\"https:\/\/serveiseducatius.xtec.cat\/pallars\/general\/experiencies-ensquedemacasa-centres-del-pallars\/\"><img loading=\"lazy\" decoding=\"async\" class=\"size-full wp-image-13144 aligncenter\" src=\"https:\/\/serveiseducatius.xtec.cat\/pallars\/wp-content\/uploads\/usu1099\/2020\/04\/experiencies-centres-dels-pallars.png\" alt=\"\" width=\"222\" height=\"122\" \/><\/a><\/td>\n<td style=\"width: 253.15px; height: 142px; border-style: none;\" align=\"center\"><a href=\"https:\/\/serveiseducatius.xtec.cat\/pallars\/general\/eines-per-avaluar-a-lalumnat\/\"><img loading=\"lazy\" decoding=\"async\" class=\"alignnone size-full wp-image-13639\" src=\"https:\/\/serveiseducatius.xtec.cat\/pallars\/wp-content\/uploads\/usu1099\/2020\/05\/eines-per-avaluar-lalumnat.png\" alt=\"\" width=\"222\" height=\"122\" \/><\/a><\/td>\n<td style=\"width: 256.017px; height: 142px; border-style: none; background-color: #f5eadf; text-align: center;\"><a href=\"https:\/\/serveiseducatius.xtec.cat\/pallars\/general\/novetat-escape-room\/\"><img loading=\"lazy\" decoding=\"async\" class=\"alignnone size-full wp-image-13640\" src=\"https:\/\/serveiseducatius.xtec.cat\/pallars\/wp-content\/uploads\/usu1099\/2020\/05\/scape-room-pw.png\" alt=\"\" width=\"222\" height=\"123\" \/><\/a><\/td>\n<\/tr>\n<tr style=\"height: 49px;\">\n<td style=\"width: 258.833px; height: 49px; border-style: none; background-color: #f5eadf; text-align: center;\" scope=\"row\" height=\"21\"><a href=\"https:\/\/serveiseducatius.xtec.cat\/pallars\/general\/experiencies-ensquedemacasa-centres-del-pallars\/\"><strong>M\u00e9s informaci\u00f3<\/strong><\/a><\/td>\n<td style=\"width: 253.15px; height: 49px; text-align: center; border-style: none;\"><a href=\"https:\/\/serveiseducatius.xtec.cat\/pallars\/general\/eines-per-avaluar-a-lalumnat\/\"><strong>M\u00e9s informaci\u00f3<\/strong><\/a><\/td>\n<td style=\"width: 256.017px; height: 49px; border-style: none; background-color: #f5eadf; text-align: center;\"><strong><a href=\"https:\/\/serveiseducatius.xtec.cat\/pallars\/general\/novetat-escape-room\/\">Recull d&#8217;Escape Room on-line<\/a><\/strong><\/td>\n<\/tr>\n<tr style=\"height: 33px;\">\n<td style=\"width: 258.833px; height: 33px; border-style: none; text-align: center;\" scope=\"row\"><a href=\"https:\/\/serveiseducatius.xtec.cat\/pallars\/wp-content\/uploads\/usu1099\/2020\/05\/arxius-comarcals.png\"><img loading=\"lazy\" decoding=\"async\" class=\"alignnone size-full wp-image-13678\" src=\"https:\/\/serveiseducatius.xtec.cat\/pallars\/wp-content\/uploads\/usu1099\/2020\/05\/arxius-comarcals.png\" alt=\"\" width=\"222\" height=\"122\" \/><\/a><\/td>\n<td style=\"width: 253.15px; height: 33px; border-style: none; background-color: #f5eadf;\"><a href=\"https:\/\/serveiseducatius.xtec.cat\/pallars\/general\/ambit-artistic\/\"><img loading=\"lazy\" decoding=\"async\" class=\"size-full wp-image-13643 aligncenter\" src=\"https:\/\/serveiseducatius.xtec.cat\/pallars\/wp-content\/uploads\/usu1099\/2020\/05\/ambit-artistic-pw.jpg\" alt=\"\" width=\"222\" height=\"122\" \/><\/a><\/td>\n<td style=\"width: 256.017px; height: 33px; border-style: none;\"><a href=\"https:\/\/serveiseducatius.xtec.cat\/pallars\/general\/novetat-recursos-educacio-emocional\/\"><img loading=\"lazy\" decoding=\"async\" class=\"size-full wp-image-13222 aligncenter\" src=\"https:\/\/serveiseducatius.xtec.cat\/pallars\/wp-content\/uploads\/usu1099\/2020\/05\/guies-en-temps-de-confinament.png\" alt=\"\" width=\"222\" height=\"122\" \/><\/a><\/td>\n<\/tr>\n<tr style=\"height: 33px;\">\n<td style=\"width: 258.833px; height: 33px; border-style: none; text-align: center;\" scope=\"row\" height=\"21\"><strong><a href=\"https:\/\/serveiseducatius.xtec.cat\/pallars\/general\/arxiuscomarcals\/\">Novetat &#8211; Recursos arxius comarcals<\/a><br \/>\n<\/strong><\/td>\n<td style=\"width: 253.15px; height: 33px; border-style: none; background-color: #f5eadf; text-align: center;\"><a href=\"https:\/\/serveiseducatius.xtec.cat\/pallars\/general\/ambit-artistic\/\"><strong>\u00c0mbit art\u00edstic<\/strong><\/a><\/td>\n<td style=\"width: 256.017px; height: 33px; border-style: none; text-align: center;\"><a href=\"https:\/\/serveiseducatius.xtec.cat\/pallars\/general\/novetat-recursos-educacio-emocional\/\"><strong>Novetat- Acompanyament del dol<\/strong><\/a><\/td>\n<\/tr>\n<tr style=\"height: 33px;\">\n<td style=\"width: 258.833px; height: 33px; border-style: none; background-color: #f5eadf;\" scope=\"row\"><a href=\"http:\/\/xtec.gencat.cat\/ca\/recursos\/orientacions-atendre-emocions-alumnat\/\"><img loading=\"lazy\" decoding=\"async\" class=\"size-full wp-image-13646 aligncenter\" src=\"https:\/\/serveiseducatius.xtec.cat\/pallars\/wp-content\/uploads\/usu1099\/2020\/05\/orientacions-emocionals.png\" alt=\"\" width=\"222\" height=\"122\" \/><\/a><\/td>\n<td style=\"width: 253.15px; height: 33px; border-style: none;\"><a href=\"https:\/\/serveiseducatius.xtec.cat\/pallars\/general\/escolta-activa-pel-retrobament-proposta-del-se-del-segria\/\"><img loading=\"lazy\" decoding=\"async\" class=\"size-full wp-image-13681 aligncenter\" src=\"https:\/\/serveiseducatius.xtec.cat\/pallars\/wp-content\/uploads\/usu1099\/2020\/05\/escolata-actiava-pel-retrobament.png\" alt=\"\" width=\"222\" height=\"122\" \/><\/a><\/td>\n<td style=\"width: 256.017px; height: 33px; border-style: none; background-color: #f5eadf; text-align: center;\"><a href=\"https:\/\/view.genial.ly\/5eb30a197082580d68200aaa\/presentation-acompanyament-i-activitats-competencials\"><img loading=\"lazy\" decoding=\"async\" class=\"alignnone size-full wp-image-13683\" src=\"https:\/\/serveiseducatius.xtec.cat\/pallars\/wp-content\/uploads\/usu1099\/2020\/05\/acompanyament-SE.png\" alt=\"\" width=\"222\" height=\"122\" \/><\/a><\/td>\n<\/tr>\n<tr style=\"height: 33px;\">\n<td style=\"width: 258.833px; height: 33px; border-style: none; background-color: #f5eadf; text-align: center;\" scope=\"row\"><a href=\"http:\/\/xtec.gencat.cat\/ca\/recursos\/orientacions-atendre-emocions-alumnat\/\"><strong>M\u00e9s informaci\u00f3<\/strong><\/a><\/td>\n<td style=\"width: 253.15px; height: 33px; border-style: none; text-align: center;\"><strong><a href=\"https:\/\/serveiseducatius.xtec.cat\/pallars\/general\/escolta-activa-pel-retrobament-proposta-del-se-del-segria\/\">M\u00e9s informaci\u00f3<\/a><br \/>\n<\/strong><\/td>\n<td style=\"width: 256.017px; height: 33px; border-style: none; background-color: #f5eadf; text-align: center;\"><a href=\"https:\/\/view.genial.ly\/5eb30a197082580d68200aaa\/presentation-acompanyament-i-activitats-competencials\"><strong>M\u00e9s informaci\u00f3<\/strong><\/a><\/td>\n<\/tr>\n<tr>\n<td style=\"width: 258.833px; border-style: none; background-color: #ffffff; text-align: center;\"><a href=\"https:\/\/sites.google.com\/xtec.cat\/social-i-cultural\/p%C3%A0gina-principal\"><strong><img loading=\"lazy\" decoding=\"async\" class=\"alignnone size-full wp-image-13649\" src=\"https:\/\/serveiseducatius.xtec.cat\/pallars\/wp-content\/uploads\/usu1099\/2020\/05\/cesire-socials.png\" alt=\"\" width=\"223\" height=\"122\" \/><\/strong><\/a><\/td>\n<td style=\"width: 253.15px; border-style: none; background-color: #f5eadf; text-align: center;\"><a href=\"https:\/\/formacio.cesire.cat\/ciencies1215\/el-projecte\/per-que-aquest-projecte\/\"><strong> <img loading=\"lazy\" decoding=\"async\" class=\"alignnone size-full wp-image-13691\" src=\"https:\/\/serveiseducatius.xtec.cat\/pallars\/wp-content\/uploads\/usu1099\/2020\/05\/ciencia-12-15.png\" alt=\"\" width=\"222\" height=\"122\" \/><\/strong><\/a><\/td>\n<td style=\"width: 256.017px; border-style: none; background-color: #ffffff; text-align: center;\"><a href=\"https:\/\/sites.google.com\/a\/xtec.cat\/rdzereral\/\"><strong> <img loading=\"lazy\" decoding=\"async\" class=\"alignnone size-full wp-image-13693\" src=\"https:\/\/serveiseducatius.xtec.cat\/pallars\/wp-content\/uploads\/usu1099\/2020\/05\/recursos-digitals.png\" alt=\"\" width=\"222\" height=\"122\" \/><\/strong><\/a><\/td>\n<\/tr>\n<tr>\n<td style=\"width: 258.833px; border-style: none; background-color: #f2f2f2; text-align: center;\"><strong><a href=\"https:\/\/sites.google.com\/xtec.cat\/social-i-cultural\/p%C3%A0gina-principal\">CESIRE. \u00c0mbit de Ci\u00e8ncies Socials<\/a><\/strong><\/td>\n<td style=\"width: 253.15px; border-style: none; background-color: #f5eadf; text-align: center;\"><strong><a href=\"https:\/\/formacio.cesire.cat\/ciencies1215\/el-projecte\/per-que-aquest-projecte\/\">\u00a0Projecte- Compet\u00e8ncies de pensament cient\u00edfic a l&#8217;ESO<\/a><br \/>\n<\/strong><\/td>\n<td style=\"width: 256.017px; border-style: none; background-color: #f2f2f2; text-align: center;\"><strong>\u00a0<a href=\"https:\/\/sites.google.com\/a\/xtec.cat\/rdzereral\/\">Recursos digitals per ensenyar, aprendre i treballar (EI i PRI)<\/a><br \/>\n<\/strong><\/td>\n<\/tr>\n<\/tbody>\n<\/table>\n","protected":false},"excerpt":{"rendered":"<p>&nbsp; M\u00e9s informaci\u00f3 M\u00e9s informaci\u00f3 Recull d&#8217;Escape Room on-line Novetat &#8211; Recursos arxius comarcals \u00c0mbit art\u00edstic Novetat- Acompanyament del dol [&hellip;]<\/p>\n","protected":false},"author":1,"featured_media":0,"parent":17694,"menu_order":7,"comment_status":"closed","ping_status":"closed","template":"page-templates\/side-menu.php","meta":{"_bbp_topic_count":0,"_bbp_reply_count":0,"_bbp_total_topic_count":0,"_bbp_total_reply_count":0,"_bbp_voice_count":0,"_bbp_anonymous_reply_count":0,"_bbp_topic_count_hidden":0,"_bbp_reply_count_hidden":0,"_bbp_forum_subforum_count":0,"site-sidebar-layout":"default","site-content-layout":"","ast-site-content-layout":"","site-content-style":"default","site-sidebar-style":"default","ast-global-header-display":"","ast-banner-title-visibility":"","ast-main-header-display":"","ast-hfb-above-header-display":"","ast-hfb-below-header-display":"","ast-hfb-mobile-header-display":"","site-post-title":"","ast-breadcrumbs-content":"","ast-featured-img":"","footer-sml-layout":"","theme-transparent-header-meta":"","adv-header-id-meta":"","stick-header-meta":"","header-above-stick-meta":"","header-main-stick-meta":"","header-below-stick-meta":"","astra-migrate-meta-layouts":"default","ast-page-background-enabled":"default","ast-page-background-meta":{"desktop":{"background-color":"var(--ast-global-color-4)","background-image":"","background-repeat":"repeat","background-position":"center center","background-size":"auto","background-attachment":"scroll","background-type":"","background-media":"","overlay-type":"","overlay-color":"","overlay-opacity":"","overlay-gradient":""},"tablet":{"background-color":"","background-image":"","background-repeat":"repeat","background-position":"center center","background-size":"auto","background-attachment":"scroll","background-type":"","background-media":"","overlay-type":"","overlay-color":"","overlay-opacity":"","overlay-gradient":""},"mobile":{"background-color":"","background-image":"","background-repeat":"repeat","background-position":"center center","background-size":"auto","background-attachment":"scroll","background-type":"","background-media":"","overlay-type":"","overlay-color":"","overlay-opacity":"","overlay-gradient":""}},"ast-content-background-meta":{"desktop":{"background-color":"var(--ast-global-color-5)","background-image":"","background-repeat":"repeat","background-position":"center center","background-size":"auto","background-attachment":"scroll","background-type":"","background-media":"","overlay-type":"","overlay-color":"","overlay-opacity":"","overlay-gradient":""},"tablet":{"background-color":"var(--ast-global-color-5)","background-image":"","background-repeat":"repeat","background-position":"center center","background-size":"auto","background-attachment":"scroll","background-type":"","background-media":"","overlay-type":"","overlay-color":"","overlay-opacity":"","overlay-gradient":""},"mobile":{"background-color":"var(--ast-global-color-5)","background-image":"","background-repeat":"repeat","background-position":"center center","background-size":"auto","background-attachment":"scroll","background-type":"","background-media":"","overlay-type":"","overlay-color":"","overlay-opacity":"","overlay-gradient":""}},"footnotes":""},"class_list":["post-13637","page","type-page","status-publish","hentry"],"post_mailing_queue_ids":[],"_links":{"self":[{"href":"https:\/\/serveiseducatius.xtec.cat\/pallars\/wp-json\/wp\/v2\/pages\/13637","targetHints":{"allow":["GET"]}}],"collection":[{"href":"https:\/\/serveiseducatius.xtec.cat\/pallars\/wp-json\/wp\/v2\/pages"}],"about":[{"href":"https:\/\/serveiseducatius.xtec.cat\/pallars\/wp-json\/wp\/v2\/types\/page"}],"author":[{"embeddable":true,"href":"https:\/\/serveiseducatius.xtec.cat\/pallars\/wp-json\/wp\/v2\/users\/1"}],"replies":[{"embeddable":true,"href":"https:\/\/serveiseducatius.xtec.cat\/pallars\/wp-json\/wp\/v2\/comments?post=13637"}],"version-history":[{"count":3,"href":"https:\/\/serveiseducatius.xtec.cat\/pallars\/wp-json\/wp\/v2\/pages\/13637\/revisions"}],"predecessor-version":[{"id":13694,"href":"https:\/\/serveiseducatius.xtec.cat\/pallars\/wp-json\/wp\/v2\/pages\/13637\/revisions\/13694"}],"up":[{"embeddable":true,"href":"https:\/\/serveiseducatius.xtec.cat\/pallars\/wp-json\/wp\/v2\/pages\/17694"}],"wp:attachment":[{"href":"https:\/\/serveiseducatius.xtec.cat\/pallars\/wp-json\/wp\/v2\/media?parent=13637"}],"curies":[{"name":"wp","href":"https:\/\/api.w.org\/{rel}","templated":true}]}}