{"id":13141,"date":"2020-05-05T12:28:57","date_gmt":"2020-05-05T10:28:57","guid":{"rendered":"http:\/\/serveiseducatius.xtec.cat\/pallars\/?page_id=13141"},"modified":"2022-02-09T11:49:39","modified_gmt":"2022-02-09T10:49:39","slug":"maig-2020","status":"publish","type":"page","link":"https:\/\/serveiseducatius.xtec.cat\/pallars\/full-informatiu\/fulls-informatius-2020\/maig-2020\/","title":{"rendered":"Maig 2020"},"content":{"rendered":"<table style=\"height: 502px; border-style: none; width: 776px;\" border=\"0\" width=\"776\">\n<tbody>\n<tr style=\"height: 142px;\">\n<td style=\"width: 258.833px; height: 142px; border-style: none; background-color: #f5eadf; text-align: center;\" scope=\"row\" height=\"124\"><a href=\"https:\/\/serveiseducatius.xtec.cat\/pallars\/general\/novetat-telegram-dels-se-dels-pallars\/\"><img loading=\"lazy\" decoding=\"async\" class=\"alignnone size-full wp-image-13267\" src=\"https:\/\/serveiseducatius.xtec.cat\/pallars\/wp-content\/uploads\/usu1099\/2020\/05\/telegram-full-informatiu.png\" alt=\"\" width=\"222\" height=\"123\" \/><\/a><\/td>\n<td style=\"width: 253.15px; height: 142px; border-style: none;\" align=\"center\"><a href=\"https:\/\/serveiseducatius.xtec.cat\/pallars\/portada\/novetat-experiencies-centres-dels-pallars\/\"><img loading=\"lazy\" decoding=\"async\" class=\"alignnone size-full wp-image-13144\" src=\"https:\/\/serveiseducatius.xtec.cat\/pallars\/wp-content\/uploads\/usu1099\/2020\/04\/experiencies-centres-dels-pallars.png\" alt=\"\" width=\"222\" height=\"122\" \/><\/a><\/td>\n<td style=\"width: 256.017px; height: 142px; border-style: none; background-color: #f5eadf; text-align: center;\"><a href=\"https:\/\/serveiseducatius.xtec.cat\/pallars\/general\/recursos-educatius\/\"><img loading=\"lazy\" decoding=\"async\" class=\"size-full wp-image-13146 aligncenter\" src=\"https:\/\/serveiseducatius.xtec.cat\/pallars\/wp-content\/uploads\/usu1099\/2020\/04\/recursos-educatius.png\" alt=\"\" width=\"222\" height=\"122\" \/><\/a><\/td>\n<\/tr>\n<tr style=\"height: 49px;\">\n<td style=\"width: 258.833px; height: 49px; border-style: none; background-color: #f5eadf; text-align: center;\" scope=\"row\" height=\"21\"><a href=\"https:\/\/serveiseducatius.xtec.cat\/pallars\/general\/novetat-telegram-dels-se-dels-pallars\/\"><strong>Novetat<\/strong><\/a><\/td>\n<td style=\"width: 253.15px; height: 49px; text-align: center; border-style: none;\"><a href=\"https:\/\/serveiseducatius.xtec.cat\/pallars\/portada\/novetat-experiencies-centres-dels-pallars\/\"><strong>M\u00e9s informaci\u00f3<\/strong><\/a><\/td>\n<td style=\"width: 256.017px; height: 49px; border-style: none; background-color: #f5eadf; text-align: center;\"><strong><a href=\"https:\/\/serveiseducatius.xtec.cat\/pallars\/general\/recursos-educatius\/\"><b>M\u00e9s informaci\u00f3<\/b><\/a><\/strong><\/td>\n<\/tr>\n<tr style=\"height: 33px;\">\n<td style=\"width: 258.833px; height: 33px; border-style: none;\" scope=\"row\"><a href=\"https:\/\/serveiseducatius.xtec.cat\/pallars\/general\/novetat-recursos-educacio-emocional\/\"><img loading=\"lazy\" decoding=\"async\" class=\"size-full wp-image-13224 aligncenter\" src=\"https:\/\/serveiseducatius.xtec.cat\/pallars\/wp-content\/uploads\/usu1099\/2020\/05\/Educaci\u00f3-emocional.png\" alt=\"\" width=\"222\" height=\"122\" \/><\/a><\/td>\n<td style=\"width: 253.15px; height: 33px; border-style: none; background-color: #f5eadf;\">\u00a0<a href=\"https:\/\/serveiseducatius.xtec.cat\/pallars\/general\/guies-en-temps-de-confinament\/\"><img loading=\"lazy\" decoding=\"async\" class=\"size-full wp-image-13222 aligncenter\" src=\"https:\/\/serveiseducatius.xtec.cat\/pallars\/wp-content\/uploads\/usu1099\/2020\/05\/guies-en-temps-de-confinament.png\" alt=\"\" width=\"222\" height=\"122\" \/><\/a><\/td>\n<td style=\"width: 256.017px; height: 33px; border-style: none;\"><a href=\"https:\/\/serveiseducatius.xtec.cat\/pallars\/general\/entorns-virtuals-daprenentatge\/\"><img loading=\"lazy\" decoding=\"async\" class=\"size-full wp-image-13238 aligncenter\" src=\"https:\/\/serveiseducatius.xtec.cat\/pallars\/wp-content\/uploads\/usu1099\/2020\/05\/entorns-virtuals-daprenentatge.png\" alt=\"\" width=\"222\" height=\"122\" \/><\/a><\/td>\n<\/tr>\n<tr style=\"height: 33px;\">\n<td style=\"width: 258.833px; height: 33px; border-style: none; text-align: center;\" scope=\"row\" height=\"21\"><a href=\"https:\/\/serveiseducatius.xtec.cat\/pallars\/general\/novetat-recursos-educacio-emocional\/\"><strong><b>Novetat- Educaci\u00f3 emocional<\/b><\/strong><\/a><\/td>\n<td style=\"width: 253.15px; height: 33px; border-style: none; background-color: #f5eadf; text-align: center;\"><strong><a href=\"https:\/\/serveiseducatius.xtec.cat\/pallars\/general\/guies-en-temps-de-confinament\/\">Novetat- M\u00e9s informaci\u00f3<\/a><\/strong><\/td>\n<td style=\"width: 256.017px; height: 33px; border-style: none; text-align: center;\"><a href=\"https:\/\/serveiseducatius.xtec.cat\/pallars\/general\/entorns-virtuals-daprenentatge\/\"><span style=\"font-family: helvetica, arial, sans-serif;\"><strong>Novetat &#8211; M\u00e9s informaci\u00f3<\/strong><\/span><\/a><\/td>\n<\/tr>\n<tr style=\"height: 33px;\">\n<td style=\"width: 258.833px; height: 33px; border-style: none; background-color: #f5eadf;\" scope=\"row\"><a href=\"https:\/\/serveiseducatius.xtec.cat\/pallars\/general\/eines-de-comunicacio\/\"><img loading=\"lazy\" decoding=\"async\" class=\"size-full wp-image-13145 aligncenter\" src=\"https:\/\/serveiseducatius.xtec.cat\/pallars\/wp-content\/uploads\/usu1099\/2020\/04\/eines-de-comuniciaci\u00f3.png\" alt=\"\" width=\"222\" height=\"122\" \/><\/a><\/td>\n<td style=\"width: 253.15px; height: 33px; border-style: none;\"><a href=\"https:\/\/serveiseducatius.xtec.cat\/pallars\/general\/certamens-i-concursos\/\"><img loading=\"lazy\" decoding=\"async\" class=\"size-full wp-image-13157 aligncenter\" src=\"https:\/\/serveiseducatius.xtec.cat\/pallars\/wp-content\/uploads\/usu1099\/2020\/04\/concursos-1.png\" alt=\"\" width=\"222\" height=\"122\" \/><\/a><\/td>\n<td style=\"width: 256.017px; height: 33px; border-style: none; background-color: #f5eadf;\"><a href=\"https:\/\/sites.google.com\/xtec.cat\/matpallars\/toquem-les-matem%C3%A0tiques?authuser=0\"><img loading=\"lazy\" decoding=\"async\" class=\"size-full wp-image-13148 aligncenter\" src=\"https:\/\/serveiseducatius.xtec.cat\/pallars\/wp-content\/uploads\/usu1099\/2020\/04\/math-pallars.png\" alt=\"\" width=\"222\" height=\"122\" \/><\/a><\/td>\n<\/tr>\n<tr style=\"height: 33px;\">\n<td style=\"width: 258.833px; height: 33px; border-style: none; background-color: #f5eadf; text-align: center;\" scope=\"row\"><b><\/b><strong><b><a href=\"https:\/\/serveiseducatius.xtec.cat\/pallars\/general\/eines-de-comunicacio\/\">Novetat- M\u00e9s informaci\u00f3<\/a><\/b><\/strong><\/td>\n<td style=\"width: 253.15px; height: 33px; border-style: none; text-align: center;\"><b> <\/b><strong><b><a href=\"https:\/\/serveiseducatius.xtec.cat\/pallars\/general\/certamens-i-concursos\/\">M\u00e9s informaci\u00f3<\/a>\u00a0<\/b><\/strong><\/td>\n<td style=\"width: 256.017px; height: 33px; border-style: none; background-color: #f5eadf; text-align: center;\"><strong><b><\/b><b><a href=\"https:\/\/sites.google.com\/xtec.cat\/matpallars\/toquem-les-matem%C3%A0tiques?authuser=0\">Noves activitats<\/a><\/b><\/strong><\/td>\n<\/tr>\n<tr>\n<td style=\"width: 258.833px; border-style: none; background-color: #ffffff; text-align: center;\"><strong>\u00a0<a href=\"https:\/\/serveiseducatius.xtec.cat\/pallars\/portada\/fotografia-lemprenedoria-concurs-instagram-2020\/\"><img loading=\"lazy\" decoding=\"async\" class=\"alignnone size-full wp-image-13149\" src=\"https:\/\/serveiseducatius.xtec.cat\/pallars\/wp-content\/uploads\/usu1099\/2020\/04\/fotgrafia-emprenedoria.jpg\" alt=\"\" width=\"222\" height=\"122\" \/><\/a><\/strong><\/td>\n<td style=\"width: 253.15px; border-style: none; text-align: center; background-color: #f5eadf;\"><a href=\"http:\/\/www.ice.udl.cat\/ca\/noticies\/agenda\/Vols-STEAMar-amb-nosaltres\/\"><img loading=\"lazy\" decoding=\"async\" class=\"alignnone size-full wp-image-13269\" src=\"https:\/\/serveiseducatius.xtec.cat\/pallars\/wp-content\/uploads\/usu1099\/2020\/05\/jornada-steam-1.png\" alt=\"\" width=\"222\" height=\"122\" \/><\/a><\/td>\n<td style=\"width: 256.017px; border-style: none; background-color: #ffffff; text-align: center;\"><strong><b>\u00a0<a href=\"https:\/\/aplicacions.gestioeducativa.gencat.cat\/pls\/soloas\/pk_for_mod_ins.p_for_pre_cons_activitats?p_any=2019-2020&amp;p_codi=9001120532\"><img loading=\"lazy\" decoding=\"async\" class=\"alignnone size-full wp-image-13250\" src=\"https:\/\/serveiseducatius.xtec.cat\/pallars\/wp-content\/uploads\/usu1099\/2020\/05\/laboratori-de-matem\u00e0tiques.png\" alt=\"\" width=\"222\" height=\"122\" \/><\/a><\/b><\/strong><\/td>\n<\/tr>\n<tr>\n<td style=\"width: 258.833px; border-style: none; background-color: #fcfcfc; text-align: center;\"><a href=\"https:\/\/serveiseducatius.xtec.cat\/pallars\/portada\/fotografia-lemprenedoria-concurs-instagram-2020\/\"><strong> M\u00e9s informaci\u00f3<\/strong><\/a><\/td>\n<td style=\"width: 253.15px; border-style: none; text-align: center; background-color: #f5eadf;\"><a href=\"http:\/\/www.ice.udl.cat\/ca\/noticies\/agenda\/Vols-STEAMar-amb-nosaltres\/\"><strong>M\u00e9s informaci\u00f3<\/strong><\/a><\/td>\n<td style=\"width: 256.017px; border-style: none; background-color: #fcfcfc; text-align: center;\"><a href=\"https:\/\/aplicacions.gestioeducativa.gencat.cat\/pls\/soloas\/pk_for_mod_ins.p_for_pre_cons_activitats?p_any=2019-2020&amp;p_codi=9001120532\"><strong>M\u00e9s informaci\u00f3<\/strong><\/a><\/td>\n<\/tr>\n<tr>\n<td style=\"width: 258.833px; border-style: none; background-color: #f5eadf; text-align: center;\"><strong><b><a href=\"https:\/\/sites.google.com\/xtec.cat\/cienciaconfinada\/inici\"><img loading=\"lazy\" decoding=\"async\" class=\"alignnone size-full wp-image-13246\" src=\"https:\/\/serveiseducatius.xtec.cat\/pallars\/wp-content\/uploads\/usu1099\/2020\/05\/Ciencia-confinada.png\" alt=\"\" width=\"222\" height=\"122\" \/><\/a>\u00a0<\/b><\/strong><\/td>\n<td style=\"width: 253.15px; border-style: none; background-color: #fcfcfc; text-align: center;\"><a href=\"https:\/\/www.exploratori.org\/index.php\/component\/sppagebuilder\/135-fira-del-coneixement-2020\"><strong><b> <img loading=\"lazy\" decoding=\"async\" class=\"alignnone size-full wp-image-13254\" src=\"https:\/\/serveiseducatius.xtec.cat\/pallars\/wp-content\/uploads\/usu1099\/2020\/05\/Fira-del-coneixement.png\" alt=\"\" width=\"222\" height=\"122\" \/><\/b><\/strong><\/a><\/td>\n<td style=\"width: 256.017px; border-style: none; background-color: #f5eadf; text-align: center;\"><strong><b>\u00a0<a href=\"http:\/\/www.lecturaenveualta.cat\/compartim-lectura\/\"><img loading=\"lazy\" decoding=\"async\" class=\"size-full wp-image-12062 aligncenter\" src=\"https:\/\/serveiseducatius.xtec.cat\/pallars\/wp-content\/uploads\/usu1099\/2020\/01\/certamen-lectura-2020.png\" alt=\"\" width=\"222\" height=\"123\" \/><\/a><\/b><\/strong><\/td>\n<\/tr>\n<tr>\n<td style=\"width: 258.833px; border-style: none; background-color: #f5eadf; text-align: center;\"><strong><b> <a href=\"https:\/\/sites.google.com\/xtec.cat\/cienciaconfinada\/inici\">M\u00e9s informaci\u00f3<\/a><\/b><\/strong><\/td>\n<td style=\"width: 253.15px; border-style: none; background-color: #fcfcfc; text-align: center;\"><strong><b><a href=\"https:\/\/www.exploratori.org\/index.php\/component\/sppagebuilder\/135-fira-del-coneixement-2020\">\u00a0Format virtual 20 i 21 de maig<\/a><br \/>\n<\/b><\/strong><\/td>\n<td style=\"width: 256.017px; border-style: none; background-color: #f5eadf; text-align: center;\"><strong><b> <a href=\"http:\/\/www.lecturaenveualta.cat\/compartim-lectura\/\">M\u00e9s informaci\u00f3<\/a><\/b><\/strong><\/td>\n<\/tr>\n<\/tbody>\n<\/table>\n<p>&nbsp;<\/p>\n","protected":false},"excerpt":{"rendered":"<p>Novetat M\u00e9s informaci\u00f3 M\u00e9s informaci\u00f3 \u00a0 Novetat- Educaci\u00f3 emocional Novetat- M\u00e9s informaci\u00f3 Novetat &#8211; M\u00e9s informaci\u00f3 Novetat- M\u00e9s informaci\u00f3 M\u00e9s [&hellip;]<\/p>\n","protected":false},"author":1,"featured_media":0,"parent":17694,"menu_order":6,"comment_status":"closed","ping_status":"closed","template":"page-templates\/side-menu.php","meta":{"_bbp_topic_count":0,"_bbp_reply_count":0,"_bbp_total_topic_count":0,"_bbp_total_reply_count":0,"_bbp_voice_count":0,"_bbp_anonymous_reply_count":0,"_bbp_topic_count_hidden":0,"_bbp_reply_count_hidden":0,"_bbp_forum_subforum_count":0,"site-sidebar-layout":"default","site-content-layout":"","ast-site-content-layout":"","site-content-style":"default","site-sidebar-style":"default","ast-global-header-display":"","ast-banner-title-visibility":"","ast-main-header-display":"","ast-hfb-above-header-display":"","ast-hfb-below-header-display":"","ast-hfb-mobile-header-display":"","site-post-title":"","ast-breadcrumbs-content":"","ast-featured-img":"","footer-sml-layout":"","theme-transparent-header-meta":"","adv-header-id-meta":"","stick-header-meta":"","header-above-stick-meta":"","header-main-stick-meta":"","header-below-stick-meta":"","astra-migrate-meta-layouts":"default","ast-page-background-enabled":"default","ast-page-background-meta":{"desktop":{"background-color":"var(--ast-global-color-4)","background-image":"","background-repeat":"repeat","background-position":"center center","background-size":"auto","background-attachment":"scroll","background-type":"","background-media":"","overlay-type":"","overlay-color":"","overlay-opacity":"","overlay-gradient":""},"tablet":{"background-color":"","background-image":"","background-repeat":"repeat","background-position":"center center","background-size":"auto","background-attachment":"scroll","background-type":"","background-media":"","overlay-type":"","overlay-color":"","overlay-opacity":"","overlay-gradient":""},"mobile":{"background-color":"","background-image":"","background-repeat":"repeat","background-position":"center center","background-size":"auto","background-attachment":"scroll","background-type":"","background-media":"","overlay-type":"","overlay-color":"","overlay-opacity":"","overlay-gradient":""}},"ast-content-background-meta":{"desktop":{"background-color":"var(--ast-global-color-5)","background-image":"","background-repeat":"repeat","background-position":"center center","background-size":"auto","background-attachment":"scroll","background-type":"","background-media":"","overlay-type":"","overlay-color":"","overlay-opacity":"","overlay-gradient":""},"tablet":{"background-color":"var(--ast-global-color-5)","background-image":"","background-repeat":"repeat","background-position":"center center","background-size":"auto","background-attachment":"scroll","background-type":"","background-media":"","overlay-type":"","overlay-color":"","overlay-opacity":"","overlay-gradient":""},"mobile":{"background-color":"var(--ast-global-color-5)","background-image":"","background-repeat":"repeat","background-position":"center center","background-size":"auto","background-attachment":"scroll","background-type":"","background-media":"","overlay-type":"","overlay-color":"","overlay-opacity":"","overlay-gradient":""}},"footnotes":""},"class_list":["post-13141","page","type-page","status-publish","hentry"],"post_mailing_queue_ids":[],"_links":{"self":[{"href":"https:\/\/serveiseducatius.xtec.cat\/pallars\/wp-json\/wp\/v2\/pages\/13141","targetHints":{"allow":["GET"]}}],"collection":[{"href":"https:\/\/serveiseducatius.xtec.cat\/pallars\/wp-json\/wp\/v2\/pages"}],"about":[{"href":"https:\/\/serveiseducatius.xtec.cat\/pallars\/wp-json\/wp\/v2\/types\/page"}],"author":[{"embeddable":true,"href":"https:\/\/serveiseducatius.xtec.cat\/pallars\/wp-json\/wp\/v2\/users\/1"}],"replies":[{"embeddable":true,"href":"https:\/\/serveiseducatius.xtec.cat\/pallars\/wp-json\/wp\/v2\/comments?post=13141"}],"version-history":[{"count":3,"href":"https:\/\/serveiseducatius.xtec.cat\/pallars\/wp-json\/wp\/v2\/pages\/13141\/revisions"}],"predecessor-version":[{"id":13302,"href":"https:\/\/serveiseducatius.xtec.cat\/pallars\/wp-json\/wp\/v2\/pages\/13141\/revisions\/13302"}],"up":[{"embeddable":true,"href":"https:\/\/serveiseducatius.xtec.cat\/pallars\/wp-json\/wp\/v2\/pages\/17694"}],"wp:attachment":[{"href":"https:\/\/serveiseducatius.xtec.cat\/pallars\/wp-json\/wp\/v2\/media?parent=13141"}],"curies":[{"name":"wp","href":"https:\/\/api.w.org\/{rel}","templated":true}]}}