{"id":1314,"date":"2016-03-15T10:23:40","date_gmt":"2016-03-15T09:23:40","guid":{"rendered":"http:\/\/serveiseducatius.xtec.cat\/pallars\/?page_id=1314"},"modified":"2025-06-10T14:33:07","modified_gmt":"2025-06-10T12:33:07","slug":"calendari-pfz","status":"publish","type":"page","link":"https:\/\/serveiseducatius.xtec.cat\/pallars\/formacio\/calendari-pfz\/","title":{"rendered":"Calendari PFZ 2025-2026"},"content":{"rendered":"<h4>Planificaci\u00f3<\/h4>\n<table class=\"table\" style=\"width: 88.2278%;\">\n<tbody>\n<tr style=\"border-color: #c42300; background-color: #c42300;\">\n<td style=\"width: 70.4106%; background-color: #2c5b5e;\"><span style=\"color: #ffffff;\"><b>Proc\u00e9s<\/b><\/span><\/td>\n<td style=\"width: 15.5296%; background-color: #2c5b5e; text-align: center;\"><span style=\"color: #ffffff;\"><b>Inici<\/b><\/span><\/td>\n<td style=\"width: 39.0617%; background-color: #2c5b5e; text-align: center;\"><span style=\"color: #ffffff;\"><b>Fi<\/b><\/span><\/td>\n<\/tr>\n<tr>\n<td style=\"width: 70.4106%;\">Detecci\u00f3 de necessitats<\/td>\n<td style=\"width: 15.5296%; text-align: center;\">23-05-25<\/td>\n<td style=\"width: 39.0617%; text-align: center;\">2-06-25<\/td>\n<\/tr>\n<tr>\n<td style=\"width: 70.4106%;\">Comissi\u00f3 PFZ deL Pallars:\u00a0Valoraci\u00f3 i aprovaci\u00f3\u00a0de les demandes rebudes.<\/td>\n<td style=\"width: 54.5913%; text-align: center;\" colspan=\"2\">5 de juny de 2025<\/td>\n<\/tr>\n<tr>\n<td style=\"width: 70.4106%;\">Aprovaci\u00f3\u00a0de la proposta global pel Comit\u00e8 de Formaci\u00f3 del Departament<\/td>\n<td style=\"text-align: center; width: 54.5913%;\" colspan=\"2\">\u00a0Abans del 27 de juny de 2025<\/td>\n<\/tr>\n<tr>\n<td style=\"width: 70.4106%;\">Publicaci\u00f3\u00a0de les activitats aprovades<\/td>\n<td style=\"width: 54.5913%; text-align: center;\" colspan=\"2\">juliol-agost 2025<\/td>\n<\/tr>\n<\/tbody>\n<\/table>\n<h4>Inscripcions, consulta d&#8217;assignacions i inici de les activitats<\/h4>\n<table class=\"table\" style=\"height: 151px; width: 100.593%;\">\n<tbody>\n<tr style=\"border-color: #c42300; background-color: #c42300; height: 46px;\">\n<td style=\"height: 46px; width: 19.9755%; background-color: #2c5b5e; text-align: center;\"><span style=\"color: #ffffff;\"><strong>Per\u00edodes d&#8217;inscripci\u00f3<\/strong><\/span><\/td>\n<td style=\"height: 46px; width: 29.1062%; background-color: #2c5b5e; text-align: center;\"><span style=\"color: #ffffff;\"><strong>Sol\u00b7licitud de pla\u00e7a<\/strong><\/span><\/td>\n<td style=\"height: 46px; width: 20.5313%; background-color: #2c5b5e; text-align: center;\"><span style=\"color: #ffffff;\"><strong>Consulta d\u2019adjudicacions<\/strong><\/span><\/td>\n<td style=\"height: 46px; width: 72.0362%; background-color: #2c5b5e; text-align: center;\"><span style=\"color: #ffffff;\"><strong>Inici de les activitats<\/strong><\/span><\/td>\n<\/tr>\n<tr style=\"height: 31px;\">\n<td style=\"height: 31px; width: 19.9755%;\">Primer torn<\/td>\n<td style=\"height: 31px; width: 29.1062%;\">del 5 al 21 de setembre de 2025<\/td>\n<td style=\"height: 31px; width: 20.5313%;\">7 d\u2019octubre de 2025<\/td>\n<td style=\"height: 31px; width: 72.0362%;\">a partir del 13 d\u2019octubre de 2025<\/td>\n<\/tr>\n<tr style=\"height: 31px;\">\n<td style=\"height: 31px; width: 19.9755%;\">Segon torn<\/td>\n<td style=\"height: 31px; width: 29.1062%;\">del 7 al 15 de gener de 2026<\/td>\n<td style=\"height: 31px; width: 20.5313%;\">30 de gener de 2026<\/td>\n<td style=\"height: 31px; width: 72.0362%;\">a partir del 5 de febrer de 2026<\/td>\n<\/tr>\n<tr>\n<td style=\"width: 19.9755%;\">Formaci\u00f3 estiu<\/td>\n<td style=\"width: 29.1062%;\">del 14 al 28 de maig de 2026<\/td>\n<td style=\"width: 20.5313%;\">16 de juny de 2026<\/td>\n<td style=\"width: 72.0362%;\">a partir de l&#8217;1 de juliol de 2026<\/td>\n<\/tr>\n<\/tbody>\n<\/table>\n<h4><\/h4>\n","protected":false},"excerpt":{"rendered":"<p>Planificaci\u00f3 Proc\u00e9s Inici Fi Detecci\u00f3 de necessitats 23-05-25 2-06-25 Comissi\u00f3 PFZ deL Pallars:\u00a0Valoraci\u00f3 i aprovaci\u00f3\u00a0de les demandes rebudes. 5 de [&hellip;]<\/p>\n","protected":false},"author":1,"featured_media":0,"parent":416,"menu_order":0,"comment_status":"closed","ping_status":"closed","template":"","meta":{"_bbp_topic_count":0,"_bbp_reply_count":0,"_bbp_total_topic_count":0,"_bbp_total_reply_count":0,"_bbp_voice_count":0,"_bbp_anonymous_reply_count":0,"_bbp_topic_count_hidden":0,"_bbp_reply_count_hidden":0,"_bbp_forum_subforum_count":0,"site-sidebar-layout":"default","site-content-layout":"","ast-site-content-layout":"default","site-content-style":"default","site-sidebar-style":"default","ast-global-header-display":"","ast-banner-title-visibility":"","ast-main-header-display":"","ast-hfb-above-header-display":"","ast-hfb-below-header-display":"","ast-hfb-mobile-header-display":"","site-post-title":"","ast-breadcrumbs-content":"","ast-featured-img":"","footer-sml-layout":"","theme-transparent-header-meta":"","adv-header-id-meta":"","stick-header-meta":"","header-above-stick-meta":"","header-main-stick-meta":"","header-below-stick-meta":"","astra-migrate-meta-layouts":"set","ast-page-background-enabled":"default","ast-page-background-meta":{"desktop":{"background-color":"var(--ast-global-color-4)","background-image":"","background-repeat":"repeat","background-position":"center center","background-size":"auto","background-attachment":"scroll","background-type":"","background-media":"","overlay-type":"","overlay-color":"","overlay-opacity":"","overlay-gradient":""},"tablet":{"background-color":"","background-image":"","background-repeat":"repeat","background-position":"center center","background-size":"auto","background-attachment":"scroll","background-type":"","background-media":"","overlay-type":"","overlay-color":"","overlay-opacity":"","overlay-gradient":""},"mobile":{"background-color":"","background-image":"","background-repeat":"repeat","background-position":"center center","background-size":"auto","background-attachment":"scroll","background-type":"","background-media":"","overlay-type":"","overlay-color":"","overlay-opacity":"","overlay-gradient":""}},"ast-content-background-meta":{"desktop":{"background-color":"var(--ast-global-color-5)","background-image":"","background-repeat":"repeat","background-position":"center center","background-size":"auto","background-attachment":"scroll","background-type":"","background-media":"","overlay-type":"","overlay-color":"","overlay-opacity":"","overlay-gradient":""},"tablet":{"background-color":"var(--ast-global-color-5)","background-image":"","background-repeat":"repeat","background-position":"center center","background-size":"auto","background-attachment":"scroll","background-type":"","background-media":"","overlay-type":"","overlay-color":"","overlay-opacity":"","overlay-gradient":""},"mobile":{"background-color":"var(--ast-global-color-5)","background-image":"","background-repeat":"repeat","background-position":"center center","background-size":"auto","background-attachment":"scroll","background-type":"","background-media":"","overlay-type":"","overlay-color":"","overlay-opacity":"","overlay-gradient":""}},"footnotes":""},"class_list":["post-1314","page","type-page","status-publish","hentry"],"post_mailing_queue_ids":[],"_links":{"self":[{"href":"https:\/\/serveiseducatius.xtec.cat\/pallars\/wp-json\/wp\/v2\/pages\/1314","targetHints":{"allow":["GET"]}}],"collection":[{"href":"https:\/\/serveiseducatius.xtec.cat\/pallars\/wp-json\/wp\/v2\/pages"}],"about":[{"href":"https:\/\/serveiseducatius.xtec.cat\/pallars\/wp-json\/wp\/v2\/types\/page"}],"author":[{"embeddable":true,"href":"https:\/\/serveiseducatius.xtec.cat\/pallars\/wp-json\/wp\/v2\/users\/1"}],"replies":[{"embeddable":true,"href":"https:\/\/serveiseducatius.xtec.cat\/pallars\/wp-json\/wp\/v2\/comments?post=1314"}],"version-history":[{"count":6,"href":"https:\/\/serveiseducatius.xtec.cat\/pallars\/wp-json\/wp\/v2\/pages\/1314\/revisions"}],"predecessor-version":[{"id":25863,"href":"https:\/\/serveiseducatius.xtec.cat\/pallars\/wp-json\/wp\/v2\/pages\/1314\/revisions\/25863"}],"up":[{"embeddable":true,"href":"https:\/\/serveiseducatius.xtec.cat\/pallars\/wp-json\/wp\/v2\/pages\/416"}],"wp:attachment":[{"href":"https:\/\/serveiseducatius.xtec.cat\/pallars\/wp-json\/wp\/v2\/media?parent=1314"}],"curies":[{"name":"wp","href":"https:\/\/api.w.org\/{rel}","templated":true}]}}