{"id":12767,"date":"2020-04-03T16:12:19","date_gmt":"2020-04-03T14:12:19","guid":{"rendered":"http:\/\/serveiseducatius.xtec.cat\/pallars\/?page_id=12767"},"modified":"2022-02-09T11:07:41","modified_gmt":"2022-02-09T10:07:41","slug":"abril-2020","status":"publish","type":"page","link":"https:\/\/serveiseducatius.xtec.cat\/pallars\/full-informatiu\/fulls-informatius-2020\/abril-2020\/","title":{"rendered":"Abril 2020"},"content":{"rendered":"<p>&nbsp;<\/p>\n<table style=\"height: 502px; border-style: none; width: 776px;\" border=\"0\" width=\"776\">\n<tbody>\n<tr style=\"height: 142px;\">\n<td style=\"width: 258.833px; height: 142px; border-style: none; background-color: #f5eadf;\" scope=\"row\" height=\"124\"><a href=\"http:\/\/xtec.gencat.cat\/web\/.content\/centres\/Pla-centres-educatius-en-linia.pdf\"><img loading=\"lazy\" decoding=\"async\" class=\"size-full wp-image-12771 aligncenter\" src=\"https:\/\/serveiseducatius.xtec.cat\/pallars\/wp-content\/uploads\/usu1099\/2020\/04\/pla-dacci\u00f3-centres-en-linia.png\" alt=\"\" width=\"223\" height=\"122\" \/><\/a><\/td>\n<td style=\"width: 253.15px; height: 142px; border-style: none;\" align=\"center\"><a href=\"http:\/\/xtec.gencat.cat\/ca\/recursos\/actuacio-extraordinaria-activitats-autoaprenentatge\/entorns-aprenentatge\/\"><img loading=\"lazy\" decoding=\"async\" class=\"size-full wp-image-12768 aligncenter\" src=\"https:\/\/serveiseducatius.xtec.cat\/pallars\/wp-content\/uploads\/usu1099\/2020\/04\/Entorns-daprenentatges.png\" alt=\"\" width=\"222\" height=\"122\" \/><\/a><\/td>\n<td style=\"width: 256.017px; height: 142px; border-style: none; background-color: #f5eadf; text-align: center;\"><a href=\"https:\/\/www.youtube.com\/channel\/UCLsDWVSYhjFYweT-LFbIbwA\/\"><img loading=\"lazy\" decoding=\"async\" class=\"size-full wp-image-12769 aligncenter\" src=\"https:\/\/serveiseducatius.xtec.cat\/pallars\/wp-content\/uploads\/usu1099\/2020\/04\/centres-en-linia.png\" alt=\"\" width=\"222\" height=\"122\" \/><\/a><\/td>\n<\/tr>\n<tr style=\"height: 49px;\">\n<td style=\"width: 258.833px; height: 49px; border-style: none; background-color: #f5eadf; text-align: center;\" scope=\"row\" height=\"21\"><a href=\"http:\/\/xtec.gencat.cat\/web\/.content\/centres\/Pla-centres-educatius-en-linia.pdf\"><strong>M\u00e9s informaci\u00f3<\/strong><\/a><\/td>\n<td style=\"width: 253.15px; height: 49px; text-align: center; border-style: none;\"><a href=\"http:\/\/xtec.gencat.cat\/ca\/recursos\/actuacio-extraordinaria-activitats-autoaprenentatge\/entorns-aprenentatge\/\"><strong>M\u00e9s informaci\u00f3<\/strong><\/a><\/td>\n<td style=\"width: 256.017px; height: 49px; border-style: none; background-color: #f5eadf; text-align: center;\"><strong><a href=\"https:\/\/www.youtube.com\/channel\/UCLsDWVSYhjFYweT-LFbIbwA\/\">M\u00e9s informaci\u00f3<\/a><\/strong><strong><br \/>\n<\/strong><\/td>\n<\/tr>\n<tr style=\"height: 33px;\">\n<td style=\"width: 258.833px; height: 33px; border-style: none;\" scope=\"row\"><a href=\"https:\/\/serveiseducatius.xtec.cat\/pallars\/wp-content\/uploads\/usu1099\/2020\/04\/cinema.png\"><img loading=\"lazy\" decoding=\"async\" class=\"alignnone size-full wp-image-12772\" src=\"https:\/\/serveiseducatius.xtec.cat\/pallars\/wp-content\/uploads\/usu1099\/2020\/04\/cinema.png\" alt=\"\" width=\"217\" height=\"111\" \/><\/a><\/td>\n<td style=\"width: 253.15px; height: 33px; border-style: none; background-color: #f5eadf;\"><a href=\"https:\/\/serveiseducatius.xtec.cat\/pallars\/general\/servei-lic-recursos-per-a-alumnat-nouvingut\/\"><img loading=\"lazy\" decoding=\"async\" class=\"alignnone size-full wp-image-12848\" src=\"https:\/\/serveiseducatius.xtec.cat\/pallars\/wp-content\/uploads\/usu1099\/2020\/04\/aula-dacollida-material-confinament.png\" alt=\"\" width=\"222\" height=\"122\" \/><\/a><\/td>\n<td style=\"width: 256.017px; height: 33px; border-style: none;\"><a href=\"https:\/\/serveiseducatius.xtec.cat\/pallars\/general\/editorials\/\"><img loading=\"lazy\" decoding=\"async\" class=\"alignnone size-full wp-image-12778\" src=\"https:\/\/serveiseducatius.xtec.cat\/pallars\/wp-content\/uploads\/usu1099\/2020\/04\/editorials.png\" alt=\"\" width=\"222\" height=\"122\" \/><\/a><\/td>\n<\/tr>\n<tr style=\"height: 33px;\">\n<td style=\"width: 258.833px; height: 33px; border-style: none; text-align: center;\" scope=\"row\" height=\"21\"><a href=\"https:\/\/serveiseducatius.xtec.cat\/pallars\/general\/cinema\/\"><strong><b>Cinema. M\u00e9s informaci\u00f3<\/b><\/strong><\/a><\/td>\n<td style=\"width: 253.15px; height: 33px; border-style: none; background-color: #f5eadf; text-align: center;\"><strong><a href=\"https:\/\/serveiseducatius.xtec.cat\/pallars\/general\/servei-lic-recursos-per-a-alumnat-nouvingut\/\">Recursos per a alumnat nouvingut<\/a><br \/>\n<\/strong><\/td>\n<td style=\"width: 256.017px; height: 33px; border-style: none; text-align: center;\"><a href=\"https:\/\/serveiseducatius.xtec.cat\/pallars\/general\/editorials\/\"><span style=\"font-family: helvetica, arial, sans-serif;\"><strong>Editorials. M\u00e9s informaci\u00f3<\/strong><\/span><\/a><\/td>\n<\/tr>\n<tr style=\"height: 33px;\">\n<td style=\"width: 258.833px; height: 33px; border-style: none; background-color: #f5eadf;\" scope=\"row\"><a href=\"https:\/\/serveiseducatius.xtec.cat\/pallars\/general\/ambit-steam\/\"><img loading=\"lazy\" decoding=\"async\" class=\"alignnone size-full wp-image-12779\" src=\"https:\/\/serveiseducatius.xtec.cat\/pallars\/wp-content\/uploads\/usu1099\/2020\/04\/stem.png\" alt=\"\" width=\"222\" height=\"122\" \/><\/a><\/td>\n<td style=\"width: 253.15px; height: 33px; border-style: none;\"><a href=\"https:\/\/serveiseducatius.xtec.cat\/pallars\/general\/ambit-linguisitc\/\"><img loading=\"lazy\" decoding=\"async\" class=\"alignnone size-full wp-image-12780\" src=\"https:\/\/serveiseducatius.xtec.cat\/pallars\/wp-content\/uploads\/usu1099\/2020\/04\/llengua.png\" alt=\"\" width=\"222\" height=\"122\" \/><\/a><\/td>\n<td style=\"width: 256.017px; height: 33px; border-style: none; background-color: #f5eadf;\"><a href=\"https:\/\/serveiseducatius.xtec.cat\/pallars\/general\/visites-virtuals\/\"><img loading=\"lazy\" decoding=\"async\" class=\"alignnone size-full wp-image-12781\" src=\"https:\/\/serveiseducatius.xtec.cat\/pallars\/wp-content\/uploads\/usu1099\/2020\/04\/visites-virtuals.png\" alt=\"\" width=\"223\" height=\"122\" \/><\/a><\/td>\n<\/tr>\n<tr style=\"height: 33px;\">\n<td style=\"width: 258.833px; height: 33px; border-style: none; background-color: #f5eadf; text-align: center;\" scope=\"row\"><strong><a href=\"https:\/\/serveiseducatius.xtec.cat\/pallars\/general\/ambit-steam\/\">\u00c0mbit STEM<\/a><br \/>\n<\/strong><\/td>\n<td style=\"width: 253.15px; height: 33px; border-style: none; text-align: center;\"><strong><a href=\"https:\/\/serveiseducatius.xtec.cat\/pallars\/general\/ambit-linguisitc\/\"><b>\u00c0mbit ling\u00fc\u00edstic<\/b><\/a><br \/>\n<\/strong><\/td>\n<td style=\"width: 256.017px; height: 33px; border-style: none; background-color: #f5eadf; text-align: center;\"><strong><b><a href=\"https:\/\/serveiseducatius.xtec.cat\/pallars\/general\/visites-virtuals\/\">Visites virtuals<\/a><br \/>\n<\/b><\/strong><\/td>\n<\/tr>\n<\/tbody>\n<\/table>\n","protected":false},"excerpt":{"rendered":"<p>&nbsp; M\u00e9s informaci\u00f3 M\u00e9s informaci\u00f3 M\u00e9s informaci\u00f3 Cinema. M\u00e9s informaci\u00f3 Recursos per a alumnat nouvingut Editorials. M\u00e9s informaci\u00f3 \u00c0mbit STEM [&hellip;]<\/p>\n","protected":false},"author":1,"featured_media":0,"parent":17694,"menu_order":5,"comment_status":"closed","ping_status":"closed","template":"page-templates\/side-menu.php","meta":{"_bbp_topic_count":0,"_bbp_reply_count":0,"_bbp_total_topic_count":0,"_bbp_total_reply_count":0,"_bbp_voice_count":0,"_bbp_anonymous_reply_count":0,"_bbp_topic_count_hidden":0,"_bbp_reply_count_hidden":0,"_bbp_forum_subforum_count":0,"site-sidebar-layout":"default","site-content-layout":"","ast-site-content-layout":"","site-content-style":"default","site-sidebar-style":"default","ast-global-header-display":"","ast-banner-title-visibility":"","ast-main-header-display":"","ast-hfb-above-header-display":"","ast-hfb-below-header-display":"","ast-hfb-mobile-header-display":"","site-post-title":"","ast-breadcrumbs-content":"","ast-featured-img":"","footer-sml-layout":"","theme-transparent-header-meta":"","adv-header-id-meta":"","stick-header-meta":"","header-above-stick-meta":"","header-main-stick-meta":"","header-below-stick-meta":"","astra-migrate-meta-layouts":"default","ast-page-background-enabled":"default","ast-page-background-meta":{"desktop":{"background-color":"var(--ast-global-color-4)","background-image":"","background-repeat":"repeat","background-position":"center center","background-size":"auto","background-attachment":"scroll","background-type":"","background-media":"","overlay-type":"","overlay-color":"","overlay-opacity":"","overlay-gradient":""},"tablet":{"background-color":"","background-image":"","background-repeat":"repeat","background-position":"center center","background-size":"auto","background-attachment":"scroll","background-type":"","background-media":"","overlay-type":"","overlay-color":"","overlay-opacity":"","overlay-gradient":""},"mobile":{"background-color":"","background-image":"","background-repeat":"repeat","background-position":"center center","background-size":"auto","background-attachment":"scroll","background-type":"","background-media":"","overlay-type":"","overlay-color":"","overlay-opacity":"","overlay-gradient":""}},"ast-content-background-meta":{"desktop":{"background-color":"var(--ast-global-color-5)","background-image":"","background-repeat":"repeat","background-position":"center center","background-size":"auto","background-attachment":"scroll","background-type":"","background-media":"","overlay-type":"","overlay-color":"","overlay-opacity":"","overlay-gradient":""},"tablet":{"background-color":"var(--ast-global-color-5)","background-image":"","background-repeat":"repeat","background-position":"center center","background-size":"auto","background-attachment":"scroll","background-type":"","background-media":"","overlay-type":"","overlay-color":"","overlay-opacity":"","overlay-gradient":""},"mobile":{"background-color":"var(--ast-global-color-5)","background-image":"","background-repeat":"repeat","background-position":"center center","background-size":"auto","background-attachment":"scroll","background-type":"","background-media":"","overlay-type":"","overlay-color":"","overlay-opacity":"","overlay-gradient":""}},"footnotes":""},"class_list":["post-12767","page","type-page","status-publish","hentry"],"post_mailing_queue_ids":[],"_links":{"self":[{"href":"https:\/\/serveiseducatius.xtec.cat\/pallars\/wp-json\/wp\/v2\/pages\/12767","targetHints":{"allow":["GET"]}}],"collection":[{"href":"https:\/\/serveiseducatius.xtec.cat\/pallars\/wp-json\/wp\/v2\/pages"}],"about":[{"href":"https:\/\/serveiseducatius.xtec.cat\/pallars\/wp-json\/wp\/v2\/types\/page"}],"author":[{"embeddable":true,"href":"https:\/\/serveiseducatius.xtec.cat\/pallars\/wp-json\/wp\/v2\/users\/1"}],"replies":[{"embeddable":true,"href":"https:\/\/serveiseducatius.xtec.cat\/pallars\/wp-json\/wp\/v2\/comments?post=12767"}],"version-history":[{"count":3,"href":"https:\/\/serveiseducatius.xtec.cat\/pallars\/wp-json\/wp\/v2\/pages\/12767\/revisions"}],"predecessor-version":[{"id":12958,"href":"https:\/\/serveiseducatius.xtec.cat\/pallars\/wp-json\/wp\/v2\/pages\/12767\/revisions\/12958"}],"up":[{"embeddable":true,"href":"https:\/\/serveiseducatius.xtec.cat\/pallars\/wp-json\/wp\/v2\/pages\/17694"}],"wp:attachment":[{"href":"https:\/\/serveiseducatius.xtec.cat\/pallars\/wp-json\/wp\/v2\/media?parent=12767"}],"curies":[{"name":"wp","href":"https:\/\/api.w.org\/{rel}","templated":true}]}}