{"id":12336,"date":"2020-03-17T20:50:43","date_gmt":"2020-03-17T19:50:43","guid":{"rendered":"http:\/\/serveiseducatius.xtec.cat\/pallars\/?page_id=12336"},"modified":"2022-02-09T11:06:34","modified_gmt":"2022-02-09T10:06:34","slug":"full-informatiu-especial-marc-2020","status":"publish","type":"page","link":"https:\/\/serveiseducatius.xtec.cat\/pallars\/full-informatiu\/fulls-informatius-2020\/full-informatiu-especial-marc-2020\/","title":{"rendered":"Mar\u00e7 2020 &#8211; Extraordinari"},"content":{"rendered":"<table style=\"height: 913px; border-style: none; width: 576px;\" border=\"0\" width=\"776\">\n<tbody>\n<tr style=\"height: 142px;\">\n<td style=\"width: 284.483px; height: 142px; border-style: none; background-color: #f5eadf;\" scope=\"row\" height=\"124\"><a href=\"https:\/\/serveiseducatius.xtec.cat\/pallars\/wp-content\/uploads\/usu1099\/2020\/03\/formaci\u00f3-extraordinaria_4.png\"><img loading=\"lazy\" decoding=\"async\" class=\"size-full wp-image-12317 aligncenter\" src=\"https:\/\/serveiseducatius.xtec.cat\/pallars\/wp-content\/uploads\/usu1099\/2020\/03\/formaci\u00f3-extraordinaria_4.png\" alt=\"\" width=\"277\" height=\"181\" \/><\/a><\/td>\n<td style=\"width: 285.517px; height: 142px; border-style: none; vertical-align: top;\" align=\"center\"><a href=\"https:\/\/serveiseducatius.xtec.cat\/pallars\/wp-content\/uploads\/usu1099\/2020\/03\/recursos_3.jpg\"><img loading=\"lazy\" decoding=\"async\" class=\"alignnone size-full wp-image-12322\" src=\"https:\/\/serveiseducatius.xtec.cat\/pallars\/wp-content\/uploads\/usu1099\/2020\/03\/recursos_3.jpg\" alt=\"\" width=\"277\" height=\"181\" \/><\/a><\/td>\n<\/tr>\n<tr style=\"height: 49px;\">\n<td style=\"width: 284.483px; height: 49px; border-style: none; background-color: #f5eadf; text-align: center;\" scope=\"row\" height=\"21\"><a href=\"https:\/\/serveiseducatius.xtec.cat\/pallars\/general\/formacio-extraordinaria-oberta\/\">M\u00e9s informaci\u00f3<\/a><\/td>\n<td style=\"width: 285.517px; height: 49px; text-align: center; border-style: none;\"><strong><a href=\"https:\/\/serveiseducatius.xtec.cat\/pallars\/portada\/recursos-per-al-professorat-activitats-dautoaprenentatge-actuacio-extraordinaria\/\">\u00a0M\u00e9s informaci\u00f3<\/a><br \/>\n<\/strong><\/td>\n<\/tr>\n<tr style=\"height: 33px;\">\n<td style=\"width: 284.483px; height: 33px; border-style: none;\" scope=\"row\"><a href=\"https:\/\/serveiseducatius.xtec.cat\/pallars\/wp-content\/uploads\/usu1099\/2020\/03\/educa360_1.jpg\"><img loading=\"lazy\" decoding=\"async\" class=\"size-full wp-image-12329 aligncenter\" src=\"https:\/\/serveiseducatius.xtec.cat\/pallars\/wp-content\/uploads\/usu1099\/2020\/03\/educa360_1.jpg\" alt=\"\" width=\"277\" height=\"181\" \/><\/a><\/td>\n<td style=\"width: 285.517px; height: 33px; border-style: none; background-color: #f5eadf;\"><a href=\"https:\/\/serveiseducatius.xtec.cat\/pallars\/wp-content\/uploads\/usu1099\/2020\/03\/tolbox-1.jpg\"><img loading=\"lazy\" decoding=\"async\" class=\"wp-image-12351 aligncenter\" src=\"https:\/\/serveiseducatius.xtec.cat\/pallars\/wp-content\/uploads\/usu1099\/2020\/03\/tolbox-1.jpg\" alt=\"\" width=\"316\" height=\"149\" \/><\/a><\/td>\n<\/tr>\n<tr style=\"height: 33px;\">\n<td style=\"width: 284.483px; height: 33px; border-style: none; text-align: center;\" scope=\"row\" height=\"21\"><a href=\"https:\/\/serveiseducatius.xtec.cat\/pallars\/general\/publicacio-especial-recursos-per-lalumnat-a-ledu365\/\">M\u00e9s informaci\u00f3<\/a><\/td>\n<td style=\"width: 285.517px; height: 33px; border-style: none; background-color: #f5eadf; text-align: center;\"><strong><a href=\"https:\/\/mailchi.mp\/mschools.com\/descobreix-les-apps-de-lestiu-a-toolbox-i-guanya-una-tauleta-2636249?e=5bd126fd64\">Apren i ensenya en l\u00ednea<\/a><br \/>\n<\/strong><\/td>\n<\/tr>\n<tr>\n<td style=\"width: 572px; border-style: none; text-align: center;\" colspan=\"2\"><strong><a href=\"http:\/\/xtec.gencat.cat\/web\/.content\/recursos\/actuacio-extraordinaria-activitats-autoaprenentatge\/Orientacions-centres-tancament-coronavirus.pdf\"><img loading=\"lazy\" decoding=\"async\" class=\"alignnone wp-image-12301\" src=\"https:\/\/serveiseducatius.xtec.cat\/pallars\/wp-content\/uploads\/usu1099\/2020\/03\/orientacions.png\" alt=\"\" width=\"382\" height=\"141\" srcset=\"https:\/\/serveiseducatius.xtec.cat\/pallars\/wp-content\/uploads\/usu1099\/2020\/03\/orientacions.png 434w, https:\/\/serveiseducatius.xtec.cat\/pallars\/wp-content\/uploads\/usu1099\/2020\/03\/orientacions-300x111.png 300w\" sizes=\"auto, (max-width: 382px) 100vw, 382px\" \/><\/a>\u00a0<\/strong><\/p>\n<p><strong><a href=\"http:\/\/xtec.gencat.cat\/web\/.content\/recursos\/actuacio-extraordinaria-activitats-autoaprenentatge\/Orientacions-centres-tancament-coronavirus.pdf\">Enlla\u00e7 al document<\/a><br \/>\n<\/strong><\/td>\n<\/tr>\n<tr style=\"height: 33px;\">\n<td style=\"width: 572px; height: 33px; border-style: none; background-color: #f5eadf;\" colspan=\"2\" scope=\"row\">\n<h4><strong><span style=\"color: #ff0000;\">RECORDEU<\/span><\/strong><\/h4>\n<h5><span style=\"color: #000000;\"><strong>Tot l&#8217;equip del Servei Educatiu <\/strong><strong>estem a la vostra disposici\u00f3 en els correus electr\u00f2nics:<\/strong><\/span><\/h5>\n<h5 style=\"text-align: left; padding-left: 40px;\"><span style=\"color: #000000;\"><strong>CRP: crp-pallarsjussa@xtec.cat, crp-pallarssobira<span class=\"\">@xtec.cat<\/span><br \/>\nEAP: <\/strong><strong>eap-pallars@xtec.cat<br \/>\nALIC Pallars: <\/strong><\/span><strong><span style=\"color: #000000;\">bcapdevi@xtec.cat<\/span><br \/>\n<\/strong><\/h5>\n<\/td>\n<\/tr>\n<\/tbody>\n<\/table>\n","protected":false},"excerpt":{"rendered":"<p>M\u00e9s informaci\u00f3 \u00a0M\u00e9s informaci\u00f3 M\u00e9s informaci\u00f3 Apren i ensenya en l\u00ednea \u00a0 Enlla\u00e7 al document RECORDEU Tot l&#8217;equip del Servei [&hellip;]<\/p>\n","protected":false},"author":1,"featured_media":0,"parent":17694,"menu_order":4,"comment_status":"closed","ping_status":"closed","template":"page-templates\/side-menu.php","meta":{"_bbp_topic_count":0,"_bbp_reply_count":0,"_bbp_total_topic_count":0,"_bbp_total_reply_count":0,"_bbp_voice_count":0,"_bbp_anonymous_reply_count":0,"_bbp_topic_count_hidden":0,"_bbp_reply_count_hidden":0,"_bbp_forum_subforum_count":0,"site-sidebar-layout":"default","site-content-layout":"","ast-site-content-layout":"","site-content-style":"default","site-sidebar-style":"default","ast-global-header-display":"","ast-banner-title-visibility":"","ast-main-header-display":"","ast-hfb-above-header-display":"","ast-hfb-below-header-display":"","ast-hfb-mobile-header-display":"","site-post-title":"","ast-breadcrumbs-content":"","ast-featured-img":"","footer-sml-layout":"","theme-transparent-header-meta":"","adv-header-id-meta":"","stick-header-meta":"","header-above-stick-meta":"","header-main-stick-meta":"","header-below-stick-meta":"","astra-migrate-meta-layouts":"default","ast-page-background-enabled":"default","ast-page-background-meta":{"desktop":{"background-color":"var(--ast-global-color-4)","background-image":"","background-repeat":"repeat","background-position":"center center","background-size":"auto","background-attachment":"scroll","background-type":"","background-media":"","overlay-type":"","overlay-color":"","overlay-opacity":"","overlay-gradient":""},"tablet":{"background-color":"","background-image":"","background-repeat":"repeat","background-position":"center center","background-size":"auto","background-attachment":"scroll","background-type":"","background-media":"","overlay-type":"","overlay-color":"","overlay-opacity":"","overlay-gradient":""},"mobile":{"background-color":"","background-image":"","background-repeat":"repeat","background-position":"center center","background-size":"auto","background-attachment":"scroll","background-type":"","background-media":"","overlay-type":"","overlay-color":"","overlay-opacity":"","overlay-gradient":""}},"ast-content-background-meta":{"desktop":{"background-color":"var(--ast-global-color-5)","background-image":"","background-repeat":"repeat","background-position":"center center","background-size":"auto","background-attachment":"scroll","background-type":"","background-media":"","overlay-type":"","overlay-color":"","overlay-opacity":"","overlay-gradient":""},"tablet":{"background-color":"var(--ast-global-color-5)","background-image":"","background-repeat":"repeat","background-position":"center center","background-size":"auto","background-attachment":"scroll","background-type":"","background-media":"","overlay-type":"","overlay-color":"","overlay-opacity":"","overlay-gradient":""},"mobile":{"background-color":"var(--ast-global-color-5)","background-image":"","background-repeat":"repeat","background-position":"center center","background-size":"auto","background-attachment":"scroll","background-type":"","background-media":"","overlay-type":"","overlay-color":"","overlay-opacity":"","overlay-gradient":""}},"footnotes":""},"class_list":["post-12336","page","type-page","status-publish","hentry"],"post_mailing_queue_ids":[],"_links":{"self":[{"href":"https:\/\/serveiseducatius.xtec.cat\/pallars\/wp-json\/wp\/v2\/pages\/12336","targetHints":{"allow":["GET"]}}],"collection":[{"href":"https:\/\/serveiseducatius.xtec.cat\/pallars\/wp-json\/wp\/v2\/pages"}],"about":[{"href":"https:\/\/serveiseducatius.xtec.cat\/pallars\/wp-json\/wp\/v2\/types\/page"}],"author":[{"embeddable":true,"href":"https:\/\/serveiseducatius.xtec.cat\/pallars\/wp-json\/wp\/v2\/users\/1"}],"replies":[{"embeddable":true,"href":"https:\/\/serveiseducatius.xtec.cat\/pallars\/wp-json\/wp\/v2\/comments?post=12336"}],"version-history":[{"count":4,"href":"https:\/\/serveiseducatius.xtec.cat\/pallars\/wp-json\/wp\/v2\/pages\/12336\/revisions"}],"predecessor-version":[{"id":12341,"href":"https:\/\/serveiseducatius.xtec.cat\/pallars\/wp-json\/wp\/v2\/pages\/12336\/revisions\/12341"}],"up":[{"embeddable":true,"href":"https:\/\/serveiseducatius.xtec.cat\/pallars\/wp-json\/wp\/v2\/pages\/17694"}],"wp:attachment":[{"href":"https:\/\/serveiseducatius.xtec.cat\/pallars\/wp-json\/wp\/v2\/media?parent=12336"}],"curies":[{"name":"wp","href":"https:\/\/api.w.org\/{rel}","templated":true}]}}