{"id":12163,"date":"2020-03-02T11:07:00","date_gmt":"2020-03-02T10:07:00","guid":{"rendered":"http:\/\/serveiseducatius.xtec.cat\/pallars\/?page_id=12163"},"modified":"2022-02-09T11:02:06","modified_gmt":"2022-02-09T10:02:06","slug":"marc-2020","status":"publish","type":"page","link":"https:\/\/serveiseducatius.xtec.cat\/pallars\/full-informatiu\/fulls-informatius-2020\/marc-2020\/","title":{"rendered":"Mar\u00e7 2020"},"content":{"rendered":"<p>&nbsp;<\/p>\n<table style=\"height: 335px; border-style: none; width: 776px;\" border=\"0\" width=\"776\">\n<tbody>\n<tr style=\"height: 142px;\">\n<td style=\"width: 258.167px; height: 142px; border-style: none; background-color: #f5eadf;\" scope=\"row\" height=\"124\"><a href=\"https:\/\/serveiseducatius.xtec.cat\/pallars\/categoria\/lectura-en-veu-alta\/\"><img loading=\"lazy\" decoding=\"async\" class=\"size-full wp-image-12062 aligncenter\" src=\"https:\/\/serveiseducatius.xtec.cat\/pallars\/wp-content\/uploads\/usu1099\/2020\/01\/certamen-lectura-2020.png\" alt=\"\" width=\"222\" height=\"123\" \/><\/a><\/td>\n<td style=\"width: 252.483px; height: 142px; border-style: none;\" align=\"center\"><a href=\"https:\/\/serveiseducatius.xtec.cat\/pallars\/invesjove\/invesjove-xiii-jornades-al-pallars\/\"><img loading=\"lazy\" decoding=\"async\" class=\"alignnone size-full wp-image-11233\" src=\"https:\/\/serveiseducatius.xtec.cat\/pallars\/wp-content\/uploads\/usu1099\/2019\/03\/invesjove.png\" alt=\"\" width=\"222\" height=\"122\" \/><\/a><\/td>\n<td style=\"width: 255.35px; height: 142px; border-style: none; background-color: #f5eadf; text-align: center;\"><a href=\"https:\/\/serveiseducatius.xtec.cat\/pallars\/portada\/congres-deducacio-publica-a-catalunya\/\"><img loading=\"lazy\" decoding=\"async\" class=\"alignnone size-full wp-image-11958\" src=\"https:\/\/serveiseducatius.xtec.cat\/pallars\/wp-content\/uploads\/usu1099\/2019\/12\/congres-1.png\" alt=\"\" width=\"222\" height=\"122\" \/><\/a><\/td>\n<\/tr>\n<tr style=\"height: 49px;\">\n<td style=\"width: 258.167px; height: 49px; border-style: none; background-color: #f5eadf; text-align: center;\" scope=\"row\" height=\"21\"><a href=\"https:\/\/serveiseducatius.xtec.cat\/pallars\/categoria\/lectura-en-veu-alta\/\"><strong>M\u00e9s informaci\u00f3<\/strong><\/a><\/td>\n<td style=\"width: 252.483px; height: 49px; text-align: center; border-style: none;\"><strong><a href=\"https:\/\/serveiseducatius.xtec.cat\/pallars\/invesjove\/invesjove-xiii-jornades-al-pallars\/\">InvesJove &#8211; Tremp<\/a><br \/>\n<a href=\"https:\/\/serveiseducatius.xtec.cat\/pallars\/invesjove\/invesjove-xiii-jornades-al-pallars\/\">26 de mar\u00e7 de 2020<\/a><br \/>\n<\/strong><\/td>\n<td style=\"width: 255.35px; height: 49px; border-style: none; background-color: #f5eadf; text-align: center;\"><strong><a href=\"https:\/\/serveiseducatius.xtec.cat\/pallars\/portada\/congres-deducacio-publica-a-catalunya\/\">Segon Debat Congr\u00e9s Educaci\u00f3 a Sort<\/a><br \/>\n<\/strong><\/td>\n<\/tr>\n<tr style=\"height: 33px;\">\n<td style=\"width: 258.167px; height: 33px; border-style: none;\" scope=\"row\"><a href=\"https:\/\/serveiseducatius.xtec.cat\/pallars\/portada\/teatre-angles-primaria\/\"><img loading=\"lazy\" decoding=\"async\" class=\"alignnone size-full wp-image-12167\" src=\"https:\/\/serveiseducatius.xtec.cat\/pallars\/wp-content\/uploads\/usu1099\/2020\/02\/robin-hood.png\" alt=\"\" width=\"222\" height=\"122\" \/><\/a><\/td>\n<td style=\"width: 252.483px; height: 33px; border-style: none; background-color: #f5eadf;\"><a href=\"https:\/\/serveiseducatius.xtec.cat\/pallars\/general\/jussaeducacio-cinema\/\"><img loading=\"lazy\" decoding=\"async\" class=\"size-full wp-image-12164 aligncenter\" src=\"https:\/\/serveiseducatius.xtec.cat\/pallars\/wp-content\/uploads\/usu1099\/2020\/02\/filmoteca-de-catalunya.png\" alt=\"\" width=\"222\" height=\"122\" \/><\/a><\/td>\n<td style=\"width: 255.35px; height: 33px; border-style: none;\"><a href=\"https:\/\/serveiseducatius.xtec.cat\/pallars\/portada\/vii-jocs-florals-escolars-de-catalunya\/\"><img loading=\"lazy\" decoding=\"async\" class=\"size-full wp-image-12165 aligncenter\" src=\"https:\/\/serveiseducatius.xtec.cat\/pallars\/wp-content\/uploads\/usu1099\/2020\/02\/jocs-florals.png\" alt=\"\" width=\"222\" height=\"122\" \/><\/a><\/td>\n<\/tr>\n<tr style=\"height: 33px;\">\n<td style=\"width: 258.167px; height: 33px; border-style: none; text-align: center;\" scope=\"row\" height=\"21\"><a href=\"https:\/\/serveiseducatius.xtec.cat\/pallars\/portada\/teatre-angles-primaria\/\"><strong> <b>Teatre en angl\u00e8s. Robin Hood Informaci\u00f3<\/b><\/strong><\/a><\/td>\n<td style=\"width: 252.483px; height: 33px; border-style: none; background-color: #f5eadf; text-align: center;\"><strong><a href=\"https:\/\/serveiseducatius.xtec.cat\/pallars\/general\/jussaeducacio-cinema\/\">Boscos de tots els colors. Informaci\u00f3<\/a><br \/>\n<\/strong><\/td>\n<td style=\"width: 255.35px; height: 33px; border-style: none; text-align: center;\"><a href=\"https:\/\/serveiseducatius.xtec.cat\/pallars\/portada\/vii-jocs-florals-escolars-de-catalunya\/\"><span style=\"font-family: helvetica, arial, sans-serif;\"><strong>M\u00e9s informaci\u00f3<\/strong><\/span><\/a><\/td>\n<\/tr>\n<tr style=\"height: 33px;\">\n<td style=\"width: 258.167px; height: 33px; border-style: none; background-color: #f5eadf;\" scope=\"row\"><a href=\"https:\/\/serveiseducatius.xtec.cat\/pallars\/general\/jussaeducacio-teatre-3\/\"><img loading=\"lazy\" decoding=\"async\" class=\"alignnone size-full wp-image-11120\" src=\"https:\/\/serveiseducatius.xtec.cat\/pallars\/wp-content\/uploads\/usu1099\/2019\/03\/cesc-serrat.png\" alt=\"\" width=\"222\" height=\"122\" \/><\/a><\/td>\n<td style=\"width: 252.483px; height: 33px; border-style: none;\"><a href=\"https:\/\/serveiseducatius.xtec.cat\/pallars\/wp-content\/uploads\/usu1099\/2020\/02\/olimpiada-flamicell.png\"><img loading=\"lazy\" decoding=\"async\" class=\"alignnone size-full wp-image-12168\" src=\"https:\/\/serveiseducatius.xtec.cat\/pallars\/wp-content\/uploads\/usu1099\/2020\/02\/olimpiada-flamicell.png\" alt=\"\" width=\"224\" height=\"124\" \/><\/a><\/td>\n<td style=\"width: 255.35px; height: 33px; border-style: none; background-color: #f5eadf;\"><a href=\"https:\/\/serveiseducatius.xtec.cat\/pallars\/general\/exposicio-itinerant-del-museu-de-matematiques-de-catalunya\/\"><img loading=\"lazy\" decoding=\"async\" class=\"alignnone size-full wp-image-12230\" src=\"https:\/\/serveiseducatius.xtec.cat\/pallars\/wp-content\/uploads\/usu1099\/2020\/02\/mates.png\" alt=\"\" width=\"222\" height=\"122\" \/><\/a><\/td>\n<\/tr>\n<tr style=\"height: 33px;\">\n<td style=\"width: 258.167px; height: 33px; border-style: none; background-color: #f5eadf; text-align: center;\" scope=\"row\"><strong><a href=\"https:\/\/serveiseducatius.xtec.cat\/pallars\/general\/jussaeducacio-teatre-3\/\">Cesc Serrat. M\u00e9s informaci\u00f3<\/a><br \/>\n<\/strong><\/td>\n<td style=\"width: 252.483px; height: 33px; border-style: none; text-align: center;\"><strong><a href=\"http:\/\/www.cepallarsjussa.cat\/flamicell\/\"><b>Olimp\u00edada Flamicell<\/b><\/a><br \/>\n<\/strong><\/td>\n<td style=\"width: 255.35px; height: 33px; border-style: none; background-color: #f5eadf; text-align: center;\"><a href=\"https:\/\/serveiseducatius.xtec.cat\/pallars\/general\/exposicio-itinerant-del-museu-de-matematiques-de-catalunya\/\"><strong> <b>Exposici\u00f3 matem\u00e0tiques<\/b><\/strong><\/a><\/td>\n<\/tr>\n<tr>\n<td style=\"width: 258.167px; border-style: none; background-color: #fafafa;\"><a href=\"https:\/\/serveiseducatius.xtec.cat\/pallars\/general\/mercat-de-tecnologia-dels-pallars\/\"><img loading=\"lazy\" decoding=\"async\" class=\"alignnone size-full wp-image-12257\" src=\"https:\/\/serveiseducatius.xtec.cat\/pallars\/wp-content\/uploads\/usu1099\/2020\/02\/mercat-full-informatiu.jpg\" alt=\"\" width=\"222\" height=\"122\" \/><\/a><\/td>\n<td style=\"width: 252.483px; border-style: none; text-align: center; background-color: #f5eadf;\"><a href=\"https:\/\/serveiseducatius.xtec.cat\/pallars\/general\/illustradora-a-secundaria\/\"><img loading=\"lazy\" decoding=\"async\" class=\"alignnone size-full wp-image-12187\" src=\"https:\/\/serveiseducatius.xtec.cat\/pallars\/wp-content\/uploads\/usu1099\/2020\/02\/il.lustradora.png\" alt=\"\" width=\"222\" height=\"122\" \/><\/a><\/td>\n<td style=\"width: 255.35px; border-style: none; text-align: center; background-color: #fafaff;\"><a href=\"https:\/\/serveiseducatius.xtec.cat\/pallars\/wp-content\/uploads\/usu1099\/2020\/02\/dona-la-nota.png\"><img loading=\"lazy\" decoding=\"async\" class=\"alignnone size-full wp-image-12170\" src=\"https:\/\/serveiseducatius.xtec.cat\/pallars\/wp-content\/uploads\/usu1099\/2020\/02\/dona-la-nota.png\" alt=\"\" width=\"222\" height=\"122\" \/><\/a><\/td>\n<\/tr>\n<tr>\n<td style=\"width: 258.167px; border-style: none; background-color: #fafafa;\">\n<p style=\"text-align: center;\"><a href=\"https:\/\/serveiseducatius.xtec.cat\/pallars\/general\/mercat-de-tecnologia-dels-pallars\/\"><strong>M\u00e9s informaci\u00f3<\/strong><\/a><\/p>\n<\/td>\n<td style=\"width: 252.483px; border-style: none; text-align: center; background-color: #f5eadf;\"><strong><b><a href=\"https:\/\/serveiseducatius.xtec.cat\/pallars\/general\/illustradora-a-secundaria\/\">Il\u00b7lustradora secund\u00e0ria<\/a><br \/>\n<\/b><\/strong><\/td>\n<td style=\"width: 255.35px; border-style: none; text-align: center; background-color: #fafaff;\"><strong><b><a href=\"https:\/\/serveiseducatius.xtec.cat\/pallars\/general\/dona-la-nota-encara-hi-som-a-temps\/\">Dona la nota<\/a><br \/>\n<\/b><\/strong><\/td>\n<\/tr>\n<\/tbody>\n<\/table>\n","protected":false},"excerpt":{"rendered":"<p>&nbsp; M\u00e9s informaci\u00f3 InvesJove &#8211; Tremp 26 de mar\u00e7 de 2020 Segon Debat Congr\u00e9s Educaci\u00f3 a Sort Teatre en angl\u00e8s. [&hellip;]<\/p>\n","protected":false},"author":1,"featured_media":0,"parent":17694,"menu_order":3,"comment_status":"closed","ping_status":"closed","template":"page-templates\/side-menu.php","meta":{"_bbp_topic_count":0,"_bbp_reply_count":0,"_bbp_total_topic_count":0,"_bbp_total_reply_count":0,"_bbp_voice_count":0,"_bbp_anonymous_reply_count":0,"_bbp_topic_count_hidden":0,"_bbp_reply_count_hidden":0,"_bbp_forum_subforum_count":0,"site-sidebar-layout":"default","site-content-layout":"","ast-site-content-layout":"","site-content-style":"default","site-sidebar-style":"default","ast-global-header-display":"","ast-banner-title-visibility":"","ast-main-header-display":"","ast-hfb-above-header-display":"","ast-hfb-below-header-display":"","ast-hfb-mobile-header-display":"","site-post-title":"","ast-breadcrumbs-content":"","ast-featured-img":"","footer-sml-layout":"","theme-transparent-header-meta":"","adv-header-id-meta":"","stick-header-meta":"","header-above-stick-meta":"","header-main-stick-meta":"","header-below-stick-meta":"","astra-migrate-meta-layouts":"default","ast-page-background-enabled":"default","ast-page-background-meta":{"desktop":{"background-color":"var(--ast-global-color-4)","background-image":"","background-repeat":"repeat","background-position":"center center","background-size":"auto","background-attachment":"scroll","background-type":"","background-media":"","overlay-type":"","overlay-color":"","overlay-opacity":"","overlay-gradient":""},"tablet":{"background-color":"","background-image":"","background-repeat":"repeat","background-position":"center center","background-size":"auto","background-attachment":"scroll","background-type":"","background-media":"","overlay-type":"","overlay-color":"","overlay-opacity":"","overlay-gradient":""},"mobile":{"background-color":"","background-image":"","background-repeat":"repeat","background-position":"center center","background-size":"auto","background-attachment":"scroll","background-type":"","background-media":"","overlay-type":"","overlay-color":"","overlay-opacity":"","overlay-gradient":""}},"ast-content-background-meta":{"desktop":{"background-color":"var(--ast-global-color-5)","background-image":"","background-repeat":"repeat","background-position":"center center","background-size":"auto","background-attachment":"scroll","background-type":"","background-media":"","overlay-type":"","overlay-color":"","overlay-opacity":"","overlay-gradient":""},"tablet":{"background-color":"var(--ast-global-color-5)","background-image":"","background-repeat":"repeat","background-position":"center center","background-size":"auto","background-attachment":"scroll","background-type":"","background-media":"","overlay-type":"","overlay-color":"","overlay-opacity":"","overlay-gradient":""},"mobile":{"background-color":"var(--ast-global-color-5)","background-image":"","background-repeat":"repeat","background-position":"center center","background-size":"auto","background-attachment":"scroll","background-type":"","background-media":"","overlay-type":"","overlay-color":"","overlay-opacity":"","overlay-gradient":""}},"footnotes":""},"class_list":["post-12163","page","type-page","status-publish","hentry"],"post_mailing_queue_ids":[],"_links":{"self":[{"href":"https:\/\/serveiseducatius.xtec.cat\/pallars\/wp-json\/wp\/v2\/pages\/12163","targetHints":{"allow":["GET"]}}],"collection":[{"href":"https:\/\/serveiseducatius.xtec.cat\/pallars\/wp-json\/wp\/v2\/pages"}],"about":[{"href":"https:\/\/serveiseducatius.xtec.cat\/pallars\/wp-json\/wp\/v2\/types\/page"}],"author":[{"embeddable":true,"href":"https:\/\/serveiseducatius.xtec.cat\/pallars\/wp-json\/wp\/v2\/users\/1"}],"replies":[{"embeddable":true,"href":"https:\/\/serveiseducatius.xtec.cat\/pallars\/wp-json\/wp\/v2\/comments?post=12163"}],"version-history":[{"count":3,"href":"https:\/\/serveiseducatius.xtec.cat\/pallars\/wp-json\/wp\/v2\/pages\/12163\/revisions"}],"predecessor-version":[{"id":12258,"href":"https:\/\/serveiseducatius.xtec.cat\/pallars\/wp-json\/wp\/v2\/pages\/12163\/revisions\/12258"}],"up":[{"embeddable":true,"href":"https:\/\/serveiseducatius.xtec.cat\/pallars\/wp-json\/wp\/v2\/pages\/17694"}],"wp:attachment":[{"href":"https:\/\/serveiseducatius.xtec.cat\/pallars\/wp-json\/wp\/v2\/media?parent=12163"}],"curies":[{"name":"wp","href":"https:\/\/api.w.org\/{rel}","templated":true}]}}