{"id":11861,"date":"2019-11-08T15:26:57","date_gmt":"2019-11-08T14:26:57","guid":{"rendered":"http:\/\/serveiseducatius.xtec.cat\/pallars\/?page_id=11861"},"modified":"2022-02-08T17:26:16","modified_gmt":"2022-02-08T16:26:16","slug":"novembre-2019","status":"publish","type":"page","link":"https:\/\/serveiseducatius.xtec.cat\/pallars\/full-informatiu\/fulls-informatius-anteriors\/novembre-2019\/","title":{"rendered":"Novembre 2019"},"content":{"rendered":"<p>&nbsp;<\/p>\n<table style=\"height: 288px; border-style: none; width: 776px;\" border=\"0\" width=\"776\">\n<tbody>\n<tr style=\"height: 142px;\">\n<td style=\"width: 258.333px; height: 142px; border-style: none; background-color: #f5eadf;\" scope=\"row\" height=\"124\"><a href=\"https:\/\/serveiseducatius.xtec.cat\/pallars\/wp-content\/uploads\/usu1099\/2019\/11\/pla-comarcal-pw.png\"><img loading=\"lazy\" decoding=\"async\" class=\"alignnone size-full wp-image-11895\" src=\"https:\/\/serveiseducatius.xtec.cat\/pallars\/wp-content\/uploads\/usu1099\/2019\/11\/pla-comarcal-pw.png\" alt=\"\" width=\"223\" height=\"122\" \/><\/a><\/td>\n<td style=\"width: 253.333px; height: 142px; border-style: none; text-align: center;\" align=\"center\"><a href=\"https:\/\/serveiseducatius.xtec.cat\/pallars\/wp-content\/uploads\/usu1099\/2019\/10\/PLA-DE-FORMACI\u00d3.jpg\"><img loading=\"lazy\" decoding=\"async\" class=\"alignnone size-full wp-image-11801\" src=\"https:\/\/serveiseducatius.xtec.cat\/pallars\/wp-content\/uploads\/usu1099\/2019\/10\/PLA-DE-FORMACI\u00d3.jpg\" alt=\"\" width=\"222\" height=\"122\" \/><\/a><\/td>\n<td style=\"width: 256.333px; height: 142px; border-style: none; background-color: #f5eadf; text-align: center;\"><a href=\"https:\/\/serveiseducatius.xtec.cat\/pallars\/wp-content\/uploads\/usu1099\/2019\/11\/maleta-inlcusi\u00f3-pw.png\"><img loading=\"lazy\" decoding=\"async\" class=\"alignnone size-full wp-image-11898\" src=\"https:\/\/serveiseducatius.xtec.cat\/pallars\/wp-content\/uploads\/usu1099\/2019\/11\/maleta-inlcusi\u00f3-pw.png\" alt=\"\" width=\"220\" height=\"122\" \/><\/a><\/td>\n<\/tr>\n<tr style=\"height: 49px;\">\n<td style=\"width: 258.333px; height: 14px; border-style: none; background-color: #f5eadf; text-align: center;\" scope=\"row\" height=\"21\"><a href=\"https:\/\/serveiseducatius.xtec.cat\/pallars\/general\/presentacio-18e-pla-comarcal-jussaeducacio\/\"><strong>Presentaci\u00f3 del Pla Comarcal JussaEducaci\u00f3<\/strong><\/a><\/td>\n<td style=\"width: 253.333px; height: 14px; text-align: center; border-style: none;\"><a href=\"https:\/\/serveiseducatius.xtec.cat\/pallars\/general\/emprendre-al-territori-descoberta-dempreses-i-projectes-de-lentorn\/\"><strong>Formaci\u00f3:<\/strong> Emprendre al territori: descoberta d&#8217;empreses i projectes de l&#8217;entorn<\/a><\/td>\n<td style=\"width: 256.333px; height: 14px; border-style: none; background-color: #f5eadf; text-align: center;\"><strong>NOVETAT: <a href=\"https:\/\/serveiseducatius.xtec.cat\/pallars\/recursos\/maletes-pedagogiques\/jo-soc-aixi-i-tu\/\">Maleta per treballar la inclusi\u00f3<\/a><\/strong><\/td>\n<\/tr>\n<tr style=\"height: 33px;\">\n<td style=\"width: 258.333px; height: 33px; border-style: none;\" scope=\"row\"><a href=\"https:\/\/serveiseducatius.xtec.cat\/pallars\/wp-content\/uploads\/usu1099\/2019\/11\/geologia-en-femeni.png\"><img loading=\"lazy\" decoding=\"async\" class=\"alignnone size-full wp-image-11879\" src=\"https:\/\/serveiseducatius.xtec.cat\/pallars\/wp-content\/uploads\/usu1099\/2019\/11\/geologia-en-femeni.png\" alt=\"\" width=\"222\" height=\"122\" \/><\/a><\/td>\n<td style=\"width: 253.333px; height: 33px; border-style: none; background-color: #f5eadf; text-align: center;\"><a href=\"https:\/\/serveiseducatius.xtec.cat\/pallars\/wp-content\/uploads\/usu1099\/2019\/11\/gust-per-la-lectura-2019-20.png\"><img loading=\"lazy\" decoding=\"async\" class=\"alignnone size-full wp-image-11875\" src=\"https:\/\/serveiseducatius.xtec.cat\/pallars\/wp-content\/uploads\/usu1099\/2019\/11\/gust-per-la-lectura-2019-20.png\" alt=\"\" width=\"222\" height=\"122\" \/><\/a><\/td>\n<td style=\"width: 256.333px; height: 33px; border-style: none;\"><a href=\"https:\/\/serveiseducatius.xtec.cat\/pallars\/wp-content\/uploads\/usu1099\/2018\/10\/recer.jpg\"><img loading=\"lazy\" decoding=\"async\" class=\"alignnone size-full wp-image-10565\" src=\"https:\/\/serveiseducatius.xtec.cat\/pallars\/wp-content\/uploads\/usu1099\/2018\/10\/recer.jpg\" alt=\"\" width=\"223\" height=\"122\" \/><\/a><\/td>\n<\/tr>\n<tr style=\"height: 33px;\">\n<td style=\"width: 258.333px; height: 33px; border-style: none; text-align: center;\" scope=\"row\" height=\"21\"><strong><a href=\"https:\/\/www.icgc.cat\/L-ICGC\/Agenda\/Exposicio-Geologia-en-femeni-.-A-Tremp\">Exposici\u00f3: Geologia en femen\u00ed<\/a><\/strong><\/td>\n<td style=\"width: 253.333px; height: 33px; border-style: none; background-color: #f5eadf; text-align: center;\"><a href=\"http:\/\/xtec.gencat.cat\/ca\/projectes\/lectura\/gustperlalectura\/\"><strong>M\u00e9s informaci\u00f3<\/strong><\/a><\/td>\n<td style=\"width: 256.333px; height: 33px; border-style: none; text-align: center;\">Programa de recerca cient\u00edfica per a escoles. <a href=\"http:\/\/www.recerkids.cat\/\">Mes informaci\u00f3<\/a><\/td>\n<\/tr>\n<tr style=\"height: 33px;\">\n<td style=\"width: 258.333px; height: 33px; border-style: none; background-color: #f5eadf; text-align: center;\" scope=\"row\"><a href=\"https:\/\/serveiseducatius.xtec.cat\/pallars\/wp-content\/uploads\/usu1099\/2019\/11\/menors-no-acompanyats.png\"><img loading=\"lazy\" decoding=\"async\" class=\"alignnone size-full wp-image-11880\" src=\"https:\/\/serveiseducatius.xtec.cat\/pallars\/wp-content\/uploads\/usu1099\/2019\/11\/menors-no-acompanyats.png\" alt=\"\" width=\"222\" height=\"122\" \/><\/a><\/td>\n<td style=\"width: 253.333px; height: 33px; border-style: none; text-align: center;\"><a href=\"https:\/\/serveiseducatius.xtec.cat\/pallars\/wp-content\/uploads\/usu1099\/2018\/12\/concurs-bbva.png\"><img loading=\"lazy\" decoding=\"async\" class=\"alignnone size-full wp-image-10727\" src=\"https:\/\/serveiseducatius.xtec.cat\/pallars\/wp-content\/uploads\/usu1099\/2018\/12\/concurs-bbva.png\" alt=\"\" width=\"222\" height=\"122\" \/><\/a><\/td>\n<td style=\"width: 256.333px; height: 33px; border-style: none; background-color: #f5eadf;\"><a href=\"https:\/\/serveiseducatius.xtec.cat\/pallars\/wp-content\/uploads\/usu1099\/2019\/11\/mobilitat-concurs.png\"><img loading=\"lazy\" decoding=\"async\" class=\"size-full wp-image-11873 aligncenter\" src=\"https:\/\/serveiseducatius.xtec.cat\/pallars\/wp-content\/uploads\/usu1099\/2019\/11\/mobilitat-concurs.png\" alt=\"\" width=\"222\" height=\"123\" \/><\/a><\/td>\n<\/tr>\n<tr style=\"height: 33px;\">\n<td style=\"width: 258.333px; height: 33px; border-style: none; background-color: #f5eadf; text-align: center;\" scope=\"row\"><strong><a href=\"https:\/\/projectes.xtec.cat\/xarxadults\/acollida-moduls-joves-migrats-sols\/#_ga=2.101486209.16686844.1571031486-607007665.1539840818\">Materials d&#8217;acollida: M\u00f2duls de noves oportunitats per a l&#8217;alumnat vulnerable<\/a><\/strong><\/td>\n<td style=\"width: 253.333px; height: 33px; border-style: none; text-align: center;\"><a href=\"https:\/\/www.fcaixescatalanes.cat\/premi\/concurs-dibuix-escolar\/\"><strong>Concurs de dibuix BBVA<\/strong><\/a><br \/>\n<strong>Informaci\u00f3 i bases<\/strong><\/td>\n<td style=\"width: 256.333px; height: 33px; border-style: none; background-color: #f5eadf; text-align: center;\"><a href=\"https:\/\/www.jovesimobilitat.cat\/participa\/\"><strong>M\u00e9s informaci\u00f3<\/strong><\/a><\/td>\n<\/tr>\n<\/tbody>\n<\/table>\n","protected":false},"excerpt":{"rendered":"<p>&nbsp; Presentaci\u00f3 del Pla Comarcal JussaEducaci\u00f3 Formaci\u00f3: Emprendre al territori: descoberta d&#8217;empreses i projectes de l&#8217;entorn NOVETAT: Maleta per treballar [&hellip;]<\/p>\n","protected":false},"author":1,"featured_media":0,"parent":17683,"menu_order":11,"comment_status":"closed","ping_status":"closed","template":"page-templates\/side-menu.php","meta":{"_bbp_topic_count":0,"_bbp_reply_count":0,"_bbp_total_topic_count":0,"_bbp_total_reply_count":0,"_bbp_voice_count":0,"_bbp_anonymous_reply_count":0,"_bbp_topic_count_hidden":0,"_bbp_reply_count_hidden":0,"_bbp_forum_subforum_count":0,"site-sidebar-layout":"default","site-content-layout":"","ast-site-content-layout":"","site-content-style":"default","site-sidebar-style":"default","ast-global-header-display":"","ast-banner-title-visibility":"","ast-main-header-display":"","ast-hfb-above-header-display":"","ast-hfb-below-header-display":"","ast-hfb-mobile-header-display":"","site-post-title":"","ast-breadcrumbs-content":"","ast-featured-img":"","footer-sml-layout":"","theme-transparent-header-meta":"","adv-header-id-meta":"","stick-header-meta":"","header-above-stick-meta":"","header-main-stick-meta":"","header-below-stick-meta":"","astra-migrate-meta-layouts":"default","ast-page-background-enabled":"default","ast-page-background-meta":{"desktop":{"background-color":"var(--ast-global-color-4)","background-image":"","background-repeat":"repeat","background-position":"center center","background-size":"auto","background-attachment":"scroll","background-type":"","background-media":"","overlay-type":"","overlay-color":"","overlay-opacity":"","overlay-gradient":""},"tablet":{"background-color":"","background-image":"","background-repeat":"repeat","background-position":"center center","background-size":"auto","background-attachment":"scroll","background-type":"","background-media":"","overlay-type":"","overlay-color":"","overlay-opacity":"","overlay-gradient":""},"mobile":{"background-color":"","background-image":"","background-repeat":"repeat","background-position":"center center","background-size":"auto","background-attachment":"scroll","background-type":"","background-media":"","overlay-type":"","overlay-color":"","overlay-opacity":"","overlay-gradient":""}},"ast-content-background-meta":{"desktop":{"background-color":"var(--ast-global-color-5)","background-image":"","background-repeat":"repeat","background-position":"center center","background-size":"auto","background-attachment":"scroll","background-type":"","background-media":"","overlay-type":"","overlay-color":"","overlay-opacity":"","overlay-gradient":""},"tablet":{"background-color":"var(--ast-global-color-5)","background-image":"","background-repeat":"repeat","background-position":"center center","background-size":"auto","background-attachment":"scroll","background-type":"","background-media":"","overlay-type":"","overlay-color":"","overlay-opacity":"","overlay-gradient":""},"mobile":{"background-color":"var(--ast-global-color-5)","background-image":"","background-repeat":"repeat","background-position":"center center","background-size":"auto","background-attachment":"scroll","background-type":"","background-media":"","overlay-type":"","overlay-color":"","overlay-opacity":"","overlay-gradient":""}},"footnotes":""},"class_list":["post-11861","page","type-page","status-publish","hentry"],"post_mailing_queue_ids":[],"_links":{"self":[{"href":"https:\/\/serveiseducatius.xtec.cat\/pallars\/wp-json\/wp\/v2\/pages\/11861","targetHints":{"allow":["GET"]}}],"collection":[{"href":"https:\/\/serveiseducatius.xtec.cat\/pallars\/wp-json\/wp\/v2\/pages"}],"about":[{"href":"https:\/\/serveiseducatius.xtec.cat\/pallars\/wp-json\/wp\/v2\/types\/page"}],"author":[{"embeddable":true,"href":"https:\/\/serveiseducatius.xtec.cat\/pallars\/wp-json\/wp\/v2\/users\/1"}],"replies":[{"embeddable":true,"href":"https:\/\/serveiseducatius.xtec.cat\/pallars\/wp-json\/wp\/v2\/comments?post=11861"}],"version-history":[{"count":3,"href":"https:\/\/serveiseducatius.xtec.cat\/pallars\/wp-json\/wp\/v2\/pages\/11861\/revisions"}],"predecessor-version":[{"id":12405,"href":"https:\/\/serveiseducatius.xtec.cat\/pallars\/wp-json\/wp\/v2\/pages\/11861\/revisions\/12405"}],"up":[{"embeddable":true,"href":"https:\/\/serveiseducatius.xtec.cat\/pallars\/wp-json\/wp\/v2\/pages\/17683"}],"wp:attachment":[{"href":"https:\/\/serveiseducatius.xtec.cat\/pallars\/wp-json\/wp\/v2\/media?parent=11861"}],"curies":[{"name":"wp","href":"https:\/\/api.w.org\/{rel}","templated":true}]}}