{"id":11629,"date":"2019-09-12T17:50:06","date_gmt":"2019-09-12T15:50:06","guid":{"rendered":"http:\/\/serveiseducatius.xtec.cat\/pallars\/?page_id=11629"},"modified":"2022-02-09T10:00:21","modified_gmt":"2022-02-09T09:00:21","slug":"setembre-2019","status":"publish","type":"page","link":"https:\/\/serveiseducatius.xtec.cat\/pallars\/full-informatiu\/fulls-informatius-anteriors\/setembre-2019\/","title":{"rendered":"Setembre 2019"},"content":{"rendered":"<p>&nbsp;<\/p>\n<table style=\"height: 288px; border-style: none; width: 776px;\" border=\"0\" width=\"776\">\n<tbody>\n<tr style=\"height: 142px;\">\n<td style=\"width: 258.333px; height: 142px; border-style: none; background-color: #f5eadf;\" scope=\"row\" height=\"124\"><a href=\"https:\/\/serveiseducatius.xtec.cat\/pallars\/wp-content\/uploads\/usu1099\/2019\/09\/formaci\u00f3-19-20.jpg\"><img loading=\"lazy\" decoding=\"async\" class=\"size-full wp-image-11630 aligncenter\" src=\"https:\/\/serveiseducatius.xtec.cat\/pallars\/wp-content\/uploads\/usu1099\/2019\/09\/formaci\u00f3-19-20.jpg\" alt=\"\" width=\"222\" height=\"122\" \/><\/a><\/td>\n<td style=\"width: 253.333px; height: 142px; border-style: none; text-align: center;\" align=\"center\"><a href=\"https:\/\/serveiseducatius.xtec.cat\/pallars\/wp-content\/uploads\/usu1099\/2018\/10\/pallars-lector.jpg\"><img loading=\"lazy\" decoding=\"async\" class=\"size-full wp-image-10574 aligncenter\" src=\"https:\/\/serveiseducatius.xtec.cat\/pallars\/wp-content\/uploads\/usu1099\/2018\/10\/pallars-lector.jpg\" alt=\"\" width=\"220\" height=\"122\" \/><\/a><\/td>\n<td style=\"width: 256.333px; height: 142px; border-style: none; background-color: #f5eadf; text-align: center;\"><a href=\"https:\/\/serveiseducatius.xtec.cat\/pallars\/wp-content\/uploads\/usu1099\/2019\/09\/sol.licitud-maletes-full-informtiu1.png\"><img loading=\"lazy\" decoding=\"async\" class=\"alignnone size-full wp-image-11716\" src=\"https:\/\/serveiseducatius.xtec.cat\/pallars\/wp-content\/uploads\/usu1099\/2019\/09\/sol.licitud-maletes-full-informtiu1.png\" alt=\"\" width=\"222\" height=\"122\" \/><\/a><\/td>\n<\/tr>\n<tr style=\"height: 49px;\">\n<td style=\"width: 258.333px; height: 14px; border-style: none; background-color: #f5eadf; text-align: center;\" scope=\"row\" height=\"21\"><a href=\"https:\/\/serveiseducatius.xtec.cat\/pallars\/formacio\/activitats\/\"><strong>Inscripcions a les activitats<\/strong><\/a><\/td>\n<td style=\"width: 253.333px; height: 14px; text-align: center; border-style: none;\"><a href=\"https:\/\/drive.google.com\/file\/d\/1pIe3Kb-wipDxVrLPK6dyRciZA-jsPdgh\/view?usp=sharing\"><strong>Itiner\u00e0ncia Prim\u00e0ria<\/strong><\/a><br \/>\n<strong><a href=\"https:\/\/drive.google.com\/file\/d\/163tSXikvtNB1LYySLQAnz_YEQ2c2kGbT\/view?usp=sharing\">Itiner\u00e0ncia Secund\u00e0ria<\/a><\/strong><\/td>\n<td style=\"width: 256.333px; height: 14px; border-style: none; background-color: #f5eadf; text-align: center;\"><strong><a href=\"https:\/\/serveiseducatius.xtec.cat\/pallars\/sollicitud-de-maletes-pedagogiques\/\">Sol\u00b7licitud de Maletes Pedag\u00f2giques<\/a><\/strong><\/td>\n<\/tr>\n<tr style=\"height: 33px;\">\n<td style=\"width: 258.333px; height: 33px; border-style: none;\" scope=\"row\"><a href=\"https:\/\/serveiseducatius.xtec.cat\/pallars\/wp-content\/uploads\/usu1099\/2019\/07\/teatre-forum.png\"><img loading=\"lazy\" decoding=\"async\" class=\"size-full wp-image-11624 aligncenter\" src=\"https:\/\/serveiseducatius.xtec.cat\/pallars\/wp-content\/uploads\/usu1099\/2019\/07\/teatre-forum.png\" alt=\"\" width=\"222\" height=\"122\" \/><\/a><\/td>\n<td style=\"width: 253.333px; height: 33px; border-style: none; background-color: #f5eadf; text-align: center;\"><a href=\"https:\/\/serveiseducatius.xtec.cat\/pallars\/wp-content\/uploads\/usu1099\/2019\/09\/programes-dinnovaci\u00f3.png\"><img loading=\"lazy\" decoding=\"async\" class=\"alignnone size-full wp-image-11665\" src=\"https:\/\/serveiseducatius.xtec.cat\/pallars\/wp-content\/uploads\/usu1099\/2019\/09\/programes-dinnovaci\u00f3.png\" alt=\"\" width=\"222\" height=\"122\" \/><\/a><\/td>\n<td style=\"width: 256.333px; height: 33px; border-style: none;\"><a href=\"https:\/\/serveiseducatius.xtec.cat\/pallars\/wp-content\/uploads\/usu1099\/2019\/09\/fer-cat.png\"><img loading=\"lazy\" decoding=\"async\" class=\"alignnone size-full wp-image-11682\" src=\"https:\/\/serveiseducatius.xtec.cat\/pallars\/wp-content\/uploads\/usu1099\/2019\/09\/fer-cat.png\" alt=\"\" width=\"222\" height=\"123\" \/><\/a><\/td>\n<\/tr>\n<tr style=\"height: 33px;\">\n<td style=\"width: 258.333px; height: 33px; border-style: none; text-align: center;\" scope=\"row\" height=\"21\"><strong><a href=\"https:\/\/serveiseducatius.xtec.cat\/pallars\/general\/escoltam-teatre-forum\/\">M\u00e9s informaci\u00f3<\/a><\/strong><\/td>\n<td style=\"width: 253.333px; height: 33px; border-style: none; background-color: #f5eadf; text-align: center;\">Programes i Projectes d&#8217; Innovaci\u00f3 Pedag\u00f2gica.<a href=\"https:\/\/serveiseducatius.xtec.cat\/pallars\/general\/programes-i-projectes-dinnovacio-pedagogica\/\"> <strong>M\u00e9s informaci\u00f3<\/strong><\/a><\/td>\n<td style=\"width: 256.333px; height: 33px; border-style: none; text-align: center;\"><strong><a href=\"https:\/\/serveiseducatius.xtec.cat\/pallars\/general\/presentacio-dels-projectes-fer\/\">Presentaci\u00f3 dels Projectes FER als centres<\/a> <\/strong><\/td>\n<\/tr>\n<tr style=\"height: 33px;\">\n<td style=\"width: 258.333px; height: 33px; border-style: none; background-color: #f5eadf; text-align: center;\" scope=\"row\"><a href=\"https:\/\/serveiseducatius.xtec.cat\/pallars\/wp-content\/uploads\/usu1099\/2019\/09\/educentres.png\"><img loading=\"lazy\" decoding=\"async\" class=\"alignnone size-full wp-image-11680\" src=\"https:\/\/serveiseducatius.xtec.cat\/pallars\/wp-content\/uploads\/usu1099\/2019\/09\/educentres.png\" alt=\"\" width=\"222\" height=\"122\" \/><\/a><\/td>\n<td style=\"width: 253.333px; height: 33px; border-style: none; text-align: center;\"><a href=\"https:\/\/serveiseducatius.xtec.cat\/pallars\/wp-content\/uploads\/usu1099\/2019\/09\/concurs-tisner.png\"><img loading=\"lazy\" decoding=\"async\" class=\"alignnone size-full wp-image-11678\" src=\"https:\/\/serveiseducatius.xtec.cat\/pallars\/wp-content\/uploads\/usu1099\/2019\/09\/concurs-tisner.png\" alt=\"\" width=\"222\" height=\"122\" \/><\/a><\/td>\n<td style=\"width: 256.333px; height: 33px; border-style: none; background-color: #f5eadf;\"><a href=\"https:\/\/serveiseducatius.xtec.cat\/pallars\/wp-content\/uploads\/usu1099\/2019\/09\/activium.png\"><img loading=\"lazy\" decoding=\"async\" class=\"alignnone size-full wp-image-11659\" src=\"https:\/\/serveiseducatius.xtec.cat\/pallars\/wp-content\/uploads\/usu1099\/2019\/09\/activium.png\" alt=\"\" width=\"222\" height=\"122\" \/><\/a><\/td>\n<\/tr>\n<tr style=\"height: 33px;\">\n<td style=\"width: 258.333px; height: 33px; border-style: none; background-color: #f5eadf; text-align: center;\" scope=\"row\">Nou Butllet\u00ed. <a href=\"https:\/\/serveiseducatius.xtec.cat\/pallars\/general\/educentres-nou-butlleti-del-departament-deducacio\/\"><strong>M\u00e9s informaci\u00f3<\/strong><\/a><\/td>\n<td style=\"width: 253.333px; height: 33px; border-style: none; text-align: center;\"><strong>Prim\u00e0ria. <a href=\"https:\/\/jocsijoguines.cat\/concurs-tisner\/7\/6e-concurs-tisner-2019-2020\">Bases<\/a>. <a href=\"https:\/\/jocsijoguines.cat\/concurs-tisner\/7\/6e-concurs-tisner-2019-2020\/inscripcio\/\">Inscripcions<\/a> fins el 15 de novembre. <a href=\"https:\/\/jocsijoguines.cat\/concurs-tisner\/\">M\u00e9s informaci\u00f3<\/a><\/strong><\/td>\n<td style=\"width: 256.333px; height: 33px; border-style: none; background-color: #f5eadf; text-align: center;\"><strong><a href=\"https:\/\/activitum.cat\/\">Portal d&#8217;Activitats Escolars de Catalunya<\/a><\/strong><\/td>\n<\/tr>\n<\/tbody>\n<\/table>\n","protected":false},"excerpt":{"rendered":"<p>&nbsp; Inscripcions a les activitats Itiner\u00e0ncia Prim\u00e0ria Itiner\u00e0ncia Secund\u00e0ria Sol\u00b7licitud de Maletes Pedag\u00f2giques M\u00e9s informaci\u00f3 Programes i Projectes d&#8217; Innovaci\u00f3 [&hellip;]<\/p>\n","protected":false},"author":1,"featured_media":0,"parent":17683,"menu_order":9,"comment_status":"closed","ping_status":"closed","template":"page-templates\/side-menu.php","meta":{"_bbp_topic_count":0,"_bbp_reply_count":0,"_bbp_total_topic_count":0,"_bbp_total_reply_count":0,"_bbp_voice_count":0,"_bbp_anonymous_reply_count":0,"_bbp_topic_count_hidden":0,"_bbp_reply_count_hidden":0,"_bbp_forum_subforum_count":0,"site-sidebar-layout":"default","site-content-layout":"","ast-site-content-layout":"","site-content-style":"default","site-sidebar-style":"default","ast-global-header-display":"","ast-banner-title-visibility":"","ast-main-header-display":"","ast-hfb-above-header-display":"","ast-hfb-below-header-display":"","ast-hfb-mobile-header-display":"","site-post-title":"","ast-breadcrumbs-content":"","ast-featured-img":"","footer-sml-layout":"","theme-transparent-header-meta":"","adv-header-id-meta":"","stick-header-meta":"","header-above-stick-meta":"","header-main-stick-meta":"","header-below-stick-meta":"","astra-migrate-meta-layouts":"default","ast-page-background-enabled":"default","ast-page-background-meta":{"desktop":{"background-color":"var(--ast-global-color-4)","background-image":"","background-repeat":"repeat","background-position":"center center","background-size":"auto","background-attachment":"scroll","background-type":"","background-media":"","overlay-type":"","overlay-color":"","overlay-opacity":"","overlay-gradient":""},"tablet":{"background-color":"","background-image":"","background-repeat":"repeat","background-position":"center center","background-size":"auto","background-attachment":"scroll","background-type":"","background-media":"","overlay-type":"","overlay-color":"","overlay-opacity":"","overlay-gradient":""},"mobile":{"background-color":"","background-image":"","background-repeat":"repeat","background-position":"center center","background-size":"auto","background-attachment":"scroll","background-type":"","background-media":"","overlay-type":"","overlay-color":"","overlay-opacity":"","overlay-gradient":""}},"ast-content-background-meta":{"desktop":{"background-color":"var(--ast-global-color-5)","background-image":"","background-repeat":"repeat","background-position":"center center","background-size":"auto","background-attachment":"scroll","background-type":"","background-media":"","overlay-type":"","overlay-color":"","overlay-opacity":"","overlay-gradient":""},"tablet":{"background-color":"var(--ast-global-color-5)","background-image":"","background-repeat":"repeat","background-position":"center center","background-size":"auto","background-attachment":"scroll","background-type":"","background-media":"","overlay-type":"","overlay-color":"","overlay-opacity":"","overlay-gradient":""},"mobile":{"background-color":"var(--ast-global-color-5)","background-image":"","background-repeat":"repeat","background-position":"center center","background-size":"auto","background-attachment":"scroll","background-type":"","background-media":"","overlay-type":"","overlay-color":"","overlay-opacity":"","overlay-gradient":""}},"footnotes":""},"class_list":["post-11629","page","type-page","status-publish","hentry"],"post_mailing_queue_ids":[],"_links":{"self":[{"href":"https:\/\/serveiseducatius.xtec.cat\/pallars\/wp-json\/wp\/v2\/pages\/11629","targetHints":{"allow":["GET"]}}],"collection":[{"href":"https:\/\/serveiseducatius.xtec.cat\/pallars\/wp-json\/wp\/v2\/pages"}],"about":[{"href":"https:\/\/serveiseducatius.xtec.cat\/pallars\/wp-json\/wp\/v2\/types\/page"}],"author":[{"embeddable":true,"href":"https:\/\/serveiseducatius.xtec.cat\/pallars\/wp-json\/wp\/v2\/users\/1"}],"replies":[{"embeddable":true,"href":"https:\/\/serveiseducatius.xtec.cat\/pallars\/wp-json\/wp\/v2\/comments?post=11629"}],"version-history":[{"count":3,"href":"https:\/\/serveiseducatius.xtec.cat\/pallars\/wp-json\/wp\/v2\/pages\/11629\/revisions"}],"predecessor-version":[{"id":11724,"href":"https:\/\/serveiseducatius.xtec.cat\/pallars\/wp-json\/wp\/v2\/pages\/11629\/revisions\/11724"}],"up":[{"embeddable":true,"href":"https:\/\/serveiseducatius.xtec.cat\/pallars\/wp-json\/wp\/v2\/pages\/17683"}],"wp:attachment":[{"href":"https:\/\/serveiseducatius.xtec.cat\/pallars\/wp-json\/wp\/v2\/media?parent=11629"}],"curies":[{"name":"wp","href":"https:\/\/api.w.org\/{rel}","templated":true}]}}