{"id":11560,"date":"2019-07-09T08:12:01","date_gmt":"2019-07-09T06:12:01","guid":{"rendered":"http:\/\/serveiseducatius.xtec.cat\/pallars\/?page_id=11560"},"modified":"2022-02-09T10:01:35","modified_gmt":"2022-02-09T09:01:35","slug":"juliol-2019","status":"publish","type":"page","link":"https:\/\/serveiseducatius.xtec.cat\/pallars\/full-informatiu\/fulls-informatius-anteriors\/juliol-2019\/","title":{"rendered":"Juliol 2019"},"content":{"rendered":"<p>&nbsp;<\/p>\n<table style=\"height: 288px; border-style: none; width: 776px;\" border=\"0\" width=\"776\">\n<tbody>\n<tr style=\"height: 142px;\">\n<td style=\"width: 258.333px; height: 142px; border-style: none; background-color: #f5eadf;\" scope=\"row\" height=\"124\"><a href=\"https:\/\/serveiseducatius.xtec.cat\/pallars\/wp-content\/uploads\/usu1099\/2019\/06\/idoceo-full-informatiu.png\"><img loading=\"lazy\" decoding=\"async\" class=\"size-full wp-image-11561 aligncenter\" src=\"https:\/\/serveiseducatius.xtec.cat\/pallars\/wp-content\/uploads\/usu1099\/2019\/06\/idoceo-full-informatiu.png\" alt=\"\" width=\"209\" height=\"122\" \/><\/a><\/td>\n<td style=\"width: 253.333px; height: 142px; border-style: none;\" align=\"center\"><a href=\"https:\/\/serveiseducatius.xtec.cat\/pallars\/wp-content\/uploads\/usu1099\/2019\/07\/teatre-forum.png\"><img loading=\"lazy\" decoding=\"async\" class=\"alignnone size-full wp-image-11624\" src=\"https:\/\/serveiseducatius.xtec.cat\/pallars\/wp-content\/uploads\/usu1099\/2019\/07\/teatre-forum.png\" alt=\"\" width=\"222\" height=\"122\" \/><\/a><\/td>\n<td style=\"width: 256.333px; height: 142px; border-style: none; background-color: #f5eadf;\"><a href=\"https:\/\/serveiseducatius.xtec.cat\/pallars\/wp-content\/uploads\/usu1099\/2019\/06\/jornada-seu.png\"><img loading=\"lazy\" decoding=\"async\" class=\"size-full wp-image-11572 aligncenter\" src=\"https:\/\/serveiseducatius.xtec.cat\/pallars\/wp-content\/uploads\/usu1099\/2019\/06\/jornada-seu.png\" alt=\"\" width=\"222\" height=\"122\" \/><\/a><\/td>\n<\/tr>\n<tr style=\"height: 49px;\">\n<td style=\"width: 258.333px; height: 14px; border-style: none; background-color: #f5eadf; text-align: center;\" scope=\"row\" height=\"21\"><a href=\"https:\/\/serveiseducatius.xtec.cat\/pallars\/general\/taller-dintroduccio-i-configuracio-didoceo\/\"><strong>Formaci\u00f3. Setembre<\/strong><\/a><\/td>\n<td style=\"width: 253.333px; height: 14px; text-align: center; border-style: none;\"><strong><a href=\"https:\/\/serveiseducatius.xtec.cat\/pallars\/general\/escoltam-teatre-forum\/\">M\u00e9s informaci\u00f3<\/a><\/strong><\/td>\n<td style=\"width: 256.333px; height: 14px; border-style: none; background-color: #f5eadf; text-align: center;\"><strong>Jornada Aprenentatge basat en projectes i Emprenedoria (Seu d&#8217;Urgell) <a href=\"http:\/\/www.ice.udl.cat\/pdflink\/ca\/6b76b27a-1122-11e6-9a85-7fb253176922\/Jornada-Aprenentatge-basat-en-projectes-i-Emprenedoria.pdf\">M\u00e9s informaci\u00f3 <\/a>i <a href=\"https:\/\/aplicacions.gestioeducativa.gencat.cat\/pls\/soloas\/pk_for_mod_ins.p_for_detall_activitat?p_codi=0000220020&amp;p_curs=2018-2019&amp;p_es_inscr=S\">Inscripcions<\/a><\/strong><\/td>\n<\/tr>\n<tr style=\"height: 33px;\">\n<td style=\"width: 258.333px; height: 33px; border-style: none;\" scope=\"row\"><a href=\"https:\/\/serveiseducatius.xtec.cat\/pallars\/wp-content\/uploads\/usu1099\/2019\/06\/jornada-lleida.png\"><img loading=\"lazy\" decoding=\"async\" class=\"size-full wp-image-11573 aligncenter\" src=\"https:\/\/serveiseducatius.xtec.cat\/pallars\/wp-content\/uploads\/usu1099\/2019\/06\/jornada-lleida.png\" alt=\"\" width=\"222\" height=\"122\" \/><\/a><\/td>\n<td style=\"width: 253.333px; height: 33px; border-style: none; background-color: #f5eadf;\"><a href=\"https:\/\/serveiseducatius.xtec.cat\/pallars\/wp-content\/uploads\/usu1099\/2019\/06\/lectura-2019-20.png\"><img loading=\"lazy\" decoding=\"async\" class=\"size-full wp-image-11576 aligncenter\" src=\"https:\/\/serveiseducatius.xtec.cat\/pallars\/wp-content\/uploads\/usu1099\/2019\/06\/lectura-2019-20.png\" alt=\"\" width=\"222\" height=\"122\" \/><\/a><\/td>\n<td style=\"width: 256.333px; height: 33px; border-style: none;\"><a href=\"https:\/\/serveiseducatius.xtec.cat\/pallars\/wp-content\/uploads\/usu1099\/2019\/06\/espais-de-ponent.png\"><img loading=\"lazy\" decoding=\"async\" class=\"size-full wp-image-11578 aligncenter\" src=\"https:\/\/serveiseducatius.xtec.cat\/pallars\/wp-content\/uploads\/usu1099\/2019\/06\/espais-de-ponent.png\" alt=\"\" width=\"222\" height=\"122\" \/><\/a><\/td>\n<\/tr>\n<tr style=\"height: 33px;\">\n<td style=\"width: 258.333px; height: 33px; border-style: none; text-align: center;\" scope=\"row\" height=\"21\"><strong>III Jornada Aprenentatge basat en projectes i Emprenedoria (Lleida). <a href=\"http:\/\/www.ice.udl.cat\/ca\/noticies\/agenda\/III-Jornada-Aprenentatge-basat-en-projectes-i-Emprenedoria\">M\u00e9s informaci\u00f3<\/a> i <a href=\"https:\/\/aplicacions.gestioeducativa.gencat.cat\/pls\/soloas\/pk_for_mod_ins.p_for_detall_activitat?p_codi=0000230020&amp;p_curs=2018-2019&amp;p_es_inscr=S\">Inscripcions<\/a><\/strong><\/td>\n<td style=\"width: 253.333px; height: 33px; border-style: none; background-color: #f5eadf; text-align: center;\"><strong><a href=\"https:\/\/serveiseducatius.xtec.cat\/pallars\/general\/xvi-certamen-de-lectura-en-veu-alta\/\">Lectura en veu alta<\/a><\/strong><\/td>\n<td style=\"width: 256.333px; height: 33px; border-style: none; text-align: center;\"><span style=\"font-family: helvetica, arial, sans-serif;\"><strong><a href=\"https:\/\/www.espaisnaturalsdeponent.cat\/ca\/\">Espais de Naturals de Ponent<\/a><br \/>\n<a href=\"https:\/\/drive.google.com\/file\/d\/1Ff72a3edGT8fesPZPvmbuclteeK6Mlxr\/view?usp=sharing\">Propostes Educatives<\/a><\/strong><\/span><\/td>\n<\/tr>\n<tr style=\"height: 33px;\">\n<td style=\"width: 258.333px; height: 33px; border-style: none; background-color: #f5eadf; text-align: center;\" scope=\"row\"><a href=\"https:\/\/serveiseducatius.xtec.cat\/pallars\/wp-content\/uploads\/usu1099\/2019\/06\/gall-fer.png\"><img loading=\"lazy\" decoding=\"async\" class=\"size-full wp-image-11580 aligncenter\" src=\"https:\/\/serveiseducatius.xtec.cat\/pallars\/wp-content\/uploads\/usu1099\/2019\/06\/gall-fer.png\" alt=\"\" width=\"222\" height=\"122\" \/><\/a><\/td>\n<td style=\"width: 253.333px; height: 33px; border-style: none; text-align: center;\"><a href=\"https:\/\/serveiseducatius.xtec.cat\/pallars\/wp-content\/uploads\/usu1099\/2019\/07\/setmana-del-llibre.png\"><img loading=\"lazy\" decoding=\"async\" class=\"size-full wp-image-11616 aligncenter\" src=\"https:\/\/serveiseducatius.xtec.cat\/pallars\/wp-content\/uploads\/usu1099\/2019\/07\/setmana-del-llibre.png\" alt=\"\" width=\"222\" height=\"122\" \/><\/a><\/td>\n<td style=\"width: 256.333px; height: 33px; border-style: none; background-color: #f5eadf;\"><a href=\"https:\/\/serveiseducatius.xtec.cat\/pallars\/wp-content\/uploads\/usu1099\/2019\/06\/Estiu.png\"><img loading=\"lazy\" decoding=\"async\" class=\"alignnone size-full wp-image-11564\" src=\"https:\/\/serveiseducatius.xtec.cat\/pallars\/wp-content\/uploads\/usu1099\/2019\/06\/Estiu.png\" alt=\"\" width=\"222\" height=\"122\" \/><\/a><\/td>\n<\/tr>\n<tr style=\"height: 33px;\">\n<td style=\"width: 258.333px; height: 33px; border-style: none; background-color: #f5eadf; text-align: center;\" scope=\"row\"><strong>Conservaci\u00f3 del gall fer. <a href=\"https:\/\/paisatgesvius.org\/ca\/projectes\/3943?pagination=0&amp;type=100007\">M\u00e9s informaci\u00f3<\/a><\/strong><\/td>\n<td style=\"width: 253.333px; height: 33px; border-style: none; text-align: center;\"><strong>5a Setmana del Llibre en Catal\u00e0. <a href=\"https:\/\/www.lasetmana.cat\/\">M\u00e9s informaci\u00f3<\/a> i <a href=\"https:\/\/aplicacions.gestioeducativa.gencat.cat\/pls\/soloas\/pk_for_mod_ins.p_for_pre_cons_activitats?p_any=2018-2019&amp;p_codi=9000870555\">inscripcions (fins 23 de juliol)<\/a><\/strong><\/td>\n<td style=\"width: 256.333px; height: 33px; border-style: none; background-color: #f5eadf; text-align: center;\"><\/td>\n<\/tr>\n<\/tbody>\n<\/table>\n","protected":false},"excerpt":{"rendered":"<p>&nbsp; Formaci\u00f3. Setembre M\u00e9s informaci\u00f3 Jornada Aprenentatge basat en projectes i Emprenedoria (Seu d&#8217;Urgell) M\u00e9s informaci\u00f3 i Inscripcions III Jornada [&hellip;]<\/p>\n","protected":false},"author":1,"featured_media":0,"parent":17683,"menu_order":7,"comment_status":"closed","ping_status":"closed","template":"page-templates\/side-menu.php","meta":{"_bbp_topic_count":0,"_bbp_reply_count":0,"_bbp_total_topic_count":0,"_bbp_total_reply_count":0,"_bbp_voice_count":0,"_bbp_anonymous_reply_count":0,"_bbp_topic_count_hidden":0,"_bbp_reply_count_hidden":0,"_bbp_forum_subforum_count":0,"site-sidebar-layout":"default","site-content-layout":"","ast-site-content-layout":"","site-content-style":"default","site-sidebar-style":"default","ast-global-header-display":"","ast-banner-title-visibility":"","ast-main-header-display":"","ast-hfb-above-header-display":"","ast-hfb-below-header-display":"","ast-hfb-mobile-header-display":"","site-post-title":"","ast-breadcrumbs-content":"","ast-featured-img":"","footer-sml-layout":"","theme-transparent-header-meta":"","adv-header-id-meta":"","stick-header-meta":"","header-above-stick-meta":"","header-main-stick-meta":"","header-below-stick-meta":"","astra-migrate-meta-layouts":"default","ast-page-background-enabled":"default","ast-page-background-meta":{"desktop":{"background-color":"var(--ast-global-color-4)","background-image":"","background-repeat":"repeat","background-position":"center center","background-size":"auto","background-attachment":"scroll","background-type":"","background-media":"","overlay-type":"","overlay-color":"","overlay-opacity":"","overlay-gradient":""},"tablet":{"background-color":"","background-image":"","background-repeat":"repeat","background-position":"center center","background-size":"auto","background-attachment":"scroll","background-type":"","background-media":"","overlay-type":"","overlay-color":"","overlay-opacity":"","overlay-gradient":""},"mobile":{"background-color":"","background-image":"","background-repeat":"repeat","background-position":"center center","background-size":"auto","background-attachment":"scroll","background-type":"","background-media":"","overlay-type":"","overlay-color":"","overlay-opacity":"","overlay-gradient":""}},"ast-content-background-meta":{"desktop":{"background-color":"var(--ast-global-color-5)","background-image":"","background-repeat":"repeat","background-position":"center center","background-size":"auto","background-attachment":"scroll","background-type":"","background-media":"","overlay-type":"","overlay-color":"","overlay-opacity":"","overlay-gradient":""},"tablet":{"background-color":"var(--ast-global-color-5)","background-image":"","background-repeat":"repeat","background-position":"center center","background-size":"auto","background-attachment":"scroll","background-type":"","background-media":"","overlay-type":"","overlay-color":"","overlay-opacity":"","overlay-gradient":""},"mobile":{"background-color":"var(--ast-global-color-5)","background-image":"","background-repeat":"repeat","background-position":"center center","background-size":"auto","background-attachment":"scroll","background-type":"","background-media":"","overlay-type":"","overlay-color":"","overlay-opacity":"","overlay-gradient":""}},"footnotes":""},"class_list":["post-11560","page","type-page","status-publish","hentry"],"post_mailing_queue_ids":[],"_links":{"self":[{"href":"https:\/\/serveiseducatius.xtec.cat\/pallars\/wp-json\/wp\/v2\/pages\/11560","targetHints":{"allow":["GET"]}}],"collection":[{"href":"https:\/\/serveiseducatius.xtec.cat\/pallars\/wp-json\/wp\/v2\/pages"}],"about":[{"href":"https:\/\/serveiseducatius.xtec.cat\/pallars\/wp-json\/wp\/v2\/types\/page"}],"author":[{"embeddable":true,"href":"https:\/\/serveiseducatius.xtec.cat\/pallars\/wp-json\/wp\/v2\/users\/1"}],"replies":[{"embeddable":true,"href":"https:\/\/serveiseducatius.xtec.cat\/pallars\/wp-json\/wp\/v2\/comments?post=11560"}],"version-history":[{"count":3,"href":"https:\/\/serveiseducatius.xtec.cat\/pallars\/wp-json\/wp\/v2\/pages\/11560\/revisions"}],"predecessor-version":[{"id":11625,"href":"https:\/\/serveiseducatius.xtec.cat\/pallars\/wp-json\/wp\/v2\/pages\/11560\/revisions\/11625"}],"up":[{"embeddable":true,"href":"https:\/\/serveiseducatius.xtec.cat\/pallars\/wp-json\/wp\/v2\/pages\/17683"}],"wp:attachment":[{"href":"https:\/\/serveiseducatius.xtec.cat\/pallars\/wp-json\/wp\/v2\/media?parent=11560"}],"curies":[{"name":"wp","href":"https:\/\/api.w.org\/{rel}","templated":true}]}}