{"id":11417,"date":"2019-06-03T09:27:58","date_gmt":"2019-06-03T07:27:58","guid":{"rendered":"http:\/\/serveiseducatius.xtec.cat\/pallars\/?page_id=11417"},"modified":"2022-02-09T10:02:27","modified_gmt":"2022-02-09T09:02:27","slug":"juny-2019","status":"publish","type":"page","link":"https:\/\/serveiseducatius.xtec.cat\/pallars\/full-informatiu\/fulls-informatius-anteriors\/juny-2019\/","title":{"rendered":"Juny 2019"},"content":{"rendered":"<p>6<\/p>\n<table style=\"height: 288px; border-style: none; width: 776px;\" border=\"0\" width=\"776\">\n<tbody>\n<tr style=\"height: 142px;\">\n<td style=\"width: 258.833px; height: 142px; border-style: none; background-color: #f5eadf;\" scope=\"row\" height=\"124\"><a href=\"https:\/\/serveiseducatius.xtec.cat\/pallars\/wp-content\/uploads\/usu1099\/2019\/01\/som-idees.jpg\"><img loading=\"lazy\" decoding=\"async\" class=\"size-full wp-image-10934 aligncenter\" src=\"https:\/\/serveiseducatius.xtec.cat\/pallars\/wp-content\/uploads\/usu1099\/2019\/01\/som-idees.jpg\" alt=\"\" width=\"222\" height=\"122\" \/><\/a><\/td>\n<td style=\"width: 253.15px; height: 142px; border-style: none;\" align=\"center\"><a href=\"https:\/\/serveiseducatius.xtec.cat\/pallars\/wp-content\/uploads\/usu1099\/2019\/03\/diversitat-sexual.png\"><img loading=\"lazy\" decoding=\"async\" class=\"size-full wp-image-11150 aligncenter\" src=\"https:\/\/serveiseducatius.xtec.cat\/pallars\/wp-content\/uploads\/usu1099\/2019\/03\/diversitat-sexual.png\" alt=\"\" width=\"222\" height=\"122\" \/><\/a><\/td>\n<td style=\"width: 256.017px; height: 142px; border-style: none; background-color: #f5eadf;\"><a href=\"https:\/\/serveiseducatius.xtec.cat\/pallars\/wp-content\/uploads\/usu1099\/2019\/05\/INTERCANVI-1.png\"><img loading=\"lazy\" decoding=\"async\" class=\"alignnone size-full wp-image-11452\" src=\"https:\/\/serveiseducatius.xtec.cat\/pallars\/wp-content\/uploads\/usu1099\/2019\/05\/INTERCANVI-1.png\" alt=\"\" width=\"222\" height=\"122\" \/><\/a><\/td>\n<\/tr>\n<tr style=\"height: 49px;\">\n<td style=\"width: 258.833px; height: 14px; border-style: none; background-color: #f5eadf; text-align: center;\" scope=\"row\" height=\"21\"><a href=\"https:\/\/serveiseducatius.xtec.cat\/pallars\/general\/premis-concurs-som-idees\/\"><strong>Entrega de Premis<br \/>\nConcurs Som Idees<\/strong><\/a><\/td>\n<td style=\"width: 253.15px; height: 14px; text-align: center; border-style: none;\"><strong>Formaci\u00f3. Diversitat sexual i de g\u00e8nere. <a href=\"https:\/\/serveiseducatius.xtec.cat\/pallars\/general\/formacio-diversitat-sexual-i-de-genere\/\">CANVI DATES.<br \/>\nM\u00e9s informaci\u00f3<\/a><\/strong><\/td>\n<td style=\"width: 256.017px; height: 14px; border-style: none; background-color: #f5eadf; text-align: center;\"><a href=\"https:\/\/serveiseducatius.xtec.cat\/pallars\/general\/intercanvi-dexperiencies-geoparc-conca-de-tremp-montsec-i-apadrinem-el-nostre-territori\/\"><strong>Intercanvi d&#8217;experi\u00e8ncies.<\/strong><\/a><br \/>\n<em>Geoparc Conca de Tremp-Montsec<\/em><br \/>\n<em>Apadrinem el nostre patrimoni<br \/>\n<\/em><\/td>\n<\/tr>\n<tr style=\"height: 33px;\">\n<td style=\"width: 258.833px; height: 33px; border-style: none;\" scope=\"row\"><a href=\"https:\/\/serveiseducatius.xtec.cat\/pallars\/wp-content\/uploads\/usu1099\/2019\/05\/Butlleti-digital-n.png\"><img loading=\"lazy\" decoding=\"async\" class=\"alignnone size-full wp-image-11449\" src=\"https:\/\/serveiseducatius.xtec.cat\/pallars\/wp-content\/uploads\/usu1099\/2019\/05\/Butlleti-digital-n.png\" alt=\"\" width=\"222\" height=\"122\" \/><\/a><\/td>\n<td style=\"width: 253.15px; height: 33px; border-style: none; background-color: #f5eadf;\"><a href=\"https:\/\/serveiseducatius.xtec.cat\/pallars\/wp-content\/uploads\/usu1099\/2019\/05\/sinapsi.png\"><img loading=\"lazy\" decoding=\"async\" class=\"size-full wp-image-11424 aligncenter\" src=\"https:\/\/serveiseducatius.xtec.cat\/pallars\/wp-content\/uploads\/usu1099\/2019\/05\/sinapsi.png\" alt=\"\" width=\"222\" height=\"122\" \/><\/a><\/td>\n<td style=\"width: 256.017px; height: 33px; border-style: none;\"><a href=\"https:\/\/serveiseducatius.xtec.cat\/pallars\/wp-content\/uploads\/usu1099\/2019\/05\/oratoria.jpg\"><img loading=\"lazy\" decoding=\"async\" class=\"alignnone size-full wp-image-11421\" src=\"https:\/\/serveiseducatius.xtec.cat\/pallars\/wp-content\/uploads\/usu1099\/2019\/05\/oratoria.jpg\" alt=\"\" width=\"222\" height=\"122\" \/><\/a><\/td>\n<\/tr>\n<tr style=\"height: 33px;\">\n<td style=\"width: 258.833px; height: 33px; border-style: none; text-align: center;\" scope=\"row\" height=\"21\"><strong>Recull novetats de lectura.<br \/>\n<\/strong><strong><a href=\"https:\/\/sites.google.com\/a\/xtec.cat\/butlleti-bdr\/\">M\u00e9s informaci\u00f3<\/a> i <a href=\"https:\/\/docs.google.com\/forms\/d\/e\/1FAIpQLSeVQY8CWclVen0K6qyEAal2meRyYj7-gATdG4c0KbmoyeBGKw\/viewform\">Subscripci\u00f3<\/a><br \/>\n<\/strong><\/td>\n<td style=\"width: 253.15px; height: 33px; border-style: none; background-color: #f5eadf; text-align: center;\"><strong>Novetat Web: <a href=\"https:\/\/serveiseducatius.xtec.cat\/pallars\/general\/novetat-web-sinapsis\/\">Recull not\u00edcies Centres<\/a><\/strong><\/td>\n<td style=\"width: 256.017px; height: 33px; border-style: none; text-align: center;\"><span style=\"font-family: helvetica, arial, sans-serif;\"><strong>Curs d&#8217;Oratoria per a docents.<br \/>\n<a href=\"https:\/\/aplicacions.gestioeducativa.gencat.cat\/pls\/soloas\/pk_for_mod_ins.p_for_exhaustiu_activitat?p_header=Llista%20d%27activitats^pk_for_mod_ins.p_for_cons_activitats?p_totes=N%26p_inici=201%26p_excloure_crp_rec=F*Detall%20d%27activitat^pk_for_mod_ins.p_for_detall_activitat?p_codi=6002040555%26p_curs=2018-2019%26p_es_inscr=S&amp;p_codi=6002040555&amp;p_curs=2018-2019&amp;p_es_inscr=S\">M\u00e9s informaci\u00f3<\/a> i<a href=\"https:\/\/aplicacions.gestioeducativa.gencat.cat\/pls\/soloas\/pk_for_mod_ins.p_for_detall_activitat?p_header=Llista%20d%27activitats%5Epk_for_mod_ins.p_for_cons_activitats?p_totes=N%26p_inici=201%26p_excloure_crp_rec=F&amp;p_codi=6002040555&amp;p_curs=2018-2019&amp;p_excloure_crp_rec=F\"> inscripci\u00f3<\/a><br \/>\n<\/strong><\/span><\/td>\n<\/tr>\n<tr style=\"height: 33px;\">\n<td style=\"width: 258.833px; height: 33px; border-style: none; background-color: #f5eadf; text-align: center;\" scope=\"row\"><a href=\"https:\/\/serveiseducatius.xtec.cat\/pallars\/wp-content\/uploads\/usu1099\/2019\/04\/aprenem-amb-les-mans.png\"><img loading=\"lazy\" decoding=\"async\" class=\"alignnone size-full wp-image-11312\" src=\"https:\/\/serveiseducatius.xtec.cat\/pallars\/wp-content\/uploads\/usu1099\/2019\/04\/aprenem-amb-les-mans.png\" alt=\"\" width=\"223\" height=\"122\" \/><\/a><\/td>\n<td style=\"width: 253.15px; height: 33px; border-style: none;\"><a href=\"https:\/\/serveiseducatius.xtec.cat\/pallars\/wp-content\/uploads\/usu1099\/2018\/12\/teatre.png\"><img loading=\"lazy\" decoding=\"async\" class=\"size-full wp-image-10744 aligncenter\" src=\"https:\/\/serveiseducatius.xtec.cat\/pallars\/wp-content\/uploads\/usu1099\/2018\/12\/teatre.png\" alt=\"\" width=\"222\" height=\"122\" \/><\/a><\/td>\n<td style=\"width: 256.017px; height: 33px; border-style: none; background-color: #f5eadf;\"><a href=\"https:\/\/serveiseducatius.xtec.cat\/pallars\/wp-content\/uploads\/usu1099\/2019\/06\/XCB.png\"><img loading=\"lazy\" decoding=\"async\" class=\"size-full wp-image-11518 aligncenter\" src=\"https:\/\/serveiseducatius.xtec.cat\/pallars\/wp-content\/uploads\/usu1099\/2019\/06\/XCB.png\" alt=\"\" width=\"222\" height=\"122\" \/><\/a><\/td>\n<\/tr>\n<tr style=\"height: 33px;\">\n<td style=\"width: 258.833px; height: 33px; border-style: none; background-color: #f5eadf; text-align: center;\" scope=\"row\"><strong> <a href=\"https:\/\/aprenentamblesmans.cat\/\">Recursos de matem\u00e0tiques<\/a><\/strong><\/td>\n<td style=\"width: 253.15px; height: 33px; border-style: none; text-align: center;\"><strong><a href=\"https:\/\/www.educaciontrespuntocero.com\/recursos\/peliculas-abordar-resiliencia-clase\/35902.html\">25 Pel\u00b7l\u00edcules per treballar la resili\u00e8ncia a l&#8217;aula<\/a><br \/>\n<\/strong><\/td>\n<td style=\"width: 256.017px; height: 33px; border-style: none; background-color: #f5eadf; text-align: center;\"><strong>Nou document:\u00a0 <\/strong><br \/>\n<a href=\"https:\/\/drive.google.com\/file\/d\/1elKG87KPEl5nS2cMLB4vMfyJrniJv09A\/view?usp=sharing\"><strong>Formar per transforma<\/strong> <\/a><\/td>\n<\/tr>\n<\/tbody>\n<\/table>\n","protected":false},"excerpt":{"rendered":"<p>6 Entrega de Premis Concurs Som Idees Formaci\u00f3. Diversitat sexual i de g\u00e8nere. CANVI DATES. M\u00e9s informaci\u00f3 Intercanvi d&#8217;experi\u00e8ncies. Geoparc [&hellip;]<\/p>\n","protected":false},"author":1,"featured_media":0,"parent":17683,"menu_order":6,"comment_status":"closed","ping_status":"closed","template":"page-templates\/side-menu.php","meta":{"_bbp_topic_count":0,"_bbp_reply_count":0,"_bbp_total_topic_count":0,"_bbp_total_reply_count":0,"_bbp_voice_count":0,"_bbp_anonymous_reply_count":0,"_bbp_topic_count_hidden":0,"_bbp_reply_count_hidden":0,"_bbp_forum_subforum_count":0,"site-sidebar-layout":"default","site-content-layout":"","ast-site-content-layout":"","site-content-style":"default","site-sidebar-style":"default","ast-global-header-display":"","ast-banner-title-visibility":"","ast-main-header-display":"","ast-hfb-above-header-display":"","ast-hfb-below-header-display":"","ast-hfb-mobile-header-display":"","site-post-title":"","ast-breadcrumbs-content":"","ast-featured-img":"","footer-sml-layout":"","theme-transparent-header-meta":"","adv-header-id-meta":"","stick-header-meta":"","header-above-stick-meta":"","header-main-stick-meta":"","header-below-stick-meta":"","astra-migrate-meta-layouts":"default","ast-page-background-enabled":"default","ast-page-background-meta":{"desktop":{"background-color":"var(--ast-global-color-4)","background-image":"","background-repeat":"repeat","background-position":"center center","background-size":"auto","background-attachment":"scroll","background-type":"","background-media":"","overlay-type":"","overlay-color":"","overlay-opacity":"","overlay-gradient":""},"tablet":{"background-color":"","background-image":"","background-repeat":"repeat","background-position":"center center","background-size":"auto","background-attachment":"scroll","background-type":"","background-media":"","overlay-type":"","overlay-color":"","overlay-opacity":"","overlay-gradient":""},"mobile":{"background-color":"","background-image":"","background-repeat":"repeat","background-position":"center center","background-size":"auto","background-attachment":"scroll","background-type":"","background-media":"","overlay-type":"","overlay-color":"","overlay-opacity":"","overlay-gradient":""}},"ast-content-background-meta":{"desktop":{"background-color":"var(--ast-global-color-5)","background-image":"","background-repeat":"repeat","background-position":"center center","background-size":"auto","background-attachment":"scroll","background-type":"","background-media":"","overlay-type":"","overlay-color":"","overlay-opacity":"","overlay-gradient":""},"tablet":{"background-color":"var(--ast-global-color-5)","background-image":"","background-repeat":"repeat","background-position":"center center","background-size":"auto","background-attachment":"scroll","background-type":"","background-media":"","overlay-type":"","overlay-color":"","overlay-opacity":"","overlay-gradient":""},"mobile":{"background-color":"var(--ast-global-color-5)","background-image":"","background-repeat":"repeat","background-position":"center center","background-size":"auto","background-attachment":"scroll","background-type":"","background-media":"","overlay-type":"","overlay-color":"","overlay-opacity":"","overlay-gradient":""}},"footnotes":""},"class_list":["post-11417","page","type-page","status-publish","hentry"],"post_mailing_queue_ids":[],"_links":{"self":[{"href":"https:\/\/serveiseducatius.xtec.cat\/pallars\/wp-json\/wp\/v2\/pages\/11417","targetHints":{"allow":["GET"]}}],"collection":[{"href":"https:\/\/serveiseducatius.xtec.cat\/pallars\/wp-json\/wp\/v2\/pages"}],"about":[{"href":"https:\/\/serveiseducatius.xtec.cat\/pallars\/wp-json\/wp\/v2\/types\/page"}],"author":[{"embeddable":true,"href":"https:\/\/serveiseducatius.xtec.cat\/pallars\/wp-json\/wp\/v2\/users\/1"}],"replies":[{"embeddable":true,"href":"https:\/\/serveiseducatius.xtec.cat\/pallars\/wp-json\/wp\/v2\/comments?post=11417"}],"version-history":[{"count":4,"href":"https:\/\/serveiseducatius.xtec.cat\/pallars\/wp-json\/wp\/v2\/pages\/11417\/revisions"}],"predecessor-version":[{"id":17690,"href":"https:\/\/serveiseducatius.xtec.cat\/pallars\/wp-json\/wp\/v2\/pages\/11417\/revisions\/17690"}],"up":[{"embeddable":true,"href":"https:\/\/serveiseducatius.xtec.cat\/pallars\/wp-json\/wp\/v2\/pages\/17683"}],"wp:attachment":[{"href":"https:\/\/serveiseducatius.xtec.cat\/pallars\/wp-json\/wp\/v2\/media?parent=11417"}],"curies":[{"name":"wp","href":"https:\/\/api.w.org\/{rel}","templated":true}]}}