{"id":11152,"date":"2019-04-01T09:35:48","date_gmt":"2019-04-01T07:35:48","guid":{"rendered":"http:\/\/serveiseducatius.xtec.cat\/pallars\/?page_id=11152"},"modified":"2022-02-09T10:31:04","modified_gmt":"2022-02-09T09:31:04","slug":"abril-2019","status":"publish","type":"page","link":"https:\/\/serveiseducatius.xtec.cat\/pallars\/full-informatiu\/fulls-informatius-anteriors\/abril-2019\/","title":{"rendered":"Abril 2019"},"content":{"rendered":"<p>&nbsp;<\/p>\n<table style=\"height: 607px; border-style: none; width: 776px;\" border=\"0\" width=\"776\">\n<tbody>\n<tr style=\"height: 142px;\">\n<td style=\"width: 258px; height: 44px; border-style: none; background-color: #f5eadf;\" scope=\"row\" height=\"124\">\u00a0<a href=\"https:\/\/serveiseducatius.xtec.cat\/pallars\/wp-content\/uploads\/usu1099\/2019\/03\/invesjove.png\"><img loading=\"lazy\" decoding=\"async\" class=\"alignnone size-full wp-image-11233\" src=\"https:\/\/serveiseducatius.xtec.cat\/pallars\/wp-content\/uploads\/usu1099\/2019\/03\/invesjove.png\" alt=\"\" width=\"222\" height=\"122\" \/><\/a><\/td>\n<td style=\"width: 253px; height: 44px; border-style: none;\" align=\"center\"><a href=\"https:\/\/serveiseducatius.xtec.cat\/pallars\/wp-content\/uploads\/usu1099\/2019\/03\/Lic.png\"><img loading=\"lazy\" decoding=\"async\" class=\"alignnone size-full wp-image-11230\" src=\"https:\/\/serveiseducatius.xtec.cat\/pallars\/wp-content\/uploads\/usu1099\/2019\/03\/Lic.png\" alt=\"\" width=\"222\" height=\"122\" \/><\/a><\/td>\n<td style=\"width: 256px; height: 44px; border-style: none; background-color: #f5eadf;\">\u00a0<a href=\"https:\/\/serveiseducatius.xtec.cat\/pallars\/wp-content\/uploads\/usu1099\/2019\/03\/impressores-3d.png\"><img loading=\"lazy\" decoding=\"async\" class=\"alignnone size-full wp-image-11234\" src=\"https:\/\/serveiseducatius.xtec.cat\/pallars\/wp-content\/uploads\/usu1099\/2019\/03\/impressores-3d.png\" alt=\"\" width=\"222\" height=\"122\" \/><\/a><\/td>\n<\/tr>\n<tr style=\"height: 49px;\">\n<td style=\"width: 258px; height: 49px; border-style: none; background-color: #f5eadf; text-align: center;\" scope=\"row\" height=\"21\"><a href=\"https:\/\/serveiseducatius.xtec.cat\/pallars\/portada\/invesjove-xii-jornades-al-pallars\/\"><strong>Invesjove -Sort<br \/>\n4 d&#8217;abril de 2019<\/strong><\/a><\/td>\n<td style=\"width: 253px; height: 49px; text-align: center; border-style: none;\">\u00a0<strong>Formaci\u00f3: <a href=\"https:\/\/serveiseducatius.xtec.cat\/pallars\/general\/la-coordinacio-de-llengua-interculturalitat-i-cohesio-social-clic\/\">Taller coordinadors LIC<\/a><\/strong><\/td>\n<td style=\"width: 256px; height: 49px; border-style: none; background-color: #f5eadf; text-align: center;\"><strong>Formaci\u00f3: <a href=\"https:\/\/aplicacions.gestioeducativa.gencat.cat\/pls\/soloas\/pk_for_mod_ins.p_for_exhaustiu_activitat?p_header=Llista%20d%27activitats^pk_for_mod_ins.p_for_cons_activitats?p_any=2018-2019%26p_totes=N%26p_comarca=26%26p_inici=1%26p_excloure_crp_rec=T*Detall%20d%27activitat^pk_for_mod_ins.p_for_detall_activitat?p_codi=6150411615%26p_curs=2018-2019%26p_es_inscr=S&amp;p_codi=6150411615&amp;p_curs=2018-2019&amp;p_es_inscr=S\">Introducci\u00f3 al disseny per impressions 3D<\/a><\/strong><\/td>\n<\/tr>\n<tr style=\"height: 33px;\">\n<td style=\"width: 258px; height: 33px; border-style: none;\" scope=\"row\">\u00a0<a href=\"https:\/\/serveiseducatius.xtec.cat\/pallars\/wp-content\/uploads\/usu1099\/2019\/03\/relats-curts.jpg\"><img loading=\"lazy\" decoding=\"async\" class=\"alignnone size-full wp-image-11218\" src=\"https:\/\/serveiseducatius.xtec.cat\/pallars\/wp-content\/uploads\/usu1099\/2019\/03\/relats-curts.jpg\" alt=\"\" width=\"222\" height=\"122\" \/><\/a><\/td>\n<td style=\"width: 253px; height: 33px; border-style: none; background-color: #f5eadf;\">\u00a0<a href=\"https:\/\/serveiseducatius.xtec.cat\/pallars\/wp-content\/uploads\/usu1099\/2019\/03\/dansesfull.jpg\"><img loading=\"lazy\" decoding=\"async\" class=\"alignnone size-full wp-image-11223\" src=\"https:\/\/serveiseducatius.xtec.cat\/pallars\/wp-content\/uploads\/usu1099\/2019\/03\/dansesfull.jpg\" alt=\"\" width=\"222\" height=\"122\" \/><\/a><\/td>\n<td style=\"width: 256px; height: 33px; border-style: none;\">\u00a0<a href=\"https:\/\/serveiseducatius.xtec.cat\/pallars\/wp-content\/uploads\/usu1099\/2019\/01\/jocs-florals-full-informatiu.jpg\"><img loading=\"lazy\" decoding=\"async\" class=\"alignnone size-full wp-image-11002\" src=\"https:\/\/serveiseducatius.xtec.cat\/pallars\/wp-content\/uploads\/usu1099\/2019\/01\/jocs-florals-full-informatiu.jpg\" alt=\"\" width=\"222\" height=\"122\" \/><\/a><\/td>\n<\/tr>\n<tr style=\"height: 33px;\">\n<td style=\"width: 258px; height: 33px; border-style: none; text-align: center;\" scope=\"row\" height=\"21\"><strong>Concurs de Relats curts. <a href=\"https:\/\/drive.google.com\/open?id=11QZ7RwZdaOfafSS5neLubqwKi49-4_NA\">Bases<\/a><br \/>\n<\/strong><\/td>\n<td style=\"width: 253px; height: 33px; border-style: none; background-color: #f5eadf; text-align: center;\"><strong><a href=\"https:\/\/serveiseducatius.xtec.cat\/pallars\/general\/impuls-de-danses-vives\/\">Cloenda del Programa Impuls de les danses vives<\/a><br \/>\n<\/strong><\/td>\n<td style=\"width: 256px; height: 33px; border-style: none; text-align: center;\"><strong>Ampliaci\u00f3 terminis presentaci\u00f3 treballs. <a href=\"https:\/\/serveiseducatius.xtec.cat\/pallars\/general\/vi-jocs-florals-escolars-de-catalunya\/\">Informaci\u00f3<\/a><\/strong><\/td>\n<\/tr>\n<tr style=\"height: 33px;\">\n<td style=\"width: 258px; height: 33px; border-style: none; background-color: #f5eadf;\" scope=\"row\">\u00a0<a href=\"https:\/\/serveiseducatius.xtec.cat\/pallars\/wp-content\/uploads\/usu1099\/2019\/04\/jornada-inclusi\u00f3-digital.png\"><img loading=\"lazy\" decoding=\"async\" class=\"alignnone size-full wp-image-11256\" src=\"https:\/\/serveiseducatius.xtec.cat\/pallars\/wp-content\/uploads\/usu1099\/2019\/04\/jornada-inclusi\u00f3-digital.png\" alt=\"\" width=\"223\" height=\"122\" \/><\/a><\/td>\n<td style=\"width: 253px; height: 33px; border-style: none;\">\u00a0<a href=\"https:\/\/serveiseducatius.xtec.cat\/pallars\/wp-content\/uploads\/usu1099\/2019\/03\/material-Nouvinguts.png\"><img loading=\"lazy\" decoding=\"async\" class=\"alignnone size-full wp-image-11115\" src=\"https:\/\/serveiseducatius.xtec.cat\/pallars\/wp-content\/uploads\/usu1099\/2019\/03\/material-Nouvinguts.png\" alt=\"\" width=\"222\" height=\"122\" \/><\/a><\/td>\n<td style=\"width: 256px; height: 33px; border-style: none; background-color: #f5eadf;\">\u00a0<a href=\"https:\/\/serveiseducatius.xtec.cat\/pallars\/wp-content\/uploads\/usu1099\/2019\/03\/puntmat.png\"><img loading=\"lazy\" decoding=\"async\" class=\"alignnone size-full wp-image-11243\" src=\"https:\/\/serveiseducatius.xtec.cat\/pallars\/wp-content\/uploads\/usu1099\/2019\/03\/puntmat.png\" alt=\"\" width=\"222\" height=\"122\" \/><\/a><\/td>\n<\/tr>\n<tr style=\"height: 33px;\">\n<td style=\"width: 258px; height: 10px; border-style: none; background-color: #f5eadf; text-align: center;\" scope=\"row\">\n<p class=\"post-title\"><a href=\"https:\/\/serveiseducatius.xtec.cat\/pallars\/general\/viii-jornada-dinclusio-digital-a-lleida\/\">\u00a0<strong>VIII Jornada d&#8217;inclusi\u00f3 digital<\/strong><\/a><\/p>\n<\/td>\n<td style=\"width: 253px; height: 10px; border-style: none; text-align: center;\"><strong><a href=\"https:\/\/serveiseducatius.xtec.cat\/pallars\/general\/material-secretaria-igualtat-migracions-i-ciutadania\/\">Recursos materials<\/a> Secretaria Igualtat, Migraci\u00f3 i Ciutadania\u00a0<\/strong><\/td>\n<td style=\"width: 256px; height: 10px; border-style: none; background-color: #f5eadf; text-align: center;\"><strong>Recursos: <a href=\"http:\/\/puntmat.blogspot.com\/\">PuntMat<\/a><\/strong><\/td>\n<\/tr>\n<\/tbody>\n<\/table>\n","protected":false},"excerpt":{"rendered":"<p>&nbsp; \u00a0 \u00a0 Invesjove -Sort 4 d&#8217;abril de 2019 \u00a0Formaci\u00f3: Taller coordinadors LIC Formaci\u00f3: Introducci\u00f3 al disseny per impressions 3D [&hellip;]<\/p>\n","protected":false},"author":1,"featured_media":0,"parent":17683,"menu_order":4,"comment_status":"closed","ping_status":"closed","template":"page-templates\/side-menu.php","meta":{"_bbp_topic_count":0,"_bbp_reply_count":0,"_bbp_total_topic_count":0,"_bbp_total_reply_count":0,"_bbp_voice_count":0,"_bbp_anonymous_reply_count":0,"_bbp_topic_count_hidden":0,"_bbp_reply_count_hidden":0,"_bbp_forum_subforum_count":0,"site-sidebar-layout":"default","site-content-layout":"","ast-site-content-layout":"","site-content-style":"default","site-sidebar-style":"default","ast-global-header-display":"","ast-banner-title-visibility":"","ast-main-header-display":"","ast-hfb-above-header-display":"","ast-hfb-below-header-display":"","ast-hfb-mobile-header-display":"","site-post-title":"","ast-breadcrumbs-content":"","ast-featured-img":"","footer-sml-layout":"","theme-transparent-header-meta":"","adv-header-id-meta":"","stick-header-meta":"","header-above-stick-meta":"","header-main-stick-meta":"","header-below-stick-meta":"","astra-migrate-meta-layouts":"default","ast-page-background-enabled":"default","ast-page-background-meta":{"desktop":{"background-color":"var(--ast-global-color-4)","background-image":"","background-repeat":"repeat","background-position":"center center","background-size":"auto","background-attachment":"scroll","background-type":"","background-media":"","overlay-type":"","overlay-color":"","overlay-opacity":"","overlay-gradient":""},"tablet":{"background-color":"","background-image":"","background-repeat":"repeat","background-position":"center center","background-size":"auto","background-attachment":"scroll","background-type":"","background-media":"","overlay-type":"","overlay-color":"","overlay-opacity":"","overlay-gradient":""},"mobile":{"background-color":"","background-image":"","background-repeat":"repeat","background-position":"center center","background-size":"auto","background-attachment":"scroll","background-type":"","background-media":"","overlay-type":"","overlay-color":"","overlay-opacity":"","overlay-gradient":""}},"ast-content-background-meta":{"desktop":{"background-color":"var(--ast-global-color-5)","background-image":"","background-repeat":"repeat","background-position":"center center","background-size":"auto","background-attachment":"scroll","background-type":"","background-media":"","overlay-type":"","overlay-color":"","overlay-opacity":"","overlay-gradient":""},"tablet":{"background-color":"var(--ast-global-color-5)","background-image":"","background-repeat":"repeat","background-position":"center center","background-size":"auto","background-attachment":"scroll","background-type":"","background-media":"","overlay-type":"","overlay-color":"","overlay-opacity":"","overlay-gradient":""},"mobile":{"background-color":"var(--ast-global-color-5)","background-image":"","background-repeat":"repeat","background-position":"center center","background-size":"auto","background-attachment":"scroll","background-type":"","background-media":"","overlay-type":"","overlay-color":"","overlay-opacity":"","overlay-gradient":""}},"footnotes":""},"class_list":["post-11152","page","type-page","status-publish","hentry"],"post_mailing_queue_ids":[],"_links":{"self":[{"href":"https:\/\/serveiseducatius.xtec.cat\/pallars\/wp-json\/wp\/v2\/pages\/11152","targetHints":{"allow":["GET"]}}],"collection":[{"href":"https:\/\/serveiseducatius.xtec.cat\/pallars\/wp-json\/wp\/v2\/pages"}],"about":[{"href":"https:\/\/serveiseducatius.xtec.cat\/pallars\/wp-json\/wp\/v2\/types\/page"}],"author":[{"embeddable":true,"href":"https:\/\/serveiseducatius.xtec.cat\/pallars\/wp-json\/wp\/v2\/users\/1"}],"replies":[{"embeddable":true,"href":"https:\/\/serveiseducatius.xtec.cat\/pallars\/wp-json\/wp\/v2\/comments?post=11152"}],"version-history":[{"count":3,"href":"https:\/\/serveiseducatius.xtec.cat\/pallars\/wp-json\/wp\/v2\/pages\/11152\/revisions"}],"predecessor-version":[{"id":11262,"href":"https:\/\/serveiseducatius.xtec.cat\/pallars\/wp-json\/wp\/v2\/pages\/11152\/revisions\/11262"}],"up":[{"embeddable":true,"href":"https:\/\/serveiseducatius.xtec.cat\/pallars\/wp-json\/wp\/v2\/pages\/17683"}],"wp:attachment":[{"href":"https:\/\/serveiseducatius.xtec.cat\/pallars\/wp-json\/wp\/v2\/media?parent=11152"}],"curies":[{"name":"wp","href":"https:\/\/api.w.org\/{rel}","templated":true}]}}