{"id":11045,"date":"2019-03-08T14:37:15","date_gmt":"2019-03-08T13:37:15","guid":{"rendered":"http:\/\/serveiseducatius.xtec.cat\/pallars\/?page_id=11045"},"modified":"2022-02-09T09:42:22","modified_gmt":"2022-02-09T08:42:22","slug":"marc-2019","status":"publish","type":"page","link":"https:\/\/serveiseducatius.xtec.cat\/pallars\/full-informatiu\/fulls-informatius-anteriors\/marc-2019\/","title":{"rendered":"Mar\u00e7 2019"},"content":{"rendered":"<p>&nbsp;<\/p>\n<table style=\"height: 595px; border-style: none; width: 775px;\" border=\"0\" width=\"776\">\n<tbody>\n<tr style=\"height: 142px;\">\n<td style=\"width: 258.5px; height: 142px; border-style: none; background-color: #f5eadf;\" scope=\"row\" height=\"124\"><a href=\"https:\/\/serveiseducatius.xtec.cat\/pallars\/wp-content\/uploads\/usu1099\/2019\/03\/concurs-lectrura.png\"><img loading=\"lazy\" decoding=\"async\" class=\"alignnone size-full wp-image-11156\" src=\"https:\/\/serveiseducatius.xtec.cat\/pallars\/wp-content\/uploads\/usu1099\/2019\/03\/concurs-lectrura.png\" alt=\"\" width=\"222\" height=\"122\" \/><\/a><\/td>\n<td style=\"width: 252.783px; height: 142px; border-style: none;\" align=\"center\">\u00a0<a href=\"https:\/\/serveiseducatius.xtec.cat\/pallars\/wp-content\/uploads\/usu1099\/2019\/01\/el-front-del-pallars.jpg\"><img loading=\"lazy\" decoding=\"async\" class=\"alignnone size-full wp-image-11011\" src=\"https:\/\/serveiseducatius.xtec.cat\/pallars\/wp-content\/uploads\/usu1099\/2019\/01\/el-front-del-pallars.jpg\" alt=\"\" width=\"222\" height=\"122\" \/><\/a><\/td>\n<td style=\"width: 255.717px; height: 142px; border-style: none; background-color: #f5eadf;\">\u00a0<a href=\"https:\/\/serveiseducatius.xtec.cat\/pallars\/wp-content\/uploads\/usu1099\/2019\/03\/cesc-serrat.png\"><img loading=\"lazy\" decoding=\"async\" class=\"alignnone size-full wp-image-11120\" src=\"https:\/\/serveiseducatius.xtec.cat\/pallars\/wp-content\/uploads\/usu1099\/2019\/03\/cesc-serrat.png\" alt=\"\" width=\"222\" height=\"122\" \/><\/a><\/td>\n<\/tr>\n<tr style=\"height: 49px;\">\n<td style=\"width: 258.5px; height: 49px; border-style: none; background-color: #f5eadf; text-align: center;\" scope=\"row\" height=\"21\"><a href=\"https:\/\/serveiseducatius.xtec.cat\/pallars\/categoria\/lectura-en-veu-alta\/\"><strong>Concurs de lectura en veu alta<\/strong><\/a><\/td>\n<td style=\"width: 252.783px; height: 49px; text-align: center; border-style: none;\"><strong>Presentaci\u00f3 recurs did\u00e0ctic: El front del Pallars.<\/strong> <a href=\"https:\/\/serveiseducatius.xtec.cat\/pallars\/?p=11013&amp;preview=true\">M\u00e9s informaci\u00f3<\/a><\/td>\n<td style=\"width: 255.717px; height: 49px; border-style: none; background-color: #f5eadf; text-align: center;\"><a href=\"https:\/\/serveiseducatius.xtec.cat\/pallars\/general\/jussaeducacio-teatre\/\"><strong>JussaEducaci\u00f3. Cesc Serrat<\/strong><\/a><\/td>\n<\/tr>\n<tr style=\"height: 33px;\">\n<td style=\"width: 258.5px; height: 33px; border-style: none;\" scope=\"row\">\u00a0<a href=\"https:\/\/serveiseducatius.xtec.cat\/pallars\/wp-content\/uploads\/usu1099\/2018\/10\/pallars-lector.jpg\"><img loading=\"lazy\" decoding=\"async\" class=\"alignnone size-full wp-image-10574\" src=\"https:\/\/serveiseducatius.xtec.cat\/pallars\/wp-content\/uploads\/usu1099\/2018\/10\/pallars-lector.jpg\" alt=\"\" width=\"220\" height=\"122\" \/><\/a><\/td>\n<td style=\"width: 252.783px; height: 33px; border-style: none; background-color: #f5eadf;\">\u00a0<a href=\"https:\/\/serveiseducatius.xtec.cat\/pallars\/wp-content\/uploads\/usu1099\/2019\/03\/carreu.png\"><img loading=\"lazy\" decoding=\"async\" class=\"alignnone size-full wp-image-11134\" src=\"https:\/\/serveiseducatius.xtec.cat\/pallars\/wp-content\/uploads\/usu1099\/2019\/03\/carreu.png\" alt=\"\" width=\"222\" height=\"123\" \/><\/a><\/td>\n<td style=\"width: 255.717px; height: 33px; border-style: none;\">\u00a0<a href=\"https:\/\/serveiseducatius.xtec.cat\/pallars\/wp-content\/uploads\/usu1099\/2019\/03\/diversitat-sexual.png\"><img loading=\"lazy\" decoding=\"async\" class=\"alignnone size-full wp-image-11150\" src=\"https:\/\/serveiseducatius.xtec.cat\/pallars\/wp-content\/uploads\/usu1099\/2019\/03\/diversitat-sexual.png\" alt=\"\" width=\"222\" height=\"122\" \/><\/a><\/td>\n<\/tr>\n<tr style=\"height: 33px;\">\n<td style=\"width: 258.5px; height: 33px; border-style: none; text-align: center;\" scope=\"row\" height=\"21\"><strong><a href=\"https:\/\/serveiseducatius.xtec.cat\/pallars\/general\/pallarslector-booktuber\/\">PallarsLector. Booktuber<\/a><br \/>\n<\/strong><\/td>\n<td style=\"width: 252.783px; height: 33px; border-style: none; background-color: #f5eadf; text-align: center;\"><strong><a href=\"https:\/\/serveiseducatius.xtec.cat\/pallars\/general\/itinerari-literari-naturista-per-la-vall-de-carreu\/\">Itinerari literari-natural\u00edstic. Vall de Carreu. Pep Coll<\/a><br \/>\n<\/strong><\/td>\n<td style=\"width: 255.717px; height: 33px; border-style: none; text-align: center;\"><a href=\"https:\/\/serveiseducatius.xtec.cat\/pallars\/general\/formacio-diversitat-sexual-i-de-genere\/\"><strong>Formaci\u00f3. Diversitat sexual i de g\u00e8nere<\/strong><\/a><\/td>\n<\/tr>\n<tr style=\"height: 33px;\">\n<td style=\"width: 258.5px; height: 33px; border-style: none; background-color: #f5eadf;\" scope=\"row\"><strong>\u00a0<a href=\"https:\/\/serveiseducatius.xtec.cat\/pallars\/wp-content\/uploads\/usu1099\/2019\/03\/olimpiada.jpg\"><img loading=\"lazy\" decoding=\"async\" class=\"alignnone size-full wp-image-11155\" src=\"https:\/\/serveiseducatius.xtec.cat\/pallars\/wp-content\/uploads\/usu1099\/2019\/03\/olimpiada.jpg\" alt=\"\" width=\"222\" height=\"122\" \/><\/a><\/strong><\/td>\n<td style=\"width: 252.783px; height: 33px; border-style: none;\">\u00a0<strong><a href=\"https:\/\/serveiseducatius.xtec.cat\/pallars\/wp-content\/uploads\/usu1099\/2019\/03\/biblioteca.png\"><img loading=\"lazy\" decoding=\"async\" class=\"alignnone size-full wp-image-11138\" src=\"https:\/\/serveiseducatius.xtec.cat\/pallars\/wp-content\/uploads\/usu1099\/2019\/03\/biblioteca.png\" alt=\"\" width=\"222\" height=\"122\" \/><\/a><\/strong><\/td>\n<td style=\"width: 255.717px; height: 33px; border-style: none; background-color: #f5eadf;\">\u00a0<strong><a href=\"https:\/\/serveiseducatius.xtec.cat\/pallars\/wp-content\/uploads\/usu1099\/2019\/01\/jocs-florals-full-informatiu.jpg\"><img loading=\"lazy\" decoding=\"async\" class=\"alignnone size-full wp-image-11002\" src=\"https:\/\/serveiseducatius.xtec.cat\/pallars\/wp-content\/uploads\/usu1099\/2019\/01\/jocs-florals-full-informatiu.jpg\" alt=\"\" width=\"222\" height=\"122\" \/><\/a><\/strong><\/td>\n<\/tr>\n<tr style=\"height: 33px;\">\n<td style=\"width: 258.5px; height: 10px; border-style: none; background-color: #f5eadf; text-align: center;\" scope=\"row\">\n<p class=\"post-title\"><strong>37\u00e8 Olimpiada Flamicell.<\/strong> <a href=\"http:\/\/www.cepallarsjussa.cat\/flamicell\/\">M\u00e9s informaci\u00f3<\/a><\/p>\n<\/td>\n<td style=\"width: 252.783px; height: 10px; border-style: none; text-align: center;\"><a href=\"https:\/\/serveiseducatius.xtec.cat\/pallars\/general\/setmana-de-la-lectura-2019\/\"><strong>Setmana de la lectura a la Biblioteca\u00a0 d&#8217;Esterri d&#8217;\u00c0neu<\/strong><\/a><\/td>\n<td style=\"width: 255.717px; height: 10px; border-style: none; background-color: #f5eadf; text-align: center;\"><strong><a href=\"https:\/\/serveiseducatius.xtec.cat\/pallars\/general\/vi-jocs-florals-escolars-de-catalunya\/\">M\u00e9s informaci\u00f3<\/a><\/strong><\/td>\n<\/tr>\n<\/tbody>\n<\/table>\n","protected":false},"excerpt":{"rendered":"<p>&nbsp; \u00a0 \u00a0 Concurs de lectura en veu alta Presentaci\u00f3 recurs did\u00e0ctic: El front del Pallars. M\u00e9s informaci\u00f3 JussaEducaci\u00f3. Cesc [&hellip;]<\/p>\n","protected":false},"author":1,"featured_media":0,"parent":17683,"menu_order":3,"comment_status":"closed","ping_status":"closed","template":"page-templates\/side-menu.php","meta":{"_bbp_topic_count":0,"_bbp_reply_count":0,"_bbp_total_topic_count":0,"_bbp_total_reply_count":0,"_bbp_voice_count":0,"_bbp_anonymous_reply_count":0,"_bbp_topic_count_hidden":0,"_bbp_reply_count_hidden":0,"_bbp_forum_subforum_count":0,"site-sidebar-layout":"default","site-content-layout":"","ast-site-content-layout":"","site-content-style":"default","site-sidebar-style":"default","ast-global-header-display":"","ast-banner-title-visibility":"","ast-main-header-display":"","ast-hfb-above-header-display":"","ast-hfb-below-header-display":"","ast-hfb-mobile-header-display":"","site-post-title":"","ast-breadcrumbs-content":"","ast-featured-img":"","footer-sml-layout":"","theme-transparent-header-meta":"","adv-header-id-meta":"","stick-header-meta":"","header-above-stick-meta":"","header-main-stick-meta":"","header-below-stick-meta":"","astra-migrate-meta-layouts":"default","ast-page-background-enabled":"default","ast-page-background-meta":{"desktop":{"background-color":"var(--ast-global-color-4)","background-image":"","background-repeat":"repeat","background-position":"center center","background-size":"auto","background-attachment":"scroll","background-type":"","background-media":"","overlay-type":"","overlay-color":"","overlay-opacity":"","overlay-gradient":""},"tablet":{"background-color":"","background-image":"","background-repeat":"repeat","background-position":"center center","background-size":"auto","background-attachment":"scroll","background-type":"","background-media":"","overlay-type":"","overlay-color":"","overlay-opacity":"","overlay-gradient":""},"mobile":{"background-color":"","background-image":"","background-repeat":"repeat","background-position":"center center","background-size":"auto","background-attachment":"scroll","background-type":"","background-media":"","overlay-type":"","overlay-color":"","overlay-opacity":"","overlay-gradient":""}},"ast-content-background-meta":{"desktop":{"background-color":"var(--ast-global-color-5)","background-image":"","background-repeat":"repeat","background-position":"center center","background-size":"auto","background-attachment":"scroll","background-type":"","background-media":"","overlay-type":"","overlay-color":"","overlay-opacity":"","overlay-gradient":""},"tablet":{"background-color":"var(--ast-global-color-5)","background-image":"","background-repeat":"repeat","background-position":"center center","background-size":"auto","background-attachment":"scroll","background-type":"","background-media":"","overlay-type":"","overlay-color":"","overlay-opacity":"","overlay-gradient":""},"mobile":{"background-color":"var(--ast-global-color-5)","background-image":"","background-repeat":"repeat","background-position":"center center","background-size":"auto","background-attachment":"scroll","background-type":"","background-media":"","overlay-type":"","overlay-color":"","overlay-opacity":"","overlay-gradient":""}},"footnotes":""},"class_list":["post-11045","page","type-page","status-publish","hentry"],"post_mailing_queue_ids":[],"_links":{"self":[{"href":"https:\/\/serveiseducatius.xtec.cat\/pallars\/wp-json\/wp\/v2\/pages\/11045","targetHints":{"allow":["GET"]}}],"collection":[{"href":"https:\/\/serveiseducatius.xtec.cat\/pallars\/wp-json\/wp\/v2\/pages"}],"about":[{"href":"https:\/\/serveiseducatius.xtec.cat\/pallars\/wp-json\/wp\/v2\/types\/page"}],"author":[{"embeddable":true,"href":"https:\/\/serveiseducatius.xtec.cat\/pallars\/wp-json\/wp\/v2\/users\/1"}],"replies":[{"embeddable":true,"href":"https:\/\/serveiseducatius.xtec.cat\/pallars\/wp-json\/wp\/v2\/comments?post=11045"}],"version-history":[{"count":3,"href":"https:\/\/serveiseducatius.xtec.cat\/pallars\/wp-json\/wp\/v2\/pages\/11045\/revisions"}],"predecessor-version":[{"id":11164,"href":"https:\/\/serveiseducatius.xtec.cat\/pallars\/wp-json\/wp\/v2\/pages\/11045\/revisions\/11164"}],"up":[{"embeddable":true,"href":"https:\/\/serveiseducatius.xtec.cat\/pallars\/wp-json\/wp\/v2\/pages\/17683"}],"wp:attachment":[{"href":"https:\/\/serveiseducatius.xtec.cat\/pallars\/wp-json\/wp\/v2\/media?parent=11045"}],"curies":[{"name":"wp","href":"https:\/\/api.w.org\/{rel}","templated":true}]}}