{"id":10984,"date":"2019-01-31T13:46:01","date_gmt":"2019-01-31T12:46:01","guid":{"rendered":"http:\/\/serveiseducatius.xtec.cat\/pallars\/?page_id=10984"},"modified":"2022-02-09T09:59:21","modified_gmt":"2022-02-09T08:59:21","slug":"febrer-2019","status":"publish","type":"page","link":"https:\/\/serveiseducatius.xtec.cat\/pallars\/full-informatiu\/fulls-informatius-anteriors\/febrer-2019\/","title":{"rendered":"Febrer 2019"},"content":{"rendered":"<p>&nbsp;<\/p>\n<table style=\"height: 335px; border-style: none; width: 776px;\" border=\"0\" width=\"776\">\n<tbody>\n<tr style=\"height: 142px;\">\n<td style=\"width: 258.167px; height: 142px; border-style: none; background-color: #f5eadf;\" scope=\"row\" height=\"124\">\u00a0<a href=\"https:\/\/serveiseducatius.xtec.cat\/pallars\/wp-content\/uploads\/usu1099\/2019\/01\/jornada-orientaci\u00f3-full-informatiu.jpg\"><img loading=\"lazy\" decoding=\"async\" class=\"alignnone size-full wp-image-11000\" src=\"https:\/\/serveiseducatius.xtec.cat\/pallars\/wp-content\/uploads\/usu1099\/2019\/01\/jornada-orientaci\u00f3-full-informatiu.jpg\" alt=\"\" width=\"222\" height=\"122\" \/><\/a><\/td>\n<td style=\"width: 252.483px; height: 142px; border-style: none;\" align=\"center\"><a href=\"https:\/\/serveiseducatius.xtec.cat\/pallars\/wp-content\/uploads\/usu1099\/2019\/01\/robots-edison-full-informatiu.jpg\"><img loading=\"lazy\" decoding=\"async\" class=\"alignnone size-full wp-image-11001\" src=\"https:\/\/serveiseducatius.xtec.cat\/pallars\/wp-content\/uploads\/usu1099\/2019\/01\/robots-edison-full-informatiu.jpg\" alt=\"\" width=\"222\" height=\"122\" \/><\/a><\/td>\n<td style=\"width: 255.35px; height: 142px; border-style: none; background-color: #f5eadf;\">\u00a0<a href=\"https:\/\/serveiseducatius.xtec.cat\/pallars\/wp-content\/uploads\/usu1099\/2019\/01\/som-idees-full-informatiu.png\"><img loading=\"lazy\" decoding=\"async\" class=\"alignnone size-full wp-image-11004\" src=\"https:\/\/serveiseducatius.xtec.cat\/pallars\/wp-content\/uploads\/usu1099\/2019\/01\/som-idees-full-informatiu.png\" alt=\"\" width=\"222\" height=\"122\" \/><\/a><\/td>\n<\/tr>\n<tr style=\"height: 49px;\">\n<td style=\"width: 258.167px; height: 49px; border-style: none; background-color: #f5eadf; text-align: center;\" scope=\"row\" height=\"21\"><strong>Dimecres 6 de febrer de 2019<\/strong><br \/>\n<strong><a href=\"https:\/\/serveiseducatius.xtec.cat\/pallars\/general\/jornada-dorientacio\/\">M\u00e9s Informaci\u00f3<\/a><\/strong><\/td>\n<td style=\"width: 252.483px; height: 49px; text-align: center; border-style: none;\"><strong>Novetat rob\u00f2tica: Robots Edison<br \/>\n<a href=\"https:\/\/serveiseducatius.xtec.cat\/pallars\/general\/novetat-robots-edison\/\">M\u00e9s informaci\u00f3<\/a><\/strong><\/td>\n<td style=\"width: 255.35px; height: 49px; border-style: none; background-color: #f5eadf; text-align: center;\"><a href=\"https:\/\/serveiseducatius.xtec.cat\/pallars\/general\/concurs-som-idees\/\"><strong>\u00a0M\u00e9s informaci\u00f3<\/strong><\/a><\/td>\n<\/tr>\n<tr style=\"height: 33px;\">\n<td style=\"width: 258.167px; height: 33px; border-style: none;\" scope=\"row\">\u00a0<a href=\"https:\/\/serveiseducatius.xtec.cat\/pallars\/wp-content\/uploads\/usu1099\/2019\/01\/el-front-del-pallars.jpg\"><img loading=\"lazy\" decoding=\"async\" class=\"alignnone size-full wp-image-11011\" src=\"https:\/\/serveiseducatius.xtec.cat\/pallars\/wp-content\/uploads\/usu1099\/2019\/01\/el-front-del-pallars.jpg\" alt=\"\" width=\"222\" height=\"122\" \/><\/a><\/td>\n<td style=\"width: 252.483px; height: 33px; border-style: none; background-color: #f5eadf;\">\u00a0<a href=\"https:\/\/serveiseducatius.xtec.cat\/pallars\/wp-content\/uploads\/usu1099\/2019\/01\/jocs-florals-full-informatiu.jpg\"><img loading=\"lazy\" decoding=\"async\" class=\"alignnone size-full wp-image-11002\" src=\"https:\/\/serveiseducatius.xtec.cat\/pallars\/wp-content\/uploads\/usu1099\/2019\/01\/jocs-florals-full-informatiu.jpg\" alt=\"\" width=\"222\" height=\"122\" \/><\/a><\/td>\n<td style=\"width: 255.35px; height: 33px; border-style: none;\">\u00a0<a href=\"https:\/\/serveiseducatius.xtec.cat\/pallars\/wp-content\/uploads\/usu1099\/2019\/01\/angles-full-informatiu.jpg\"><img loading=\"lazy\" decoding=\"async\" class=\"alignnone size-full wp-image-11006\" src=\"https:\/\/serveiseducatius.xtec.cat\/pallars\/wp-content\/uploads\/usu1099\/2019\/01\/angles-full-informatiu.jpg\" alt=\"\" width=\"222\" height=\"122\" \/><\/a><\/td>\n<\/tr>\n<tr style=\"height: 33px;\">\n<td style=\"width: 258.167px; height: 33px; border-style: none; text-align: center;\" scope=\"row\" height=\"21\"><strong>Presentaci\u00f3 recurs did\u00e0ctic: El front del Pallars. <a href=\"https:\/\/serveiseducatius.xtec.cat\/pallars\/?p=11013&amp;preview=true\">M\u00e9s informaci\u00f3<\/a><br \/>\n<\/strong><\/td>\n<td style=\"width: 252.483px; height: 33px; border-style: none; background-color: #f5eadf; text-align: center;\"><strong><a href=\"https:\/\/serveiseducatius.xtec.cat\/pallars\/general\/vi-jocs-florals-escolars-de-catalunya\/\">M\u00e9s informaci\u00f3<\/a>\u00a0<\/strong><strong><br \/>\n<\/strong><\/td>\n<td style=\"width: 255.35px; height: 33px; border-style: none; text-align: center;\"><b>12\u00e8 Concurs<\/b>\u00a0<b>d&#8217;Angl\u00e8s Interescolar de Catalunya,\u00a0<span class=\"m_8127664239035265074m5643604696601384414m6224337051570859255m-238718127457646435gmail-m4912717889518905540gmail-m-1345901004284666273gmail-m-3166308732687202487gmail-il\">The<\/span>\u00a0<span class=\"m_8127664239035265074m5643604696601384414m6224337051570859255m-238718127457646435gmail-m4912717889518905540gmail-m-1345901004284666273gmail-m-3166308732687202487gmail-il\">Fonix<\/span>\u00a02019.<br \/>\n<a href=\"http:\/\/the-fonix.org\/\">M\u00e9s informaci\u00f3<\/a><\/b><\/td>\n<\/tr>\n<tr style=\"height: 33px;\">\n<td style=\"width: 258.167px; height: 33px; border-style: none; background-color: #f5eadf;\" scope=\"row\">\u00a0<a href=\"https:\/\/serveiseducatius.xtec.cat\/pallars\/wp-content\/uploads\/usu1099\/2019\/01\/maleta-logo.png\"><img loading=\"lazy\" decoding=\"async\" class=\"alignnone size-full wp-image-11048\" src=\"https:\/\/serveiseducatius.xtec.cat\/pallars\/wp-content\/uploads\/usu1099\/2019\/01\/maleta-logo.png\" alt=\"\" width=\"222\" height=\"122\" \/><\/a><\/td>\n<td style=\"width: 252.483px; height: 33px; border-style: none;\">\u00a0<a href=\"https:\/\/serveiseducatius.xtec.cat\/pallars\/wp-content\/uploads\/usu1099\/2019\/01\/yomo_2019_logo_CA.png\"><img loading=\"lazy\" decoding=\"async\" class=\"alignnone size-full wp-image-11041\" src=\"https:\/\/serveiseducatius.xtec.cat\/pallars\/wp-content\/uploads\/usu1099\/2019\/01\/yomo_2019_logo_CA.png\" alt=\"\" width=\"222\" height=\"122\" \/><\/a><\/td>\n<td style=\"width: 255.35px; height: 33px; border-style: none; background-color: #f5eadf;\">\u00a0<a href=\"https:\/\/serveiseducatius.xtec.cat\/pallars\/wp-content\/uploads\/usu1099\/2019\/01\/Esero-full-informatiu.jpg\"><img loading=\"lazy\" decoding=\"async\" class=\"alignnone size-full wp-image-11008\" src=\"https:\/\/serveiseducatius.xtec.cat\/pallars\/wp-content\/uploads\/usu1099\/2019\/01\/Esero-full-informatiu.jpg\" alt=\"\" width=\"222\" height=\"122\" \/><\/a><\/td>\n<\/tr>\n<tr style=\"height: 33px;\">\n<td style=\"width: 258.167px; height: 33px; border-style: none; background-color: #f5eadf; text-align: center;\" scope=\"row\">\n<p class=\"post-title\"><a href=\"https:\/\/serveiseducatius.xtec.cat\/pallars\/general\/maleta-pedagogica-prevencio-de-les-dificultats-de-parla-i-llenguatge-a-lescola\/\"><strong>M\u00e9s informaci\u00f3<\/strong><\/a><\/p>\n<\/td>\n<td style=\"width: 252.483px; height: 33px; border-style: none; text-align: center;\">Ci\u00e8ncia + Tecnologia s&#8217;uneix al m\u00f2bil.<strong><a href=\"https:\/\/www.mwcyomo.com\/ca\/\"> M\u00e9s informaci\u00f3<\/a><br \/>\n<\/strong><\/td>\n<td style=\"width: 255.35px; height: 33px; border-style: none; background-color: #f5eadf; text-align: center;\">\u00a0<strong>De l&#8217;espai a l&#8217;aula.<\/strong>Projecte de l\u2019ESA per a donar suport a l\u2019educaci\u00f3 de la Ci\u00e8ncia i Tecnologia a prim\u00e0ria i secund\u00e0ria.<strong> <a href=\"http:\/\/esero.es\/\">M\u00e9s informaci\u00f3<\/a><\/strong><\/td>\n<\/tr>\n<\/tbody>\n<\/table>\n","protected":false},"excerpt":{"rendered":"<p>&nbsp; \u00a0 \u00a0 Dimecres 6 de febrer de 2019 M\u00e9s Informaci\u00f3 Novetat rob\u00f2tica: Robots Edison M\u00e9s informaci\u00f3 \u00a0M\u00e9s informaci\u00f3 \u00a0 [&hellip;]<\/p>\n","protected":false},"author":1,"featured_media":0,"parent":17683,"menu_order":2,"comment_status":"closed","ping_status":"closed","template":"page-templates\/side-menu.php","meta":{"_bbp_topic_count":0,"_bbp_reply_count":0,"_bbp_total_topic_count":0,"_bbp_total_reply_count":0,"_bbp_voice_count":0,"_bbp_anonymous_reply_count":0,"_bbp_topic_count_hidden":0,"_bbp_reply_count_hidden":0,"_bbp_forum_subforum_count":0,"site-sidebar-layout":"default","site-content-layout":"","ast-site-content-layout":"","site-content-style":"default","site-sidebar-style":"default","ast-global-header-display":"","ast-banner-title-visibility":"","ast-main-header-display":"","ast-hfb-above-header-display":"","ast-hfb-below-header-display":"","ast-hfb-mobile-header-display":"","site-post-title":"","ast-breadcrumbs-content":"","ast-featured-img":"","footer-sml-layout":"","theme-transparent-header-meta":"","adv-header-id-meta":"","stick-header-meta":"","header-above-stick-meta":"","header-main-stick-meta":"","header-below-stick-meta":"","astra-migrate-meta-layouts":"default","ast-page-background-enabled":"default","ast-page-background-meta":{"desktop":{"background-color":"var(--ast-global-color-4)","background-image":"","background-repeat":"repeat","background-position":"center center","background-size":"auto","background-attachment":"scroll","background-type":"","background-media":"","overlay-type":"","overlay-color":"","overlay-opacity":"","overlay-gradient":""},"tablet":{"background-color":"","background-image":"","background-repeat":"repeat","background-position":"center center","background-size":"auto","background-attachment":"scroll","background-type":"","background-media":"","overlay-type":"","overlay-color":"","overlay-opacity":"","overlay-gradient":""},"mobile":{"background-color":"","background-image":"","background-repeat":"repeat","background-position":"center center","background-size":"auto","background-attachment":"scroll","background-type":"","background-media":"","overlay-type":"","overlay-color":"","overlay-opacity":"","overlay-gradient":""}},"ast-content-background-meta":{"desktop":{"background-color":"var(--ast-global-color-5)","background-image":"","background-repeat":"repeat","background-position":"center center","background-size":"auto","background-attachment":"scroll","background-type":"","background-media":"","overlay-type":"","overlay-color":"","overlay-opacity":"","overlay-gradient":""},"tablet":{"background-color":"var(--ast-global-color-5)","background-image":"","background-repeat":"repeat","background-position":"center center","background-size":"auto","background-attachment":"scroll","background-type":"","background-media":"","overlay-type":"","overlay-color":"","overlay-opacity":"","overlay-gradient":""},"mobile":{"background-color":"var(--ast-global-color-5)","background-image":"","background-repeat":"repeat","background-position":"center center","background-size":"auto","background-attachment":"scroll","background-type":"","background-media":"","overlay-type":"","overlay-color":"","overlay-opacity":"","overlay-gradient":""}},"footnotes":""},"class_list":["post-10984","page","type-page","status-publish","hentry"],"post_mailing_queue_ids":[],"_links":{"self":[{"href":"https:\/\/serveiseducatius.xtec.cat\/pallars\/wp-json\/wp\/v2\/pages\/10984","targetHints":{"allow":["GET"]}}],"collection":[{"href":"https:\/\/serveiseducatius.xtec.cat\/pallars\/wp-json\/wp\/v2\/pages"}],"about":[{"href":"https:\/\/serveiseducatius.xtec.cat\/pallars\/wp-json\/wp\/v2\/types\/page"}],"author":[{"embeddable":true,"href":"https:\/\/serveiseducatius.xtec.cat\/pallars\/wp-json\/wp\/v2\/users\/1"}],"replies":[{"embeddable":true,"href":"https:\/\/serveiseducatius.xtec.cat\/pallars\/wp-json\/wp\/v2\/comments?post=10984"}],"version-history":[{"count":4,"href":"https:\/\/serveiseducatius.xtec.cat\/pallars\/wp-json\/wp\/v2\/pages\/10984\/revisions"}],"predecessor-version":[{"id":11058,"href":"https:\/\/serveiseducatius.xtec.cat\/pallars\/wp-json\/wp\/v2\/pages\/10984\/revisions\/11058"}],"up":[{"embeddable":true,"href":"https:\/\/serveiseducatius.xtec.cat\/pallars\/wp-json\/wp\/v2\/pages\/17683"}],"wp:attachment":[{"href":"https:\/\/serveiseducatius.xtec.cat\/pallars\/wp-json\/wp\/v2\/media?parent=10984"}],"curies":[{"name":"wp","href":"https:\/\/api.w.org\/{rel}","templated":true}]}}