{"id":10705,"date":"2018-12-11T12:15:22","date_gmt":"2018-12-11T11:15:22","guid":{"rendered":"http:\/\/serveiseducatius.xtec.cat\/pallars\/?page_id=10705"},"modified":"2022-02-09T10:54:38","modified_gmt":"2022-02-09T09:54:38","slug":"desembre-2018","status":"publish","type":"page","link":"https:\/\/serveiseducatius.xtec.cat\/pallars\/full-informatiu\/fulls-informatius-2018\/desembre-2018\/","title":{"rendered":"Desembre 2018"},"content":{"rendered":"<p>12<\/p>\n<table style=\"height: 335px; border-style: none; width: 776px;\" border=\"0\" width=\"776\">\n<tbody>\n<tr style=\"height: 142px;\">\n<td style=\"width: 258.167px; height: 142px; border-style: none; background-color: #f5eadf;\" scope=\"row\" height=\"124\"><a href=\"https:\/\/serveiseducatius.xtec.cat\/pallars\/wp-content\/uploads\/usu1099\/2018\/12\/teatre.png\"><img loading=\"lazy\" decoding=\"async\" class=\"alignnone size-full wp-image-10744\" src=\"https:\/\/serveiseducatius.xtec.cat\/pallars\/wp-content\/uploads\/usu1099\/2018\/12\/teatre.png\" alt=\"\" width=\"222\" height=\"122\" \/><\/a><\/td>\n<td style=\"width: 252.483px; height: 142px; border-style: none;\" align=\"center\"><a href=\"https:\/\/serveiseducatius.xtec.cat\/pallars\/wp-content\/uploads\/usu1099\/2018\/12\/novetats-web.png\"><img loading=\"lazy\" decoding=\"async\" class=\"alignnone size-full wp-image-10723\" src=\"https:\/\/serveiseducatius.xtec.cat\/pallars\/wp-content\/uploads\/usu1099\/2018\/12\/novetats-web.png\" alt=\"\" width=\"222\" height=\"122\" \/><\/a><\/td>\n<td style=\"width: 255.35px; height: 142px; border-style: none; background-color: #f5eadf;\"><a href=\"https:\/\/serveiseducatius.xtec.cat\/pallars\/wp-content\/uploads\/usu1099\/2018\/12\/twuiter-se.png\"><img loading=\"lazy\" decoding=\"async\" class=\"size-full wp-image-10724 alignleft\" src=\"https:\/\/serveiseducatius.xtec.cat\/pallars\/wp-content\/uploads\/usu1099\/2018\/12\/twuiter-se.png\" alt=\"\" width=\"222\" height=\"122\" \/><\/a><\/td>\n<\/tr>\n<tr style=\"height: 49px;\">\n<td style=\"width: 258.167px; height: 49px; border-style: none; background-color: #f5eadf; text-align: center;\" scope=\"row\" height=\"21\"><a href=\"https:\/\/serveiseducatius.xtec.cat\/pallars\/general\/jussaeducacio-teatre-en-angles-3\/\"><strong>Teatre angl\u00e8s Secund\u00e0ria<\/strong><\/a><\/td>\n<td style=\"width: 252.483px; height: 49px; text-align: center; border-style: none;\"><strong>Novetats: <a href=\"https:\/\/serveiseducatius.xtec.cat\/pallars\/categoria\/conferencies-videos\/\">Confer\u00e8ncies<\/a>, <a href=\"https:\/\/serveiseducatius.xtec.cat\/pallars\/categoria\/formacio\/materials-de-formacio\/\">materials de formaci\u00f3 i<\/a> <a href=\"https:\/\/serveiseducatius.xtec.cat\/pallars\/categoria\/la-radio-a-lescola\/\">la r\u00e0dio a l&#8217;escola<\/a><br \/>\n<\/strong><\/td>\n<td style=\"width: 255.35px; height: 49px; border-style: none; background-color: #f5eadf; text-align: center;\"><a href=\"https:\/\/twitter.com\/SEPallars\"><strong>Twitter<\/strong><\/a><\/td>\n<\/tr>\n<tr style=\"height: 33px;\">\n<td style=\"width: 258.167px; height: 33px; border-style: none;\" scope=\"row\"><a href=\"https:\/\/serveiseducatius.xtec.cat\/pallars\/wp-content\/uploads\/usu1099\/2018\/12\/relats-whatsapp.png\"><img loading=\"lazy\" decoding=\"async\" class=\"alignnone size-full wp-image-10725\" src=\"https:\/\/serveiseducatius.xtec.cat\/pallars\/wp-content\/uploads\/usu1099\/2018\/12\/relats-whatsapp.png\" alt=\"\" width=\"222\" height=\"122\" \/><\/a><\/td>\n<td style=\"width: 252.483px; height: 33px; border-style: none; background-color: #f5eadf;\"><a href=\"https:\/\/serveiseducatius.xtec.cat\/pallars\/wp-content\/uploads\/usu1099\/2018\/12\/Gust-per-la-lectura.png\"><img loading=\"lazy\" decoding=\"async\" class=\"alignnone size-full wp-image-10726\" src=\"https:\/\/serveiseducatius.xtec.cat\/pallars\/wp-content\/uploads\/usu1099\/2018\/12\/Gust-per-la-lectura.png\" alt=\"\" width=\"222\" height=\"122\" \/><\/a><\/td>\n<td style=\"width: 255.35px; height: 33px; border-style: none;\"><a href=\"https:\/\/serveiseducatius.xtec.cat\/pallars\/wp-content\/uploads\/usu1099\/2018\/12\/concurs-bbva.png\"><img loading=\"lazy\" decoding=\"async\" class=\"alignnone size-full wp-image-10727\" src=\"https:\/\/serveiseducatius.xtec.cat\/pallars\/wp-content\/uploads\/usu1099\/2018\/12\/concurs-bbva.png\" alt=\"\" width=\"222\" height=\"122\" \/><\/a><\/td>\n<\/tr>\n<tr style=\"height: 33px;\">\n<td style=\"width: 258.167px; height: 33px; border-style: none; text-align: center;\" scope=\"row\" height=\"21\"><strong><a href=\"https:\/\/blocs.mesvilaweb.cat\/llibredelpirineu\/\">Concurs de microrelats 2019 de l&#8217;Alt Pirineu, Aran i Andorra<\/a><br \/>\n<\/strong><\/td>\n<td style=\"width: 252.483px; height: 33px; border-style: none; background-color: #f5eadf; text-align: center;\"><a href=\"http:\/\/xtec.gencat.cat\/ca\/projectes\/lectura\/gustperlalectura\/concurs\/\"><strong>Informaci\u00f3<\/strong><\/a><\/td>\n<td style=\"width: 255.35px; height: 33px; border-style: none; text-align: center;\"><a href=\"https:\/\/www.fcaixescatalanes.cat\/premi\/concurs-bbva-de-dibuix-escolar\/\"><span style=\"font-family: helvetica, arial, sans-serif;\"> <strong>Concurs de dibuix BBVA Informaci\u00f3 i bases<\/strong><\/span><\/a><\/td>\n<\/tr>\n<tr style=\"height: 33px;\">\n<td style=\"width: 258.167px; height: 33px; border-style: none; background-color: #f5eadf;\" scope=\"row\"><a href=\"https:\/\/serveiseducatius.xtec.cat\/pallars\/wp-content\/uploads\/usu1099\/2018\/12\/butlleti-digital.png\"><img loading=\"lazy\" decoding=\"async\" class=\"alignnone size-full wp-image-10728\" src=\"https:\/\/serveiseducatius.xtec.cat\/pallars\/wp-content\/uploads\/usu1099\/2018\/12\/butlleti-digital.png\" alt=\"\" width=\"222\" height=\"105\" \/><\/a><\/td>\n<td style=\"width: 252.483px; height: 33px; border-style: none;\"><a href=\"https:\/\/serveiseducatius.xtec.cat\/pallars\/wp-content\/uploads\/usu1099\/2018\/12\/Rubrica-per-canvi.png\"><img loading=\"lazy\" decoding=\"async\" class=\"alignnone size-full wp-image-10729\" src=\"https:\/\/serveiseducatius.xtec.cat\/pallars\/wp-content\/uploads\/usu1099\/2018\/12\/Rubrica-per-canvi.png\" alt=\"\" width=\"222\" height=\"122\" \/><\/a><\/td>\n<td style=\"width: 255.35px; height: 33px; border-style: none; background-color: #f5eadf;\"><a href=\"https:\/\/serveiseducatius.xtec.cat\/pallars\/wp-content\/uploads\/usu1099\/2018\/12\/maletes-museu-maritim.png\"><img loading=\"lazy\" decoding=\"async\" class=\"alignnone size-full wp-image-10730\" src=\"https:\/\/serveiseducatius.xtec.cat\/pallars\/wp-content\/uploads\/usu1099\/2018\/12\/maletes-museu-maritim.png\" alt=\"\" width=\"222\" height=\"122\" \/><\/a><\/td>\n<\/tr>\n<tr style=\"height: 33px;\">\n<td style=\"width: 258.167px; height: 33px; border-style: none; background-color: #f5eadf; text-align: center;\" scope=\"row\"><a href=\"https:\/\/sites.google.com\/a\/xtec.cat\/butlleti-bdr\/\"><strong>Banc de recursos digitals<\/strong><\/a><\/td>\n<td style=\"width: 252.483px; height: 33px; border-style: none; text-align: center;\"><strong><a href=\"http:\/\/rubricadecanvi.cat\/intro\"><b>M\u00e9s informaci\u00f3<\/b><\/a><br \/>\n<\/strong><\/td>\n<td style=\"width: 255.35px; height: 33px; border-style: none; background-color: #f5eadf; text-align: center;\"><a href=\"http:\/\/mmb.cat\/aprendre\/museu-i-escola\/\"><strong>Maletes Museu Mar\u00edtm de Barcelona<\/strong><\/a><\/td>\n<\/tr>\n<\/tbody>\n<\/table>\n","protected":false},"excerpt":{"rendered":"<p>12 Teatre angl\u00e8s Secund\u00e0ria Novetats: Confer\u00e8ncies, materials de formaci\u00f3 i la r\u00e0dio a l&#8217;escola Twitter Concurs de microrelats 2019 de [&hellip;]<\/p>\n","protected":false},"author":1,"featured_media":0,"parent":17691,"menu_order":12,"comment_status":"closed","ping_status":"closed","template":"page-templates\/side-menu.php","meta":{"_bbp_topic_count":0,"_bbp_reply_count":0,"_bbp_total_topic_count":0,"_bbp_total_reply_count":0,"_bbp_voice_count":0,"_bbp_anonymous_reply_count":0,"_bbp_topic_count_hidden":0,"_bbp_reply_count_hidden":0,"_bbp_forum_subforum_count":0,"site-sidebar-layout":"default","site-content-layout":"","ast-site-content-layout":"","site-content-style":"default","site-sidebar-style":"default","ast-global-header-display":"","ast-banner-title-visibility":"","ast-main-header-display":"","ast-hfb-above-header-display":"","ast-hfb-below-header-display":"","ast-hfb-mobile-header-display":"","site-post-title":"","ast-breadcrumbs-content":"","ast-featured-img":"","footer-sml-layout":"","theme-transparent-header-meta":"","adv-header-id-meta":"","stick-header-meta":"","header-above-stick-meta":"","header-main-stick-meta":"","header-below-stick-meta":"","astra-migrate-meta-layouts":"default","ast-page-background-enabled":"default","ast-page-background-meta":{"desktop":{"background-color":"var(--ast-global-color-4)","background-image":"","background-repeat":"repeat","background-position":"center center","background-size":"auto","background-attachment":"scroll","background-type":"","background-media":"","overlay-type":"","overlay-color":"","overlay-opacity":"","overlay-gradient":""},"tablet":{"background-color":"","background-image":"","background-repeat":"repeat","background-position":"center center","background-size":"auto","background-attachment":"scroll","background-type":"","background-media":"","overlay-type":"","overlay-color":"","overlay-opacity":"","overlay-gradient":""},"mobile":{"background-color":"","background-image":"","background-repeat":"repeat","background-position":"center center","background-size":"auto","background-attachment":"scroll","background-type":"","background-media":"","overlay-type":"","overlay-color":"","overlay-opacity":"","overlay-gradient":""}},"ast-content-background-meta":{"desktop":{"background-color":"var(--ast-global-color-5)","background-image":"","background-repeat":"repeat","background-position":"center center","background-size":"auto","background-attachment":"scroll","background-type":"","background-media":"","overlay-type":"","overlay-color":"","overlay-opacity":"","overlay-gradient":""},"tablet":{"background-color":"var(--ast-global-color-5)","background-image":"","background-repeat":"repeat","background-position":"center center","background-size":"auto","background-attachment":"scroll","background-type":"","background-media":"","overlay-type":"","overlay-color":"","overlay-opacity":"","overlay-gradient":""},"mobile":{"background-color":"var(--ast-global-color-5)","background-image":"","background-repeat":"repeat","background-position":"center center","background-size":"auto","background-attachment":"scroll","background-type":"","background-media":"","overlay-type":"","overlay-color":"","overlay-opacity":"","overlay-gradient":""}},"footnotes":""},"class_list":["post-10705","page","type-page","status-publish","hentry"],"post_mailing_queue_ids":[],"_links":{"self":[{"href":"https:\/\/serveiseducatius.xtec.cat\/pallars\/wp-json\/wp\/v2\/pages\/10705","targetHints":{"allow":["GET"]}}],"collection":[{"href":"https:\/\/serveiseducatius.xtec.cat\/pallars\/wp-json\/wp\/v2\/pages"}],"about":[{"href":"https:\/\/serveiseducatius.xtec.cat\/pallars\/wp-json\/wp\/v2\/types\/page"}],"author":[{"embeddable":true,"href":"https:\/\/serveiseducatius.xtec.cat\/pallars\/wp-json\/wp\/v2\/users\/1"}],"replies":[{"embeddable":true,"href":"https:\/\/serveiseducatius.xtec.cat\/pallars\/wp-json\/wp\/v2\/comments?post=10705"}],"version-history":[{"count":3,"href":"https:\/\/serveiseducatius.xtec.cat\/pallars\/wp-json\/wp\/v2\/pages\/10705\/revisions"}],"predecessor-version":[{"id":17693,"href":"https:\/\/serveiseducatius.xtec.cat\/pallars\/wp-json\/wp\/v2\/pages\/10705\/revisions\/17693"}],"up":[{"embeddable":true,"href":"https:\/\/serveiseducatius.xtec.cat\/pallars\/wp-json\/wp\/v2\/pages\/17691"}],"wp:attachment":[{"href":"https:\/\/serveiseducatius.xtec.cat\/pallars\/wp-json\/wp\/v2\/media?parent=10705"}],"curies":[{"name":"wp","href":"https:\/\/api.w.org\/{rel}","templated":true}]}}