{"id":10445,"date":"2018-10-23T12:43:44","date_gmt":"2018-10-23T10:43:44","guid":{"rendered":"http:\/\/serveiseducatius.xtec.cat\/pallars\/?page_id=10445"},"modified":"2024-02-07T18:54:38","modified_gmt":"2024-02-07T17:54:38","slug":"maletes-pedagogiques-de-lectura","status":"publish","type":"page","link":"https:\/\/serveiseducatius.xtec.cat\/pallars\/dinamitzacio\/llengua\/pallarslector\/maletes-pedagogiques-de-lectura\/","title":{"rendered":"Maletes pedag\u00f2giques de lectura"},"content":{"rendered":"<p>En aquesta p\u00e0gina podreu trobar totes les maletes pedag\u00f2giques de lectura que actualment tenim disponibles per les nostres comarques.\u00a0<a href=\"https:\/\/serveiseducatius.xtec.cat\/pallars\/wp-content\/uploads\/usu1099\/2018\/10\/blur-books-close-up-159866.jpg\"><img loading=\"lazy\" decoding=\"async\" class=\"wp-image-10427 alignright\" src=\"https:\/\/serveiseducatius.xtec.cat\/pallars\/wp-content\/uploads\/usu1099\/2018\/10\/blur-books-close-up-159866.jpg\" alt=\"\" width=\"319\" height=\"214\" srcset=\"https:\/\/serveiseducatius.xtec.cat\/pallars\/wp-content\/uploads\/usu1099\/2018\/10\/blur-books-close-up-159866.jpg 4754w, https:\/\/serveiseducatius.xtec.cat\/pallars\/wp-content\/uploads\/usu1099\/2018\/10\/blur-books-close-up-159866-300x201.jpg 300w, https:\/\/serveiseducatius.xtec.cat\/pallars\/wp-content\/uploads\/usu1099\/2018\/10\/blur-books-close-up-159866-768x515.jpg 768w, https:\/\/serveiseducatius.xtec.cat\/pallars\/wp-content\/uploads\/usu1099\/2018\/10\/blur-books-close-up-159866-1024x687.jpg 1024w\" sizes=\"auto, (max-width: 319px) 100vw, 319px\" \/><\/a><\/p>\n<p><a href=\"https:\/\/serveiseducatius.xtec.cat\/pallars\/recursos\/maletes-pedagogiques\/maleta-de-lectura-educacio-infantil\/\">Maleta pedag\u00f2gica de lectura Educaci\u00f3 Infantil<\/a><\/p>\n<p><a href=\"https:\/\/serveiseducatius.xtec.cat\/pallars\/recursos\/maletes-pedagogiques\/maleta-de-lectura-educacio-primaria\/\">Maleta pedag\u00f2gica de lectura Educaci\u00f3 Prim\u00e0ria<\/a><\/p>\n<p><a href=\"https:\/\/serveiseducatius.xtec.cat\/pallars\/recursos\/maletes-pedagogiques\/maleta-de-lectura-educacio-secundaria\/\">Maleta pedag\u00f2gica de lectura Educaci\u00f3 Secund\u00e0ria<\/a><\/p>\n","protected":false},"excerpt":{"rendered":"<p>En aquesta p\u00e0gina podreu trobar totes les maletes pedag\u00f2giques de lectura que actualment tenim disponibles per les nostres comarques.\u00a0 Maleta [&hellip;]<\/p>\n","protected":false},"author":1,"featured_media":0,"parent":20594,"menu_order":3,"comment_status":"closed","ping_status":"closed","template":"page-templates\/side-menu.php","meta":{"_bbp_topic_count":0,"_bbp_reply_count":0,"_bbp_total_topic_count":0,"_bbp_total_reply_count":0,"_bbp_voice_count":0,"_bbp_anonymous_reply_count":0,"_bbp_topic_count_hidden":0,"_bbp_reply_count_hidden":0,"_bbp_forum_subforum_count":0,"site-sidebar-layout":"default","site-content-layout":"","ast-site-content-layout":"","site-content-style":"default","site-sidebar-style":"default","ast-global-header-display":"","ast-banner-title-visibility":"","ast-main-header-display":"","ast-hfb-above-header-display":"","ast-hfb-below-header-display":"","ast-hfb-mobile-header-display":"","site-post-title":"","ast-breadcrumbs-content":"","ast-featured-img":"","footer-sml-layout":"","theme-transparent-header-meta":"","adv-header-id-meta":"","stick-header-meta":"","header-above-stick-meta":"","header-main-stick-meta":"","header-below-stick-meta":"","astra-migrate-meta-layouts":"default","ast-page-background-enabled":"default","ast-page-background-meta":{"desktop":{"background-color":"var(--ast-global-color-4)","background-image":"","background-repeat":"repeat","background-position":"center center","background-size":"auto","background-attachment":"scroll","background-type":"","background-media":"","overlay-type":"","overlay-color":"","overlay-opacity":"","overlay-gradient":""},"tablet":{"background-color":"","background-image":"","background-repeat":"repeat","background-position":"center center","background-size":"auto","background-attachment":"scroll","background-type":"","background-media":"","overlay-type":"","overlay-color":"","overlay-opacity":"","overlay-gradient":""},"mobile":{"background-color":"","background-image":"","background-repeat":"repeat","background-position":"center center","background-size":"auto","background-attachment":"scroll","background-type":"","background-media":"","overlay-type":"","overlay-color":"","overlay-opacity":"","overlay-gradient":""}},"ast-content-background-meta":{"desktop":{"background-color":"var(--ast-global-color-5)","background-image":"","background-repeat":"repeat","background-position":"center center","background-size":"auto","background-attachment":"scroll","background-type":"","background-media":"","overlay-type":"","overlay-color":"","overlay-opacity":"","overlay-gradient":""},"tablet":{"background-color":"var(--ast-global-color-5)","background-image":"","background-repeat":"repeat","background-position":"center center","background-size":"auto","background-attachment":"scroll","background-type":"","background-media":"","overlay-type":"","overlay-color":"","overlay-opacity":"","overlay-gradient":""},"mobile":{"background-color":"var(--ast-global-color-5)","background-image":"","background-repeat":"repeat","background-position":"center center","background-size":"auto","background-attachment":"scroll","background-type":"","background-media":"","overlay-type":"","overlay-color":"","overlay-opacity":"","overlay-gradient":""}},"footnotes":""},"class_list":["post-10445","page","type-page","status-publish","hentry"],"post_mailing_queue_ids":[],"_links":{"self":[{"href":"https:\/\/serveiseducatius.xtec.cat\/pallars\/wp-json\/wp\/v2\/pages\/10445","targetHints":{"allow":["GET"]}}],"collection":[{"href":"https:\/\/serveiseducatius.xtec.cat\/pallars\/wp-json\/wp\/v2\/pages"}],"about":[{"href":"https:\/\/serveiseducatius.xtec.cat\/pallars\/wp-json\/wp\/v2\/types\/page"}],"author":[{"embeddable":true,"href":"https:\/\/serveiseducatius.xtec.cat\/pallars\/wp-json\/wp\/v2\/users\/1"}],"replies":[{"embeddable":true,"href":"https:\/\/serveiseducatius.xtec.cat\/pallars\/wp-json\/wp\/v2\/comments?post=10445"}],"version-history":[{"count":2,"href":"https:\/\/serveiseducatius.xtec.cat\/pallars\/wp-json\/wp\/v2\/pages\/10445\/revisions"}],"predecessor-version":[{"id":10447,"href":"https:\/\/serveiseducatius.xtec.cat\/pallars\/wp-json\/wp\/v2\/pages\/10445\/revisions\/10447"}],"up":[{"embeddable":true,"href":"https:\/\/serveiseducatius.xtec.cat\/pallars\/wp-json\/wp\/v2\/pages\/20594"}],"wp:attachment":[{"href":"https:\/\/serveiseducatius.xtec.cat\/pallars\/wp-json\/wp\/v2\/media?parent=10445"}],"curies":[{"name":"wp","href":"https:\/\/api.w.org\/{rel}","templated":true}]}}