{"id":10359,"date":"2018-10-23T12:37:14","date_gmt":"2018-10-23T10:37:14","guid":{"rendered":"http:\/\/serveiseducatius.xtec.cat\/pallars\/?page_id=10359"},"modified":"2026-02-19T17:04:27","modified_gmt":"2026-02-19T16:04:27","slug":"activitats-associades-a-les-lectures","status":"publish","type":"page","link":"https:\/\/serveiseducatius.xtec.cat\/pallars\/dinamitzacio\/llengua\/pallarslector\/activitats-associades-a-les-lectures\/","title":{"rendered":"Activitats associades a les lectures"},"content":{"rendered":"<p style=\"text-align: justify;\">En el marc del Projecte<em> PallarsLector <\/em>s&#8217;han organitzat diferents activitats relacionades amb la lectura amb el m\u00f3n dels llibres:<\/p>\n<ul>\n<li style=\"list-style-type: none;\">\n<ul>\n<li>L&#8217;escriptora <strong>Muntsa Mim\u00f3\u00a0<\/strong>parlar\u00e0 amb l\u2019alumnat de <strong>2n de prim\u00e0ria <\/strong>del seu llibre &#8220;<em>Qu\u00e8 tens Miula?<\/em><em> &#8220;<\/em><\/li>\n<li>L\u2019alumnat de\u00a0<strong>3r de prim\u00e0ria<\/strong> realitzaran un taller<span class=\"a_GcMg font-feature-liga-off font-feature-clig-off font-feature-calt-off text-decoration-none text-strikethrough-none\">\u00a0d\u2019il\u00b7lustraci\u00f3 on una caixa misteriosa viatja pels centres dels Pallars i recull les creacions dels infants per construir un conte col\u00b7lectiu final.<\/span> <span class=\"C9DxTc \">, a c\u00e0rrec de\u00a0<\/span><strong><span class=\"C9DxTc \">Creixell Solduga.<\/span><\/strong><\/li>\n<li>Per l\u2019alumnat de\u00a0<strong>5\u00e8 de prim\u00e0ria<\/strong>\u00a0l\u2019escriptora\u00a0<strong>Ester Farran.\u00a0<\/strong><span class=\"C9DxTc \">Autora del llibre\u00a0<\/span><em><span class=\"C9DxTc \">Poca broma amb la xocolata<\/span><\/em><span class=\"C9DxTc \">. En aquesta activitat l\u2019autora compartir\u00e0 una estona amb l\u2019alumnat on comentaran el llibre i li podran fer preguntes.<\/span><\/li>\n<li>L\u2019activitat de\u00a0<strong>1r d\u2019ESO<\/strong> ser\u00e0 realitzada per <strong>\u00c0lex Pujols, d&#8217;eduglosa<\/strong>, ser\u00e0 un t<span class=\"a_GcMg font-feature-liga-off font-feature-clig-off font-feature-calt-off text-decoration-none text-strikethrough-none\">aller participatiu de glosa, on l\u2019alumnat descobrir\u00e0 que \u00e9s la glosa, els conceptes b\u00e0sics i la improvisaci\u00f3<\/span>.<\/li>\n<\/ul>\n<\/li>\n<\/ul>\n<p>El dia i hora de les activitats encara estan per concretar. Els centres rebran la informaci\u00f3 a trav\u00e9s d&#8217;un correu electr\u00f2nic.<\/p>\n<p style=\"text-align: justify;\"><span style=\"color: #a32c2c;\"><strong>Visita autors\/es a PRIM\u00c0RIA <\/strong><\/span><\/p>\n<figure class=\"wp-block-image alignright size-large is-resized\"><a href=\"https:\/\/serveiseducatius.xtec.cat\/pallars\/wp-content\/uploads\/usu1099\/2026\/02\/Santi-Serratosa.jpg\"><img loading=\"lazy\" decoding=\"async\" width=\"410\" height=\"1024\" class=\"wp-image-26735\" src=\"https:\/\/serveiseducatius.xtec.cat\/pallars\/wp-content\/uploads\/usu1099\/2026\/02\/Santi-Serratosa-410x1024.jpg\" alt=\"\" srcset=\"https:\/\/serveiseducatius.xtec.cat\/pallars\/wp-content\/uploads\/usu1099\/2026\/02\/Santi-Serratosa-410x1024.jpg 410w, https:\/\/serveiseducatius.xtec.cat\/pallars\/wp-content\/uploads\/usu1099\/2026\/02\/Santi-Serratosa-120x300.jpg 120w, https:\/\/serveiseducatius.xtec.cat\/pallars\/wp-content\/uploads\/usu1099\/2026\/02\/Santi-Serratosa-768x1920.jpg 768w, https:\/\/serveiseducatius.xtec.cat\/pallars\/wp-content\/uploads\/usu1099\/2026\/02\/Santi-Serratosa.jpg 800w\" sizes=\"auto, (max-width: 410px) 100vw, 410px\" \/><\/a><\/figure>\n<p style=\"text-align: justify;\"><span style=\"color: #a32c2c;\"><strong><\/strong><\/span><\/p>\n<table style=\"border-collapse: collapse; width: 53.7031%; height: 222px;\" border=\"1\">\n<tbody>\n<tr style=\"height: 32px;\">\n<td style=\"width: 20.3872%; background-color: #cbf3f0; height: 222px; text-align: center;\" rowspan=\"6\"><strong><span style=\"color: #a32c2c;\"><span style=\"color: #2c5b5e;\">Muntsa Mim\u00f3<\/span><br \/><\/span><\/strong>2n Cicle Inicial<br \/><strong><span style=\"color: #a32c2c;\"><span style=\"color: #2c5b5e;\"><br \/><\/span><\/span><\/strong><\/td>\n<td style=\"width: 30.4267%; text-align: center; height: 32px; background-color: #cbf3f0;\"><span style=\"color: #2c5b5e;\"><strong>Escola<\/strong><\/span><\/td>\n<td style=\"text-align: center; height: 32px; width: 59.0365%; background-color: #cbf3f0;\"><span style=\"color: #2c5b5e;\"><strong>Dia<br \/><\/strong><\/span><\/td>\n<\/tr>\n<tr style=\"height: 32px;\">\n<td style=\"width: 30.4267%; height: 37px;\">Escola La Closa<\/td>\n<td style=\"height: 37px; width: 59.0365%;\">20 de maig de 2026<\/td>\n<\/tr>\n<tr style=\"height: 32px;\">\n<td style=\"width: 30.4267%; height: 25px;\">Escola \u00c0ngel Seraf\u00ed Casanovas<\/td>\n<td style=\"height: 25px; width: 59.0365%;\">20 de maig de 2026<\/td>\n<\/tr>\n<tr style=\"height: 32px;\">\n<td style=\"width: 30.4267%; height: 32px;\">Col\u00b7legi M. Immaculada<\/td>\n<td style=\"height: 32px; width: 59.0365%;\">22 de maig de 2026<\/td>\n<\/tr>\n<tr style=\"height: 32px;\">\n<td style=\"width: 30.4267%; height: 32px;\">ZER Pallars Juss\u00e0<\/td>\n<td style=\"height: 32px; width: 59.0365%;\">22 de maig de 2026<\/td>\n<\/tr>\n<tr>\n<td style=\"width: 30.4267%;\">Escola Valldeflors<\/td>\n<td style=\"width: 59.0365%;\">20 de maig de 2026<\/td>\n<\/tr>\n<\/tbody>\n<\/table>\n<table style=\"border-collapse: collapse; width: 53.6112%; height: 286px;\" border=\"1\">\n<tbody>\n<tr style=\"height: 32px;\">\n<td style=\"width: 20.3872%; background-color: #cbf3f0; height: 286px; text-align: center;\" rowspan=\"6\"><strong><span style=\"color: #2c5b5e;\">Creixell Solduga<\/span><span style=\"color: #a32c2c;\"><br \/><\/span><\/strong>3r Cicle Mitj\u00e0<br \/><strong><span style=\"color: #a32c2c;\"><span style=\"color: #2c5b5e;\"><br \/><\/span><\/span><\/strong><\/td>\n<td style=\"width: 31.5327%; text-align: center; height: 32px; background-color: #cbf3f0;\"><span style=\"color: #2c5b5e;\"><strong>Escola<\/strong><\/span><\/td>\n<td style=\"text-align: center; height: 32px; width: 58.1186%; background-color: #cbf3f0;\"><span style=\"color: #2c5b5e;\"><strong>Dia<br \/><\/strong><\/span><\/td>\n<\/tr>\n<tr style=\"height: 32px;\">\n<td style=\"width: 31.5327%; height: 37px;\">Escola Valldeflors<\/td>\n<td style=\"height: 37px; width: 58.1186%;\">21 de maig de 2026<\/td>\n<\/tr>\n<tr style=\"height: 32px;\">\n<td style=\"width: 31.5327%; height: 32px;\">Col\u00b7legi M. Immaculada<\/td>\n<td style=\"height: 32px; width: 58.1186%;\">22 de maig de 2026<\/td>\n<\/tr>\n<tr style=\"height: 32px;\">\n<td style=\"width: 31.5327%; height: 25px;\">Escola \u00c0ngel Seraf\u00ed Casanovas<\/td>\n<td style=\"height: 25px; width: 58.1186%;\">25 de maig de 2026<\/td>\n<\/tr>\n<tr style=\"height: 32px;\">\n<td style=\"width: 31.5327%; height: 32px;\">Escola la Closa<\/td>\n<td style=\"height: 32px; width: 58.1186%;\">25 de maig de 2026<\/td>\n<\/tr>\n<tr style=\"height: 32px;\">\n<td style=\"width: 31.5327%; height: 32px;\">ZER Pallars Juss\u00e0<\/td>\n<td style=\"height: 32px; width: 58.1186%;\">22 de maig de 2026<\/td>\n<\/tr>\n<\/tbody>\n<\/table>\n<table style=\"border-collapse: collapse; width: 53.5314%; height: 286px;\" border=\"1\">\n<tbody>\n<tr style=\"height: 32px;\">\n<td style=\"width: 20.5426%; background-color: #cbf3f0; height: 286px; text-align: center;\" rowspan=\"4\"><span style=\"color: #2c5b5e;\"><b>Ester Farran<br \/><\/b><span style=\"color: #000000;\">5\u00e8 Cicle Superior<\/span><\/span><span style=\"color: #000000;\">\u00a0<\/span><\/td>\n<td style=\"width: 30.5906%; text-align: center; height: 32px; background-color: #cbf3f0;\"><span style=\"color: #2c5b5e;\"><strong>Escola<\/strong><\/span><\/td>\n<td style=\"text-align: center; height: 32px; width: 58.5362%; background-color: #cbf3f0;\"><span style=\"color: #2c5b5e;\"><strong>Dia<br \/><\/strong><\/span><\/td>\n<\/tr>\n<tr style=\"height: 32px;\">\n<td style=\"width: 30.5906%; height: 37px;\">Escola Valldeflors<\/td>\n<td style=\"height: 37px; width: 58.5362%;\">8 d&#8217;abril de 2026<\/td>\n<\/tr>\n<tr style=\"height: 32px;\">\n<td style=\"width: 30.5906%; height: 32px;\">Escola \u00c0ngel Seraf\u00ed Casanovas<\/td>\n<td style=\"height: 32px; width: 58.5362%;\">8 d&#8217;abril de 2026<\/td>\n<\/tr>\n<tr style=\"height: 32px;\">\n<td style=\"width: 30.5906%; height: 32px;\">Escola La Closa<\/td>\n<td style=\"width: 58.5362%; height: 32px;\">8 d&#8217;abril de 2026<\/td>\n<\/tr>\n<\/tbody>\n<\/table>\n<div style=\"font-size: 12pt; font-family: 'Calibri'; color: #000000;\">\n<div>\u00a0<\/div>\n<div style=\"font-size: 12pt; font-family: 'Calibri'; color: #000000;\"><strong><span style=\"color: #a32c2c;\"><span style=\"font-size: 16px;\">Visita autors\/es a SECUND\u00c0RIA<br \/><\/span><\/span><\/strong><\/div>\n<div>\u00a0<\/div>\n<\/div>\n<div>\n<table style=\"height: 168px; width: 50.7416%; border-collapse: collapse;\" border=\"1\">\n<tbody>\n<tr style=\"height: 33px;\">\n<td style=\"background-color: #cbf3f0; height: 168px; width: 20.6215%; border-style: solid;\" rowspan=\"5\"><strong><span style=\"color: #2c5b5e;\"><em><span style=\"font-size: 16px;\">Taller de Glosa<\/span><\/em><\/span><br \/><\/strong>1r d&#8217;ESO<\/td>\n<td style=\"height: 33px; width: 39.6539%; border-style: solid; background-color: #cbf3f0;\"><span style=\"color: #2c5b5e;\"><strong>CENTRE<\/strong><\/span><\/td>\n<td style=\"height: 33px; width: 46.4727%; border-style: solid; background-color: #cbf3f0;\"><span style=\"color: #2c5b5e;\"><strong>Dia<\/strong><\/span><\/td>\n<\/tr>\n<tr style=\"height: 36px;\">\n<td style=\"width: 39.6539%; border-style: solid; height: 36px;\">INS Tremp<\/td>\n<td style=\"width: 46.4727%; border-style: solid; height: 36px;\">9 de mar\u00e7 de 2026<\/td>\n<\/tr>\n<tr style=\"height: 33px;\">\n<td style=\"height: 33px; width: 39.6539%; border-style: solid;\">Col\u00b7legi M. Immaculada &#8211; Tremp<\/td>\n<td style=\"height: 33px; width: 46.4727%; border-style: solid;\">9 de mar\u00e7 de 2026<\/td>\n<\/tr>\n<tr style=\"height: 33px;\">\n<td style=\"height: 33px; width: 39.6539%; border-style: solid;\">INS La Pobla de Segur<\/td>\n<td style=\"height: 33px; width: 46.4727%; border-style: solid;\">10 de mar\u00e7 de 2026<\/td>\n<\/tr>\n<tr style=\"height: 33px;\">\n<td style=\"height: 33px; width: 39.6539%; border-style: solid;\">INS Morell\u00f3<\/td>\n<td style=\"height: 33px; width: 46.4727%; border-style: solid;\">10 de mar\u00e7 de 2026<\/td>\n<\/tr>\n<\/tbody>\n<\/table>\n<\/div>\n<div>\u00a0<\/div>\n<p><span style=\"color: #a32c2c;\"><strong>\u00a0\u00a0 TALLERS A LA BIBLIOTECA<\/strong><br \/><\/span><\/p>\n<table style=\"border-collapse: collapse; width: 55.8266%; height: 194px;\" border=\"1\">\n<tbody>\n<tr style=\"height: 32px;\">\n<td style=\"width: 90.4762%; height: 32px; background-color: #cbf3f0; text-align: center;\" colspan=\"2\">Biblioteca P\u00fablica Maria Barbal -Tremp<\/td>\n<\/tr>\n<tr style=\"height: 32px;\">\n<td style=\"width: 47.3085%; height: 32px; text-align: center;\"><strong>Llibre<\/strong><\/td>\n<td style=\"width: 43.1677%; height: 32px; text-align: center;\"><strong>Nivell<\/strong><\/td>\n<\/tr>\n<tr style=\"height: 32px;\">\n<td style=\"width: 47.3085%; height: 32px;\">Una de minairons<\/td>\n<td style=\"width: 43.1677%; height: 32px;\">2n de prim\u00e0ria<\/td>\n<\/tr>\n<tr>\n<td style=\"width: 47.3085%;\">L&#8217;equip de rosegons<\/td>\n<td style=\"width: 43.1677%;\">3r de prim\u00e0ria<\/td>\n<\/tr>\n<tr style=\"height: 32px;\">\n<td style=\"width: 47.3085%; height: 32px;\">Anem a l&#8217;escola<\/td>\n<td style=\"width: 43.1677%; height: 32px;\">4t de prim\u00e0ria<\/td>\n<\/tr>\n<tr style=\"height: 32px;\">\n<td style=\"width: 47.3085%; height: 32px;\">El mag d&#8217;Oz<\/td>\n<td style=\"width: 43.1677%; height: 32px;\">5\u00e8 de prim\u00e0ria<\/td>\n<\/tr>\n<\/tbody>\n<\/table>\n<table style=\"border-collapse: collapse; width: 55.9621%; height: 98px;\" border=\"1\">\n<tbody>\n<tr style=\"height: 32px;\">\n<td style=\"width: 50%; background-color: #cbf3f0; height: 32px; text-align: center;\" colspan=\"2\">Biblioteca Municipal la Pobla de Segur<\/td>\n<\/tr>\n<tr style=\"height: 32px;\">\n<td style=\"width: 50%; height: 32px; text-align: center;\"><strong>Llibre<\/strong><\/td>\n<td style=\"width: 50%; height: 32px; text-align: center;\"><strong>Nivell<\/strong><\/td>\n<\/tr>\n<tr style=\"height: 32px;\">\n<td style=\"width: 50%; height: 32px;\">L&#8217;equip de rosegons<\/td>\n<td style=\"width: 50%; height: 32px;\">3r de prim\u00e0ria<\/td>\n<\/tr>\n<tr>\n<td style=\"width: 50%;\">Anem a l&#8217;escola<\/td>\n<td style=\"width: 50%;\">4t de prim\u00e0ria<\/td>\n<\/tr>\n<\/tbody>\n<\/table>\n<table style=\"border-collapse: collapse; width: 56.0976%; height: 131px;\" border=\"1\">\n<tbody>\n<tr>\n<td style=\"width: 50%; background-color: #cbf3f0; text-align: center;\" colspan=\"2\">Bibliob\u00fas (Pallars Juss\u00e0-Pallars Sobir\u00e0)<\/td>\n<\/tr>\n<tr>\n<td style=\"width: 50%; text-align: center;\"><strong>Llibre<\/strong><\/td>\n<td style=\"width: 50%; text-align: center;\"><strong>Nivell<\/strong><\/td>\n<\/tr>\n<tr>\n<td style=\"width: 50%;\">Una de minairons<\/td>\n<td style=\"width: 50%;\">2n de prim\u00e0ria<\/td>\n<\/tr>\n<tr>\n<td style=\"width: 50%;\">L&#8217;equip de rosegons<\/td>\n<td style=\"width: 50%;\">3r de prim\u00e0ria<\/td>\n<\/tr>\n<\/tbody>\n<\/table>\n<p><span style=\"color: #a32c2c;\">\u00a0<\/span><\/p>\n<div style=\"display: none;\">\u00a0<\/div>\n<div style=\"display: none;\">\u00a0<\/div>\n<div style=\"display: none;\">\u00a0<\/div>\n<div style=\"display: none;\">\u00a0<\/div>\n<div style=\"display: none;\">\u00a0<\/div>\n<div style=\"display: none;\">\u00a0<\/div>\n<div style=\"display: none;\">\u00a0<\/div>\n\n\n<p><\/p>\n","protected":false},"excerpt":{"rendered":"<p>En el marc del Projecte PallarsLector s&#8217;han organitzat diferents activitats relacionades amb la lectura amb el m\u00f3n dels llibres: L&#8217;escriptora [&hellip;]<\/p>\n","protected":false},"author":1,"featured_media":0,"parent":20594,"menu_order":6,"comment_status":"closed","ping_status":"closed","template":"","meta":{"_bbp_topic_count":0,"_bbp_reply_count":0,"_bbp_total_topic_count":0,"_bbp_total_reply_count":0,"_bbp_voice_count":0,"_bbp_anonymous_reply_count":0,"_bbp_topic_count_hidden":0,"_bbp_reply_count_hidden":0,"_bbp_forum_subforum_count":0,"site-sidebar-layout":"default","site-content-layout":"","ast-site-content-layout":"default","site-content-style":"default","site-sidebar-style":"default","ast-global-header-display":"","ast-banner-title-visibility":"","ast-main-header-display":"","ast-hfb-above-header-display":"","ast-hfb-below-header-display":"","ast-hfb-mobile-header-display":"","site-post-title":"","ast-breadcrumbs-content":"","ast-featured-img":"","footer-sml-layout":"","theme-transparent-header-meta":"","adv-header-id-meta":"","stick-header-meta":"","header-above-stick-meta":"","header-main-stick-meta":"","header-below-stick-meta":"","astra-migrate-meta-layouts":"set","ast-page-background-enabled":"default","ast-page-background-meta":{"desktop":{"background-color":"var(--ast-global-color-4)","background-image":"","background-repeat":"repeat","background-position":"center center","background-size":"auto","background-attachment":"scroll","background-type":"","background-media":"","overlay-type":"","overlay-color":"","overlay-opacity":"","overlay-gradient":""},"tablet":{"background-color":"","background-image":"","background-repeat":"repeat","background-position":"center center","background-size":"auto","background-attachment":"scroll","background-type":"","background-media":"","overlay-type":"","overlay-color":"","overlay-opacity":"","overlay-gradient":""},"mobile":{"background-color":"","background-image":"","background-repeat":"repeat","background-position":"center center","background-size":"auto","background-attachment":"scroll","background-type":"","background-media":"","overlay-type":"","overlay-color":"","overlay-opacity":"","overlay-gradient":""}},"ast-content-background-meta":{"desktop":{"background-color":"var(--ast-global-color-5)","background-image":"","background-repeat":"repeat","background-position":"center center","background-size":"auto","background-attachment":"scroll","background-type":"","background-media":"","overlay-type":"","overlay-color":"","overlay-opacity":"","overlay-gradient":""},"tablet":{"background-color":"var(--ast-global-color-5)","background-image":"","background-repeat":"repeat","background-position":"center center","background-size":"auto","background-attachment":"scroll","background-type":"","background-media":"","overlay-type":"","overlay-color":"","overlay-opacity":"","overlay-gradient":""},"mobile":{"background-color":"var(--ast-global-color-5)","background-image":"","background-repeat":"repeat","background-position":"center center","background-size":"auto","background-attachment":"scroll","background-type":"","background-media":"","overlay-type":"","overlay-color":"","overlay-opacity":"","overlay-gradient":""}},"footnotes":""},"class_list":["post-10359","page","type-page","status-publish","hentry"],"post_mailing_queue_ids":[],"_links":{"self":[{"href":"https:\/\/serveiseducatius.xtec.cat\/pallars\/wp-json\/wp\/v2\/pages\/10359","targetHints":{"allow":["GET"]}}],"collection":[{"href":"https:\/\/serveiseducatius.xtec.cat\/pallars\/wp-json\/wp\/v2\/pages"}],"about":[{"href":"https:\/\/serveiseducatius.xtec.cat\/pallars\/wp-json\/wp\/v2\/types\/page"}],"author":[{"embeddable":true,"href":"https:\/\/serveiseducatius.xtec.cat\/pallars\/wp-json\/wp\/v2\/users\/1"}],"replies":[{"embeddable":true,"href":"https:\/\/serveiseducatius.xtec.cat\/pallars\/wp-json\/wp\/v2\/comments?post=10359"}],"version-history":[{"count":5,"href":"https:\/\/serveiseducatius.xtec.cat\/pallars\/wp-json\/wp\/v2\/pages\/10359\/revisions"}],"predecessor-version":[{"id":26738,"href":"https:\/\/serveiseducatius.xtec.cat\/pallars\/wp-json\/wp\/v2\/pages\/10359\/revisions\/26738"}],"up":[{"embeddable":true,"href":"https:\/\/serveiseducatius.xtec.cat\/pallars\/wp-json\/wp\/v2\/pages\/20594"}],"wp:attachment":[{"href":"https:\/\/serveiseducatius.xtec.cat\/pallars\/wp-json\/wp\/v2\/media?parent=10359"}],"curies":[{"name":"wp","href":"https:\/\/api.w.org\/{rel}","templated":true}]}}