{"id":10089,"date":"2018-10-02T13:59:01","date_gmt":"2018-10-02T11:59:01","guid":{"rendered":"http:\/\/serveiseducatius.xtec.cat\/pallars\/?page_id=10089"},"modified":"2022-02-09T10:51:52","modified_gmt":"2022-02-09T09:51:52","slug":"octubre-2018","status":"publish","type":"page","link":"https:\/\/serveiseducatius.xtec.cat\/pallars\/full-informatiu\/fulls-informatius-2018\/octubre-2018\/","title":{"rendered":"Octubre 2018"},"content":{"rendered":"<p>&nbsp;<\/p>\n<table style=\"height: 1234px; width: 1067px; border-collapse: collapse;\" border=\"1\">\n<tbody>\n<tr style=\"height: 614px;\">\n<td style=\"width: 300px; height: 614px;\"><a href=\"http:\/\/www.futursemprenedors.cat\/index.php\/el-projecte\"><img loading=\"lazy\" decoding=\"async\" class=\" wp-image-10030 aligncenter\" src=\"http:\/\/serveiseducatius.xtec.cat\/pallars\/wp-content\/uploads\/usu1099\/2018\/09\/logotip.png\" alt=\"\" width=\"203\" height=\"224\" \/><\/a><\/p>\n<p style=\"text-align: center;\"><span style=\"font-size: 20px;\"><strong>Presentaci\u00f3 dels Projectes FER als centres.<\/strong><\/span><\/p>\n<p style=\"text-align: left;\"><span style=\"font-size: 16px;\"><strong>A c\u00e0rrec: <\/strong>GAL de la Noguera<br \/>\n<strong>Data:<\/strong> 4 d&#8217;Octubre de 2018<br \/>\n<strong>Hora:<\/strong> 17:30<br \/>\n<strong>Lloc:<\/strong> Sala Formaci\u00f3 CRP Pallars Juss\u00e0 i CRP Pallars Sobir\u00e0<\/span><\/p>\n<\/td>\n<td style=\"width: 300px; height: 614px;\"><a href=\"https:\/\/www.impactat.org\/\"><img loading=\"lazy\" decoding=\"async\" class=\"alignnone size-full wp-image-10091\" src=\"http:\/\/serveiseducatius.xtec.cat\/pallars\/wp-content\/uploads\/usu1099\/2018\/10\/1481128181_ebab7f5333fbcb94fce452588de21cb3.27847.gif\" alt=\"\" width=\"917\" height=\"331\" \/><\/a><\/p>\n<p style=\"text-align: center;\"><span style=\"font-size: 20px;\"><strong>Teatref\u00f2rum<\/strong><\/span><strong><em><br \/>\n<\/em><\/strong><\/p>\n<p style=\"text-align: left;\"><span style=\"font-size: 12px;\"><span style=\"font-size: 16px;\"><strong>Data:<\/strong> 5 d&#8217;octubre de 2018<\/span><\/span><span style=\"font-size: 16px;\"><strong><br \/>\n<\/strong><\/span><\/p>\n<p style=\"text-align: left;\">\u00a0&#8212;&#8212;&#8212;&#8212;&#8212;&#8212;&#8212;&#8212;&#8212;&#8212;&#8212;&#8212;&#8211;<br \/>\n<span style=\"font-size: 16px;\"><strong><span style=\"color: #999999;\">TREMP<\/span><br \/>\n<\/strong><strong>Lloc:<\/strong> Espai cultural la Lira<\/span><br \/>\n<span style=\"font-size: 16px;\"> <strong>Hora:<\/strong>9.30 a 10:45 h (1r i 2n ESO)<strong><br \/>\n<\/strong>11:00 a 12:15 h (3r i 4t ESO) <\/span><br \/>\n&#8212;&#8212;&#8212;&#8212;&#8212;&#8212;&#8212;&#8212;&#8212;&#8212;&#8212;&#8212;&#8212;<br \/>\n<span style=\"font-size: 16px;\"><strong><span style=\"color: #999999;\">LA POBLA DE SEGUR<\/span><br \/>\n<\/strong><strong>Lloc<\/strong>: Moli de l&#8217;Oli.<\/span><br \/>\n<span style=\"font-size: 16px;\"> <strong>Hora:<\/strong> 13:15 h<\/span><\/p>\n<p><span style=\"font-size: 16px;\"><strong>Destinataris:<\/strong> Alumnat 1r, 2n, 3r i 4t d&#8217;ESO<br \/>\n<b>Patrocini:<\/b> Consell Comarcal Pallars Juss\u00e0, Ajuntament de Tremp i Ajuntament de La Pobla de Segur.<br \/>\n<\/span><\/td>\n<td style=\"width: 300px; text-align: center; height: 614px;\"><a href=\"http:\/\/www.lecturaenveualta.cat\/\"><img loading=\"lazy\" decoding=\"async\" class=\"alignnone wp-image-10096\" src=\"http:\/\/serveiseducatius.xtec.cat\/pallars\/wp-content\/uploads\/usu1099\/2018\/10\/capcalera-web-XV-1.jpg\" alt=\"\" width=\"187\" height=\"163\" \/><\/a><\/p>\n<p style=\"text-align: justify;\"><span style=\"font-size: 16px;\"><strong>Descripci\u00f3:<\/strong> Aquest certamen t\u00e9 com a objectiu fomentar el gust per la lectura entre els m\u00e9s joves, a trav\u00e9s d\u2019un gran espai de lectura col\u00b7lectiva.<\/span><br \/>\n<span style=\"font-size: 16px;\"><strong>Inscripcions: <\/strong>\u00a0<a href=\"http:\/\/www.lecturaenveualta.cat\/formulari-inscripcio\/\">1 al 31 d\u2019octubre de 2018<\/a><\/span><br \/>\n<span style=\"font-size: 16px;\"><strong>Destinataris: <\/strong>Alumnes de 4t de prim\u00e0ria a 4t d\u2019ESO.<\/span><\/p>\n<p><a href=\"http:\/\/www.lecturaenveualta.cat\/formulari-inscripcio\/\"><span style=\"font-size: 20px;\">Inscripcions<\/span><\/a><\/td>\n<\/tr>\n<tr style=\"height: 357px;\">\n<td style=\"width: 300px; height: 357px;\"><a href=\"https:\/\/sites.google.com\/a\/xtec.cat\/pallarslector\/\"><img loading=\"lazy\" decoding=\"async\" class=\"size-full wp-image-10033 aligncenter\" src=\"http:\/\/serveiseducatius.xtec.cat\/pallars\/wp-content\/uploads\/usu1099\/2018\/09\/\u00edndice.jpg\" alt=\"\" width=\"304\" height=\"166\" srcset=\"https:\/\/serveiseducatius.xtec.cat\/pallars\/wp-content\/uploads\/usu1099\/2018\/09\/\u00edndice.jpg 304w, https:\/\/serveiseducatius.xtec.cat\/pallars\/wp-content\/uploads\/usu1099\/2018\/09\/\u00edndice-300x164.jpg 300w\" sizes=\"auto, (max-width: 304px) 100vw, 304px\" \/><\/a><\/p>\n<p style=\"text-align: left;\"><span style=\"font-size: 16px;\">Tenim a la vostra disposici\u00f3les seg\u00fcents\u00a0 maletes:<br \/>\n<\/span><span style=\"font-size: 16px;\"> <strong><a href=\"https:\/\/drive.google.com\/open?id=0B6jttxpf0ANneUp6OTZjVE95eXc\">\u00c0lbums il\u00b7lustrats I<\/a><br \/>\n<a href=\"https:\/\/drive.google.com\/open?id=0B6jttxpf0ANneUp6OTZjVE95eXc\">\u00c0lbums il.lustrats II<\/a>\u00a0\u00a0<\/strong><br \/>\n<strong>Els Raiers<\/strong>. ( 30 exemplars del Llibre &#8220;<\/span><span style=\"font-size: 14px;\">Petita hist\u00f2ria dels Raiers de la Noguera Pallaresa&#8221; il.lustrat per Pilar\u00edn Bay\u00e9s)<br \/>\n<\/span><\/p>\n<p style=\"text-align: left;\"><span style=\"font-size: 16px;\">\u00a0<\/span><\/p>\n<p style=\"text-align: left;\"><span style=\"font-size: 16px;\">Podeu fer la reserva a trav\u00e9s dels correus:<\/span><\/p>\n<p style=\"text-align: center;\"><span style=\"font-size: 16px;\"><a href=\"mailto:crp-pallarsjussa@xtec.cat\">crp-pallarsjussa@xtec.cat<br \/>\n<\/a><a href=\"mailto:crp-pallarssobira@xtec.cat\">crp-pallarssobira@xtec.cat<\/a><\/span><\/p>\n<\/td>\n<td style=\"width: 233px; height: 357px;\"><a href=\"http:\/\/www.ipaproductions.com\/ca\"><img loading=\"lazy\" decoding=\"async\" class=\"wp-image-10094 aligncenter\" src=\"http:\/\/serveiseducatius.xtec.cat\/pallars\/wp-content\/uploads\/usu1099\/2018\/10\/frank-2.jpg\" alt=\"\" width=\"299\" height=\"199\" \/><\/a><\/p>\n<p style=\"text-align: center;\"><span style=\"font-size: 20px;\"><strong>Teatre en angl\u00e8s a prim\u00e0ria<\/strong><\/span><\/p>\n<p style=\"text-align: left;\"><span style=\"font-size: 16px;\"><em><strong>Frankenstein<\/strong><\/em><br \/>\n<\/span><span style=\"font-size: 16px;\"><strong>A c\u00e0rrec:<\/strong> d\u2019IPA Producions.<\/span><br \/>\n<span style=\"font-size: 16px;\"><strong>Data: <\/strong>29 d\u2019octubre 2018<br \/>\n&#8212;&#8212;&#8212;&#8212;&#8212;&#8212;&#8212;&#8212;&#8212;&#8212;&#8212;&#8212;&#8211;<br \/>\n<\/span> <span style=\"font-size: 16px;\"><strong><span style=\"color: #808080;\">TREMP<br \/>\n<\/span><\/strong><\/span><span style=\"font-size: 16px;\"><strong>Lloc:<\/strong> <\/span><span style=\"font-size: 16px;\">Espai cultural la Lira<br \/>\n<\/span><span style=\"font-size: 16px;\"><strong>Hora:<\/strong> 10:30<br \/>\n&#8212;&#8212;&#8212;&#8212;&#8212;&#8212;&#8212;&#8212;&#8212;&#8212;&#8212;&#8212;&#8212;<br \/>\n<\/span><strong><span style=\"font-size: 16px;\"><span style=\"color: #808080;\">LA POBLA DE SEGUR<\/span><br \/>\n<\/span><\/strong><span style=\"font-size: 16px;\"><strong>Lloc<\/strong>: Sala Polivalent. Escola Els Raiers.<br \/>\n<strong>Hora:<\/strong>15:15 h<\/span><br \/>\n<span style=\"font-size: 16px;\"><strong>Destinataris: <\/strong>Cicle mitj\u00e0 i superior.<\/span><br \/>\n<span style=\"font-size: 16px;\"><strong>Patrocini<\/strong>: Consell Comarcal Pallars Juss\u00e0\u00a0 i Ajuntament de Tremp.<\/span><\/p>\n<\/td>\n<td style=\"width: 300px; height: 357px;\">&nbsp;<\/p>\n<p><a href=\"http:\/\/serveiseducatius.xtec.cat\/pallars\/wp-content\/uploads\/usu1099\/2018\/10\/image003.png\"><img loading=\"lazy\" decoding=\"async\" class=\"alignnone size-full wp-image-10098\" src=\"http:\/\/serveiseducatius.xtec.cat\/pallars\/wp-content\/uploads\/usu1099\/2018\/10\/image003.png\" alt=\"\" width=\"446\" height=\"94\" srcset=\"https:\/\/serveiseducatius.xtec.cat\/pallars\/wp-content\/uploads\/usu1099\/2018\/10\/image003.png 446w, https:\/\/serveiseducatius.xtec.cat\/pallars\/wp-content\/uploads\/usu1099\/2018\/10\/image003-300x63.png 300w\" sizes=\"auto, (max-width: 446px) 100vw, 446px\" \/><\/a><\/p>\n<p style=\"text-align: center;\"><span style=\"font-size: 16px;\"><strong><span style=\"font-size: 20px;\">Geoparc als centres<\/span><\/strong><\/span><\/p>\n<p style=\"text-align: left;\"><span style=\"font-size: 16px;\"><strong><span style=\"font-size: 20px;\"><span style=\"font-size: 16px;\">Seminari semipresencial (30h)<\/span><br \/>\n<\/span><\/strong><\/span><span style=\"font-size: 16px;\"><strong>Descripci\u00f3:\u00a0 <\/strong><span style=\"font-size: 14px;\">Aprofundir en el coneixement dels recursos educatius que ofereix la maleta del Geoparc i quina manera utilitzar-los com a suport a l&#8217;acci\u00f3 docent des d&#8217;una mirada competencial.<\/span> <\/span><br \/>\n<span style=\"font-size: 16px;\"><strong>1a Sessi\u00f3: <\/strong>17 d\u2019octubre de 2018<br \/>\n<strong>2a Sessi\u00f3:<\/strong> 8 de maig de 2019<\/span><br \/>\n<span style=\"font-size: 16px;\"><strong>Hora: <\/strong>\u00a017:30 hores.<\/span><br \/>\n<span style=\"font-size: 16px;\"><strong>Lloc:<\/strong> CRP Pallars Juss\u00e0<\/span><br \/>\n<span style=\"font-size: 16px;\"><strong>Destinataris: <\/strong>Mestres de prim\u00e0ria i professorat de 1r i 2n d&#8217;ESO<\/span><strong><br \/>\n<span style=\"font-size: 16px;\">Inscripci\u00f3 : <\/span><\/strong><a href=\"mailto:crp-pallarsjussa@xtec.cat\"><span style=\"font-size: 16px;\">crp-pallarsjussa@xtec.cat<\/span><\/a><\/p>\n<p>&nbsp;<\/td>\n<\/tr>\n<tr style=\"height: 437px;\">\n<td style=\"width: 300px; height: 437px;\">\u00a0<a href=\"http:\/\/serveiseducatius.xtec.cat\/pallars\/wp-content\/uploads\/usu1099\/2018\/10\/image003.png\"><img loading=\"lazy\" decoding=\"async\" class=\"alignnone size-full wp-image-10098\" src=\"http:\/\/serveiseducatius.xtec.cat\/pallars\/wp-content\/uploads\/usu1099\/2018\/10\/image003.png\" alt=\"\" width=\"446\" height=\"94\" srcset=\"https:\/\/serveiseducatius.xtec.cat\/pallars\/wp-content\/uploads\/usu1099\/2018\/10\/image003.png 446w, https:\/\/serveiseducatius.xtec.cat\/pallars\/wp-content\/uploads\/usu1099\/2018\/10\/image003-300x63.png 300w\" sizes=\"auto, (max-width: 446px) 100vw, 446px\" \/><\/a><\/p>\n<p style=\"text-align: center;\"><span style=\"font-size: 20px;\"><strong>Treball de Recerca Batxillerat. Geoparc<br \/>\n<\/strong><\/span><\/p>\n<p style=\"text-align: justify;\">El Geoparc Mundial de la UNESCO Conca de Tremp<br \/>\n\u2013 Montsec ha preparat un llistat sobre diferents propostes de Treballs de Recerca amb tem\u00e0tiques interessants i diverses.Els alumnes que ho escullin tindr\u00e0n un assessorament del Geoparc i d&#8217;un expert en la mat\u00e8ria. A m\u00e9s, de la possibilitat de publicar un article a La Borrufa.<\/p>\n<\/td>\n<td style=\"width: 233px; height: 437px;\">\n<p style=\"text-align: center;\"><a href=\"http:\/\/www.pallarsjussa.net\/ca\/patrimoni-cultural\/espais-de-memoria\"><img loading=\"lazy\" decoding=\"async\" class=\"alignnone size-full wp-image-10095\" src=\"http:\/\/serveiseducatius.xtec.cat\/pallars\/wp-content\/uploads\/usu1099\/2018\/10\/logo.jpg\" alt=\"\" width=\"200\" height=\"123\" \/><\/a><\/p>\n<p style=\"text-align: center;\"><span style=\"font-size: 20px;\"><strong>Recursos per treballar la<br \/>\n<\/strong><\/span><span style=\"font-size: 20px;\"><strong>Guerra Civil<\/strong><\/span><\/p>\n<p style=\"text-align: justify;\"><span style=\"font-size: 16px;\">Us recomanem aquests recursos per treballar la <strong>guerra civil<\/strong>. Adre\u00e7at als alumnes de segon cicle de l\u2019ESO i de Batxillerat.<\/span><\/p>\n<\/td>\n<td style=\"width: 300px; height: 437px;\"><a href=\"http:\/\/www.cristic.com\/?lang=ca\"><img loading=\"lazy\" decoding=\"async\" class=\"wp-image-10093 aligncenter\" src=\"http:\/\/serveiseducatius.xtec.cat\/pallars\/wp-content\/uploads\/usu1099\/2018\/10\/cristic-logo.png\" alt=\"\" width=\"270\" height=\"84\" \/><\/a><\/p>\n<p>Us recomanem aquest recurs on podeu trobar diferents activitats online per treballar les diferents \u00e0rees.<\/td>\n<\/tr>\n<\/tbody>\n<\/table>\n","protected":false},"excerpt":{"rendered":"<p>&nbsp; Presentaci\u00f3 dels Projectes FER als centres. A c\u00e0rrec: GAL de la Noguera Data: 4 d&#8217;Octubre de 2018 Hora: 17:30 [&hellip;]<\/p>\n","protected":false},"author":1,"featured_media":0,"parent":17691,"menu_order":10,"comment_status":"closed","ping_status":"closed","template":"page-templates\/side-menu.php","meta":{"_bbp_topic_count":0,"_bbp_reply_count":0,"_bbp_total_topic_count":0,"_bbp_total_reply_count":0,"_bbp_voice_count":0,"_bbp_anonymous_reply_count":0,"_bbp_topic_count_hidden":0,"_bbp_reply_count_hidden":0,"_bbp_forum_subforum_count":0,"site-sidebar-layout":"default","site-content-layout":"","ast-site-content-layout":"","site-content-style":"default","site-sidebar-style":"default","ast-global-header-display":"","ast-banner-title-visibility":"","ast-main-header-display":"","ast-hfb-above-header-display":"","ast-hfb-below-header-display":"","ast-hfb-mobile-header-display":"","site-post-title":"","ast-breadcrumbs-content":"","ast-featured-img":"","footer-sml-layout":"","theme-transparent-header-meta":"","adv-header-id-meta":"","stick-header-meta":"","header-above-stick-meta":"","header-main-stick-meta":"","header-below-stick-meta":"","astra-migrate-meta-layouts":"default","ast-page-background-enabled":"default","ast-page-background-meta":{"desktop":{"background-color":"var(--ast-global-color-4)","background-image":"","background-repeat":"repeat","background-position":"center center","background-size":"auto","background-attachment":"scroll","background-type":"","background-media":"","overlay-type":"","overlay-color":"","overlay-opacity":"","overlay-gradient":""},"tablet":{"background-color":"","background-image":"","background-repeat":"repeat","background-position":"center center","background-size":"auto","background-attachment":"scroll","background-type":"","background-media":"","overlay-type":"","overlay-color":"","overlay-opacity":"","overlay-gradient":""},"mobile":{"background-color":"","background-image":"","background-repeat":"repeat","background-position":"center center","background-size":"auto","background-attachment":"scroll","background-type":"","background-media":"","overlay-type":"","overlay-color":"","overlay-opacity":"","overlay-gradient":""}},"ast-content-background-meta":{"desktop":{"background-color":"var(--ast-global-color-5)","background-image":"","background-repeat":"repeat","background-position":"center center","background-size":"auto","background-attachment":"scroll","background-type":"","background-media":"","overlay-type":"","overlay-color":"","overlay-opacity":"","overlay-gradient":""},"tablet":{"background-color":"var(--ast-global-color-5)","background-image":"","background-repeat":"repeat","background-position":"center center","background-size":"auto","background-attachment":"scroll","background-type":"","background-media":"","overlay-type":"","overlay-color":"","overlay-opacity":"","overlay-gradient":""},"mobile":{"background-color":"var(--ast-global-color-5)","background-image":"","background-repeat":"repeat","background-position":"center center","background-size":"auto","background-attachment":"scroll","background-type":"","background-media":"","overlay-type":"","overlay-color":"","overlay-opacity":"","overlay-gradient":""}},"footnotes":""},"class_list":["post-10089","page","type-page","status-publish","hentry"],"post_mailing_queue_ids":[],"_links":{"self":[{"href":"https:\/\/serveiseducatius.xtec.cat\/pallars\/wp-json\/wp\/v2\/pages\/10089","targetHints":{"allow":["GET"]}}],"collection":[{"href":"https:\/\/serveiseducatius.xtec.cat\/pallars\/wp-json\/wp\/v2\/pages"}],"about":[{"href":"https:\/\/serveiseducatius.xtec.cat\/pallars\/wp-json\/wp\/v2\/types\/page"}],"author":[{"embeddable":true,"href":"https:\/\/serveiseducatius.xtec.cat\/pallars\/wp-json\/wp\/v2\/users\/1"}],"replies":[{"embeddable":true,"href":"https:\/\/serveiseducatius.xtec.cat\/pallars\/wp-json\/wp\/v2\/comments?post=10089"}],"version-history":[{"count":3,"href":"https:\/\/serveiseducatius.xtec.cat\/pallars\/wp-json\/wp\/v2\/pages\/10089\/revisions"}],"predecessor-version":[{"id":11860,"href":"https:\/\/serveiseducatius.xtec.cat\/pallars\/wp-json\/wp\/v2\/pages\/10089\/revisions\/11860"}],"up":[{"embeddable":true,"href":"https:\/\/serveiseducatius.xtec.cat\/pallars\/wp-json\/wp\/v2\/pages\/17691"}],"wp:attachment":[{"href":"https:\/\/serveiseducatius.xtec.cat\/pallars\/wp-json\/wp\/v2\/media?parent=10089"}],"curies":[{"name":"wp","href":"https:\/\/api.w.org\/{rel}","templated":true}]}}