{"id":9956,"date":"2020-12-15T13:40:12","date_gmt":"2020-12-15T12:40:12","guid":{"rendered":"http:\/\/serveiseducatius.xtec.cat\/osona\/?page_id=9956"},"modified":"2021-10-25T18:13:11","modified_gmt":"2021-10-25T16:13:11","slug":"area-de-cultura-digital","status":"publish","type":"page","link":"https:\/\/serveiseducatius.xtec.cat\/osona\/recursos\/area-de-cultura-digital\/","title":{"rendered":"\u00c0rea de cultura digital"},"content":{"rendered":"<h2>Espai de recopilaci\u00f3 de recursos digitals.<\/h2>\n<figure style=\"width: 520px\" class=\"wp-caption alignnone\"><a href=\"https:\/\/projectes.xtec.cat\/xtcd\/\"><img loading=\"lazy\" decoding=\"async\" src=\"https:\/\/projectes.xtec.cat\/xtcd\/wp-content\/uploads\/usu1403\/2020\/12\/XTCD_vf.png\" alt=\"Xarxa territorial de cultura digital\" width=\"520\" height=\"149\" \/><\/a><figcaption class=\"wp-caption-text\">Xarxa territorial de cultura digital<\/figcaption><\/figure>\n<h2><a href=\"https:\/\/projectes.xtec.cat\/xtcd\/\" target=\"_blank\" rel=\"noopener noreferrer\">Xarxa Territorial de Cultura Digital. (enlla\u00e7 a l&#8217;ACD)<\/a><\/h2>\n<p><img loading=\"lazy\" decoding=\"async\" class=\"wp-image-9959 alignnone\" src=\"https:\/\/serveiseducatius.xtec.cat\/osona\/wp-content\/uploads\/usu1175\/2020\/12\/Formacions-mentoritzades-300x200.jpg\" alt=\"\" width=\"519\" height=\"346\" srcset=\"https:\/\/serveiseducatius.xtec.cat\/osona\/wp-content\/uploads\/usu1175\/2020\/12\/Formacions-mentoritzades-300x200.jpg 300w, https:\/\/serveiseducatius.xtec.cat\/osona\/wp-content\/uploads\/usu1175\/2020\/12\/Formacions-mentoritzades.jpg 626w\" sizes=\"auto, (max-width: 519px) 100vw, 519px\" \/><\/p>\n<p><a href=\"https:\/\/www.freepik.com\/vectors\/education\"><sub>Education vector created by pikisuperstar &#8211; www.freepik.com<\/sub><\/a><\/p>\n<h4>Formacions mentoritzades (Curs 2020-2021) obert acc\u00e8s a visitant (per consulta del contingut)<\/h4>\n<ul>\n<li><a href=\"https:\/\/odissea.xtec.cat\/course\/view.php?id=68311\" target=\"_blank\" rel=\"noopener noreferrer\">Gsuite i classroom<\/a><\/li>\n<li><a href=\"https:\/\/odissea.xtec.cat\/course\/view.php?id=68309\" target=\"_blank\" rel=\"noopener noreferrer\">Moodle<\/a><\/li>\n<li><a href=\"https:\/\/odissea.xtec.cat\/course\/view.php?id=68312\" target=\"_blank\" rel=\"noopener noreferrer\">Treball telem\u00e0tic i comunicacions<\/a><\/li>\n<li><a href=\"https:\/\/odissea.xtec.cat\/course\/view.php?id=68310\" target=\"_blank\" rel=\"noopener noreferrer\">Eines multim\u00e8dia<\/a><\/li>\n<\/ul>\n<figure id=\"attachment_9960\" aria-describedby=\"caption-attachment-9960\" style=\"width: 293px\" class=\"wp-caption alignnone\"><img loading=\"lazy\" decoding=\"async\" class=\"wp-image-9960 size-full\" src=\"https:\/\/serveiseducatius.xtec.cat\/osona\/wp-content\/uploads\/usu1175\/2020\/12\/Kudi.png\" alt=\"\" width=\"293\" height=\"184\" \/><figcaption id=\"caption-attachment-9960\" class=\"wp-caption-text\">Kudis i macrokudis<\/figcaption><\/figure>\n<h4><a href=\"http:\/\/xtec.gencat.cat\/ca\/formacio\/formaciogeneralprofessorat\/cultura-digital\/planificacio-oferta-formativa-modalitats\/kudis\/\" target=\"_blank\" rel=\"noopener noreferrer\">Kudis i Macrokudis<\/a><\/h4>\n<p>Les <strong>Kudi<\/strong> s\u00f3n c\u00e0psules <strong>autoformatives de 10h<\/strong> de durada <strong>certificades<\/strong>. Per poder participar en aquest tipus de formaci\u00f3 cal inscriure\u2019s a Odissea. Per a la certificaci\u00f3, un cop finalitzada la Kudi, els participants poden accedir a la inscripci\u00f3 del GTAF mitjan\u00e7ant un enlla\u00e7 que es proporciona si es compleixen les condicions exposades a cada Kudi.<\/p>\n<p>Poden ser de 10 hores (KUDIs), que es corresponen a formaci\u00f3 de nivell b\u00e0sic de compet\u00e8ncia digital docent, o de 15 hores (MacroKUDIs), que es corresponen al nivell intermedi i avan\u00e7at.<\/p>\n<p>&nbsp;<\/p>\n<h4>Funcions del coordinador digital de centre.<\/h4>\n<p><a href=\"http:\/\/serveiseducatius.xtec.cat\/osona\/recursos\/area-de-cultura-digital\/funcions-del-coordinador-digital-de-centre\/\" target=\"_blank\" rel=\"noopener noreferrer\">Enlla\u00e7 al web<\/a><\/p>\n<h4><strong>L\u2019\u00c0rea CD i mSchools<\/strong><\/h4>\n<p><span style=\"font-weight: 400;\">El programa mSchools \u00e9s una iniciativa de mEducation que impulsa Mobile World Capital Barcelona en col\u00b7laboraci\u00f3 amb la Generalitat de Catalunya, l\u2019Ajuntament de Barcelona i GSMA.<\/span><\/p>\n<p><span style=\"font-weight: 400;\">mSchools ajuda a alumnes i docents a integrar les tecnologies m\u00f2bils a l\u2019aula, el qual permet obrir noves vies d\u2019ensenyament i aprenentatge que milloren el rendiment i l\u2019ocupabilitat.<\/span><\/p>\n<p>&nbsp;<\/p>\n<p><span style=\"font-weight: 400;\">Tots els detalls s\u00f3n en la p\u00e0gina web de la XTEC <\/span><a href=\"http:\/\/xtec.gencat.cat\/ca\/projectes\/mschools\/\"><b>mSchools<\/b><\/a><span style=\"font-weight: 400;\">.<\/span><\/p>\n<h4><strong>Principals programes i iniciatives de l\u2019\u00c0rea de Cultura Digital<\/strong><\/h4>\n<ul>\n<li style=\"font-weight: 400;\" aria-level=\"1\"><a href=\"https:\/\/projectes.xtec.cat\/xtcd\/\"><span style=\"font-weight: 400;\">Xarxa Territorial de Cultura Digital<\/span><\/a><span style=\"font-weight: 400;\"> (abans <\/span><a href=\"https:\/\/sites.google.com\/xtec.cat\/semtaclleida\/\"><span style=\"font-weight: 400;\">seminaris TAC<\/span><\/a><span style=\"font-weight: 400;\">)<\/span><\/li>\n<li style=\"font-weight: 400;\" aria-level=\"1\"><a href=\"http:\/\/xtec.gencat.cat\/ca\/formacio\/formaciogeneralprofessorat\/cultura-digital\/\"><span style=\"font-weight: 400;\">Formaci\u00f3 en CD de la p\u00e0gina de la XTEC<\/span><\/a><\/li>\n<li style=\"font-weight: 400;\" aria-level=\"1\"><a href=\"http:\/\/xtec.gencat.cat\/ca\/formacio\/formaciogeneralprofessorat\/cultura-digital\/planificacio-oferta-formativa-modalitats\/\"><span style=\"font-weight: 400;\">Oferta formativa per modalitats<\/span><\/a><span style=\"font-weight: 400;\">.<\/span><\/li>\n<li style=\"font-weight: 400;\" aria-level=\"1\"><span style=\"font-weight: 400;\">Tamb\u00e9 \u00e9s interessant la web del <\/span><a href=\"http:\/\/ateneu.xtec.cat\/wikiform\/wikiexport\/cmd\/tac\/cttc\/index\"><span style=\"font-weight: 400;\">curs telem\u00e0tic per a responsables CD de centre<\/span><\/a><span style=\"font-weight: 400;\">.<\/span><\/li>\n<\/ul>\n<h4><strong>Documentaci\u00f3 i normativa principal<\/strong><\/h4>\n<ul>\n<li style=\"font-weight: 400;\" aria-level=\"1\"><a href=\"https:\/\/documents.espai.educacio.gencat.cat\/IPCNormativa\/DOIGC\/PEC_Cultura_digital.pdf\"><span style=\"font-weight: 400;\">Documents per a l&#8217;organitzaci\u00f3 i la gesti\u00f3 dels centres<\/span><\/a><span style=\"font-weight: 400;\"> &#8211; Cultura Digital (2020-2021).<\/span><\/li>\n<li style=\"font-weight: 400;\" aria-level=\"1\"><a href=\"https:\/\/documents.espai.educacio.gencat.cat\/IPCNormativa\/DOIGC\/GEST_Formacio_personal.pdf\"><span style=\"font-weight: 400;\">Formaci\u00f3 del personal dels centres educatius<\/span><\/a><span style=\"font-weight: 400;\"> (documents per a l\u2019organitzaci\u00f3 i gesti\u00f3 dels centres 2020-2021).<\/span><\/li>\n<li style=\"font-weight: 400;\" aria-level=\"1\"><a href=\"https:\/\/drive.google.com\/file\/d\/0B8cmRpPJLDe7Q2lkSThoZnhUZ0U\/view\"><span style=\"font-weight: 400;\">Orientacions per al desenvolupament educatiu de les TIC<\/span><\/a><\/li>\n<li style=\"font-weight: 400;\" aria-level=\"1\"><a href=\"http:\/\/xtec.gencat.cat\/ca\/centres\/projeducatiu\/platac\/\"><span style=\"font-weight: 400;\">El Pla TAC<\/span><\/a><\/li>\n<li style=\"font-weight: 400;\" aria-level=\"1\"><a href=\"https:\/\/drive.google.com\/file\/d\/0B8cmRpPJLDe7STZLcGhYZWxUd2M\/view\"><span style=\"font-weight: 400;\">Tasques a realitzar pel t\u00e8cnic del servei preventiu<\/span><\/a><\/li>\n<li style=\"font-weight: 400;\" aria-level=\"1\"><a href=\"https:\/\/sites.google.com\/xtec.cat\/taclleida\/normativa-i-documentaci%C3%B3-tac\"><span style=\"font-weight: 400;\">Recull d\u2019enlla\u00e7os de normativa general i protecci\u00f3 de dades<\/span><\/a><\/li>\n<li style=\"font-weight: 400;\" aria-level=\"1\"><a href=\"http:\/\/ensenyament.gencat.cat\/web\/.content\/home\/departament\/publicacions\/monografies\/competencia-digital-docent\/competencia-digital-docent.pdf\"><span style=\"font-weight: 400;\">Compet\u00e8ncia digital docent del professorat de Catalunya<\/span><\/a><\/li>\n<li style=\"font-weight: 400;\" aria-level=\"1\"><a href=\"http:\/\/ensenyament.gencat.cat\/web\/.content\/home\/departament\/publicacions\/colleccions\/competencies-basiques\/primaria\/ambit-digital.pdf\"><span style=\"font-weight: 400;\">Compet\u00e8ncies b\u00e0siques de l\u2019\u00e0mbit digital<\/span><\/a><\/li>\n<\/ul>\n<p>&nbsp;<\/p>\n<h4><b>Entorns virtuals d&#8217;aprenentatge<\/b><\/h4>\n<p><a href=\"https:\/\/docs.google.com\/document\/d\/1dREtxYxzcz-VEZFaHhP2-IsNQeRDSqNOg_yOkoYs2As\/edit\"><span style=\"font-weight: 400;\">Recull de recursos i enlla\u00e7os d\u2019EVAs<\/span><\/a><span style=\"font-weight: 400;\"> (Moodle\/Eix, Classroom, etc.)<\/span><\/p>\n<p>&nbsp;<\/p>\n<h4><strong>Els serveis i les eines de gesti\u00f3 TIC<\/strong><\/h4>\n<p><a href=\"http:\/\/serveiseducatius.xtec.cat\/osona\/recursos\/area-de-cultura-digital\/els-serveis-i-les-eines-de-gestio-tic\/\" target=\"_blank\" rel=\"noopener noreferrer\">Enlla\u00e7 al web<\/a><\/p>\n<p><img loading=\"lazy\" decoding=\"async\" class=\"alignleft size-medium wp-image-10282\" src=\"https:\/\/serveiseducatius.xtec.cat\/osona\/wp-content\/uploads\/usu1175\/2021\/03\/ServeisIEinesDeGesti\u00f3TIC-300x300.png\" alt=\"\" width=\"300\" height=\"300\" srcset=\"https:\/\/serveiseducatius.xtec.cat\/osona\/wp-content\/uploads\/usu1175\/2021\/03\/ServeisIEinesDeGesti\u00f3TIC-300x300.png 300w, https:\/\/serveiseducatius.xtec.cat\/osona\/wp-content\/uploads\/usu1175\/2021\/03\/ServeisIEinesDeGesti\u00f3TIC-150x150.png 150w, https:\/\/serveiseducatius.xtec.cat\/osona\/wp-content\/uploads\/usu1175\/2021\/03\/ServeisIEinesDeGesti\u00f3TIC.png 332w\" sizes=\"auto, (max-width: 300px) 100vw, 300px\" \/><\/p>\n<p>&nbsp;<\/p>\n<p>&nbsp;<\/p>\n<p>&nbsp;<\/p>\n<p>&nbsp;<\/p>\n<p>&nbsp;<\/p>\n<p>&nbsp;<\/p>\n<p>&nbsp;<\/p>\n<h4><a href=\"https:\/\/projectes.xtec.cat\/transformaciodigital\/\" target=\"_blank\" rel=\"noopener noreferrer\">Centres de Transformaci\u00f3 Digital<\/a><\/h4>\n<p>La transformaci\u00f3 global dels centres educatius es concreta amb les seg\u00fcents actuacions:<\/p>\n<p>&#8211; Transformaci\u00f3 de la LAN dels centres per poder fer front a les necessitats de comunicaci\u00f3 telem\u00e0tica presents i futures dels centres educatius.<\/p>\n<p>&#8211; Transformaci\u00f3 de l\u2019\u00e0mbit administratiu per la gesti\u00f3 segura dels centres educatius.<\/p>\n<p>&#8211; La transformaci\u00f3 de l\u2019\u00e0mbit educatiu ofereix els recursos necessaris, segons la necessitats particulars de cada centre educatiu, que els hi permeti la seva transformaci\u00f3 digital, per assolir la compet\u00e8ncia digital dels alumnes i docents.<\/p>\n<p><a href=\"https:\/\/agora.xtec.cat\/mobilsedu\/\"><img loading=\"lazy\" decoding=\"async\" src=\"https:\/\/agora.xtec.cat\/mobilsedu\/wp-content\/uploads\/usu64\/2019\/03\/mobilsedu.png\" alt=\"\" width=\"520\" height=\"520\" \/><\/a><\/p>\n<p>&nbsp;<\/p>\n<h4><a href=\"https:\/\/agora.xtec.cat\/mobilsedu\/\" target=\"_blank\" rel=\"noopener noreferrer\">Centres M\u00f2bils.Edu<\/a><\/h4>\n<p>M\u00f2bils.edu \u00e9s un pla digital que fomenta l&#8217;\u00fas de dispositius m\u00f2bils (m\u00f2bils i tauletes) com a tecnologies educatives, integrades en les pr\u00e0ctiques educatives d&#8217;aula per adquirir la compet\u00e8ncia digital de l&#8217;alumnat i la millora en la resta de compet\u00e8ncies.<\/p>\n<p>&nbsp;<\/p>\n<p><a href=\"http:\/\/xtec.gencat.cat\/ca\/formacio\/formaciogeneralprofessorat\/cultura-digital\/planificacio-oferta-formativa-modalitats\/\" target=\"_blank\" rel=\"noopener noreferrer\"><img loading=\"lazy\" decoding=\"async\" class=\"wp-image-9961\" src=\"https:\/\/serveiseducatius.xtec.cat\/osona\/wp-content\/uploads\/usu1175\/2020\/12\/Compet\u00e8ncia-digital-docent-300x193.jpg\" alt=\"\" width=\"520\" height=\"335\" srcset=\"https:\/\/serveiseducatius.xtec.cat\/osona\/wp-content\/uploads\/usu1175\/2020\/12\/Compet\u00e8ncia-digital-docent-300x193.jpg 300w, https:\/\/serveiseducatius.xtec.cat\/osona\/wp-content\/uploads\/usu1175\/2020\/12\/Compet\u00e8ncia-digital-docent.jpg 427w\" sizes=\"auto, (max-width: 520px) 100vw, 520px\" \/><\/a><\/p>\n<h4><a href=\"http:\/\/xtec.gencat.cat\/ca\/formacio\/formaciogeneralprofessorat\/cultura-digital\/planificacio-oferta-formativa-modalitats\/\" target=\"_blank\" rel=\"noopener noreferrer\">Oferta formativa compet\u00e8ncia digital docent.<\/a><\/h4>\n<p>L&#8217;objectiu de les accions formatives de compet\u00e8ncia digital i de suport a la transformaci\u00f3 digital dels centres organitzades per de la Direcci\u00f3 general d&#8217;Innovaci\u00f3, Recerca i Cultura digital \u00e9s garantir la millora dels resultats educatius de l&#8217;alumnat, i en particular, l&#8217;assoliment de la compet\u00e8ncia digital, tant de l&#8217;alumnat com del professorat. La formaci\u00f3 de cultura digital del curs 2020-2021 est\u00e0 alineada amb les diferents dimensions i nivells de la <strong><a href=\"http:\/\/educacio.gencat.cat\/web\/.content\/home\/departament\/publicacions\/monografies\/competencia-digital-docent\/competencia-digital-docent.pdf\" target=\"_blank\" rel=\"noopener noreferrer\">compet\u00e8ncia digital docent<\/a><\/strong> i emmarcada en l\u2019eix 2, professorat digitalment competent, del Pla d\u2019Educaci\u00f3 Digital de Catalunya (PEDC).<\/p>\n<h4>Altres<\/h4>\n<p><a href=\"https:\/\/www.youtube.com\/watch?utm_source=Genially&amp;utm_campaign=dcf4682321-EMAIL_CAMPAIGN_2020_03_24_10_16_COPY_02&amp;utm_medium=email&amp;utm_term=0_76b10f6157-dcf4682321-176073002&amp;v=j3WX6-abkV8&amp;feature=youtu.be\" target=\"_blank\" rel=\"noopener noreferrer\">Webinar paso a paso Genial.ly para principiantes.<\/a><\/p>\n<div class=\"ast-oembed-container \" style=\"height: 100%;\"><iframe loading=\"lazy\" title=\"\u00bfQu\u00e9 es Genially y c\u00f3mo se utiliza? - Tutorial y primeros pasos para principiantes \u270d\" width=\"500\" height=\"281\" src=\"https:\/\/www.youtube.com\/embed\/j3WX6-abkV8?feature=oembed\" frameborder=\"0\" allow=\"accelerometer; autoplay; clipboard-write; encrypted-media; gyroscope; picture-in-picture; web-share\" referrerpolicy=\"strict-origin-when-cross-origin\" allowfullscreen><\/iframe><\/div>\n<h4>Bancs d&#8217;eines<\/h4>\n<p><a href=\"https:\/\/toolbox.mobileworldcapital.com\/\"><img loading=\"lazy\" decoding=\"async\" src=\"https:\/\/toolbox.mobileworldcapital.com\/img\/logo-def.png\" alt=\"\" width=\"512\" height=\"53\" \/><\/a><\/p>\n<h5><a href=\"https:\/\/toolbox.mobileworldcapital.com\/\" target=\"_blank\" rel=\"noopener noreferrer\">Tool box<\/a><\/h5>\n<p>mSchools Toolbox et facilita l\u2019acc\u00e9s a un contingut m\u00f2bil educatiu de qualitat. Inspira\u2019t i troba les millors apps i experi\u00e8ncies per a l\u2019aula.<\/p>\n<p><a href=\"http:\/\/www.edu365.cat\/\" target=\"_blank\" rel=\"noopener noreferrer\"><img loading=\"lazy\" decoding=\"async\" class=\"wp-image-9963\" src=\"https:\/\/serveiseducatius.xtec.cat\/osona\/wp-content\/uploads\/usu1175\/2020\/12\/edu365.png\" alt=\"\" width=\"521\" height=\"347\" \/><\/a><\/p>\n<h5><a href=\"http:\/\/www.edu365.cat\/\" target=\"_blank\" rel=\"noopener noreferrer\">Edu365<\/a><\/h5>\n<p>Banc de recursos educatius organitzats per nivells i \u00e0rees.<\/p>\n<p><a href=\"https:\/\/alexandria.xtec.cat\/\"><img loading=\"lazy\" decoding=\"async\" src=\"https:\/\/alexandria.xtec.cat\/theme\/image.php\/xtec2020\/theme\/1607692471\/top_alexandria\" alt=\"\" width=\"519\" height=\"95\" \/><\/a><\/p>\n<h5><a href=\"https:\/\/alexandria.xtec.cat\/\" target=\"_blank\" rel=\"noopener noreferrer\">Alexandria<\/a><\/h5>\n<p>Alexandria \u00e9s una gran biblioteca de recursos educatius digitals (moodle, PDI, SCORM) creats i seleccionats per docents de diverses \u00e0rees i nivells educatius, organitzats en <strong>aules virtuals<\/strong> que es poden <a href=\"http:\/\/ateneu.xtec.cat\/wikiform\/wikiexport\/cmd\/tac\/moodle2\/b3_cursos\/alexandria\">traslladar directament a l&#8217;espai Moodle del vostre centre<\/a> per adaptar-les i comen\u00e7ar a utilitzar-les amb els alumnes.<\/p>\n<p><a href=\"https:\/\/apliense.xtec.cat\/arc\/\" target=\"_blank\" rel=\"noopener noreferrer\"><img loading=\"lazy\" decoding=\"async\" class=\"wp-image-9964\" src=\"https:\/\/serveiseducatius.xtec.cat\/osona\/wp-content\/uploads\/usu1175\/2020\/12\/arc-300x165.png\" alt=\"\" width=\"520\" height=\"286\" srcset=\"https:\/\/serveiseducatius.xtec.cat\/osona\/wp-content\/uploads\/usu1175\/2020\/12\/arc-300x165.png 300w, https:\/\/serveiseducatius.xtec.cat\/osona\/wp-content\/uploads\/usu1175\/2020\/12\/arc-768x422.png 768w, https:\/\/serveiseducatius.xtec.cat\/osona\/wp-content\/uploads\/usu1175\/2020\/12\/arc.png 1024w\" sizes=\"auto, (max-width: 520px) 100vw, 520px\" \/><\/a><\/p>\n<h5><a href=\"https:\/\/apliense.xtec.cat\/arc\/\" target=\"_blank\" rel=\"noopener noreferrer\">ARC<\/a><\/h5>\n<p>L\u2019ARC \u00e9s un espai al servei dels mestres i del professorat per compartir propostes docents de qualitat, associades a les compet\u00e8ncies b\u00e0siques i al curr\u00edculum que t\u00e9 les seg\u00fcents caracter\u00edstiques:<\/p>\n<ul>\n<li>\u00c9s una plataforma per compartir trossets d\u2019aula, on qui vol pot fer aportacions i tothom pot prendre, adaptar i utilitzar el que necessita.<\/li>\n<li>Acull propostes de proced\u00e8ncia i estils diversos per tal de respectar i donar suport a diferents sensibilitats i necessitats docents.<\/li>\n<li>Utilitza el curr\u00edculum com a organitzador de les propostes i, alhora, el posa en acci\u00f3 facilitant cerques a partir de continguts curriculars, de compet\u00e8ncies i de relacions interdisciplin\u00e0ries.<\/li>\n<\/ul>\n<h4><b>Seguretat<\/b><\/h4>\n<p><a href=\"https:\/\/docs.google.com\/presentation\/d\/1iVMYV8tIEWef_xKjPo4I4zGRcsFTcN_x5NeFQdxG4uQ\/edit?usp=sharing\"><span style=\"font-weight: 400;\">Presentaci\u00f3 sobre seguretat<\/span><\/a><span style=\"font-weight: 400;\"> de l\u2019\u00e0rea TIC.<\/span><\/p>\n<h5><span style=\"font-weight: 400;\">Enlla\u00e7os<\/span><\/h5>\n<ul>\n<li style=\"font-weight: 400;\" aria-level=\"1\"><a href=\"http:\/\/www.xtec.cat\/web\/recursos\/tecinformacio\/internet_segura\"><span style=\"font-weight: 400;\">Internet segura (XTEC)<\/span><\/a><\/li>\n<li style=\"font-weight: 400;\" aria-level=\"1\"><a href=\"http:\/\/www.internetsegura.cat\/\"><span style=\"font-weight: 400;\">Internet segura (CESICAT)<\/span><\/a><\/li>\n<li style=\"font-weight: 400;\" aria-level=\"1\"><a href=\"http:\/\/xtec.gencat.cat\/ca\/at_usuari\/guies\/antivirus\/\"><span style=\"font-weight: 400;\">Antivirus &#8211; documentaci\u00f3 i suport (XTEC)<\/span><\/a><\/li>\n<li style=\"font-weight: 400;\" aria-level=\"1\"><a href=\"http:\/\/xtec.gencat.cat\/ca\/at_usuari\/guies\/antivirus\/\"><span style=\"font-weight: 400;\">Desc\u00e0rrega de l&#8217;antivirus Panda 2017 (XTEC)<\/span><\/a><\/li>\n<li style=\"font-weight: 400;\" aria-level=\"1\"><a href=\"http:\/\/www.xtec.cat\/alfresco\/d\/d\/workspace\/SpacesStore\/c55256ce-7824-47ef-b409-42e3b44ac88d\/Alerta%20i%20advert%C3%83%C2%83%C3%82%C2%A8ncia%20At_U.pdf\"><span style=\"font-weight: 400;\">Alerta per infeccions de codi malici\u00f3s tipus ransomware (XTEC)<\/span><\/a><\/li>\n<li style=\"font-weight: 400;\" aria-level=\"1\"><a href=\"https:\/\/support.google.com\/mail\/answer\/1366858?hl=ca&amp;expand=1\"><span style=\"font-weight: 400;\">El correu brossa de Google<\/span><\/a><\/li>\n<\/ul>\n<h4><strong><a href=\"http:\/\/serveiseducatius.xtec.cat\/osona\/recursos\/area-de-cultura-digital\/pmf\/\" target=\"_blank\" rel=\"noopener noreferrer\">Preguntes m\u00e9s freq\u00fcents<\/a><\/strong><\/h4>\n","protected":false},"excerpt":{"rendered":"<p>Espai de recopilaci\u00f3 de recursos digitals. Xarxa Territorial de Cultura Digital. (enlla\u00e7 a l&#8217;ACD) Education vector created by pikisuperstar &#8211; [&hellip;]<\/p>\n","protected":false},"author":1,"featured_media":0,"parent":906,"menu_order":0,"comment_status":"closed","ping_status":"closed","template":"","meta":{"_bbp_topic_count":0,"_bbp_reply_count":0,"_bbp_total_topic_count":0,"_bbp_total_reply_count":0,"_bbp_voice_count":0,"_bbp_anonymous_reply_count":0,"_bbp_topic_count_hidden":0,"_bbp_reply_count_hidden":0,"_bbp_forum_subforum_count":0,"site-sidebar-layout":"default","site-content-layout":"","ast-site-content-layout":"","site-content-style":"default","site-sidebar-style":"default","ast-global-header-display":"","ast-banner-title-visibility":"","ast-main-header-display":"","ast-hfb-above-header-display":"","ast-hfb-below-header-display":"","ast-hfb-mobile-header-display":"","site-post-title":"","ast-breadcrumbs-content":"","ast-featured-img":"","footer-sml-layout":"","theme-transparent-header-meta":"","adv-header-id-meta":"","stick-header-meta":"","header-above-stick-meta":"","header-main-stick-meta":"","header-below-stick-meta":"","astra-migrate-meta-layouts":"default","ast-page-background-enabled":"default","ast-page-background-meta":{"desktop":{"background-color":"var(--ast-global-color-4)","background-image":"","background-repeat":"repeat","background-position":"center center","background-size":"auto","background-attachment":"scroll","background-type":"","background-media":"","overlay-type":"","overlay-color":"","overlay-opacity":"","overlay-gradient":""},"tablet":{"background-color":"","background-image":"","background-repeat":"repeat","background-position":"center center","background-size":"auto","background-attachment":"scroll","background-type":"","background-media":"","overlay-type":"","overlay-color":"","overlay-opacity":"","overlay-gradient":""},"mobile":{"background-color":"","background-image":"","background-repeat":"repeat","background-position":"center center","background-size":"auto","background-attachment":"scroll","background-type":"","background-media":"","overlay-type":"","overlay-color":"","overlay-opacity":"","overlay-gradient":""}},"ast-content-background-meta":{"desktop":{"background-color":"var(--ast-global-color-5)","background-image":"","background-repeat":"repeat","background-position":"center center","background-size":"auto","background-attachment":"scroll","background-type":"","background-media":"","overlay-type":"","overlay-color":"","overlay-opacity":"","overlay-gradient":""},"tablet":{"background-color":"var(--ast-global-color-5)","background-image":"","background-repeat":"repeat","background-position":"center center","background-size":"auto","background-attachment":"scroll","background-type":"","background-media":"","overlay-type":"","overlay-color":"","overlay-opacity":"","overlay-gradient":""},"mobile":{"background-color":"var(--ast-global-color-5)","background-image":"","background-repeat":"repeat","background-position":"center center","background-size":"auto","background-attachment":"scroll","background-type":"","background-media":"","overlay-type":"","overlay-color":"","overlay-opacity":"","overlay-gradient":""}},"footnotes":""},"class_list":["post-9956","page","type-page","status-publish","hentry"],"post_mailing_queue_ids":[],"_links":{"self":[{"href":"https:\/\/serveiseducatius.xtec.cat\/osona\/wp-json\/wp\/v2\/pages\/9956","targetHints":{"allow":["GET"]}}],"collection":[{"href":"https:\/\/serveiseducatius.xtec.cat\/osona\/wp-json\/wp\/v2\/pages"}],"about":[{"href":"https:\/\/serveiseducatius.xtec.cat\/osona\/wp-json\/wp\/v2\/types\/page"}],"author":[{"embeddable":true,"href":"https:\/\/serveiseducatius.xtec.cat\/osona\/wp-json\/wp\/v2\/users\/1"}],"replies":[{"embeddable":true,"href":"https:\/\/serveiseducatius.xtec.cat\/osona\/wp-json\/wp\/v2\/comments?post=9956"}],"version-history":[{"count":3,"href":"https:\/\/serveiseducatius.xtec.cat\/osona\/wp-json\/wp\/v2\/pages\/9956\/revisions"}],"predecessor-version":[{"id":10548,"href":"https:\/\/serveiseducatius.xtec.cat\/osona\/wp-json\/wp\/v2\/pages\/9956\/revisions\/10548"}],"up":[{"embeddable":true,"href":"https:\/\/serveiseducatius.xtec.cat\/osona\/wp-json\/wp\/v2\/pages\/906"}],"wp:attachment":[{"href":"https:\/\/serveiseducatius.xtec.cat\/osona\/wp-json\/wp\/v2\/media?parent=9956"}],"curies":[{"name":"wp","href":"https:\/\/api.w.org\/{rel}","templated":true}]}}