{"id":9852,"date":"2020-10-06T12:04:10","date_gmt":"2020-10-06T10:04:10","guid":{"rendered":"http:\/\/serveiseducatius.xtec.cat\/osona\/?page_id=9852"},"modified":"2020-10-06T12:09:54","modified_gmt":"2020-10-06T10:09:54","slug":"entitats-osona-i-el-llucanes","status":"publish","type":"page","link":"https:\/\/serveiseducatius.xtec.cat\/osona\/entitats-osona-i-el-llucanes\/","title":{"rendered":"Entitats Osona i El Llu\u00e7an\u00e8s"},"content":{"rendered":"<p>Recull d&#8217;entitats amb les que es realitza el servei comunitari a Osona i El Llu\u00e7an\u00e8s.<\/p>\n<p>&nbsp;<\/p>\n<table dir=\"ltr\" border=\"1\" cellspacing=\"0\" cellpadding=\"0\">\n<colgroup>\n<col width=\"100\" \/>\n<col width=\"316\" \/><\/colgroup>\n<tbody>\n<tr>\n<td data-sheets-value=\"{&quot;1&quot;:2,&quot;2&quot;:&quot;AAA MUNICIPI&quot;}\"><strong>MUNICIPI<\/strong><\/td>\n<td data-sheets-value=\"{&quot;1&quot;:2,&quot;2&quot;:&quot;ENTITAT&quot;}\" data-sheets-note=\"Picant a sobre de l'enlla\u00e7 d'aquesta columna s'accedeix o b\u00e9 a la c\u00f2pia del conveni, o b\u00e9 al resguard de tramitaci\u00f3 a l'EACat\"><strong>ENTITAT<\/strong><\/td>\n<\/tr>\n<tr>\n<td data-sheets-value=\"{&quot;1&quot;:2,&quot;2&quot;:&quot;Aiguafreda&quot;}\">Aiguafreda<\/td>\n<td data-sheets-value=\"{&quot;1&quot;:2,&quot;2&quot;:&quot;Ajuntament d'Aiguafreda&quot;}\" data-sheets-formula=\"=HYPERLINK(&quot;https:\/\/drive.google.com\/open?id=0B7D2X5VKZSsLZlRoMUZhcExZTDlWUDlRSVpuc3d4bTFlc2pn&quot;;&quot;Ajuntament d'Aiguafreda&quot;)\" data-sheets-hyperlink=\"https:\/\/drive.google.com\/open?id=0B7D2X5VKZSsLZlRoMUZhcExZTDlWUDlRSVpuc3d4bTFlc2pn\">Ajuntament d&#8217;Aiguafreda<\/td>\n<\/tr>\n<tr>\n<td data-sheets-value=\"{&quot;1&quot;:2,&quot;2&quot;:&quot;Aiguafreda&quot;}\">Aiguafreda<\/td>\n<td data-sheets-value=\"{&quot;1&quot;:2,&quot;2&quot;:&quot;Resid\u00e8ncia La Font dels Enamorats SL&quot;}\" data-sheets-formula=\"=HYPERLINK(&quot;https:\/\/drive.google.com\/open?id=1nq0xVLgCoblNmF13tVJK4LH2qUFSRJU9&quot;;&quot;Resid\u00e8ncia La Font dels Enamorats SL&quot;)\" data-sheets-hyperlink=\"https:\/\/drive.google.com\/open?id=1nq0xVLgCoblNmF13tVJK4LH2qUFSRJU9\">Resid\u00e8ncia La Font dels Enamorats SL<\/td>\n<\/tr>\n<tr>\n<td data-sheets-value=\"{&quot;1&quot;:2,&quot;2&quot;:&quot;Calldetenes&quot;}\">Calldetenes<\/td>\n<td data-sheets-value=\"{&quot;1&quot;:2,&quot;2&quot;:&quot;Ajuntament de Calldetenes&quot;}\" data-sheets-formula=\"=HYPERLINK(&quot;https:\/\/drive.google.com\/open?id=1--YLzxNZmqyR1vt2is6Xsaaj1p8CrmJb&quot;;&quot;Ajuntament de Calldetenes&quot;)\" data-sheets-hyperlink=\"https:\/\/drive.google.com\/open?id=1--YLzxNZmqyR1vt2is6Xsaaj1p8CrmJb\">Ajuntament de Calldetenes<\/td>\n<\/tr>\n<tr>\n<td data-sheets-value=\"{&quot;1&quot;:2,&quot;2&quot;:&quot;Folgueroles&quot;}\">Folgueroles<\/td>\n<td data-sheets-value=\"{&quot;1&quot;:2,&quot;2&quot;:&quot;Ajuntament de Folgueroles&quot;}\" data-sheets-formula=\"=HYPERLINK(&quot;https:\/\/drive.google.com\/open?id=1pHWCuH7LzQeNjSaN8IkluIL_6OdOyn0O&quot;;&quot;Ajuntament de Folgueroles&quot;)\" data-sheets-hyperlink=\"https:\/\/drive.google.com\/open?id=1pHWCuH7LzQeNjSaN8IkluIL_6OdOyn0O\">Ajuntament de Folgueroles<\/td>\n<\/tr>\n<tr>\n<td data-sheets-value=\"{&quot;1&quot;:2,&quot;2&quot;:&quot;Gurb&quot;}\">Gurb<\/td>\n<td data-sheets-value=\"{&quot;1&quot;:2,&quot;2&quot;:&quot;Ajuntament de Gurb&quot;}\" data-sheets-formula=\"=HYPERLINK(&quot;https:\/\/drive.google.com\/open?id=1T92s-XPlGQOGPZPuA7kmJvfUxkSAQA11&quot;;&quot;Ajuntament de Gurb&quot;)\" data-sheets-hyperlink=\"https:\/\/drive.google.com\/open?id=1T92s-XPlGQOGPZPuA7kmJvfUxkSAQA11\">Ajuntament de Gurb<\/td>\n<\/tr>\n<tr>\n<td data-sheets-value=\"{&quot;1&quot;:2,&quot;2&quot;:&quot;Gurb&quot;}\">Gurb<\/td>\n<td data-sheets-value=\"{&quot;1&quot;:2,&quot;2&quot;:&quot;Associaci\u00f3 Escola Bressol LA QUITXALLA de Gurb&quot;}\" data-sheets-formula=\"=HYPERLINK(&quot;https:\/\/drive.google.com\/open?id=1V05t8QPDM4cBkMwlA-sh3rIbV5sLaObJ&quot;;&quot;Associaci\u00f3 Escola Bressol LA QUITXALLA de Gurb&quot;)\" data-sheets-hyperlink=\"https:\/\/drive.google.com\/open?id=1V05t8QPDM4cBkMwlA-sh3rIbV5sLaObJ\">Associaci\u00f3 Escola Bressol LA QUITXALLA de Gurb<\/td>\n<\/tr>\n<tr>\n<td data-sheets-value=\"{&quot;1&quot;:2,&quot;2&quot;:&quot;Gurb&quot;}\">Gurb<\/td>\n<td data-sheets-value=\"{&quot;1&quot;:2,&quot;2&quot;:&quot;Casal de la Gent Gran de Gurb&quot;}\" data-sheets-formula=\"=HYPERLINK(&quot;https:\/\/drive.google.com\/open?id=1rdm4acShTJCXPHKhESXIFOL96l8eT2tW&quot;;&quot;Casal de la Gent Gran de Gurb&quot;)\" data-sheets-hyperlink=\"https:\/\/drive.google.com\/open?id=1rdm4acShTJCXPHKhESXIFOL96l8eT2tW\">Casal de la Gent Gran de Gurb<\/td>\n<\/tr>\n<tr>\n<td data-sheets-value=\"{&quot;1&quot;:2,&quot;2&quot;:&quot;Gurb&quot;}\">Gurb<\/td>\n<td data-sheets-value=\"{&quot;1&quot;:2,&quot;2&quot;:&quot;Entitat UE gurb&quot;}\" data-sheets-formula=\"=HYPERLINK(&quot;https:\/\/drive.google.com\/open?id=127_XJUhGfMfkg9e6W1-X4EhrKXPiwmrw&quot;;&quot;Entitat UE gurb&quot;)\" data-sheets-hyperlink=\"https:\/\/drive.google.com\/open?id=127_XJUhGfMfkg9e6W1-X4EhrKXPiwmrw\">Entitat UE gurb<\/td>\n<\/tr>\n<tr>\n<td data-sheets-value=\"{&quot;1&quot;:2,&quot;2&quot;:&quot;L'Esquirol&quot;}\">L&#8217;Esquirol<\/td>\n<td data-sheets-value=\"{&quot;1&quot;:2,&quot;2&quot;:&quot;Ajuntament de l'Esquirol&quot;}\" data-sheets-formula=\"=HYPERLINK(&quot;https:\/\/drive.google.com\/file\/d\/1gbBbz-lgkuKLb-RPxYfq5AbGtFCsyXgP\/view?usp=sharing&quot;;&quot;Ajuntament de l'Esquirol&quot;)\" data-sheets-hyperlink=\"https:\/\/drive.google.com\/file\/d\/1gbBbz-lgkuKLb-RPxYfq5AbGtFCsyXgP\/view?usp=sharing\">Ajuntament de l&#8217;Esquirol<\/td>\n<\/tr>\n<tr>\n<td data-sheets-value=\"{&quot;1&quot;:2,&quot;2&quot;:&quot;Malla&quot;}\">Malla<\/td>\n<td data-sheets-value=\"{&quot;1&quot;:2,&quot;2&quot;:&quot;Mancomunitat la Plana&quot;}\" data-sheets-formula=\"=HYPERLINK(&quot;https:\/\/drive.google.com\/open?id=1VY_lHhYdTcKxkoedQz-U-Ieei-h9iQvE&quot;;&quot;Mancomunitat la Plana&quot;)\" data-sheets-hyperlink=\"https:\/\/drive.google.com\/open?id=1VY_lHhYdTcKxkoedQz-U-Ieei-h9iQvE\">Mancomunitat la Plana<\/td>\n<\/tr>\n<tr>\n<td data-sheets-value=\"{&quot;1&quot;:2,&quot;2&quot;:&quot;Manlleu&quot;}\">Manlleu<\/td>\n<td data-sheets-value=\"{&quot;1&quot;:2,&quot;2&quot;:&quot;Centre Veterinari Manlleu SL&quot;}\">Centre Veterinari Manlleu SL<\/td>\n<\/tr>\n<tr>\n<td data-sheets-value=\"{&quot;1&quot;:2,&quot;2&quot;:&quot;Orist\u00e0&quot;}\">Orist\u00e0<\/td>\n<td data-sheets-value=\"{&quot;1&quot;:2,&quot;2&quot;:&quot;Ajuntament d'Orist\u00e0&quot;}\" data-sheets-formula=\"=HYPERLINK(&quot;https:\/\/drive.google.com\/open?id=1Ta-lUOWbKvkLHwmTL4U1zpEHy5q_02QZ&quot;;&quot;Ajuntament d'Orist\u00e0&quot;)\" data-sheets-hyperlink=\"https:\/\/drive.google.com\/open?id=1Ta-lUOWbKvkLHwmTL4U1zpEHy5q_02QZ\">Ajuntament d&#8217;Orist\u00e0<\/td>\n<\/tr>\n<tr>\n<td data-sheets-value=\"{&quot;1&quot;:2,&quot;2&quot;:&quot;Perafita&quot;}\">Perafita<\/td>\n<td data-sheets-value=\"{&quot;1&quot;:2,&quot;2&quot;:&quot;Ajuntament de Perafita&quot;}\">Ajuntament de Perafita<\/td>\n<\/tr>\n<tr>\n<td data-sheets-value=\"{&quot;1&quot;:2,&quot;2&quot;:&quot;Prats de Llu\u00e7an\u00e8s&quot;}\">Prats de Llu\u00e7an\u00e8s<\/td>\n<td data-sheets-value=\"{&quot;1&quot;:2,&quot;2&quot;:&quot;Ajuntament de Prats de Llu\u00e7an\u00e8s&quot;}\" data-sheets-formula=\"=HYPERLINK(&quot;https:\/\/drive.google.com\/open?id=13dLPG0I_YAhWyFvzOvfpcEd4uFIUWAzx&quot;;&quot;Ajuntament de Prats de Llu\u00e7an\u00e8s&quot;)\" data-sheets-hyperlink=\"https:\/\/drive.google.com\/open?id=13dLPG0I_YAhWyFvzOvfpcEd4uFIUWAzx\">Ajuntament de Prats de Llu\u00e7an\u00e8s<\/td>\n<\/tr>\n<tr>\n<td data-sheets-value=\"{&quot;1&quot;:2,&quot;2&quot;:&quot;Prats de Llu\u00e7an\u00e8s&quot;}\">Prats de Llu\u00e7an\u00e8s<\/td>\n<td data-sheets-value=\"{&quot;1&quot;:2,&quot;2&quot;:&quot;Enitat FEDAC&quot;}\" data-sheets-formula=\"=HYPERLINK(&quot;https:\/\/drive.google.com\/open?id=1bELwZlEo-R4Wm0RDvXXIGIvGQzVVsgEl&quot;;&quot;Enitat FEDAC&quot;)\" data-sheets-hyperlink=\"https:\/\/drive.google.com\/open?id=1bELwZlEo-R4Wm0RDvXXIGIvGQzVVsgEl\">Enitat FEDAC<\/td>\n<\/tr>\n<tr>\n<td data-sheets-value=\"{&quot;1&quot;:2,&quot;2&quot;:&quot;Sant Feliu Sasserra&quot;}\">Sant Feliu Sasserra<\/td>\n<td data-sheets-value=\"{&quot;1&quot;:2,&quot;2&quot;:&quot;Ajuntament de Sant Feliu Sasserra&quot;}\" data-sheets-formula=\"=HYPERLINK(&quot;https:\/\/drive.google.com\/open?id=1oKacZhFlZvNPC4PZz-phIFcZR8_sJG3Q&quot;;&quot;Ajuntament de Sant Feliu Sasserra&quot;)\" data-sheets-hyperlink=\"https:\/\/drive.google.com\/open?id=1oKacZhFlZvNPC4PZz-phIFcZR8_sJG3Q\">Ajuntament de Sant Feliu Sasserra<\/td>\n<\/tr>\n<tr>\n<td data-sheets-value=\"{&quot;1&quot;:2,&quot;2&quot;:&quot;Sant Juli\u00e0 de Vilatorta&quot;}\">Sant Juli\u00e0 de Vilatorta<\/td>\n<td data-sheets-value=\"{&quot;1&quot;:2,&quot;2&quot;:&quot;Ajuntament de Sant Juli\u00e0 de Vilatorta&quot;}\" data-sheets-formula=\"=HYPERLINK(&quot;https:\/\/drive.google.com\/open?id=1CPlwlz_pd_gsK0TKLE2tpDPk_Ta2oO7G&quot;;&quot;Ajuntament de Sant Juli\u00e0 de Vilatorta&quot;)\" data-sheets-hyperlink=\"https:\/\/drive.google.com\/open?id=1CPlwlz_pd_gsK0TKLE2tpDPk_Ta2oO7G\">Ajuntament de Sant Juli\u00e0 de Vilatorta<\/td>\n<\/tr>\n<tr>\n<td data-sheets-value=\"{&quot;1&quot;:2,&quot;2&quot;:&quot;Sant Quirze de Besora&quot;}\">Sant Quirze de Besora<\/td>\n<td data-sheets-value=\"{&quot;1&quot;:2,&quot;2&quot;:&quot;Ajuntament de Sant Quirze de Besora&quot;}\" data-sheets-formula=\"=HYPERLINK(&quot;https:\/\/drive.google.com\/open?id=1ptriHLzrY0sKP1fQK35ReDHCe8U7Fp1z&quot;;&quot;Ajuntament de Sant Quirze de Besora&quot;)\" data-sheets-hyperlink=\"https:\/\/drive.google.com\/open?id=1ptriHLzrY0sKP1fQK35ReDHCe8U7Fp1z\">Ajuntament de Sant Quirze de Besora<\/td>\n<\/tr>\n<tr>\n<td data-sheets-value=\"{&quot;1&quot;:2,&quot;2&quot;:&quot;Sant Quirze de Besora&quot;}\">Sant Quirze de Besora<\/td>\n<td data-sheets-value=\"{&quot;1&quot;:2,&quot;2&quot;:&quot;El centre de Sant quirze de Besora&quot;}\">El centre de Sant quirze de Besora<\/td>\n<\/tr>\n<tr>\n<td data-sheets-value=\"{&quot;1&quot;:2,&quot;2&quot;:&quot;Santa Eul\u00e0lia de Riuprimer&quot;}\">Santa Eul\u00e0lia de Riuprimer<\/td>\n<td data-sheets-value=\"{&quot;1&quot;:2,&quot;2&quot;:&quot;Ajuntament de Santa Eul\u00e0lia de Riuprimer&quot;}\" data-sheets-formula=\"=HYPERLINK(&quot;https:\/\/drive.google.com\/open?id=1Zc2rZW8jjbt-tB2CLiYagCycOIWYhZwF&quot;;&quot;Ajuntament de Santa Eul\u00e0lia de Riuprimer&quot;)\" data-sheets-hyperlink=\"https:\/\/drive.google.com\/open?id=1Zc2rZW8jjbt-tB2CLiYagCycOIWYhZwF\">Ajuntament de Santa Eul\u00e0lia de Riuprimer<\/td>\n<\/tr>\n<tr>\n<td data-sheets-value=\"{&quot;1&quot;:2,&quot;2&quot;:&quot;Santa Eul\u00e0lia de Riuprimer&quot;}\">Santa Eul\u00e0lia de Riuprimer<\/td>\n<td data-sheets-value=\"{&quot;1&quot;:2,&quot;2&quot;:&quot;Entitat Llar d'infants El Roure Xic&quot;}\">Entitat Llar d&#8217;infants El Roure Xic<\/td>\n<\/tr>\n<tr>\n<td data-sheets-value=\"{&quot;1&quot;:2,&quot;2&quot;:&quot;St. Boi de Llu\u00e7an\u00e8s&quot;}\">St. Boi de Llu\u00e7an\u00e8s<\/td>\n<td data-sheets-value=\"{&quot;1&quot;:2,&quot;2&quot;:&quot;Ajuntament de St. Boi de Llu\u00e7an\u00e8s&quot;}\" data-sheets-formula=\"=HYPERLINK(&quot;https:\/\/drive.google.com\/open?id=1EVMTL7FwGg4uyBrp6al6dS59GU4nq3xq&quot;;&quot;Ajuntament de St. Boi de Llu\u00e7an\u00e8s&quot;)\" data-sheets-hyperlink=\"https:\/\/drive.google.com\/open?id=1EVMTL7FwGg4uyBrp6al6dS59GU4nq3xq\">Ajuntament de St. Boi de Llu\u00e7an\u00e8s<\/td>\n<\/tr>\n<tr>\n<td data-sheets-value=\"{&quot;1&quot;:2,&quot;2&quot;:&quot;St. Vicen\u00e7 de Torell\u00f3&quot;}\">St. Vicen\u00e7 de Torell\u00f3<\/td>\n<td data-sheets-value=\"{&quot;1&quot;:2,&quot;2&quot;:&quot;Ajuntament Sant Vicen\u00e7 de Torell\u00f3&quot;}\" data-sheets-formula=\"=HYPERLINK(&quot;https:\/\/drive.google.com\/open?id=0B__h4UeeVFHEUnVPTWJick1CY2lPbF8xQ0xHZ3Zaa2YxQk00&quot;;&quot;Ajuntament Sant Vicen\u00e7 de Torell\u00f3&quot;)\" data-sheets-hyperlink=\"https:\/\/drive.google.com\/open?id=0B__h4UeeVFHEUnVPTWJick1CY2lPbF8xQ0xHZ3Zaa2YxQk00\">Ajuntament Sant Vicen\u00e7 de Torell\u00f3<\/td>\n<\/tr>\n<tr>\n<td data-sheets-value=\"{&quot;1&quot;:2,&quot;2&quot;:&quot;Tona&quot;}\">Tona<\/td>\n<td data-sheets-value=\"{&quot;1&quot;:2,&quot;2&quot;:&quot;Ajuntament de Tona&quot;}\" data-sheets-formula=\"=HYPERLINK(&quot;https:\/\/drive.google.com\/open?id=1I3A2b2SeWMExyhD3WxgWnIxNHTfi6iJV&quot;;&quot;Ajuntament de Tona&quot;)\" data-sheets-hyperlink=\"https:\/\/drive.google.com\/open?id=1I3A2b2SeWMExyhD3WxgWnIxNHTfi6iJV\">Ajuntament de Tona<\/td>\n<\/tr>\n<tr>\n<td data-sheets-value=\"{&quot;1&quot;:2,&quot;2&quot;:&quot;Tona&quot;}\">Tona<\/td>\n<td data-sheets-value=\"{&quot;1&quot;:2,&quot;2&quot;:&quot;Entitat Fundaci\u00f3 Can Codina&quot;}\" data-sheets-formula=\"=HYPERLINK(&quot;https:\/\/drive.google.com\/open?id=1h9wNYo5tbUo_pjfzPLrOoinGlORqYdPI&quot;;&quot;Entitat Fundaci\u00f3 Can Codina&quot;)\" data-sheets-hyperlink=\"https:\/\/drive.google.com\/open?id=1h9wNYo5tbUo_pjfzPLrOoinGlORqYdPI\">Entitat Fundaci\u00f3 Can Codina<\/td>\n<\/tr>\n<tr>\n<td data-sheets-value=\"{&quot;1&quot;:2,&quot;2&quot;:&quot;Torell\u00f3&quot;}\">Torell\u00f3<\/td>\n<td data-sheets-value=\"{&quot;1&quot;:2,&quot;2&quot;:&quot;Fundaci\u00f3 d'Ancians de Sant Feliu de Torell\u00f3&quot;}\" data-sheets-formula=\"=HYPERLINK(&quot;https:\/\/drive.google.com\/open?id=1dshna_a3r-USROia5m34RqmEnhkJqXA5&quot;;&quot;Fundaci\u00f3 d'Ancians de Sant Feliu de Torell\u00f3&quot;)\" data-sheets-hyperlink=\"https:\/\/drive.google.com\/open?id=1dshna_a3r-USROia5m34RqmEnhkJqXA5\">Fundaci\u00f3 d&#8217;Ancians de Sant Feliu de Torell\u00f3<\/td>\n<\/tr>\n<tr>\n<td data-sheets-value=\"{&quot;1&quot;:2,&quot;2&quot;:&quot;Vic&quot;}\">Vic<\/td>\n<td data-sheets-value=\"{&quot;1&quot;:2,&quot;2&quot;:&quot;AEIG guillem de Montrodon&quot;}\" data-sheets-formula=\"=HYPERLINK(&quot;https:\/\/drive.google.com\/open?id=1b7PeGCgBam0yh-ko1EqtGwRMiPWFH_Ia&quot;;&quot;AEIG guillem de Montrodon&quot;)\" data-sheets-hyperlink=\"https:\/\/drive.google.com\/open?id=1b7PeGCgBam0yh-ko1EqtGwRMiPWFH_Ia\">AEIG guillem de Montrodon<\/td>\n<\/tr>\n<tr>\n<td data-sheets-value=\"{&quot;1&quot;:2,&quot;2&quot;:&quot;Vic&quot;}\">Vic<\/td>\n<td data-sheets-value=\"{&quot;1&quot;:2,&quot;2&quot;:&quot;ASHES&quot;}\" data-sheets-formula=\"=HYPERLINK(&quot;https:\/\/drive.google.com\/open?id=1AvoPHGjRyvcKp8QcAlJd7Bm9wl1VEaRF&quot;;&quot;ASHES&quot;)\" data-sheets-hyperlink=\"https:\/\/drive.google.com\/open?id=1AvoPHGjRyvcKp8QcAlJd7Bm9wl1VEaRF\">ASHES<\/td>\n<\/tr>\n<tr>\n<td data-sheets-value=\"{&quot;1&quot;:2,&quot;2&quot;:&quot;Vic&quot;}\">Vic<\/td>\n<td data-sheets-value=\"{&quot;1&quot;:2,&quot;2&quot;:&quot;Associaci\u00f3 Defensa dels Animals d'Osona&quot;}\" data-sheets-formula=\"=HYPERLINK(&quot;https:\/\/drive.google.com\/open?id=1QRF6m2ZYu9C2A-F8inm1WRfHy6w2gfqy&quot;;&quot;Associaci\u00f3 Defensa dels Animals d'Osona&quot;)\" data-sheets-hyperlink=\"https:\/\/drive.google.com\/open?id=1QRF6m2ZYu9C2A-F8inm1WRfHy6w2gfqy\">Associaci\u00f3 Defensa dels Animals d&#8217;Osona<\/td>\n<\/tr>\n<tr>\n<td data-sheets-value=\"{&quot;1&quot;:2,&quot;2&quot;:&quot;Vic&quot;}\">Vic<\/td>\n<td data-sheets-value=\"{&quot;1&quot;:2,&quot;2&quot;:&quot;Associaci\u00f3 Rosa Dilm\u00e9-Rwanda&quot;}\" data-sheets-formula=\"=HYPERLINK(&quot;https:\/\/drive.google.com\/open?id=1UvS_akTf3KgywC0SKWtcM4e9v7Yfy8Jd&quot;;&quot;Associaci\u00f3 Rosa Dilm\u00e9-Rwanda&quot;)\" data-sheets-hyperlink=\"https:\/\/drive.google.com\/open?id=1UvS_akTf3KgywC0SKWtcM4e9v7Yfy8Jd\">Associaci\u00f3 Rosa Dilm\u00e9-Rwanda<\/td>\n<\/tr>\n<tr>\n<td data-sheets-value=\"{&quot;1&quot;:2,&quot;2&quot;:&quot;Vic&quot;}\">Vic<\/td>\n<td data-sheets-value=\"{&quot;1&quot;:2,&quot;2&quot;:&quot;Consorci Hospitalari de Vic&quot;}\" data-sheets-formula=\"=HYPERLINK(&quot;https:\/\/drive.google.com\/open?id=1imi9wSVQn782IQgHfsH-uyJANigpNkLI&quot;;&quot;Consorci Hospitalari de Vic&quot;)\" data-sheets-hyperlink=\"https:\/\/drive.google.com\/open?id=1imi9wSVQn782IQgHfsH-uyJANigpNkLI\">Consorci Hospitalari de Vic<\/td>\n<\/tr>\n<tr>\n<td data-sheets-value=\"{&quot;1&quot;:2,&quot;2&quot;:&quot;Vic&quot;}\">Vic<\/td>\n<td data-sheets-value=\"{&quot;1&quot;:2,&quot;2&quot;:&quot;Fundaci\u00f3 Assistencial d'Osona&quot;}\" data-sheets-formula=\"=HYPERLINK(&quot;https:\/\/drive.google.com\/open?id=1xg5wkNVxSIV8_9mRU-Ed01V4pAOebmRC&quot;;&quot;Fundaci\u00f3 Assistencial d'Osona&quot;)\" data-sheets-hyperlink=\"https:\/\/drive.google.com\/open?id=1xg5wkNVxSIV8_9mRU-Ed01V4pAOebmRC\">Fundaci\u00f3 Assistencial d&#8217;Osona<\/td>\n<\/tr>\n<tr>\n<td data-sheets-value=\"{&quot;1&quot;:2,&quot;2&quot;:&quot;Vic&quot;}\">Vic<\/td>\n<td data-sheets-value=\"{&quot;1&quot;:2,&quot;2&quot;:&quot;Fundaci\u00f3 Educacio I Art&quot;}\" data-sheets-formula=\"=HYPERLINK(&quot;https:\/\/drive.google.com\/open?id=11ihrIKRPA0Vf-3zrzlgt7_zIj0lpLyyU&quot;;&quot;Fundaci\u00f3 Educacio I Art&quot;)\" data-sheets-hyperlink=\"https:\/\/drive.google.com\/open?id=11ihrIKRPA0Vf-3zrzlgt7_zIj0lpLyyU\">Fundaci\u00f3 Educacio I Art<\/td>\n<\/tr>\n<tr>\n<td data-sheets-value=\"{&quot;1&quot;:2,&quot;2&quot;:&quot;Vic&quot;}\">Vic<\/td>\n<td data-sheets-value=\"{&quot;1&quot;:2,&quot;2&quot;:&quot;l\u2019entitat OSONAMENT&quot;}\" data-sheets-formula=\"=HYPERLINK(&quot;https:\/\/drive.google.com\/open?id=15EY47zOVKPV_DCuBEUi1b1_bJffibLPK&quot;;&quot;l\u2019entitat OSONAMENT&quot;)\" data-sheets-hyperlink=\"https:\/\/drive.google.com\/open?id=15EY47zOVKPV_DCuBEUi1b1_bJffibLPK\">l\u2019entitat OSONAMENT<\/td>\n<\/tr>\n<tr>\n<td data-sheets-value=\"{&quot;1&quot;:2,&quot;2&quot;:&quot;Vic&quot;}\">Vic<\/td>\n<td data-sheets-value=\"{&quot;1&quot;:2,&quot;2&quot;:&quot;Joguines sense fronteres&quot;}\" data-sheets-formula=\"=HYPERLINK(&quot;https:\/\/drive.google.com\/open?id=1b6MfcoQVI7tAbPu0nYjvGtpxFeOILJjq&quot;;&quot;Joguines sense fronteres&quot;)\" data-sheets-hyperlink=\"https:\/\/drive.google.com\/open?id=1b6MfcoQVI7tAbPu0nYjvGtpxFeOILJjq\">Joguines sense fronteres<\/td>\n<\/tr>\n<tr>\n<td data-sheets-value=\"{&quot;1&quot;:2,&quot;2&quot;:&quot;Vic&quot;}\">Vic<\/td>\n<td data-sheets-value=\"{&quot;1&quot;:2,&quot;2&quot;:&quot;RRO-Ecoestaci\u00f3&quot;}\" data-sheets-formula=\"=HYPERLINK(&quot;https:\/\/drive.google.com\/open?id=0B__h4UeeVFHEZGo5T0ZUWERQekpmNFE0RjVzWENyOWloZ1g0&quot;;&quot;RRO-Ecoestaci\u00f3&quot;)\" data-sheets-hyperlink=\"https:\/\/drive.google.com\/open?id=0B__h4UeeVFHEZGo5T0ZUWERQekpmNFE0RjVzWENyOWloZ1g0\">RRO-Ecoestaci\u00f3<\/td>\n<\/tr>\n<tr>\n<td data-sheets-value=\"{&quot;1&quot;:2,&quot;2&quot;:&quot;Vic&quot;}\">Vic<\/td>\n<td data-sheets-value=\"{&quot;1&quot;:2,&quot;2&quot;:&quot;Uni\u00f3 Excursionista de Vic&quot;}\" data-sheets-formula=\"=HYPERLINK(&quot;https:\/\/drive.google.com\/open?id=1ywksm24aenZzMrUu0VTy-3BdYG7_qpts&quot;;&quot;Uni\u00f3 Excursionista de Vic&quot;)\" data-sheets-hyperlink=\"https:\/\/drive.google.com\/open?id=1ywksm24aenZzMrUu0VTy-3BdYG7_qpts\">Uni\u00f3 Excursionista de Vic<\/td>\n<\/tr>\n<tr>\n<td data-sheets-value=\"{&quot;1&quot;:2,&quot;2&quot;:&quot;Vic&quot;}\">Vic<\/td>\n<td data-sheets-value=\"{&quot;1&quot;:2,&quot;2&quot;:&quot;ADFO&quot;}\" data-sheets-formula=\"=HYPERLINK(&quot;https:\/\/drive.google.com\/open?id=19r6KpormcpS9A9eSO9zNwQsvBuIqhf_s&quot;;&quot;ADFO&quot;)\" data-sheets-hyperlink=\"https:\/\/drive.google.com\/open?id=19r6KpormcpS9A9eSO9zNwQsvBuIqhf_s\">ADFO<\/td>\n<\/tr>\n<\/tbody>\n<\/table>\n","protected":false},"excerpt":{"rendered":"<p>Recull d&#8217;entitats amb les que es realitza el servei comunitari a Osona i El Llu\u00e7an\u00e8s. &nbsp; MUNICIPI ENTITAT Aiguafreda Ajuntament [&hellip;]<\/p>\n","protected":false},"author":1,"featured_media":0,"parent":0,"menu_order":0,"comment_status":"closed","ping_status":"closed","template":"","meta":{"_bbp_topic_count":0,"_bbp_reply_count":0,"_bbp_total_topic_count":0,"_bbp_total_reply_count":0,"_bbp_voice_count":0,"_bbp_anonymous_reply_count":0,"_bbp_topic_count_hidden":0,"_bbp_reply_count_hidden":0,"_bbp_forum_subforum_count":0,"site-sidebar-layout":"default","site-content-layout":"","ast-site-content-layout":"","site-content-style":"default","site-sidebar-style":"default","ast-global-header-display":"","ast-banner-title-visibility":"","ast-main-header-display":"","ast-hfb-above-header-display":"","ast-hfb-below-header-display":"","ast-hfb-mobile-header-display":"","site-post-title":"","ast-breadcrumbs-content":"","ast-featured-img":"","footer-sml-layout":"","theme-transparent-header-meta":"","adv-header-id-meta":"","stick-header-meta":"","header-above-stick-meta":"","header-main-stick-meta":"","header-below-stick-meta":"","astra-migrate-meta-layouts":"default","ast-page-background-enabled":"default","ast-page-background-meta":{"desktop":{"background-color":"var(--ast-global-color-4)","background-image":"","background-repeat":"repeat","background-position":"center center","background-size":"auto","background-attachment":"scroll","background-type":"","background-media":"","overlay-type":"","overlay-color":"","overlay-opacity":"","overlay-gradient":""},"tablet":{"background-color":"","background-image":"","background-repeat":"repeat","background-position":"center center","background-size":"auto","background-attachment":"scroll","background-type":"","background-media":"","overlay-type":"","overlay-color":"","overlay-opacity":"","overlay-gradient":""},"mobile":{"background-color":"","background-image":"","background-repeat":"repeat","background-position":"center center","background-size":"auto","background-attachment":"scroll","background-type":"","background-media":"","overlay-type":"","overlay-color":"","overlay-opacity":"","overlay-gradient":""}},"ast-content-background-meta":{"desktop":{"background-color":"var(--ast-global-color-5)","background-image":"","background-repeat":"repeat","background-position":"center center","background-size":"auto","background-attachment":"scroll","background-type":"","background-media":"","overlay-type":"","overlay-color":"","overlay-opacity":"","overlay-gradient":""},"tablet":{"background-color":"var(--ast-global-color-5)","background-image":"","background-repeat":"repeat","background-position":"center center","background-size":"auto","background-attachment":"scroll","background-type":"","background-media":"","overlay-type":"","overlay-color":"","overlay-opacity":"","overlay-gradient":""},"mobile":{"background-color":"var(--ast-global-color-5)","background-image":"","background-repeat":"repeat","background-position":"center center","background-size":"auto","background-attachment":"scroll","background-type":"","background-media":"","overlay-type":"","overlay-color":"","overlay-opacity":"","overlay-gradient":""}},"footnotes":""},"class_list":["post-9852","page","type-page","status-publish","hentry"],"post_mailing_queue_ids":[],"_links":{"self":[{"href":"https:\/\/serveiseducatius.xtec.cat\/osona\/wp-json\/wp\/v2\/pages\/9852","targetHints":{"allow":["GET"]}}],"collection":[{"href":"https:\/\/serveiseducatius.xtec.cat\/osona\/wp-json\/wp\/v2\/pages"}],"about":[{"href":"https:\/\/serveiseducatius.xtec.cat\/osona\/wp-json\/wp\/v2\/types\/page"}],"author":[{"embeddable":true,"href":"https:\/\/serveiseducatius.xtec.cat\/osona\/wp-json\/wp\/v2\/users\/1"}],"replies":[{"embeddable":true,"href":"https:\/\/serveiseducatius.xtec.cat\/osona\/wp-json\/wp\/v2\/comments?post=9852"}],"version-history":[{"count":2,"href":"https:\/\/serveiseducatius.xtec.cat\/osona\/wp-json\/wp\/v2\/pages\/9852\/revisions"}],"predecessor-version":[{"id":9856,"href":"https:\/\/serveiseducatius.xtec.cat\/osona\/wp-json\/wp\/v2\/pages\/9852\/revisions\/9856"}],"wp:attachment":[{"href":"https:\/\/serveiseducatius.xtec.cat\/osona\/wp-json\/wp\/v2\/media?parent=9852"}],"curies":[{"name":"wp","href":"https:\/\/api.w.org\/{rel}","templated":true}]}}