{"id":9628,"date":"2020-05-07T10:33:22","date_gmt":"2020-05-07T08:33:22","guid":{"rendered":"http:\/\/serveiseducatius.xtec.cat\/osona\/?page_id=9628"},"modified":"2024-10-07T11:01:42","modified_gmt":"2024-10-07T09:01:42","slug":"la-mort-i-el-dol-perdua","status":"publish","type":"page","link":"https:\/\/serveiseducatius.xtec.cat\/osona\/recursos\/catalegs-tematics\/la-mort-i-el-dol-perdua\/","title":{"rendered":"La mort i el dol. P\u00e8rdua."},"content":{"rendered":"<h4><a href=\"https:\/\/serveiseducatius.xtec.cat\/osona\/wp-content\/uploads\/usu1175\/2020\/05\/cor_dolor.jpg\"><img loading=\"lazy\" decoding=\"async\" class=\"wp-image-9597 alignleft\" src=\"https:\/\/serveiseducatius.xtec.cat\/osona\/wp-content\/uploads\/usu1175\/2020\/05\/cor_dolor.jpg\" alt=\"\" width=\"209\" height=\"209\" srcset=\"https:\/\/serveiseducatius.xtec.cat\/osona\/wp-content\/uploads\/usu1175\/2020\/05\/cor_dolor.jpg 350w, https:\/\/serveiseducatius.xtec.cat\/osona\/wp-content\/uploads\/usu1175\/2020\/05\/cor_dolor-150x150.jpg 150w, https:\/\/serveiseducatius.xtec.cat\/osona\/wp-content\/uploads\/usu1175\/2020\/05\/cor_dolor-300x300.jpg 300w\" sizes=\"auto, (max-width: 209px) 100vw, 209px\" \/><\/a><\/h4>\n<h4><a href=\"https:\/\/serveiseducatius.xtec.cat\/osona\/wp-content\/uploads\/usu1175\/2020\/05\/cor_dolor.jpg\">Bona part dels materials estan fets i\/o recollits pel grup de Dol del seminari del PFZ d&#8217;Osona i els Serveis Educatius.<\/a><\/h4>\n<p>Tamb\u00e9 teniu a la vostra disposici\u00f3 una maleta elaborada pel grup de Dol, amb un recull de contes que ens podeu demanar en pr\u00e9stec per correu electr\u00f2nic al CRP d&#8217;Osona, crp-osona@xtec.cat.<\/p>\n<p>&nbsp;<\/p>\n<p>&nbsp;<\/p>\n<p><strong>Entrevista sobre la mort al cirurgi\u00e0 Manuel Sans<\/strong>\u00a0a TV3:\u00a0<a href=\"https:\/\/4qv5t.r.ag.d.sendibm3.com\/mk\/cl\/f\/sh\/1t6Af4OiGsDg0fWfWizn6sJbNPTe4I\/BkR6SIaT2pqc\" target=\"_blank\" rel=\"noopener\" data-saferedirecturl=\"https:\/\/www.google.com\/url?q=https:\/\/4qv5t.r.ag.d.sendibm3.com\/mk\/cl\/f\/sh\/1t6Af4OiGsDg0fWfWizn6sJbNPTe4I\/BkR6SIaT2pqc&amp;source=gmail&amp;ust=1728377926182000&amp;usg=AOvVaw3zAgEAxi-h3Mx_Y492X4a-\">Veure entrevista<\/a><br \/>\n<strong>Sis v\u00eddeos breus<\/strong>\u00a0sobre com explicar la mort a infants i adolescents:\u00a0<a href=\"https:\/\/4qv5t.r.ag.d.sendibm3.com\/mk\/cl\/f\/sh\/1t6Af4OiGsE8LNj5v55iH8NQlESNmM\/CiQWe9Un8I1V\" target=\"_blank\" rel=\"noopener\" data-saferedirecturl=\"https:\/\/www.google.com\/url?q=https:\/\/4qv5t.r.ag.d.sendibm3.com\/mk\/cl\/f\/sh\/1t6Af4OiGsE8LNj5v55iH8NQlESNmM\/CiQWe9Un8I1V&amp;source=gmail&amp;ust=1728377926182000&amp;usg=AOvVaw2NBvuBVBuaziMVrhSrpLJT\">Veure v\u00eddeos<\/a><br \/>\n<strong>Documental japon\u00e8s<\/strong>\u00a0sobre un mestre on la mort hi \u00e9s molt present:\u00a0<a href=\"https:\/\/4qv5t.r.ag.d.sendibm3.com\/mk\/cl\/f\/sh\/1t6Af4OiGsEag5vWJRBdRORG93R7UQ\/OB9sW59fSJd_\" target=\"_blank\" rel=\"noopener\" data-saferedirecturl=\"https:\/\/www.google.com\/url?q=https:\/\/4qv5t.r.ag.d.sendibm3.com\/mk\/cl\/f\/sh\/1t6Af4OiGsEag5vWJRBdRORG93R7UQ\/OB9sW59fSJd_&amp;source=gmail&amp;ust=1728377926182000&amp;usg=AOvVaw0NCC5ofdPsGlX_G50n6x02\">Veure documental<\/a><br \/>\n<strong>Els llibres de l\u2019Elisabet K\u00fcbler Ross<\/strong>, psiquiatra especialitzada en la mort. Per iniciar-se, \u00e9s molt \u00fatil el seu llibre:\u00a0<i>La mort, una aurora<\/i>.<br \/>\n<strong>Formaci\u00f3 Aula Interior:<\/strong>\u00a0Si vols fer un profund treball de fer les paus amb tots els temes importants, t\u2019aconsello que valoris fer aquesta formaci\u00f3 profunda i seriosa:\u00a0<a href=\"https:\/\/4qv5t.r.ag.d.sendibm3.com\/mk\/cl\/f\/sh\/1t6Af4OiGsF30o7whnHYbeV5WsPrCU\/Xs5Tx9qju_2o\" target=\"_blank\" rel=\"noopener\" data-saferedirecturl=\"https:\/\/www.google.com\/url?q=https:\/\/4qv5t.r.ag.d.sendibm3.com\/mk\/cl\/f\/sh\/1t6Af4OiGsF30o7whnHYbeV5WsPrCU\/Xs5Tx9qju_2o&amp;source=gmail&amp;ust=1728377926182000&amp;usg=AOvVaw0VjX8_bgEllf_zALi3I9Fa\">Aula Interior<\/a><\/p>\n<table style=\"width: 1006px; height: 345px;\">\n<tbody>\n<tr style=\"height: 31px;\">\n<td style=\"width: 492px; height: 31px;\"><a href=\"https:\/\/drive.google.com\/file\/d\/1PlNZv5g2LmKg0C2pF7tI4TLjZWQRxeD3\/view?usp=sharing\">Presentaci\u00f3 dels materials. <\/a><em>Grup de dol<\/em><\/td>\n<td style=\"width: 514px; height: 31px;\"><a href=\"https:\/\/vimeo.com\/414697351\">Salut i emocional d&#8217;infants i joves en la mort i el dol. Comprendre, acompanyar i compartir moments que no s&#8217;obliden<\/a>.<em> Xusa Serra. Rosa Sensat &#8211; Converses (confer\u00e8ncia- v\u00eddeo)<\/em><\/td>\n<\/tr>\n<tr style=\"height: 31px;\">\n<td style=\"width: 492px; height: 31px;\"><a href=\"https:\/\/drive.google.com\/file\/d\/1U_HhgdR8DgJr1V32JEPZ5tNjCU8C-EZU\/view?usp=sharing\">Guia per a les persones que pateixen una p\u00e8rdua en temps del Coronavirus<\/a>. <em>Col\u00b7legi oficial d&#8217;infermeres i infermers de Barcelona\u00a0<\/em><\/td>\n<td style=\"width: 514px; height: 31px;\"><a href=\"https:\/\/faros.hsjdbcn.org\/ca\/articulo\/com-ajudar-nens-mort-dol-esser-estimat\">Com ajudar els nens en la mort i el dol per un \u00e9sser estima<\/a>t. <em>Faros &#8211; Hospital de Sant Joan de D\u00e9u de Barcelona\u00a0<\/em><\/td>\n<\/tr>\n<tr style=\"height: 31px;\">\n<td style=\"width: 492px; height: 31px;\"><a href=\"https:\/\/drive.google.com\/file\/d\/1g3raHCzTWAp4edU4elnUJcB3UvTW7tAt\/view?usp=sharing\">Com comunicar una mala not\u00edcia &#8211; Infografia.<em>\u00a0<\/em><\/a><em>Grup de dol<\/em><\/td>\n<td style=\"width: 514px; height: 31px;\"><a href=\"https:\/\/faros.hsjdbcn.org\/ca\/articulo\/afrontament-dol-infancia-ladolescencia-context-pandemia-sars-cov-2-pautes-families\">Afrontament del dol en la inf\u00e0ncia i l&#8217;adolesc\u00e8ncia en el context de pand\u00e8mia per SARS-CoV-2.<\/a> <em>Pautes per a les fam\u00edlies. Faros &#8211; Hospital de Sant Joan de D\u00e9u de Barcelona &#8211;\u00a0<\/em><\/td>\n<\/tr>\n<tr style=\"height: 31px;\">\n<td style=\"width: 492px; height: 32px;\"><a href=\"https:\/\/drive.google.com\/file\/d\/1EPtcMHpekaFqpSA-9aoFRbPbuZiNGVXC\/view?usp=sharing\">El dol en les etapes de creixement: difer\u00e8ncies segons edats.\u00a0<\/a><em>Grup de dol<\/em><\/p>\n<p><a href=\"https:\/\/drive.google.com\/file\/d\/1yDIi5JVJIjI4R5EBg_q6hq4nZXk1jf4I\/view?usp=sharing\">Infografia del dol en les etapes de creixement.\u00a0\u00a0<\/a><em>Grup de dol<\/em><\/td>\n<td style=\"width: 514px; height: 32px;\"><a href=\"https:\/\/faros.hsjdbcn.org\/ca\/articulo\/com-explicar-mort-als-nens\">Com explicar la mort al nens. <\/a><em>Faros &#8211; Hospital de Sant Joan de D\u00e9u de Barcelona\u00a0<\/em><\/td>\n<\/tr>\n<tr style=\"height: 31px;\">\n<td style=\"width: 492px; height: 31px;\"><a href=\"https:\/\/drive.google.com\/file\/d\/1wGi9-Tk6s1WGD83Jq9r7RSv2x0vNEiln\/view?usp=sharing\">P\u00e8rdues i canvi en l&#8217;entorn familiar. Projecte.<\/a> <em>Grup de dol<\/em><\/td>\n<td style=\"width: 514px; height: 31px;\"><a href=\"https:\/\/www.fundacionmlc.org\/como-explicar-a-los-ninos-el-fallecimiento-de-un-familiar-por-coronavirus\/\">Como explicar a los ninos el fallecimiento de un familiar por coronavirus<\/a>.<em> Fundaci\u00f3n Mario Losantos del Campo.<\/em><\/td>\n<\/tr>\n<tr style=\"height: 31px;\">\n<td style=\"width: 492px; height: 31px;\"><a href=\"https:\/\/drive.google.com\/file\/d\/1Z0cE3QZbMAKaV5zCqZcT2XjO3_ccp_cV\/view?usp=sharing\">Recursos per a Educaci\u00f3 Infantil i Cicle Inicial<\/a>.\u00a0Grup de dol<\/td>\n<td style=\"width: 514px; height: 10px;\"><a href=\"https:\/\/www.ccma.cat\/tv3\/alacarta\/polseres-vermelles\/ultims-programes\/?pagina=1\">S\u00e8rie Polseres vermelles\u00a0<\/a>. <em style=\"font-family: inherit; font-size: 0.875em;\">TV3<\/em><\/td>\n<\/tr>\n<tr style=\"height: 31px;\">\n<td style=\"width: 492px; height: 10px;\"><a href=\"https:\/\/drive.google.com\/file\/d\/18aOOBkDfZTwVDfPj2sWDonmU-hRkxVGF\/view?usp=sharing\">Llibres adre\u00e7ats als adults .\u00a0<\/a><em>Grup de dol<\/em><\/td>\n<td style=\"width: 514px; height: 31px;\"><a href=\"https:\/\/www.rtve.es\/alacarta\/videos\/para-todos-la-2\/para-todos-2-entrevista-merce-castro-palabras-consuelan\/2329447\/\">Palabras que consuelan<\/a> &#8211; <em>Entrevista a Merc\u00e8 Castro RTVE &#8211; 2014<\/em><\/td>\n<\/tr>\n<tr style=\"height: 31px;\">\n<td style=\"width: 492px; height: 31px;\"><a href=\"http:\/\/www.annallenas.com\/ilustracion-editorial\/el-buit-recursos-gratis.html#.Xq3DW54zbIU\">\u00c1lbum il\u00b7lustrat: El buit. <em style=\"font-family: inherit; font-size: 0.875em;\">Anna Llenas<\/em><\/a><\/td>\n<td style=\"width: 514px; height: 31px;\"><a href=\"https:\/\/www.ccma.cat\/catradio\/alacarta\/eduqueu-les-criatures\/com-explicar-la-mort-als-nens\/audio\/94635\/\">Com educar les criatures. Carles Capdevila<\/a>. <em>CCMA\u00a0 \u00a0 2007<\/em><\/td>\n<\/tr>\n<tr style=\"height: 31px;\">\n<td style=\"width: 492px; text-align: center; height: 31px;\">\n<p style=\"text-align: left;\"><a href=\"https:\/\/drive.google.com\/file\/d\/1_gIgevXIa0_T57fzQjoiTmsXKkV3ZfiV\/view?usp=sharing\">Conte<\/a> &#8211; <em>Treball de recerca premi UDG 2008<\/em><\/p>\n<\/td>\n<td style=\"width: 514px; height: 31px;\"><a href=\"http:\/\/www.psicoterapeutas.com\/paginaspersonales\/susana\/DUELO.pdf\">Tareas para superar el duelo<\/a>. <em>Susana Zaro &#8211; Psicoperapeutas.com\u00a0<\/em><\/td>\n<\/tr>\n<tr style=\"height: 31px;\">\n<td style=\"width: 492px; height: 31px; text-align: left;\"><a href=\"https:\/\/www.ccma.cat\/tv3\/super3\/infok\/parlem-de-la-mort\/video\/5699250\/\">Parlem de la mort<\/a> &#8211; <em>InfoK CCMA &#8211; Xuxa Serra &#8211; 2017<\/em><\/td>\n<td style=\"width: 514px; height: 55px;\"><a href=\"http:\/\/www.vivirlaperdida.com\/el-duelo.html\">Vivir la p\u00e9rdida.<\/a>. <em>Alan Giacchi 2000<\/em><\/td>\n<\/tr>\n<tr style=\"height: 55px;\">\n<td style=\"width: 492px; text-align: left; height: 55px;\"><a href=\"https:\/\/faros.hsjdbcn.org\/sites\/default\/files\/el-ferran-ja-no-hi-es.pdf\">El dia que en Ferran va desapar\u00e8ixer. Conte.<\/a>\u00a0 <em>Faros &#8211; Hospital de Sant Joan de D\u00e9u de Barcelona<\/em><\/td>\n<td style=\"width: 514px; height: 55px;\"><\/td>\n<\/tr>\n<\/tbody>\n<\/table>\n","protected":false},"excerpt":{"rendered":"<p>Bona part dels materials estan fets i\/o recollits pel grup de Dol del seminari del PFZ d&#8217;Osona i els Serveis [&hellip;]<\/p>\n","protected":false},"author":1,"featured_media":0,"parent":9626,"menu_order":0,"comment_status":"closed","ping_status":"closed","template":"","meta":{"_bbp_topic_count":0,"_bbp_reply_count":0,"_bbp_total_topic_count":0,"_bbp_total_reply_count":0,"_bbp_voice_count":0,"_bbp_anonymous_reply_count":0,"_bbp_topic_count_hidden":0,"_bbp_reply_count_hidden":0,"_bbp_forum_subforum_count":0,"site-sidebar-layout":"default","site-content-layout":"","ast-site-content-layout":"","site-content-style":"default","site-sidebar-style":"default","ast-global-header-display":"","ast-banner-title-visibility":"","ast-main-header-display":"","ast-hfb-above-header-display":"","ast-hfb-below-header-display":"","ast-hfb-mobile-header-display":"","site-post-title":"","ast-breadcrumbs-content":"","ast-featured-img":"","footer-sml-layout":"","theme-transparent-header-meta":"","adv-header-id-meta":"","stick-header-meta":"","header-above-stick-meta":"","header-main-stick-meta":"","header-below-stick-meta":"","astra-migrate-meta-layouts":"default","ast-page-background-enabled":"default","ast-page-background-meta":{"desktop":{"background-color":"var(--ast-global-color-4)","background-image":"","background-repeat":"repeat","background-position":"center center","background-size":"auto","background-attachment":"scroll","background-type":"","background-media":"","overlay-type":"","overlay-color":"","overlay-opacity":"","overlay-gradient":""},"tablet":{"background-color":"","background-image":"","background-repeat":"repeat","background-position":"center center","background-size":"auto","background-attachment":"scroll","background-type":"","background-media":"","overlay-type":"","overlay-color":"","overlay-opacity":"","overlay-gradient":""},"mobile":{"background-color":"","background-image":"","background-repeat":"repeat","background-position":"center center","background-size":"auto","background-attachment":"scroll","background-type":"","background-media":"","overlay-type":"","overlay-color":"","overlay-opacity":"","overlay-gradient":""}},"ast-content-background-meta":{"desktop":{"background-color":"var(--ast-global-color-5)","background-image":"","background-repeat":"repeat","background-position":"center center","background-size":"auto","background-attachment":"scroll","background-type":"","background-media":"","overlay-type":"","overlay-color":"","overlay-opacity":"","overlay-gradient":""},"tablet":{"background-color":"var(--ast-global-color-5)","background-image":"","background-repeat":"repeat","background-position":"center center","background-size":"auto","background-attachment":"scroll","background-type":"","background-media":"","overlay-type":"","overlay-color":"","overlay-opacity":"","overlay-gradient":""},"mobile":{"background-color":"var(--ast-global-color-5)","background-image":"","background-repeat":"repeat","background-position":"center center","background-size":"auto","background-attachment":"scroll","background-type":"","background-media":"","overlay-type":"","overlay-color":"","overlay-opacity":"","overlay-gradient":""}},"footnotes":""},"class_list":["post-9628","page","type-page","status-publish","hentry"],"post_mailing_queue_ids":[],"_links":{"self":[{"href":"https:\/\/serveiseducatius.xtec.cat\/osona\/wp-json\/wp\/v2\/pages\/9628","targetHints":{"allow":["GET"]}}],"collection":[{"href":"https:\/\/serveiseducatius.xtec.cat\/osona\/wp-json\/wp\/v2\/pages"}],"about":[{"href":"https:\/\/serveiseducatius.xtec.cat\/osona\/wp-json\/wp\/v2\/types\/page"}],"author":[{"embeddable":true,"href":"https:\/\/serveiseducatius.xtec.cat\/osona\/wp-json\/wp\/v2\/users\/1"}],"replies":[{"embeddable":true,"href":"https:\/\/serveiseducatius.xtec.cat\/osona\/wp-json\/wp\/v2\/comments?post=9628"}],"version-history":[{"count":3,"href":"https:\/\/serveiseducatius.xtec.cat\/osona\/wp-json\/wp\/v2\/pages\/9628\/revisions"}],"predecessor-version":[{"id":12004,"href":"https:\/\/serveiseducatius.xtec.cat\/osona\/wp-json\/wp\/v2\/pages\/9628\/revisions\/12004"}],"up":[{"embeddable":true,"href":"https:\/\/serveiseducatius.xtec.cat\/osona\/wp-json\/wp\/v2\/pages\/9626"}],"wp:attachment":[{"href":"https:\/\/serveiseducatius.xtec.cat\/osona\/wp-json\/wp\/v2\/media?parent=9628"}],"curies":[{"name":"wp","href":"https:\/\/api.w.org\/{rel}","templated":true}]}}