{"id":9329,"date":"2019-12-04T19:04:13","date_gmt":"2019-12-04T18:04:13","guid":{"rendered":"http:\/\/serveiseducatius.xtec.cat\/osona\/?page_id=9329"},"modified":"2019-12-05T17:26:52","modified_gmt":"2019-12-05T16:26:52","slug":"projecte-amphibia","status":"publish","type":"page","link":"https:\/\/serveiseducatius.xtec.cat\/osona\/projecte-amphibia\/","title":{"rendered":"PROJECTE AMPHIBIA"},"content":{"rendered":"<table style=\"height: 21px;\" width=\"509\">\n<tbody>\n<tr>\n<td style=\"width: 503px;\"><a href=\"https:\/\/drive.google.com\/file\/d\/1-buI3zYAkrbU69XIudIN25ExGE6zotHC\/view?usp=sharing\"><img loading=\"lazy\" decoding=\"async\" class=\"wp-image-9333 aligncenter\" src=\"https:\/\/serveiseducatius.xtec.cat\/osona\/wp-content\/uploads\/usu1175\/2019\/12\/capt1.png\" alt=\"\" width=\"420\" height=\"101\" srcset=\"https:\/\/serveiseducatius.xtec.cat\/osona\/wp-content\/uploads\/usu1175\/2019\/12\/capt1.png 391w, https:\/\/serveiseducatius.xtec.cat\/osona\/wp-content\/uploads\/usu1175\/2019\/12\/capt1-300x72.png 300w\" sizes=\"auto, (max-width: 420px) 100vw, 420px\" \/><\/a><\/td>\n<\/tr>\n<\/tbody>\n<\/table>\n<h3>Objectius:<\/h3>\n<p class=\"font_8\"><span class=\"color_16\">1.Donar a con\u00e8ixer els amfibis entre el jovent dels centres educatius que participen en el projecte.<\/span><\/p>\n<p class=\"font_8\"><span class=\"color_16\">2. Conscienciar a la poblaci\u00f3 sobre les problem\u00e0tiques que pateix aquest grup faun\u00edstic.<\/span><\/p>\n<p class=\"font_8\"><span class=\"color_16\">3. Oferir eines per a la protecci\u00f3 i conservaci\u00f3 dels amfibis arreu del territori catal\u00e0.<\/span><\/p>\n<p class=\"font_8\"><span class=\"color_16\">4. Rebre informaci\u00f3 local d\u2019elevat inter\u00e8s pel que fa a localitzaci\u00f3 de punts de reproducci\u00f3 d\u2019amfibis<\/span><\/p>\n<table style=\"width: 557px; height: 81px;\">\n<tbody>\n<tr>\n<td style=\"width: 551px;\"><a href=\"https:\/\/drive.google.com\/drive\/folders\/1Xwhwf1c45Hh7KSUiRL3MOhvUxBJyigJq\"><img loading=\"lazy\" decoding=\"async\" class=\"alignnone size-full wp-image-9335\" src=\"https:\/\/serveiseducatius.xtec.cat\/osona\/wp-content\/uploads\/usu1175\/2019\/12\/capt2.png\" alt=\"\" width=\"521\" height=\"88\" srcset=\"https:\/\/serveiseducatius.xtec.cat\/osona\/wp-content\/uploads\/usu1175\/2019\/12\/capt2.png 521w, https:\/\/serveiseducatius.xtec.cat\/osona\/wp-content\/uploads\/usu1175\/2019\/12\/capt2-300x51.png 300w\" sizes=\"auto, (max-width: 521px) 100vw, 521px\" \/><\/a><\/td>\n<\/tr>\n<\/tbody>\n<\/table>\n<table style=\"height: 267px; width: 977px; border-style: none;\" width=\"977\">\n<tbody>\n<tr style=\"height: 97px;\">\n<td style=\"width: 330px; height: 97px;\">\n<h3>Pr\u00e9stec de la maleta:<\/h3>\n<p id=\"h.p_1X8D10ETvH3Z\" class=\"zfr3Q\">L\u2019\u00fas d\u2019aquesta maleta est\u00e0 destinat priorit\u00e0riament als centres de secund\u00e0ria que realitzen el projecte de servei comunitari Amphibia. Tot i aix\u00f2, aquells centres que no estan dins el programa, poden demanar-la en pr\u00e9stec si est\u00e0 disponible.<\/p>\n<p class=\"zfr3Q\">La durada prevista del pr\u00e9stec \u00e9s d\u2019un mes.<\/p>\n<\/td>\n<td style=\"width: 316px; height: 97px;\"><a href=\"https:\/\/serveiseducatius.xtec.cat\/osona\/wp-content\/uploads\/usu1175\/2019\/12\/Caixa.jpg\"><img loading=\"lazy\" decoding=\"async\" class=\"alignnone size-full wp-image-9338\" src=\"https:\/\/serveiseducatius.xtec.cat\/osona\/wp-content\/uploads\/usu1175\/2019\/12\/Caixa.jpg\" alt=\"\" width=\"371\" height=\"278\" srcset=\"https:\/\/serveiseducatius.xtec.cat\/osona\/wp-content\/uploads\/usu1175\/2019\/12\/Caixa.jpg 371w, https:\/\/serveiseducatius.xtec.cat\/osona\/wp-content\/uploads\/usu1175\/2019\/12\/Caixa-300x225.jpg 300w, https:\/\/serveiseducatius.xtec.cat\/osona\/wp-content\/uploads\/usu1175\/2019\/12\/Caixa-200x150.jpg 200w\" sizes=\"auto, (max-width: 371px) 100vw, 371px\" \/><\/a><\/td>\n<td style=\"width: 323px; height: 97px;\"><a href=\"https:\/\/serveiseducatius.xtec.cat\/osona\/wp-content\/uploads\/usu1175\/2019\/12\/materials-cordes-i-animals.jpg\"><img loading=\"lazy\" decoding=\"async\" class=\"alignnone size-full wp-image-9353\" src=\"https:\/\/serveiseducatius.xtec.cat\/osona\/wp-content\/uploads\/usu1175\/2019\/12\/materials-cordes-i-animals.jpg\" alt=\"\" width=\"371\" height=\"278\" srcset=\"https:\/\/serveiseducatius.xtec.cat\/osona\/wp-content\/uploads\/usu1175\/2019\/12\/materials-cordes-i-animals.jpg 371w, https:\/\/serveiseducatius.xtec.cat\/osona\/wp-content\/uploads\/usu1175\/2019\/12\/materials-cordes-i-animals-300x225.jpg 300w, https:\/\/serveiseducatius.xtec.cat\/osona\/wp-content\/uploads\/usu1175\/2019\/12\/materials-cordes-i-animals-200x150.jpg 200w\" sizes=\"auto, (max-width: 371px) 100vw, 371px\" \/><\/a><\/td>\n<\/tr>\n<tr style=\"height: 34px;\">\n<td style=\"width: 330px; height: 34px;\">MATERIALS DE LA MALETA<\/td>\n<td style=\"width: 316px; height: 34px;\"><\/td>\n<td style=\"width: 323px; height: 34px;\"><\/td>\n<\/tr>\n<tr style=\"height: 34px;\">\n<td style=\"width: 330px; height: 34px;\"><a href=\"https:\/\/serveiseducatius.xtec.cat\/osona\/wp-content\/uploads\/usu1175\/2019\/12\/daus.jpg\"><img loading=\"lazy\" decoding=\"async\" class=\"size-full wp-image-9354 aligncenter\" src=\"https:\/\/serveiseducatius.xtec.cat\/osona\/wp-content\/uploads\/usu1175\/2019\/12\/daus.jpg\" alt=\"\" width=\"271\" height=\"271\" srcset=\"https:\/\/serveiseducatius.xtec.cat\/osona\/wp-content\/uploads\/usu1175\/2019\/12\/daus.jpg 271w, https:\/\/serveiseducatius.xtec.cat\/osona\/wp-content\/uploads\/usu1175\/2019\/12\/daus-150x150.jpg 150w\" sizes=\"auto, (max-width: 271px) 100vw, 271px\" \/><\/a><\/td>\n<td style=\"width: 316px; height: 34px;\"><a href=\"https:\/\/serveiseducatius.xtec.cat\/osona\/wp-content\/uploads\/usu1175\/2019\/12\/targetes-estat-ecol\u00f2gic.jpg\"><img loading=\"lazy\" decoding=\"async\" class=\"size-full wp-image-9355 aligncenter\" src=\"https:\/\/serveiseducatius.xtec.cat\/osona\/wp-content\/uploads\/usu1175\/2019\/12\/targetes-estat-ecol\u00f2gic.jpg\" alt=\"\" width=\"271\" height=\"271\" srcset=\"https:\/\/serveiseducatius.xtec.cat\/osona\/wp-content\/uploads\/usu1175\/2019\/12\/targetes-estat-ecol\u00f2gic.jpg 271w, https:\/\/serveiseducatius.xtec.cat\/osona\/wp-content\/uploads\/usu1175\/2019\/12\/targetes-estat-ecol\u00f2gic-150x150.jpg 150w\" sizes=\"auto, (max-width: 271px) 100vw, 271px\" \/><\/a><\/td>\n<td style=\"width: 323px; height: 34px;\"><a href=\"https:\/\/serveiseducatius.xtec.cat\/osona\/wp-content\/uploads\/usu1175\/2019\/12\/targetes-30-amfibis.jpg\"><img loading=\"lazy\" decoding=\"async\" class=\"size-full wp-image-9356 aligncenter\" src=\"https:\/\/serveiseducatius.xtec.cat\/osona\/wp-content\/uploads\/usu1175\/2019\/12\/targetes-30-amfibis.jpg\" alt=\"\" width=\"271\" height=\"271\" srcset=\"https:\/\/serveiseducatius.xtec.cat\/osona\/wp-content\/uploads\/usu1175\/2019\/12\/targetes-30-amfibis.jpg 271w, https:\/\/serveiseducatius.xtec.cat\/osona\/wp-content\/uploads\/usu1175\/2019\/12\/targetes-30-amfibis-150x150.jpg 150w\" sizes=\"auto, (max-width: 271px) 100vw, 271px\" \/><\/a><\/td>\n<\/tr>\n<tr style=\"height: 34px;\">\n<td style=\"width: 330px; height: 34px; text-align: center;\">Daus escuma<\/td>\n<td style=\"width: 316px; height: 34px; text-align: center;\">4 Targetes estat ecol\u00f2gic<\/td>\n<td style=\"width: 323px; height: 34px; text-align: center;\">30 Targetes amb corda amfibi\/depredador<\/td>\n<\/tr>\n<tr style=\"height: 34px;\">\n<td style=\"width: 330px; height: 34px;\"><a href=\"https:\/\/serveiseducatius.xtec.cat\/osona\/wp-content\/uploads\/usu1175\/2019\/12\/targetes-joc.jpg\"><img loading=\"lazy\" decoding=\"async\" class=\"size-full wp-image-9357 aligncenter\" src=\"https:\/\/serveiseducatius.xtec.cat\/osona\/wp-content\/uploads\/usu1175\/2019\/12\/targetes-joc.jpg\" alt=\"\" width=\"271\" height=\"271\" srcset=\"https:\/\/serveiseducatius.xtec.cat\/osona\/wp-content\/uploads\/usu1175\/2019\/12\/targetes-joc.jpg 271w, https:\/\/serveiseducatius.xtec.cat\/osona\/wp-content\/uploads\/usu1175\/2019\/12\/targetes-joc-150x150.jpg 150w\" sizes=\"auto, (max-width: 271px) 100vw, 271px\" \/><\/a><\/td>\n<td style=\"width: 316px; height: 34px;\"><a href=\"https:\/\/serveiseducatius.xtec.cat\/osona\/wp-content\/uploads\/usu1175\/2019\/12\/bosses-grava.jpg\"><img loading=\"lazy\" decoding=\"async\" class=\"size-full wp-image-9358 aligncenter\" src=\"https:\/\/serveiseducatius.xtec.cat\/osona\/wp-content\/uploads\/usu1175\/2019\/12\/bosses-grava.jpg\" alt=\"\" width=\"271\" height=\"271\" srcset=\"https:\/\/serveiseducatius.xtec.cat\/osona\/wp-content\/uploads\/usu1175\/2019\/12\/bosses-grava.jpg 271w, https:\/\/serveiseducatius.xtec.cat\/osona\/wp-content\/uploads\/usu1175\/2019\/12\/bosses-grava-150x150.jpg 150w\" sizes=\"auto, (max-width: 271px) 100vw, 271px\" \/><\/a><\/td>\n<td style=\"width: 323px; height: 34px;\"><a href=\"https:\/\/serveiseducatius.xtec.cat\/osona\/wp-content\/uploads\/usu1175\/2019\/12\/cintes-m\u00e8triques.jpg\"><img loading=\"lazy\" decoding=\"async\" class=\"size-full wp-image-9359 aligncenter\" src=\"https:\/\/serveiseducatius.xtec.cat\/osona\/wp-content\/uploads\/usu1175\/2019\/12\/cintes-m\u00e8triques.jpg\" alt=\"\" width=\"271\" height=\"271\" srcset=\"https:\/\/serveiseducatius.xtec.cat\/osona\/wp-content\/uploads\/usu1175\/2019\/12\/cintes-m\u00e8triques.jpg 271w, https:\/\/serveiseducatius.xtec.cat\/osona\/wp-content\/uploads\/usu1175\/2019\/12\/cintes-m\u00e8triques-150x150.jpg 150w\" sizes=\"auto, (max-width: 271px) 100vw, 271px\" \/><\/a><\/td>\n<\/tr>\n<tr style=\"height: 34px;\">\n<td style=\"width: 330px; height: 34px; text-align: center;\">Targetes de joc<\/td>\n<td style=\"width: 316px; height: 34px; text-align: center;\">5 Bosses de grava<\/td>\n<td style=\"width: 323px; height: 34px; text-align: center;\">5 Cintes m\u00e8triques<\/td>\n<\/tr>\n<tr>\n<td style=\"width: 330px; text-align: center;\"><a href=\"https:\/\/serveiseducatius.xtec.cat\/osona\/wp-content\/uploads\/usu1175\/2019\/12\/Carpeta-negra.jpg\"><img loading=\"lazy\" decoding=\"async\" class=\"alignnone size-full wp-image-9360\" src=\"https:\/\/serveiseducatius.xtec.cat\/osona\/wp-content\/uploads\/usu1175\/2019\/12\/Carpeta-negra.jpg\" alt=\"\" width=\"271\" height=\"271\" srcset=\"https:\/\/serveiseducatius.xtec.cat\/osona\/wp-content\/uploads\/usu1175\/2019\/12\/Carpeta-negra.jpg 271w, https:\/\/serveiseducatius.xtec.cat\/osona\/wp-content\/uploads\/usu1175\/2019\/12\/Carpeta-negra-150x150.jpg 150w\" sizes=\"auto, (max-width: 271px) 100vw, 271px\" \/><\/a><\/td>\n<td style=\"width: 316px; text-align: center;\"><a href=\"https:\/\/serveiseducatius.xtec.cat\/osona\/wp-content\/uploads\/usu1175\/2019\/12\/Dossiers.jpg\"><img loading=\"lazy\" decoding=\"async\" class=\"alignnone size-full wp-image-9361\" src=\"https:\/\/serveiseducatius.xtec.cat\/osona\/wp-content\/uploads\/usu1175\/2019\/12\/Dossiers.jpg\" alt=\"\" width=\"271\" height=\"271\" srcset=\"https:\/\/serveiseducatius.xtec.cat\/osona\/wp-content\/uploads\/usu1175\/2019\/12\/Dossiers.jpg 271w, https:\/\/serveiseducatius.xtec.cat\/osona\/wp-content\/uploads\/usu1175\/2019\/12\/Dossiers-150x150.jpg 150w\" sizes=\"auto, (max-width: 271px) 100vw, 271px\" \/><\/a><\/td>\n<td style=\"width: 323px; text-align: center;\"><a href=\"https:\/\/serveiseducatius.xtec.cat\/osona\/wp-content\/uploads\/usu1175\/2019\/12\/Guia-damfibis-i-r\u00e8ptils.jpg\"><img loading=\"lazy\" decoding=\"async\" class=\"alignnone size-full wp-image-9362\" src=\"https:\/\/serveiseducatius.xtec.cat\/osona\/wp-content\/uploads\/usu1175\/2019\/12\/Guia-damfibis-i-r\u00e8ptils.jpg\" alt=\"\" width=\"271\" height=\"271\" srcset=\"https:\/\/serveiseducatius.xtec.cat\/osona\/wp-content\/uploads\/usu1175\/2019\/12\/Guia-damfibis-i-r\u00e8ptils.jpg 271w, https:\/\/serveiseducatius.xtec.cat\/osona\/wp-content\/uploads\/usu1175\/2019\/12\/Guia-damfibis-i-r\u00e8ptils-150x150.jpg 150w\" sizes=\"auto, (max-width: 271px) 100vw, 271px\" \/><\/a><\/td>\n<\/tr>\n<tr>\n<td style=\"width: 330px; text-align: center;\">Carpeta negra<\/td>\n<td style=\"width: 316px; text-align: center;\">Dossiers per al professorat i dossier per a l&#8217;alumnat<\/td>\n<td style=\"width: 323px; text-align: center;\">Guia d&#8217;amfibis i r\u00e8ptils de Catalunya<\/td>\n<\/tr>\n<tr>\n<td style=\"width: 330px; text-align: center;\"><a href=\"https:\/\/serveiseducatius.xtec.cat\/osona\/wp-content\/uploads\/usu1175\/2019\/12\/cordes.jpg\"><img loading=\"lazy\" decoding=\"async\" class=\"alignnone size-full wp-image-9364\" src=\"https:\/\/serveiseducatius.xtec.cat\/osona\/wp-content\/uploads\/usu1175\/2019\/12\/cordes.jpg\" alt=\"\" width=\"271\" height=\"271\" srcset=\"https:\/\/serveiseducatius.xtec.cat\/osona\/wp-content\/uploads\/usu1175\/2019\/12\/cordes.jpg 271w, https:\/\/serveiseducatius.xtec.cat\/osona\/wp-content\/uploads\/usu1175\/2019\/12\/cordes-150x150.jpg 150w\" sizes=\"auto, (max-width: 271px) 100vw, 271px\" \/><\/a><\/td>\n<td style=\"width: 316px; text-align: center;\"><a href=\"https:\/\/serveiseducatius.xtec.cat\/osona\/wp-content\/uploads\/usu1175\/2019\/12\/Claus-identificaci\u00f3-amfibis.jpg\"><img loading=\"lazy\" decoding=\"async\" class=\"alignnone size-full wp-image-9365\" src=\"https:\/\/serveiseducatius.xtec.cat\/osona\/wp-content\/uploads\/usu1175\/2019\/12\/Claus-identificaci\u00f3-amfibis.jpg\" alt=\"\" width=\"271\" height=\"271\" srcset=\"https:\/\/serveiseducatius.xtec.cat\/osona\/wp-content\/uploads\/usu1175\/2019\/12\/Claus-identificaci\u00f3-amfibis.jpg 271w, https:\/\/serveiseducatius.xtec.cat\/osona\/wp-content\/uploads\/usu1175\/2019\/12\/Claus-identificaci\u00f3-amfibis-150x150.jpg 150w\" sizes=\"auto, (max-width: 271px) 100vw, 271px\" \/><\/a><\/td>\n<td style=\"width: 323px; text-align: center;\"><a href=\"https:\/\/serveiseducatius.xtec.cat\/osona\/wp-content\/uploads\/usu1175\/2019\/12\/Claus-dicot\u00f2miques-amfibis.jpg\"><img loading=\"lazy\" decoding=\"async\" class=\"alignnone size-full wp-image-9366\" src=\"https:\/\/serveiseducatius.xtec.cat\/osona\/wp-content\/uploads\/usu1175\/2019\/12\/Claus-dicot\u00f2miques-amfibis.jpg\" alt=\"\" width=\"271\" height=\"271\" srcset=\"https:\/\/serveiseducatius.xtec.cat\/osona\/wp-content\/uploads\/usu1175\/2019\/12\/Claus-dicot\u00f2miques-amfibis.jpg 271w, https:\/\/serveiseducatius.xtec.cat\/osona\/wp-content\/uploads\/usu1175\/2019\/12\/Claus-dicot\u00f2miques-amfibis-150x150.jpg 150w\" sizes=\"auto, (max-width: 271px) 100vw, 271px\" \/><\/a><\/td>\n<\/tr>\n<tr>\n<td style=\"width: 330px; text-align: center;\">Joc de cordes: 1 corda marr\u00f3 5m, 1 corda verda 5m i 4 cordes blaves 2,5m<\/td>\n<td style=\"width: 316px; text-align: center;\">5 Llegendes larves d&#8217;amfibis<\/td>\n<td style=\"width: 323px; text-align: center;\">Clau dicot\u00f2mica per la identificaci\u00f3 d&#8217;amfibis + Retalla i enganxa<\/td>\n<\/tr>\n<tr>\n<td style=\"width: 330px; text-align: center;\"><a href=\"https:\/\/serveiseducatius.xtec.cat\/osona\/wp-content\/uploads\/usu1175\/2019\/12\/maquetes-basses.jpg\"><img loading=\"lazy\" decoding=\"async\" class=\"alignnone size-full wp-image-9367\" src=\"https:\/\/serveiseducatius.xtec.cat\/osona\/wp-content\/uploads\/usu1175\/2019\/12\/maquetes-basses.jpg\" alt=\"\" width=\"271\" height=\"271\" srcset=\"https:\/\/serveiseducatius.xtec.cat\/osona\/wp-content\/uploads\/usu1175\/2019\/12\/maquetes-basses.jpg 271w, https:\/\/serveiseducatius.xtec.cat\/osona\/wp-content\/uploads\/usu1175\/2019\/12\/maquetes-basses-150x150.jpg 150w\" sizes=\"auto, (max-width: 271px) 100vw, 271px\" \/><\/a><\/td>\n<td style=\"width: 316px; text-align: center;\"><a href=\"https:\/\/serveiseducatius.xtec.cat\/osona\/wp-content\/uploads\/usu1175\/2019\/12\/safates.jpg\"><img loading=\"lazy\" decoding=\"async\" class=\"alignnone size-full wp-image-9368\" src=\"https:\/\/serveiseducatius.xtec.cat\/osona\/wp-content\/uploads\/usu1175\/2019\/12\/safates.jpg\" alt=\"\" width=\"271\" height=\"271\" srcset=\"https:\/\/serveiseducatius.xtec.cat\/osona\/wp-content\/uploads\/usu1175\/2019\/12\/safates.jpg 271w, https:\/\/serveiseducatius.xtec.cat\/osona\/wp-content\/uploads\/usu1175\/2019\/12\/safates-150x150.jpg 150w\" sizes=\"auto, (max-width: 271px) 100vw, 271px\" \/><\/a><\/td>\n<td style=\"width: 323px; text-align: center;\"><a href=\"https:\/\/serveiseducatius.xtec.cat\/osona\/wp-content\/uploads\/usu1175\/2019\/12\/salabres.jpg\"><img loading=\"lazy\" decoding=\"async\" class=\"alignnone size-full wp-image-9369\" src=\"https:\/\/serveiseducatius.xtec.cat\/osona\/wp-content\/uploads\/usu1175\/2019\/12\/salabres.jpg\" alt=\"\" width=\"271\" height=\"271\" srcset=\"https:\/\/serveiseducatius.xtec.cat\/osona\/wp-content\/uploads\/usu1175\/2019\/12\/salabres.jpg 271w, https:\/\/serveiseducatius.xtec.cat\/osona\/wp-content\/uploads\/usu1175\/2019\/12\/salabres-150x150.jpg 150w\" sizes=\"auto, (max-width: 271px) 100vw, 271px\" \/><\/a><\/td>\n<\/tr>\n<tr>\n<td style=\"width: 330px; text-align: center;\">5 Maquetes de bassa<\/td>\n<td style=\"width: 316px; text-align: center;\">5 Safates<\/td>\n<td style=\"width: 323px; text-align: center;\">5 Salabres<\/td>\n<\/tr>\n<\/tbody>\n<\/table>\n<p class=\"zfr3Q\"><strong>Societat catalana d\u2019herpetologia:<\/strong> <a class=\"dhtgD aw5Odc\" href=\"https:\/\/soccatherp.org\/projectes\/amphibia-coneixent-estudiant-i-conservant-les-basses\/\" target=\"_blank\" rel=\"noopener noreferrer\">https:\/\/soccatherp.org\/projectes\/amphibia-coneixent-estudiant-i-conservant-les-basses\/<\/a><\/p>\n","protected":false},"excerpt":{"rendered":"<p>Objectius: 1.Donar a con\u00e8ixer els amfibis entre el jovent dels centres educatius que participen en el projecte. 2. Conscienciar a [&hellip;]<\/p>\n","protected":false},"author":1,"featured_media":0,"parent":0,"menu_order":0,"comment_status":"closed","ping_status":"closed","template":"","meta":{"_bbp_topic_count":0,"_bbp_reply_count":0,"_bbp_total_topic_count":0,"_bbp_total_reply_count":0,"_bbp_voice_count":0,"_bbp_anonymous_reply_count":0,"_bbp_topic_count_hidden":0,"_bbp_reply_count_hidden":0,"_bbp_forum_subforum_count":0,"site-sidebar-layout":"default","site-content-layout":"","ast-site-content-layout":"","site-content-style":"default","site-sidebar-style":"default","ast-global-header-display":"","ast-banner-title-visibility":"","ast-main-header-display":"","ast-hfb-above-header-display":"","ast-hfb-below-header-display":"","ast-hfb-mobile-header-display":"","site-post-title":"","ast-breadcrumbs-content":"","ast-featured-img":"","footer-sml-layout":"","theme-transparent-header-meta":"","adv-header-id-meta":"","stick-header-meta":"","header-above-stick-meta":"","header-main-stick-meta":"","header-below-stick-meta":"","astra-migrate-meta-layouts":"default","ast-page-background-enabled":"default","ast-page-background-meta":{"desktop":{"background-color":"var(--ast-global-color-4)","background-image":"","background-repeat":"repeat","background-position":"center center","background-size":"auto","background-attachment":"scroll","background-type":"","background-media":"","overlay-type":"","overlay-color":"","overlay-opacity":"","overlay-gradient":""},"tablet":{"background-color":"","background-image":"","background-repeat":"repeat","background-position":"center center","background-size":"auto","background-attachment":"scroll","background-type":"","background-media":"","overlay-type":"","overlay-color":"","overlay-opacity":"","overlay-gradient":""},"mobile":{"background-color":"","background-image":"","background-repeat":"repeat","background-position":"center center","background-size":"auto","background-attachment":"scroll","background-type":"","background-media":"","overlay-type":"","overlay-color":"","overlay-opacity":"","overlay-gradient":""}},"ast-content-background-meta":{"desktop":{"background-color":"var(--ast-global-color-5)","background-image":"","background-repeat":"repeat","background-position":"center center","background-size":"auto","background-attachment":"scroll","background-type":"","background-media":"","overlay-type":"","overlay-color":"","overlay-opacity":"","overlay-gradient":""},"tablet":{"background-color":"var(--ast-global-color-5)","background-image":"","background-repeat":"repeat","background-position":"center center","background-size":"auto","background-attachment":"scroll","background-type":"","background-media":"","overlay-type":"","overlay-color":"","overlay-opacity":"","overlay-gradient":""},"mobile":{"background-color":"var(--ast-global-color-5)","background-image":"","background-repeat":"repeat","background-position":"center center","background-size":"auto","background-attachment":"scroll","background-type":"","background-media":"","overlay-type":"","overlay-color":"","overlay-opacity":"","overlay-gradient":""}},"footnotes":""},"class_list":["post-9329","page","type-page","status-publish","hentry"],"post_mailing_queue_ids":[],"_links":{"self":[{"href":"https:\/\/serveiseducatius.xtec.cat\/osona\/wp-json\/wp\/v2\/pages\/9329","targetHints":{"allow":["GET"]}}],"collection":[{"href":"https:\/\/serveiseducatius.xtec.cat\/osona\/wp-json\/wp\/v2\/pages"}],"about":[{"href":"https:\/\/serveiseducatius.xtec.cat\/osona\/wp-json\/wp\/v2\/types\/page"}],"author":[{"embeddable":true,"href":"https:\/\/serveiseducatius.xtec.cat\/osona\/wp-json\/wp\/v2\/users\/1"}],"replies":[{"embeddable":true,"href":"https:\/\/serveiseducatius.xtec.cat\/osona\/wp-json\/wp\/v2\/comments?post=9329"}],"version-history":[{"count":3,"href":"https:\/\/serveiseducatius.xtec.cat\/osona\/wp-json\/wp\/v2\/pages\/9329\/revisions"}],"predecessor-version":[{"id":9371,"href":"https:\/\/serveiseducatius.xtec.cat\/osona\/wp-json\/wp\/v2\/pages\/9329\/revisions\/9371"}],"wp:attachment":[{"href":"https:\/\/serveiseducatius.xtec.cat\/osona\/wp-json\/wp\/v2\/media?parent=9329"}],"curies":[{"name":"wp","href":"https:\/\/api.w.org\/{rel}","templated":true}]}}