{"id":9094,"date":"2019-02-01T10:01:45","date_gmt":"2019-02-01T09:01:45","guid":{"rendered":"http:\/\/serveiseducatius.xtec.cat\/osona\/?page_id=9094"},"modified":"2019-02-02T14:09:58","modified_gmt":"2019-02-02T13:09:58","slug":"jornades-servei-comunitari-30-i-31-de-gener-de-2019","status":"publish","type":"page","link":"https:\/\/serveiseducatius.xtec.cat\/osona\/comunitat\/servei-comunitari\/jornades-servei-comunitari-30-i-31-de-gener-de-2019\/","title":{"rendered":"Jornades Servei Comunitari 30 i 31 de gener de 2019"},"content":{"rendered":"<p>Descripci\u00f3<\/p>\n<p>L&#8217; objectiu\u00a0 donar a con\u00e8ixer diferents experi\u00e8ncies de Servei Comunitari, afavorir l&#8217;intercanvi entre centres i apropar entitats. Est\u00e0 repartida en dos dies, 30 i 31 de gener de 17:30 a 19:40.<br \/>\nEl primer dia consta d&#8217;una confer\u00e8ncia a c\u00e0rrec de Mart\u00ed Boneta, &#8220;Servei Comunitari: Canvis educatius i innovaci\u00f3. Nous Models organitzatius. Reflexi\u00f3.&#8221; i un taller que far\u00e0 la Marta Ballv\u00e9 &#8220;Eines per fomentar la reflexi\u00f3 als projectes de Servei Comunitari, amb metodologia d&#8217;Aprenentatge Servei&#8221;<br \/>\nEl segon dia, dijous 31, es presenten simult\u00e0niament diferents projectes de centres educatius i es donen a con\u00e8ixer diferents entitats.<\/p>\n<p><a href=\"http:\/\/serveiseducatius.xtec.cat\/osona\/comunitat\/servei-comunitari\/jornades-servei-comunitari-30-i-31-de-gener-de-2019\/jornada-sc-continguts-dia-30\/\">Enlla\u00e7 als continguts del dia 30<\/a><\/p>\n<p><a href=\"http:\/\/serveiseducatius.xtec.cat\/osona\/comunitat\/servei-comunitari\/jornades-servei-comunitari-30-i-31-de-gener-de-2019\/jornada-sc-continguts-dia-31\/\">Enlla\u00e7 als continguts del dia 31<\/a><\/p>\n","protected":false},"excerpt":{"rendered":"<p>Descripci\u00f3 L&#8217; objectiu\u00a0 donar a con\u00e8ixer diferents experi\u00e8ncies de Servei Comunitari, afavorir l&#8217;intercanvi entre centres i apropar entitats. Est\u00e0 repartida [&hellip;]<\/p>\n","protected":false},"author":1,"featured_media":0,"parent":8095,"menu_order":0,"comment_status":"closed","ping_status":"closed","template":"","meta":{"_bbp_topic_count":0,"_bbp_reply_count":0,"_bbp_total_topic_count":0,"_bbp_total_reply_count":0,"_bbp_voice_count":0,"_bbp_anonymous_reply_count":0,"_bbp_topic_count_hidden":0,"_bbp_reply_count_hidden":0,"_bbp_forum_subforum_count":0,"site-sidebar-layout":"default","site-content-layout":"","ast-site-content-layout":"","site-content-style":"default","site-sidebar-style":"default","ast-global-header-display":"","ast-banner-title-visibility":"","ast-main-header-display":"","ast-hfb-above-header-display":"","ast-hfb-below-header-display":"","ast-hfb-mobile-header-display":"","site-post-title":"","ast-breadcrumbs-content":"","ast-featured-img":"","footer-sml-layout":"","theme-transparent-header-meta":"","adv-header-id-meta":"","stick-header-meta":"","header-above-stick-meta":"","header-main-stick-meta":"","header-below-stick-meta":"","astra-migrate-meta-layouts":"default","ast-page-background-enabled":"default","ast-page-background-meta":{"desktop":{"background-color":"var(--ast-global-color-4)","background-image":"","background-repeat":"repeat","background-position":"center center","background-size":"auto","background-attachment":"scroll","background-type":"","background-media":"","overlay-type":"","overlay-color":"","overlay-opacity":"","overlay-gradient":""},"tablet":{"background-color":"","background-image":"","background-repeat":"repeat","background-position":"center center","background-size":"auto","background-attachment":"scroll","background-type":"","background-media":"","overlay-type":"","overlay-color":"","overlay-opacity":"","overlay-gradient":""},"mobile":{"background-color":"","background-image":"","background-repeat":"repeat","background-position":"center center","background-size":"auto","background-attachment":"scroll","background-type":"","background-media":"","overlay-type":"","overlay-color":"","overlay-opacity":"","overlay-gradient":""}},"ast-content-background-meta":{"desktop":{"background-color":"var(--ast-global-color-5)","background-image":"","background-repeat":"repeat","background-position":"center center","background-size":"auto","background-attachment":"scroll","background-type":"","background-media":"","overlay-type":"","overlay-color":"","overlay-opacity":"","overlay-gradient":""},"tablet":{"background-color":"var(--ast-global-color-5)","background-image":"","background-repeat":"repeat","background-position":"center center","background-size":"auto","background-attachment":"scroll","background-type":"","background-media":"","overlay-type":"","overlay-color":"","overlay-opacity":"","overlay-gradient":""},"mobile":{"background-color":"var(--ast-global-color-5)","background-image":"","background-repeat":"repeat","background-position":"center center","background-size":"auto","background-attachment":"scroll","background-type":"","background-media":"","overlay-type":"","overlay-color":"","overlay-opacity":"","overlay-gradient":""}},"footnotes":""},"class_list":["post-9094","page","type-page","status-publish","hentry"],"post_mailing_queue_ids":[],"_links":{"self":[{"href":"https:\/\/serveiseducatius.xtec.cat\/osona\/wp-json\/wp\/v2\/pages\/9094","targetHints":{"allow":["GET"]}}],"collection":[{"href":"https:\/\/serveiseducatius.xtec.cat\/osona\/wp-json\/wp\/v2\/pages"}],"about":[{"href":"https:\/\/serveiseducatius.xtec.cat\/osona\/wp-json\/wp\/v2\/types\/page"}],"author":[{"embeddable":true,"href":"https:\/\/serveiseducatius.xtec.cat\/osona\/wp-json\/wp\/v2\/users\/1"}],"replies":[{"embeddable":true,"href":"https:\/\/serveiseducatius.xtec.cat\/osona\/wp-json\/wp\/v2\/comments?post=9094"}],"version-history":[{"count":3,"href":"https:\/\/serveiseducatius.xtec.cat\/osona\/wp-json\/wp\/v2\/pages\/9094\/revisions"}],"predecessor-version":[{"id":9106,"href":"https:\/\/serveiseducatius.xtec.cat\/osona\/wp-json\/wp\/v2\/pages\/9094\/revisions\/9106"}],"up":[{"embeddable":true,"href":"https:\/\/serveiseducatius.xtec.cat\/osona\/wp-json\/wp\/v2\/pages\/8095"}],"wp:attachment":[{"href":"https:\/\/serveiseducatius.xtec.cat\/osona\/wp-json\/wp\/v2\/media?parent=9094"}],"curies":[{"name":"wp","href":"https:\/\/api.w.org\/{rel}","templated":true}]}}