{"id":8989,"date":"2018-11-09T10:58:54","date_gmt":"2018-11-09T09:58:54","guid":{"rendered":"http:\/\/serveiseducatius.xtec.cat\/osona\/?page_id=8989"},"modified":"2020-11-20T13:36:23","modified_gmt":"2020-11-20T12:36:23","slug":"probot","status":"publish","type":"page","link":"https:\/\/serveiseducatius.xtec.cat\/osona\/recursos\/maletes-pedagogiques\/robotica-educativa\/probot\/","title":{"rendered":"Probot"},"content":{"rendered":"<h1>Probot<\/h1>\n<h4>Rob\u00f2tica educativa \u2013 Nivell: educaci\u00f3 prim\u00e0ria<\/h4>\n<p>&nbsp;<\/p>\n<p><a href=\"https:\/\/serveiseducatius.xtec.cat\/osona\/wp-content\/uploads\/usu1175\/2018\/11\/Probot-2.jpg\"><img loading=\"lazy\" decoding=\"async\" class=\"alignnone wp-image-8992 size-medium\" src=\"https:\/\/serveiseducatius.xtec.cat\/osona\/wp-content\/uploads\/usu1175\/2018\/11\/Probot-2-300x179.jpg\" alt=\"\" width=\"300\" height=\"179\" srcset=\"https:\/\/serveiseducatius.xtec.cat\/osona\/wp-content\/uploads\/usu1175\/2018\/11\/Probot-2-300x179.jpg 300w, https:\/\/serveiseducatius.xtec.cat\/osona\/wp-content\/uploads\/usu1175\/2018\/11\/Probot-2-768x458.jpg 768w, https:\/\/serveiseducatius.xtec.cat\/osona\/wp-content\/uploads\/usu1175\/2018\/11\/Probot-2-1024x611.jpg 1024w\" sizes=\"auto, (max-width: 300px) 100vw, 300px\" \/><\/a><\/p>\n<p>El Pro-Bot \u00e9s com un robot controlat per la tortuga del Logo. De\u00a0la mateixa\u00a0manera que el Bee-Bot, pot anar endavant i enrere i girar a esquerra i dreta. Per\u00f2 pot fer moltes coses m\u00e9s. Per exemple, amb el mecanisme de ploma permet dibuixar el recorregut que va realitzant.<\/p>\n<p>El Pro-Bot tamb\u00e9 t\u00e9 la capacitat de repetir i de seguir una s\u00e8rie instruccions i estructures de control. D\u2019aquesta manera, aquest recurs de rob\u00f2tica educativa permet apropar la programaci\u00f3 a les aules.<\/p>\n<p>El robot incorpora diversos sensor de contacte, llum i so que permeten interactuar amb l\u2019entorn i treballar de manera senzilla els principis b\u00e0sics dels sistemes de control i de la rob\u00f2tica.<\/p>\n<p>&nbsp;<\/p>\n<h4>CONTINGUT DEL KIT<\/h4>\n<div>\n<ul>\n<li>6 Pro-bot.<\/li>\n<li>6 cables USB<\/li>\n<li><a href=\"https:\/\/drive.google.com\/file\/d\/1rVBnwZts9Tn4Z2YoyAkYxLns2ATfSXrC\/view?usp=sharing\" target=\"_blank\" rel=\"noopener noreferrer\">Software de simulaci\u00f3<\/a> (Desc\u00e0rrega del software en carpeta comprimida)<\/li>\n<\/ul>\n<p>El software de programaci\u00f3 (Probotix)<\/p>\n<ul>\n<li>Es programa f\u00e0cilment amb els botons direccionals o\u00a0amb el\u00a0llenguatge LOGO.<\/li>\n<li>Tres nivells de programaci\u00f3\n<ul>\n<li>Botons de despla\u00e7ament i gir.<\/li>\n<li>Tots els botons<\/li>\n<li>Procediments i comandes.<\/li>\n<\/ul>\n<\/li>\n<li>T\u00e9 la funci\u00f3\u00a0<strong>llapis a dalt \/ a baix<\/strong>, per dibuixar patrons com ho t\u00e9 el robot real.<\/li>\n<li>Possibilitat de modificar i millorar les rutes a la pantalla quan es programa el robot virtual i \/ o real.<\/li>\n<li>Capacitat per carregar i descarregar els programes al robot real.<\/li>\n<li>Permet canviar la imatge de fons i importar dissenys propis.<\/li>\n<\/ul>\n<\/div>\n<h4>Enlla\u00e7os d&#8217;inter\u00e8s:<\/h4>\n<p><a href=\"http:\/\/xavierrosell.blogspot.com.es\/2014\/05\/compartim-allo-que-fem-de-robotica.html\" target=\"_blank\" rel=\"noopener noreferrer\">Compartim all\u00f2 que fem de rob\u00f2tica educativa!<\/a>\u00a0(SSTT Vall\u00e8s Occidental)<\/p>\n<p class=\"post-title entry-title\"><a href=\"http:\/\/xavierrosell.blogspot.com\/2014\/05\/el-pro-bot-un-nou-recurs-de-robotica.html\" target=\"_blank\" rel=\"noopener noreferrer\">El Pro-Bot, un nou recurs de rob\u00f2tica educativa<\/a> (Blog Xavier Rosell)<\/p>\n<h4 id=\"sites-page-title-header\" align=\"left\"><span id=\"sites-page-title\" dir=\"ltr\" tabindex=\"-1\">Objectius PRO_BOT<\/span><\/h4>\n<h3 align=\"left\"><span id=\"sites-page-title\" dir=\"ltr\" tabindex=\"-1\"><a href=\"https:\/\/lh4.googleusercontent.com\/-IBrGQaDXtc4\/VNtzmRTDz3I\/AAAAAAAACOk\/RIWFZO1QoRM\/s1600\/probotweb.jpg\"><img decoding=\"async\" src=\"https:\/\/lh4.googleusercontent.com\/-IBrGQaDXtc4\/VNtzmRTDz3I\/AAAAAAAACOk\/RIWFZO1QoRM\/s200\/probotweb.jpg\" border=\"0\" \/><\/a><\/span><\/h3>\n<ul>\n<li dir=\"ltr\">\n<p dir=\"ltr\">Manipular, observar, experimentar i con\u00e8ixer el funcionament del robot i del programari.<\/p>\n<\/li>\n<li dir=\"ltr\">\n<p dir=\"ltr\">Iniciar en el llenguatge de programaci\u00f3, fent servir les ordres adients i les seq\u00fc\u00e8ncies adequades.<\/p>\n<\/li>\n<li dir=\"ltr\">\n<p dir=\"ltr\">Desenvolupar estrat\u00e8gies de resoluci\u00f3 de problemes.<\/p>\n<\/li>\n<li dir=\"ltr\">\n<p dir=\"ltr\">Desenvolupar la creativitat per trobar solucions als reptes i tasques plantejats.<\/p>\n<\/li>\n<li dir=\"ltr\">\n<p dir=\"ltr\">Usar l\u2019assaig-error per cercar solucions als problemes i a les exploracions.<\/p>\n<\/li>\n<li dir=\"ltr\">\n<p dir=\"ltr\">Treballar en equip per arribar a acords i assolir objectius compartits.<\/p>\n<\/li>\n<li dir=\"ltr\">\n<p dir=\"ltr\">Comunicar-se adequadament, tant a nivell oral com a nivell escrit.<\/p>\n<\/li>\n<li dir=\"ltr\">\n<p dir=\"ltr\">Promoure el pensament cr\u00edtic i la capacitat de reflexionar sobre la pr\u00f2pia feina i la dels altres.<\/p>\n<\/li>\n<li dir=\"ltr\">\n<p dir=\"ltr\">Fer un \u00fas responsable dels materials i recursos emprats.<\/p>\n<\/li>\n<li dir=\"ltr\"><\/li>\n<\/ul>\n<div id=\"sites-canvas-main\" class=\"sites-canvas-main\">\n<div id=\"sites-canvas-main-content\"><\/div>\n<\/div>\n<h4>Propostes did\u00e0ctiques Pro-bot (extret del CRP Anoia)<\/h4>\n<ul>\n<li><a href=\"http:\/\/serveiseducatius.xtec.cat\/osona\/recursos\/maletes-pedagogiques\/robotica-educativa\/probot\/proposta-pro-bot-cicle-inicial\/\" rel=\"noopener\">Cicle inicial<\/a><\/li>\n<li><a href=\"http:\/\/serveiseducatius.xtec.cat\/osona\/recursos\/maletes-pedagogiques\/robotica-educativa\/probot\/proposta-pro-bot-cicle-mitja\/\" rel=\"noopener\">Cicle mitj\u00e0<\/a><\/li>\n<li><a href=\"http:\/\/serveiseducatius.xtec.cat\/osona\/recursos\/maletes-pedagogiques\/robotica-educativa\/probot\/proposta-pro-bot-cicle-superior\/\" rel=\"noopener\">Cicle superior<\/a><\/li>\n<\/ul>\n<h4>Tutorials<\/h4>\n<p>Tutorial per fer diferents dibuixos per Sabrina Buttler (Angl\u00e8s)<\/p>\n<p><iframe loading=\"lazy\" src=\"https:\/\/www.youtube.com\/embed\/vq1B4ouTEuw\" width=\"560\" height=\"315\" frameborder=\"0\"><\/iframe><\/p>\n<p>Com fer servir els sensors de contacte i de llum (Angl\u00e8s)<\/p>\n<p><iframe loading=\"lazy\" src=\"https:\/\/www.youtube.com\/embed\/oG9JEtXqy5o\" width=\"560\" height=\"315\" frameborder=\"0\"><\/iframe><\/p>\n<p>&nbsp;<\/p>\n<p>&nbsp;<\/p>\n<p>&nbsp;<\/p>\n<p>&nbsp;<\/p>\n<p>&nbsp;<\/p>\n<p>&nbsp;<\/p>\n","protected":false},"excerpt":{"rendered":"<p>Probot Rob\u00f2tica educativa \u2013 Nivell: educaci\u00f3 prim\u00e0ria &nbsp; El Pro-Bot \u00e9s com un robot controlat per la tortuga del Logo. [&hellip;]<\/p>\n","protected":false},"author":1,"featured_media":0,"parent":8927,"menu_order":0,"comment_status":"closed","ping_status":"closed","template":"","meta":{"_bbp_topic_count":0,"_bbp_reply_count":0,"_bbp_total_topic_count":0,"_bbp_total_reply_count":0,"_bbp_voice_count":0,"_bbp_anonymous_reply_count":0,"_bbp_topic_count_hidden":0,"_bbp_reply_count_hidden":0,"_bbp_forum_subforum_count":0,"site-sidebar-layout":"default","site-content-layout":"","ast-site-content-layout":"","site-content-style":"default","site-sidebar-style":"default","ast-global-header-display":"","ast-banner-title-visibility":"","ast-main-header-display":"","ast-hfb-above-header-display":"","ast-hfb-below-header-display":"","ast-hfb-mobile-header-display":"","site-post-title":"","ast-breadcrumbs-content":"","ast-featured-img":"","footer-sml-layout":"","theme-transparent-header-meta":"","adv-header-id-meta":"","stick-header-meta":"","header-above-stick-meta":"","header-main-stick-meta":"","header-below-stick-meta":"","astra-migrate-meta-layouts":"default","ast-page-background-enabled":"default","ast-page-background-meta":{"desktop":{"background-color":"var(--ast-global-color-4)","background-image":"","background-repeat":"repeat","background-position":"center center","background-size":"auto","background-attachment":"scroll","background-type":"","background-media":"","overlay-type":"","overlay-color":"","overlay-opacity":"","overlay-gradient":""},"tablet":{"background-color":"","background-image":"","background-repeat":"repeat","background-position":"center center","background-size":"auto","background-attachment":"scroll","background-type":"","background-media":"","overlay-type":"","overlay-color":"","overlay-opacity":"","overlay-gradient":""},"mobile":{"background-color":"","background-image":"","background-repeat":"repeat","background-position":"center center","background-size":"auto","background-attachment":"scroll","background-type":"","background-media":"","overlay-type":"","overlay-color":"","overlay-opacity":"","overlay-gradient":""}},"ast-content-background-meta":{"desktop":{"background-color":"var(--ast-global-color-5)","background-image":"","background-repeat":"repeat","background-position":"center center","background-size":"auto","background-attachment":"scroll","background-type":"","background-media":"","overlay-type":"","overlay-color":"","overlay-opacity":"","overlay-gradient":""},"tablet":{"background-color":"var(--ast-global-color-5)","background-image":"","background-repeat":"repeat","background-position":"center center","background-size":"auto","background-attachment":"scroll","background-type":"","background-media":"","overlay-type":"","overlay-color":"","overlay-opacity":"","overlay-gradient":""},"mobile":{"background-color":"var(--ast-global-color-5)","background-image":"","background-repeat":"repeat","background-position":"center center","background-size":"auto","background-attachment":"scroll","background-type":"","background-media":"","overlay-type":"","overlay-color":"","overlay-opacity":"","overlay-gradient":""}},"footnotes":""},"class_list":["post-8989","page","type-page","status-publish","hentry"],"post_mailing_queue_ids":[],"_links":{"self":[{"href":"https:\/\/serveiseducatius.xtec.cat\/osona\/wp-json\/wp\/v2\/pages\/8989","targetHints":{"allow":["GET"]}}],"collection":[{"href":"https:\/\/serveiseducatius.xtec.cat\/osona\/wp-json\/wp\/v2\/pages"}],"about":[{"href":"https:\/\/serveiseducatius.xtec.cat\/osona\/wp-json\/wp\/v2\/types\/page"}],"author":[{"embeddable":true,"href":"https:\/\/serveiseducatius.xtec.cat\/osona\/wp-json\/wp\/v2\/users\/1"}],"replies":[{"embeddable":true,"href":"https:\/\/serveiseducatius.xtec.cat\/osona\/wp-json\/wp\/v2\/comments?post=8989"}],"version-history":[{"count":4,"href":"https:\/\/serveiseducatius.xtec.cat\/osona\/wp-json\/wp\/v2\/pages\/8989\/revisions"}],"predecessor-version":[{"id":8993,"href":"https:\/\/serveiseducatius.xtec.cat\/osona\/wp-json\/wp\/v2\/pages\/8989\/revisions\/8993"}],"up":[{"embeddable":true,"href":"https:\/\/serveiseducatius.xtec.cat\/osona\/wp-json\/wp\/v2\/pages\/8927"}],"wp:attachment":[{"href":"https:\/\/serveiseducatius.xtec.cat\/osona\/wp-json\/wp\/v2\/media?parent=8989"}],"curies":[{"name":"wp","href":"https:\/\/api.w.org\/{rel}","templated":true}]}}