{"id":8980,"date":"2018-11-06T13:34:20","date_gmt":"2018-11-06T12:34:20","guid":{"rendered":"http:\/\/serveiseducatius.xtec.cat\/osona\/?page_id=8980"},"modified":"2026-02-02T10:37:07","modified_gmt":"2026-02-02T09:37:07","slug":"educacio-ambiental","status":"publish","type":"page","link":"https:\/\/serveiseducatius.xtec.cat\/osona\/recursos\/educacio-ambiental\/","title":{"rendered":"EDUCACI\u00d3 AMBIENTAL"},"content":{"rendered":"<h1><a href=\"http:\/\/mediambient.gencat.cat\/ca\/05_ambits_dactuacio\/educacio_i_sostenibilitat\/\" target=\"_blank\" rel=\"noopener noreferrer\">Escoles verdes i sostenibles<\/a><\/h1>\n<p>Web del departament de Territori i Sostenibilitat. Hi podeu trobar l\u2019enlla\u00e7 de les <strong>Escoles Verdes<\/strong>, la <strong>XESC<\/strong> (<strong>Xarxa d\u2019Escoles per la Sostenibilitat de Catalunya<\/strong>), <strong>ESnRED<\/strong> (xarxa estatal de xarxes de centres educatius sostenibles) i tamb\u00e9 recursos educatius per treballar la sostenibilitat.<\/p>\n<hr \/>\n<h1><a href=\"https:\/\/www.barcelona.cat\/barcelonasostenible\/ca\/sdea\/el-fons\" target=\"_blank\" rel=\"noopener noreferrer\">Recursos d&#8217;educaci\u00f3 ambiental a la xarxa<\/a><\/h1>\n<p>(<strong>SDEA Servei de Documentaci\u00f3 d\u2019Educaci\u00f3 Ambiental<\/strong>. Web de Barcelona Sostenible on hi ha un recull de recursos per diferents temes d\u2019educaci\u00f3 ambiental. Hi trobareu <a href=\"https:\/\/www.barcelona.cat\/barcelonasostenible\/ca\/sdea\/recursos\/maletes-pedagogiques\">maletes amb diferents tem\u00e0tiques:<\/a> Aigua, energia, biodiversitat, mobilitat, consum&#8230; Cada tema ambiental est\u00e0 organitzat per: lectures b\u00e0siques, lectures d\u2019aprofundiment, llibres per infants i joves, materials did\u00e0ctics, audiovisuals i material multim\u00e8dia, webs, activitats i visites, exemples per posar-s\u2019hi, altres adreces d\u2019inter\u00e8s.)<\/p>\n<hr \/>\n<h1>Materials d&#8217;educaci\u00f3 ambiental que tenim al CRP d&#8217;Osona<\/h1>\n<table style=\"border-collapse: collapse; width: 100%;\" border=\"1\">\n<tbody>\n<tr>\n<td style=\"width: 50%;\">\n<ul>\n<li><a href=\"https:\/\/serveiseducatius.xtec.cat\/osona\/wp-content\/uploads\/usu1175\/2019\/12\/Fitxa-presentaci%C3%B3_Projecte-AMPHIBIA_SCH.pdf\">Projecte Amphibia.(Projecte de Servei Comunitari)\u00a0<\/a><\/li>\n<\/ul>\n<\/td>\n<td style=\"width: 50%;\"><a href=\"http:\/\/serveiseducatius.xtec.cat\/osona\/projecte-amphibia\/\"><img loading=\"lazy\" decoding=\"async\" class=\"alignnone size-full wp-image-9320\" src=\"https:\/\/serveiseducatius.xtec.cat\/osona\/wp-content\/uploads\/usu1175\/2019\/12\/Imatge-r\u00e8tol-amphibia.png\" alt=\"\" width=\"1000\" height=\"212\" srcset=\"https:\/\/serveiseducatius.xtec.cat\/osona\/wp-content\/uploads\/usu1175\/2019\/12\/Imatge-r\u00e8tol-amphibia.png 1000w, https:\/\/serveiseducatius.xtec.cat\/osona\/wp-content\/uploads\/usu1175\/2019\/12\/Imatge-r\u00e8tol-amphibia-300x64.png 300w, https:\/\/serveiseducatius.xtec.cat\/osona\/wp-content\/uploads\/usu1175\/2019\/12\/Imatge-r\u00e8tol-amphibia-768x163.png 768w\" sizes=\"auto, (max-width: 1000px) 100vw, 1000px\" \/><\/a><\/td>\n<\/tr>\n<tr>\n<td style=\"width: 50%;\">\n<ul>\n<li><a href=\"https:\/\/serveiseducatius.xtec.cat\/osona\/recursos\/maletes-pedagogiques\/ciencies\/les-motxilles-mediambientals\/\" target=\"_blank\" rel=\"noopener noreferrer\">Les motxilles mediambientals<\/a><\/li>\n<\/ul>\n<\/td>\n<td style=\"width: 50%;\"><\/td>\n<\/tr>\n<tr>\n<td style=\"width: 50%;\">\n<ul>\n<li><a href=\"https:\/\/serveiseducatius.xtec.cat\/osona\/recursos\/maletes-pedagogiques\/ciencies\/a-osona-multiproducte\/\" target=\"_blank\" rel=\"noopener noreferrer\">Maleta &#8220;A Osona Multiproducte&#8221;<\/a><\/li>\n<\/ul>\n<\/td>\n<td style=\"width: 50%;\"><img loading=\"lazy\" decoding=\"async\" class=\" wp-image-9080 aligncenter\" src=\"https:\/\/serveiseducatius.xtec.cat\/osona\/wp-content\/uploads\/usu1175\/2018\/12\/multiproducte.png\" alt=\"\" width=\"322\" height=\"257\" srcset=\"https:\/\/serveiseducatius.xtec.cat\/osona\/wp-content\/uploads\/usu1175\/2018\/12\/multiproducte.png 358w, https:\/\/serveiseducatius.xtec.cat\/osona\/wp-content\/uploads\/usu1175\/2018\/12\/multiproducte-300x239.png 300w\" sizes=\"auto, (max-width: 322px) 100vw, 322px\" \/><\/td>\n<\/tr>\n<tr>\n<td style=\"width: 50%;\">\n<ul>\n<li><a href=\"https:\/\/serveiseducatius.xtec.cat\/osona\/categoria\/dinamitzacio\/motxilla-bioclimatica\/\" target=\"_blank\" rel=\"noopener noreferrer\">Motxilla Bioclim\u00e0tica<\/a><\/li>\n<\/ul>\n<\/td>\n<td style=\"width: 50%;\"><img loading=\"lazy\" decoding=\"async\" class=\"size-full wp-image-9081 aligncenter\" src=\"https:\/\/serveiseducatius.xtec.cat\/osona\/wp-content\/uploads\/usu1175\/2018\/12\/motxilla-bioclimatica.jpg\" alt=\"\" width=\"225\" height=\"225\" srcset=\"https:\/\/serveiseducatius.xtec.cat\/osona\/wp-content\/uploads\/usu1175\/2018\/12\/motxilla-bioclimatica.jpg 225w, https:\/\/serveiseducatius.xtec.cat\/osona\/wp-content\/uploads\/usu1175\/2018\/12\/motxilla-bioclimatica-150x150.jpg 150w\" sizes=\"auto, (max-width: 225px) 100vw, 225px\" \/><\/td>\n<\/tr>\n<tr>\n<td style=\"width: 50%;\">\n<ul>\n<li><a href=\"https:\/\/serveiseducatius.xtec.cat\/osona\/wp-content\/uploads\/usu1175\/2018\/12\/guia_professors-Maleta-de-lhort-a-casa.pdf\" target=\"_blank\" rel=\"noopener noreferrer\">De l&#8217;hort a casa<\/a><\/li>\n<\/ul>\n<\/td>\n<td style=\"width: 50%;\"><img loading=\"lazy\" decoding=\"async\" class=\"size-full wp-image-9082 aligncenter\" src=\"https:\/\/serveiseducatius.xtec.cat\/osona\/wp-content\/uploads\/usu1175\/2018\/12\/hort-a-casa.jpg\" alt=\"\" width=\"275\" height=\"183\" \/><\/td>\n<\/tr>\n<tr>\n<td style=\"width: 50%;\">\n<ul>\n<li>Potabilitzadores<\/li>\n<\/ul>\n<\/td>\n<td style=\"width: 50%;\"><\/td>\n<\/tr>\n<tr>\n<td style=\"width: 50%;\">\n<ul>\n<li>Joc de l&#8217;aigua<\/li>\n<\/ul>\n<\/td>\n<td style=\"width: 50%;\"><\/td>\n<\/tr>\n<tr>\n<td style=\"width: 50%;\">\n<ul>\n<li>H\u00eddricus<\/li>\n<\/ul>\n<\/td>\n<td style=\"width: 50%;\"><img loading=\"lazy\" decoding=\"async\" class=\"wp-image-9072 aligncenter\" src=\"https:\/\/serveiseducatius.xtec.cat\/osona\/wp-content\/uploads\/usu1175\/2018\/12\/H\u00eddricus-1024x780.jpg\" alt=\"\" width=\"358\" height=\"272\" srcset=\"https:\/\/serveiseducatius.xtec.cat\/osona\/wp-content\/uploads\/usu1175\/2018\/12\/H\u00eddricus-1024x780.jpg 1024w, https:\/\/serveiseducatius.xtec.cat\/osona\/wp-content\/uploads\/usu1175\/2018\/12\/H\u00eddricus-300x229.jpg 300w, https:\/\/serveiseducatius.xtec.cat\/osona\/wp-content\/uploads\/usu1175\/2018\/12\/H\u00eddricus-768x585.jpg 768w, https:\/\/serveiseducatius.xtec.cat\/osona\/wp-content\/uploads\/usu1175\/2018\/12\/H\u00eddricus.jpg 1435w\" sizes=\"auto, (max-width: 358px) 100vw, 358px\" \/><\/td>\n<\/tr>\n<tr>\n<td style=\"width: 50%;\">\n<ul>\n<li>Maleta amb recull de contes de tem\u00e0tica ambiental<\/li>\n<\/ul>\n<\/td>\n<td style=\"width: 50%;\"><\/td>\n<\/tr>\n<\/tbody>\n<\/table>\n<hr \/>\n<h1>Programes d&#8217;educaci\u00f3 ambiental<\/h1>\n<table style=\"border-collapse: collapse; width: 100%;\" border=\"1\">\n<tbody>\n<tr>\n<td style=\"width: 50%;\"><a href=\"http:\/\/www.defontenfont.cat\/\" target=\"_blank\" rel=\"noopener noreferrer\"><img loading=\"lazy\" decoding=\"async\" class=\"alignnone wp-image-9048 aligncenter\" src=\"https:\/\/serveiseducatius.xtec.cat\/osona\/wp-content\/uploads\/usu1175\/2018\/12\/De_Font_en_font_web.jpg\" alt=\"\" width=\"339\" height=\"339\" srcset=\"https:\/\/serveiseducatius.xtec.cat\/osona\/wp-content\/uploads\/usu1175\/2018\/12\/De_Font_en_font_web.jpg 514w, https:\/\/serveiseducatius.xtec.cat\/osona\/wp-content\/uploads\/usu1175\/2018\/12\/De_Font_en_font_web-150x150.jpg 150w, https:\/\/serveiseducatius.xtec.cat\/osona\/wp-content\/uploads\/usu1175\/2018\/12\/De_Font_en_font_web-300x300.jpg 300w\" sizes=\"auto, (max-width: 339px) 100vw, 339px\" \/><\/a><\/td>\n<td style=\"width: 50%;\"><a href=\"http:\/\/www.projecterius.cat\/\" target=\"_blank\" rel=\"noopener noreferrer\"><img loading=\"lazy\" decoding=\"async\" class=\"wp-image-9051 aligncenter\" src=\"https:\/\/serveiseducatius.xtec.cat\/osona\/wp-content\/uploads\/usu1175\/2018\/12\/projecte_rius.gif\" alt=\"\" width=\"534\" height=\"156\" \/><\/a><\/td>\n<\/tr>\n<tr>\n<td style=\"width: 50%;\"><a href=\"http:\/\/www.nius.cat\/ca\/\" target=\"_blank\" rel=\"noopener noreferrer\"><img loading=\"lazy\" decoding=\"async\" class=\"alignnone wp-image-9050 aligncenter\" src=\"https:\/\/serveiseducatius.xtec.cat\/osona\/wp-content\/uploads\/usu1175\/2018\/12\/nius.png\" alt=\"\" width=\"355\" height=\"91\" srcset=\"https:\/\/serveiseducatius.xtec.cat\/osona\/wp-content\/uploads\/usu1175\/2018\/12\/nius.png 425w, https:\/\/serveiseducatius.xtec.cat\/osona\/wp-content\/uploads\/usu1175\/2018\/12\/nius-300x77.png 300w\" sizes=\"auto, (max-width: 355px) 100vw, 355px\" \/><\/a><\/td>\n<td style=\"width: 50%;\"><a href=\"https:\/\/www.ccosona.cat\/images\/Projecte_pedagogic_desendollat.pdf\" target=\"_blank\" rel=\"noopener noreferrer\"><img loading=\"lazy\" decoding=\"async\" class=\"wp-image-9049 aligncenter\" src=\"https:\/\/serveiseducatius.xtec.cat\/osona\/wp-content\/uploads\/usu1175\/2018\/12\/desendollat.png\" alt=\"\" width=\"524\" height=\"116\" srcset=\"https:\/\/serveiseducatius.xtec.cat\/osona\/wp-content\/uploads\/usu1175\/2018\/12\/desendollat.png 664w, https:\/\/serveiseducatius.xtec.cat\/osona\/wp-content\/uploads\/usu1175\/2018\/12\/desendollat-300x66.png 300w\" sizes=\"auto, (max-width: 524px) 100vw, 524px\" \/><\/a><\/td>\n<\/tr>\n<tr>\n<td style=\"width: 50%;\"><a href=\"https:\/\/1000punts.cat\/ca\/home\"><img loading=\"lazy\" decoding=\"async\" class=\"wp-image-9325 aligncenter\" src=\"https:\/\/serveiseducatius.xtec.cat\/osona\/wp-content\/uploads\/usu1175\/2019\/12\/baixa.png\" alt=\"\" width=\"342\" height=\"171\" \/><\/a><\/td>\n<td style=\"width: 50%;\">\n<h2>Programa de Seguiment de Ratpenats<\/h2>\n<p><a href=\"http:\/\/www.ratpenats.org\/\"><img loading=\"lazy\" decoding=\"async\" class=\"wp-image-9326 aligncenter\" src=\"https:\/\/serveiseducatius.xtec.cat\/osona\/wp-content\/uploads\/usu1175\/2019\/12\/cor.jpg\" alt=\"\" width=\"175\" height=\"170\" srcset=\"https:\/\/serveiseducatius.xtec.cat\/osona\/wp-content\/uploads\/usu1175\/2019\/12\/cor.jpg 503w, https:\/\/serveiseducatius.xtec.cat\/osona\/wp-content\/uploads\/usu1175\/2019\/12\/cor-300x292.jpg 300w\" sizes=\"auto, (max-width: 175px) 100vw, 175px\" \/><\/a><\/td>\n<\/tr>\n<\/tbody>\n<\/table>\n<h1><\/h1>\n<h1>Visites ambientals<\/h1>\n<ul>\n<li><a href=\"https:\/\/www.aiguesosona.cat\/images\/Documentaci%C3%B3_web\/Projecte_Ambientalitzat_curs_2025_2026.pdf\">Planta de triatge (Programa Ambientalitza&#8217;t)<\/a><\/li>\n<li><a href=\"https:\/\/ecoestacio.rro.cat\/\" target=\"_blank\" rel=\"noopener noreferrer\">L&#8217;Ecoestaci\u00f3<\/a><\/li>\n<li><a href=\"https:\/\/depuradoresosona.cat\/wp-content\/uploads\/2024\/07\/Projecte-Ambientalitzat-curs-2024_2025.pdf\">Abocador d&#8217;Or\u00eds (Programa Ambientalitza&#8217;t)<\/a><\/li>\n<li><a href=\"https:\/\/depuradoresosona.cat\/recursos-didactics\/projecte-ambientalitzat\/\">Depuradores (Programa Ambientalitza&#8217;t)<\/a><\/li>\n<li><a href=\"https:\/\/depuradoresosona.cat\/wp-content\/uploads\/2024\/07\/Projecte-Ambientalitzat-curs-2024_2025.pdf\">Potabilitzadores del Consell Comarcal (Programa Ambientalitza&#8217;t)<\/a><\/li>\n<li><a href=\"https:\/\/aiguesvic.com\/post_fixa\/els-alumnes-de-linstitut-visiten-les-nostres-intallacions-3\/\">Potabilitzadora Aig\u00fces Vic.<\/a><\/li>\n<li><a href=\"https:\/\/depuradoresosona.cat\/wp-content\/uploads\/2024\/07\/Projecte-Ambientalitzat-curs-2024_2025.pdf\">Deixalleria Vall del Ges (Programa Ambientalitza&#8217;t)<\/a><\/li>\n<li><a href=\"https:\/\/www.mancoplana.cat\/93-arees\/medi-ambient\/educacio-ambiental-als-centres-educatius.html\">Planta triatge i deixalleria Mancomunitat La Plana<\/a><\/li>\n<li><a href=\"https:\/\/www.museudelter.cat\/\" target=\"_blank\" rel=\"noopener noreferrer\">Centre d&#8217;Estudis del Rius Mediterranis (Museu Industrial del Ter)<\/a><\/li>\n<li><a href=\"https:\/\/www.vic.cat\/serveis\/territori\/medi-ambient\/educacio-ambiental\/oferim\/visites\" target=\"_blank\" rel=\"noopener noreferrer\">Visites equipaments Vic : Deixalleria, (Vic amb energia a Can Pau Raba i al pavell\u00f3 municipal), Horts urbans<\/a><\/li>\n<li><a href=\"http:\/\/adeffa.cat\/visita-camadoca-2\/visites-per-escoles\/\" target=\"_blank\" rel=\"noopener noreferrer\">Visites per a escoles al centre CAMADOCA<\/a><\/li>\n<li><a href=\"http:\/\/www.trameduca.cat\/inici\" target=\"_blank\" rel=\"noopener noreferrer\">TRAMeduca<\/a>. Educar en la mobilitat, el civisme i el medi ambient, volem afavorir les actituds responsables per tal de construir una societat m\u00e9s democr\u00e0tica, c\u00edvica i respectuosa amb el medi ambient.<\/li>\n<\/ul>\n<hr \/>\n","protected":false},"excerpt":{"rendered":"<p>Escoles verdes i sostenibles Web del departament de Territori i Sostenibilitat. Hi podeu trobar l\u2019enlla\u00e7 de les Escoles Verdes, la [&hellip;]<\/p>\n","protected":false},"author":1,"featured_media":0,"parent":906,"menu_order":0,"comment_status":"closed","ping_status":"closed","template":"","meta":{"_bbp_topic_count":0,"_bbp_reply_count":0,"_bbp_total_topic_count":0,"_bbp_total_reply_count":0,"_bbp_voice_count":0,"_bbp_anonymous_reply_count":0,"_bbp_topic_count_hidden":0,"_bbp_reply_count_hidden":0,"_bbp_forum_subforum_count":0,"site-sidebar-layout":"default","site-content-layout":"","ast-site-content-layout":"default","site-content-style":"default","site-sidebar-style":"default","ast-global-header-display":"","ast-banner-title-visibility":"","ast-main-header-display":"","ast-hfb-above-header-display":"","ast-hfb-below-header-display":"","ast-hfb-mobile-header-display":"","site-post-title":"","ast-breadcrumbs-content":"","ast-featured-img":"","footer-sml-layout":"","theme-transparent-header-meta":"","adv-header-id-meta":"","stick-header-meta":"","header-above-stick-meta":"","header-main-stick-meta":"","header-below-stick-meta":"","astra-migrate-meta-layouts":"set","ast-page-background-enabled":"default","ast-page-background-meta":{"desktop":{"background-color":"var(--ast-global-color-4)","background-image":"","background-repeat":"repeat","background-position":"center center","background-size":"auto","background-attachment":"scroll","background-type":"","background-media":"","overlay-type":"","overlay-color":"","overlay-opacity":"","overlay-gradient":""},"tablet":{"background-color":"","background-image":"","background-repeat":"repeat","background-position":"center center","background-size":"auto","background-attachment":"scroll","background-type":"","background-media":"","overlay-type":"","overlay-color":"","overlay-opacity":"","overlay-gradient":""},"mobile":{"background-color":"","background-image":"","background-repeat":"repeat","background-position":"center center","background-size":"auto","background-attachment":"scroll","background-type":"","background-media":"","overlay-type":"","overlay-color":"","overlay-opacity":"","overlay-gradient":""}},"ast-content-background-meta":{"desktop":{"background-color":"var(--ast-global-color-5)","background-image":"","background-repeat":"repeat","background-position":"center center","background-size":"auto","background-attachment":"scroll","background-type":"","background-media":"","overlay-type":"","overlay-color":"","overlay-opacity":"","overlay-gradient":""},"tablet":{"background-color":"var(--ast-global-color-5)","background-image":"","background-repeat":"repeat","background-position":"center center","background-size":"auto","background-attachment":"scroll","background-type":"","background-media":"","overlay-type":"","overlay-color":"","overlay-opacity":"","overlay-gradient":""},"mobile":{"background-color":"var(--ast-global-color-5)","background-image":"","background-repeat":"repeat","background-position":"center center","background-size":"auto","background-attachment":"scroll","background-type":"","background-media":"","overlay-type":"","overlay-color":"","overlay-opacity":"","overlay-gradient":""}},"footnotes":""},"class_list":["post-8980","page","type-page","status-publish","hentry"],"post_mailing_queue_ids":[],"_links":{"self":[{"href":"https:\/\/serveiseducatius.xtec.cat\/osona\/wp-json\/wp\/v2\/pages\/8980","targetHints":{"allow":["GET"]}}],"collection":[{"href":"https:\/\/serveiseducatius.xtec.cat\/osona\/wp-json\/wp\/v2\/pages"}],"about":[{"href":"https:\/\/serveiseducatius.xtec.cat\/osona\/wp-json\/wp\/v2\/types\/page"}],"author":[{"embeddable":true,"href":"https:\/\/serveiseducatius.xtec.cat\/osona\/wp-json\/wp\/v2\/users\/1"}],"replies":[{"embeddable":true,"href":"https:\/\/serveiseducatius.xtec.cat\/osona\/wp-json\/wp\/v2\/comments?post=8980"}],"version-history":[{"count":4,"href":"https:\/\/serveiseducatius.xtec.cat\/osona\/wp-json\/wp\/v2\/pages\/8980\/revisions"}],"predecessor-version":[{"id":12691,"href":"https:\/\/serveiseducatius.xtec.cat\/osona\/wp-json\/wp\/v2\/pages\/8980\/revisions\/12691"}],"up":[{"embeddable":true,"href":"https:\/\/serveiseducatius.xtec.cat\/osona\/wp-json\/wp\/v2\/pages\/906"}],"wp:attachment":[{"href":"https:\/\/serveiseducatius.xtec.cat\/osona\/wp-json\/wp\/v2\/media?parent=8980"}],"curies":[{"name":"wp","href":"https:\/\/api.w.org\/{rel}","templated":true}]}}