{"id":8958,"date":"2018-10-25T18:11:54","date_gmt":"2018-10-25T16:11:54","guid":{"rendered":"http:\/\/serveiseducatius.xtec.cat\/osona\/?page_id=8958"},"modified":"2018-10-25T18:11:54","modified_gmt":"2018-10-25T16:11:54","slug":"printbot-evolution","status":"publish","type":"page","link":"https:\/\/serveiseducatius.xtec.cat\/osona\/recursos\/maletes-pedagogiques\/robotica-educativa\/printbot-evolution\/","title":{"rendered":"Printbot Evolution"},"content":{"rendered":"<h4>Rob\u00f2tica educativa &#8211; Nivell 2n Cicle ESO i Batxillerats<\/h4>\n<p><a href=\"https:\/\/serveiseducatius.xtec.cat\/osona\/wp-content\/uploads\/usu1175\/2018\/10\/robot-educativo-bq-kit-printbot-evolution_l.png\"><img loading=\"lazy\" decoding=\"async\" class=\"wp-image-8960 aligncenter\" src=\"https:\/\/serveiseducatius.xtec.cat\/osona\/wp-content\/uploads\/usu1175\/2018\/10\/robot-educativo-bq-kit-printbot-evolution_l-1024x689.png\" alt=\"\" width=\"499\" height=\"336\" srcset=\"https:\/\/serveiseducatius.xtec.cat\/osona\/wp-content\/uploads\/usu1175\/2018\/10\/robot-educativo-bq-kit-printbot-evolution_l-1024x689.png 1024w, https:\/\/serveiseducatius.xtec.cat\/osona\/wp-content\/uploads\/usu1175\/2018\/10\/robot-educativo-bq-kit-printbot-evolution_l-300x202.png 300w, https:\/\/serveiseducatius.xtec.cat\/osona\/wp-content\/uploads\/usu1175\/2018\/10\/robot-educativo-bq-kit-printbot-evolution_l-768x516.png 768w, https:\/\/serveiseducatius.xtec.cat\/osona\/wp-content\/uploads\/usu1175\/2018\/10\/robot-educativo-bq-kit-printbot-evolution_l.png 1200w\" sizes=\"auto, (max-width: 499px) 100vw, 499px\" \/><\/a>El robot PrintBot Evolution de BQ est\u00e0 basat en la placa <a href=\"http:\/\/diwo.bq.com\/zum-bt-328-especificaciones-tecnicas\/\" target=\"_blank\" rel=\"noopener\">BQ Zum BT 238<\/a>, que \u00e9s un fork de l&#8217;Arduino, aquesta placa t\u00e9 connectats un seguit de sensors i actuadors que s\u00f3n programables a trav\u00e9s de la interf\u00edcie gr\u00e0fica de programaci\u00f3 <a href=\"https:\/\/bitbloq.bq.com\/\" target=\"_blank\" rel=\"noopener\">BitBloq<\/a>, encara que tamb\u00e9 es pot programar directament des de la IDE d&#8217;Arduino (<a href=\"http:\/\/diwo.bq.com\/bitbloq-para-aprender-arduino\/\" target=\"_blank\" rel=\"noopener\">tutorial de programaci\u00f3 IDE<\/a> [placa Arduino bt w\/ atmega328])<\/p>\n<h5>Com d\u00e8iem, consta de diversos sensors i actuadors:<\/h5>\n<p>Seguint la seg\u00fcent imatge, pel que fa als sensors trobem els seg\u00fcents:<\/p>\n<p>&#8211; 2 i 3: detectors de l\u00ednia, es poden fer servir per seguir una l\u00ednia o per detectar l\u00edmits d&#8217;un \u00e0rea.<\/p>\n<p>&#8211; A2 i A3: LDR o sensors d&#8217;intensitat lum\u00ednica, es poden fer servir per dirigir el robot cap a un punt de llum o fer-lo fugir de la llum.<\/p>\n<p>&#8211; V45G: HC-SR04 sensor de dist\u00e0ncia per ultrasons, ens d\u00f3na la dist\u00e0ncia en cent\u00edmetres d&#8217;un objecte, t\u00e9 un rang de 2 cm a 4 m, va muntat sobre el servomotor 11, que permet orientar-lo per mapejar el que t\u00e9 el robot a davant.<\/p>\n<p>Pel que fa als actuadors compta amb dos servomotors de rotaci\u00f3 cont\u00ednua, el 8 i el 9 i un brunzidor, marcat amb el n\u00famero 12.<\/p>\n<p>Tamb\u00e9 disposa d&#8217;un m\u00f2dul Bluetooth que permet controlar-lo remotament amb l&#8217;app per Android <a href=\"http:\/\/diwo.bq.com\/robopad-3\/\" target=\"_blank\" rel=\"noopener\">Robopad<\/a>.<\/p>\n<p>&nbsp;<\/p>\n<p><a href=\"https:\/\/serveiseducatius.xtec.cat\/osona\/wp-content\/uploads\/usu1175\/2018\/10\/bq_evolution_6.png\"><img loading=\"lazy\" decoding=\"async\" class=\"alignnone  wp-image-8959\" src=\"https:\/\/serveiseducatius.xtec.cat\/osona\/wp-content\/uploads\/usu1175\/2018\/10\/bq_evolution_6-1024x874.png\" alt=\"\" width=\"500\" height=\"427\" srcset=\"https:\/\/serveiseducatius.xtec.cat\/osona\/wp-content\/uploads\/usu1175\/2018\/10\/bq_evolution_6-1024x874.png 1024w, https:\/\/serveiseducatius.xtec.cat\/osona\/wp-content\/uploads\/usu1175\/2018\/10\/bq_evolution_6-300x256.png 300w, https:\/\/serveiseducatius.xtec.cat\/osona\/wp-content\/uploads\/usu1175\/2018\/10\/bq_evolution_6-768x655.png 768w\" sizes=\"auto, (max-width: 500px) 100vw, 500px\" \/><\/a><\/p>\n<p>En els seg\u00fcents links podeu trobar m\u00e9s informaci\u00f3 i tutorials:<\/p>\n<p><a href=\"http:\/\/diwo.bq.com\/primeros-pasos-printbots\/\" target=\"_blank\" rel=\"noopener\">Primeros pasos con Printbot<\/a><\/p>\n<p><a href=\"http:\/\/diwo.bq.com\/controlando-un-printbot-con-botones-en-app-inventor\/\" target=\"_blank\" rel=\"noopener\">Controlando Printbot con botones desde AppInventor<\/a><\/p>\n<p><a href=\"http:\/\/diwo.bq.com\/controlando-un-printbot-por-voz-en-protocoder\/\" target=\"_blank\" rel=\"noopener\">Controlando Printbot por voz<\/a> (des d&#8217;una app al m\u00f2bil)<\/p>\n<p><a href=\"http:\/\/diwo.bq.com\/printbot-evolution-obstaculos\/\" target=\"_blank\" rel=\"noopener\">Programando un esquiva obst\u00e1culos<\/a><\/p>\n<p><a href=\"http:\/\/diwo.bq.com\/programando-un-huyeluz\/\" target=\"_blank\" rel=\"noopener\">Programando un huyeluz<\/a><\/p>\n<p>I finalment indicar que la placa diposa de diversos ports anal\u00f2gics i digitals lliures en els que es poden connectar altres elements per ampliar la funcionalitat del robot.<\/p>\n<p>Poden funcionar de manera aut\u00f2noma amb <strong>8 piles AAA<\/strong> o a una <strong>bateria externa<\/strong> per a m\u00f2bils o b\u00e9 connectats a un ordinador a trav\u00e9s d&#8217;un cable USB, nom\u00e9s cal tenir en compte que en aquesta darrera opci\u00f3 el corrent d&#8217;alimentaci\u00f3 \u00e9s d&#8217;un 0,5 A i pot ser que no pugui actuar alguns elements simult\u00e0niament.<\/p>\n<p>El CRP d&#8217;Osona disposa per a pr\u00e9stec de dues maletes amb 5 unitats cada una, les piles i les bateries NO ESTAN INCLOSES en el pr\u00e9stec.<\/p>\n<p><a href=\"https:\/\/serveiseducatius.xtec.cat\/osona\/wp-content\/uploads\/usu1175\/2018\/10\/IMG_20181016_175609_197.jpg\"><img loading=\"lazy\" decoding=\"async\" class=\"wp-image-8961 aligncenter\" src=\"https:\/\/serveiseducatius.xtec.cat\/osona\/wp-content\/uploads\/usu1175\/2018\/10\/IMG_20181016_175609_197-1024x768.jpg\" alt=\"\" width=\"651\" height=\"488\" srcset=\"https:\/\/serveiseducatius.xtec.cat\/osona\/wp-content\/uploads\/usu1175\/2018\/10\/IMG_20181016_175609_197-1024x768.jpg 1024w, https:\/\/serveiseducatius.xtec.cat\/osona\/wp-content\/uploads\/usu1175\/2018\/10\/IMG_20181016_175609_197-300x225.jpg 300w, https:\/\/serveiseducatius.xtec.cat\/osona\/wp-content\/uploads\/usu1175\/2018\/10\/IMG_20181016_175609_197-768x576.jpg 768w, https:\/\/serveiseducatius.xtec.cat\/osona\/wp-content\/uploads\/usu1175\/2018\/10\/IMG_20181016_175609_197-200x150.jpg 200w\" sizes=\"auto, (max-width: 651px) 100vw, 651px\" \/><\/a><\/p>\n<p>&nbsp;<\/p>\n<p>&nbsp;<\/p>\n<p>&nbsp;<\/p>\n<p>&nbsp;<\/p>\n<p>&nbsp;<\/p>\n","protected":false},"excerpt":{"rendered":"<p>Rob\u00f2tica educativa &#8211; Nivell 2n Cicle ESO i Batxillerats El robot PrintBot Evolution de BQ est\u00e0 basat en la placa [&hellip;]<\/p>\n","protected":false},"author":1,"featured_media":0,"parent":8927,"menu_order":0,"comment_status":"closed","ping_status":"closed","template":"","meta":{"_bbp_topic_count":0,"_bbp_reply_count":0,"_bbp_total_topic_count":0,"_bbp_total_reply_count":0,"_bbp_voice_count":0,"_bbp_anonymous_reply_count":0,"_bbp_topic_count_hidden":0,"_bbp_reply_count_hidden":0,"_bbp_forum_subforum_count":0,"site-sidebar-layout":"default","site-content-layout":"","ast-site-content-layout":"","site-content-style":"default","site-sidebar-style":"default","ast-global-header-display":"","ast-banner-title-visibility":"","ast-main-header-display":"","ast-hfb-above-header-display":"","ast-hfb-below-header-display":"","ast-hfb-mobile-header-display":"","site-post-title":"","ast-breadcrumbs-content":"","ast-featured-img":"","footer-sml-layout":"","theme-transparent-header-meta":"","adv-header-id-meta":"","stick-header-meta":"","header-above-stick-meta":"","header-main-stick-meta":"","header-below-stick-meta":"","astra-migrate-meta-layouts":"default","ast-page-background-enabled":"default","ast-page-background-meta":{"desktop":{"background-color":"var(--ast-global-color-4)","background-image":"","background-repeat":"repeat","background-position":"center center","background-size":"auto","background-attachment":"scroll","background-type":"","background-media":"","overlay-type":"","overlay-color":"","overlay-opacity":"","overlay-gradient":""},"tablet":{"background-color":"","background-image":"","background-repeat":"repeat","background-position":"center center","background-size":"auto","background-attachment":"scroll","background-type":"","background-media":"","overlay-type":"","overlay-color":"","overlay-opacity":"","overlay-gradient":""},"mobile":{"background-color":"","background-image":"","background-repeat":"repeat","background-position":"center center","background-size":"auto","background-attachment":"scroll","background-type":"","background-media":"","overlay-type":"","overlay-color":"","overlay-opacity":"","overlay-gradient":""}},"ast-content-background-meta":{"desktop":{"background-color":"var(--ast-global-color-5)","background-image":"","background-repeat":"repeat","background-position":"center center","background-size":"auto","background-attachment":"scroll","background-type":"","background-media":"","overlay-type":"","overlay-color":"","overlay-opacity":"","overlay-gradient":""},"tablet":{"background-color":"var(--ast-global-color-5)","background-image":"","background-repeat":"repeat","background-position":"center center","background-size":"auto","background-attachment":"scroll","background-type":"","background-media":"","overlay-type":"","overlay-color":"","overlay-opacity":"","overlay-gradient":""},"mobile":{"background-color":"var(--ast-global-color-5)","background-image":"","background-repeat":"repeat","background-position":"center center","background-size":"auto","background-attachment":"scroll","background-type":"","background-media":"","overlay-type":"","overlay-color":"","overlay-opacity":"","overlay-gradient":""}},"footnotes":""},"class_list":["post-8958","page","type-page","status-publish","hentry"],"post_mailing_queue_ids":[],"_links":{"self":[{"href":"https:\/\/serveiseducatius.xtec.cat\/osona\/wp-json\/wp\/v2\/pages\/8958","targetHints":{"allow":["GET"]}}],"collection":[{"href":"https:\/\/serveiseducatius.xtec.cat\/osona\/wp-json\/wp\/v2\/pages"}],"about":[{"href":"https:\/\/serveiseducatius.xtec.cat\/osona\/wp-json\/wp\/v2\/types\/page"}],"author":[{"embeddable":true,"href":"https:\/\/serveiseducatius.xtec.cat\/osona\/wp-json\/wp\/v2\/users\/1"}],"replies":[{"embeddable":true,"href":"https:\/\/serveiseducatius.xtec.cat\/osona\/wp-json\/wp\/v2\/comments?post=8958"}],"version-history":[{"count":1,"href":"https:\/\/serveiseducatius.xtec.cat\/osona\/wp-json\/wp\/v2\/pages\/8958\/revisions"}],"predecessor-version":[{"id":8962,"href":"https:\/\/serveiseducatius.xtec.cat\/osona\/wp-json\/wp\/v2\/pages\/8958\/revisions\/8962"}],"up":[{"embeddable":true,"href":"https:\/\/serveiseducatius.xtec.cat\/osona\/wp-json\/wp\/v2\/pages\/8927"}],"wp:attachment":[{"href":"https:\/\/serveiseducatius.xtec.cat\/osona\/wp-json\/wp\/v2\/media?parent=8958"}],"curies":[{"name":"wp","href":"https:\/\/api.w.org\/{rel}","templated":true}]}}