{"id":8834,"date":"2018-09-21T09:41:14","date_gmt":"2018-09-21T07:41:14","guid":{"rendered":"http:\/\/serveiseducatius.xtec.cat\/osona\/?page_id=8834"},"modified":"2021-03-17T12:54:21","modified_gmt":"2021-03-17T11:54:21","slug":"salut-i-escola","status":"publish","type":"page","link":"https:\/\/serveiseducatius.xtec.cat\/osona\/recursos\/salut-i-escola\/","title":{"rendered":"Salut i escola"},"content":{"rendered":"<p>Oferta d&#8217;activitats de <strong>promoci\u00f3 de la salut<\/strong> de diferents organismes per als centres educatius d&#8217;Osona.<\/p>\n<hr \/>\n<h3>Programa Salut i escola. (PSiE)<\/h3>\n<div>El programa Salut i Escola impulsat pel Departament d&#8217;Ensenyament i pel Departament de Salut, t\u00e9 la finalitat de millorar la salut dels adolescents mitjan\u00e7ant accions que promocionen h\u00e0bits saludables, prevenen situacions de risc, i ajuden a detectar preco\u00e7ment problemes relacionats amb la salut.<\/div>\n<div><\/div>\n<div><a href=\"http:\/\/serveiseducatius.xtec.cat\/osona\/wp-content\/uploads\/usu1175\/2018\/09\/Cat\u00e0leg-PSiE-2018-2019.pdf\" target=\"_blank\" rel=\"noopener noreferrer\">Cat\u00e0leg a la comarca d&#8217;Osona per centres d&#8217;<strong>Educaci\u00f3 Secund\u00e0ria <\/strong>(PDF)<\/a><\/div>\n<div><\/div>\n<div>\n<p><a href=\"http:\/\/xtec.gencat.cat\/ca\/comunitat\/salutescola\/programasalutescola\/\" target=\"_blank\" rel=\"noopener noreferrer\"><img loading=\"lazy\" decoding=\"async\" class=\"wp-image-8835 size-full\" src=\"http:\/\/serveiseducatius.xtec.cat\/osona\/wp-content\/uploads\/usu1175\/2018\/09\/Salut-i-escola-e1537513991236.jpg\" alt=\"\" width=\"300\" height=\"300\" \/><\/a><\/p>\n<p><a href=\"https:\/\/serveiseducatius.xtec.cat\/osona\/wp-content\/uploads\/usu1175\/2019\/09\/esquema-circuits-Xarxa-Salut-i-Escola.pdf\">esquema circuits Xarxa Salut i Escola (PDF)<\/a><\/p>\n<hr \/>\n<\/div>\n<h3>Oferta de la Policia de la Generalitat &#8211; Mossos d&#8217;Esquadra. (PG-ME)<\/h3>\n<p>Des de la Policia de la Generalitat \u2013 Mossos d\u2019Esquadra (en endavant PG-ME), fem arribar a tota la Comunitat Educativa totes aquelles activitats i presentacions informatives i preventives que hem preparat pel present curs educatiu, per tal de fer arribar informaci\u00f3 d\u2019inter\u00e8s per alumnes, professors\/es, mares i pares del seu centre educatiu.<\/p>\n<p><a href=\"http:\/\/serveiseducatius.xtec.cat\/osona\/wp-content\/uploads\/usu1175\/2018\/09\/Cat\u00e0leg-Mossos-desquadra-2018-2019-Prim\u00e0ria.pdf\" target=\"_blank\" rel=\"noopener noreferrer\">Cat\u00e0leg d&#8217;activitats per educaci\u00f3 prim\u00e0ria. (PDF)<\/a><\/p>\n<p><a href=\"http:\/\/serveiseducatius.xtec.cat\/osona\/wp-content\/uploads\/usu1175\/2018\/09\/Cat\u00e0leg-Mossos-desquadra-2018-2019-Secund\u00e0ria.pdf\" target=\"_blank\" rel=\"noopener noreferrer\">Cat\u00e0leg d&#8217;activitats per educaci\u00f3 secund\u00e0ria. (PDF)<\/a><\/p>\n<hr \/>\n<h3>Oferta Osona<\/h3>\n<p><a href=\"https:\/\/serveiseducatius.xtec.cat\/osona\/wp-content\/uploads\/usu1175\/2019\/09\/Recursos-assessorament-joves-Osona-F.pdf\">Recursos assessorament joves Osona (PDF)<\/a><\/p>\n<hr \/>\n<h3>Oferta de l&#8217;Ajuntament de Vic.<\/h3>\n<p><a href=\"https:\/\/educacio.vic.cat\/fitxers\/cataleg-de-recursos-i-oferta-educativa\/cataleg-de-recursos-i-serveis-curs-2019-2020\" target=\"_blank\" rel=\"noopener noreferrer\">Cat\u00e0leg de serveis, recursos i activitats municipals adre\u00e7ades als centres educatius.<\/a><\/p>\n<hr \/>\n<h3>Oferta de l&#8217;Ajuntament de Manlleu.<\/h3>\n<p><a href=\"http:\/\/www.manlleu.cat\/viure\/educacio\/cataleg-d-activitats.htm\">Cat\u00e0leg d&#8217;activitats per els centres educatius.<\/a><\/p>\n<hr \/>\n<div dir=\"ltr\">\n<h3 dir=\"ltr\">Programa INTABOO.<\/h3>\n<p>Aquest programa vol donar resposta a interrogants.<\/p>\n<p>T\u00e9 dos apartats<\/p>\n<ul>\n<li>Drogues i pantalles<\/li>\n<li>G\u00e8nere i LGTBI<\/li>\n<\/ul>\n<p>Enlla\u00e7 de desc\u00e0rrega: <a href=\"https:\/\/serveiseducatius.xtec.cat\/osona\/wp-content\/uploads\/usu1175\/2018\/12\/Projecte-intaboo-2018.pdf\" target=\"_blank\" rel=\"noopener noreferrer\">INTABOO (Pdf)<\/a><\/p>\n<\/div>\n<div dir=\"ltr\">\n<div dir=\"ltr\">\n<div>El porten des de<a href=\"http:\/\/www.oficinajove.cat\/ca\/oficina\/oficina-jove-d-osona\" target=\"_blank\" rel=\"noopener noreferrer\" data-saferedirecturl=\"https:\/\/www.google.com\/url?q=http:\/\/www.oficinajove.cat\/ca\/oficina\/oficina-jove-d-osona&amp;source=gmail&amp;ust=1544527961269000&amp;usg=AFQjCNFhJVzPlYqGpv1KtYC0HvziJN9B3A\"> l&#8217;Oficina Jove d&#8217;Osona<\/a> i l&#8217;<a href=\"http:\/\/www.vic.cat\/viure-a-vic\/dones\" target=\"_blank\" rel=\"noopener noreferrer\" data-saferedirecturl=\"https:\/\/www.google.com\/url?q=http:\/\/www.vic.cat\/viure-a-vic\/dones&amp;source=gmail&amp;ust=1544527961269000&amp;usg=AFQjCNGc3JOO5QvJl31f7YlyHYEEDndEvA\">Oficina VicDones-SIAD Osona\u00a0<\/a><\/div>\n<div><\/div>\n<\/div>\n<\/div>\n<div><\/div>\n<div>\n<table style=\"width: 100%; border-collapse: collapse; border-color: #ffffff; background-color: #ffffff; border-style: hidden;\" border=\"0\">\n<tbody>\n<tr>\n<td style=\"width: 33.285%; text-align: center;\"><a href=\"https:\/\/www.vicjove.cat\/\" target=\"_blank\" rel=\"noopener noreferrer\"><img loading=\"lazy\" decoding=\"async\" class=\"alignnone\" src=\"http:\/\/www.oficinajove.cat\/media\/thumbs\/thumb_1384180671_pancarta_vicjove\u00e7_280_0.jpg\" alt=\"http:\/\/www.oficinajove.cat\/ca\/oficina\/oficina-jove-d-osona\" width=\"280\" height=\"140\" \/><\/a><\/td>\n<td style=\"width: 33.285%;\"><a href=\"https:\/\/www.vicjove.cat\/\" target=\"_blank\" rel=\"noopener noreferrer\"><img loading=\"lazy\" decoding=\"async\" class=\"aligncenter\" src=\"http:\/\/www.osonaserveissocials.cat\/wp-content\/uploads\/2017\/01\/descarga-1.jpg\" alt=\"SIAD Osona\" width=\"323\" height=\"156\" \/><\/a><\/td>\n<td style=\"width: 33.285%;\"><a href=\"https:\/\/www.vicjove.cat\/\" target=\"_blank\" rel=\"noopener noreferrer\"><img loading=\"lazy\" decoding=\"async\" class=\"aligncenter\" src=\"http:\/\/www.osonaserveissocials.cat\/wp-content\/uploads\/2017\/01\/descarga.jpg\" alt=\"Vic Dones\" width=\"320\" height=\"149\" \/><\/a><\/td>\n<\/tr>\n<\/tbody>\n<\/table>\n<\/div>\n<div dir=\"ltr\">\n<div dir=\"ltr\">\n<div><\/div>\n<div>\n<hr \/>\n<\/div>\n<\/div>\n<\/div>\n<h3 class=\"titulo-capcalera\">Classe sense fum<\/h3>\n<p>Classe sense fum \u00e9s un programa de prevenci\u00f3 del tabaquisme adre\u00e7at als alumnes de 1r i 2n curs d\u2019educaci\u00f3 secund\u00e0ria obligat\u00f2ria. (<a href=\"http:\/\/xtec.gencat.cat\/ca\/comunitat\/salutescola\/classe-sense-fum\/\" target=\"_blank\" rel=\"noopener noreferrer\">enlla\u00e7 al web del Departament<\/a>)<\/p>\n<p>El programa parteix del comprom\u00eds de tot un grup classe de no fumar durant un per\u00edode de temps no inferior als sis mesos dins del curs escolar. Al llarg d\u2019aquest per\u00edode, els professors reforcen regularment la decisi\u00f3 dels alumnes fent un seguiment del compliment del seu comprom\u00eds (podeu consultar la <a href=\"http:\/\/educacio.gencat.cat\/documents\/PC\/ProjectesEducatius\/Classes-sense-fum-GUIA-%20professorat.pdf\" target=\"_blank\" rel=\"noopener noreferrer\">Guia did\u00e0ctica per al professorat<\/a>)<\/p>\n<p><strong>Inscripci\u00f3<\/strong><\/p>\n<p>Els centres interessats a participar en el concurs han d&#8217;emplenar aquesta sol\u00b7licitud de preinscripci\u00f3 abans del<strong> 31 d&#8217;octubre de 2018<\/strong>. Despr\u00e9s d\u2019haver enviat la sol\u00b7licitud, els centres reben un correu de resposta amb l\u2019enlla\u00e7 a l\u2019aplicaci\u00f3 del Programa que permet fer la inscripci\u00f3 del grup i el seguiment. Per a m\u00e9s informaci\u00f3, podeu consultar les <a href=\"http:\/\/xtec.gencat.cat\/web\/.content\/comunitat\/salutescola\/classesensefum\/documents\/04-Bases-3.pdf\" target=\"_blank\" rel=\"noopener noreferrer\">bases del concurs<\/a> i el calendari.<\/p>\n<p><strong>Documentaci\u00f3 de suport<\/strong><\/p>\n<ul>\n<li><a href=\"http:\/\/xtec.gencat.cat\/web\/.content\/comunitat\/salutescola\/classesensefum\/doc-curs-2016-2017\/01-diptic.pdf-3.pdf\" target=\"_blank\" rel=\"noopener noreferrer\">D\u00edptic<\/a><\/li>\n<li><a href=\"http:\/\/educacio.gencat.cat\/documents\/PC\/ProjectesEducatius\/Classes-sense-fum-poster.pdf\" target=\"_blank\" rel=\"noopener noreferrer\">P\u00f2ster<\/a><\/li>\n<li><a href=\"http:\/\/xtec.gencat.cat\/web\/.content\/comunitat\/salutescola\/classesensefum\/documents\/03-compromis-classe-2.pdf\" target=\"_blank\" rel=\"noopener noreferrer\">Comprom\u00eds de la classe<\/a><\/li>\n<li><a href=\"http:\/\/xtec.gencat.cat\/web\/.content\/comunitat\/salutescola\/classesensefum\/documents\/06-compromis-alumne-2.pdf\" target=\"_blank\" rel=\"noopener noreferrer\">Comprom\u00eds dels alumnes<\/a><\/li>\n<li><a href=\"http:\/\/educacio.gencat.cat\/documents\/PC\/ProjectesEducatius\/Classes-sense-fum-GUIA-%20professorat.pdf\" target=\"_blank\" rel=\"noopener noreferrer\">Guia del professorat<\/a><\/li>\n<li><a href=\"http:\/\/educacio.gencat.cat\/documents\/PC\/ProjectesEducatius\/Classes-sense-fum-Informa.pdf\" target=\"_blank\" rel=\"noopener noreferrer\">Informa&#8217;t sobre el tabac<\/a><\/li>\n<li><a href=\"http:\/\/xtec.gencat.cat\/web\/.content\/comunitat\/salutescola\/classesensefum\/documents\/08-Indicacions-penjar-video.pdf\" target=\"_blank\" rel=\"noopener noreferrer\">Indicacions per pujar un video al canal youtube<\/a><\/li>\n<\/ul>\n<p><strong>Activitats complement\u00e0ries<\/strong><\/p>\n<ul>\n<li><a href=\"http:\/\/xtec.gencat.cat\/web\/.content\/comunitat\/salutescola\/classesensefum\/doc-curs-2015-2016\/TABESprograma.pdf\" target=\"_blank\" rel=\"noopener noreferrer\">Activitats complement\u00e0ries del programa TABES<\/a><\/li>\n<li><a href=\"http:\/\/xtec.gencat.cat\/web\/.content\/comunitat\/salutescola\/classesensefum\/doc-curs-2016-2017\/taller-tabac-classesensefum.pdf\" target=\"_blank\" rel=\"noopener noreferrer\">Taller de tabac &#8216;Classe sense fum<\/a>&#8216;<\/li>\n<li><a href=\"http:\/\/xtec.gencat.cat\/web\/.content\/comunitat\/salutescola\/classesensefum\/doc-curs-2015-2016\/P_Joves_sense_fum.pdf\" target=\"_blank\" rel=\"noopener noreferrer\">Programa joves sense fum<\/a><\/li>\n<li><a href=\"http:\/\/xtec.gencat.cat\/web\/.content\/comunitat\/salutescola\/classesensefum\/doc-curs-2016-2017\/UNITAT-DIDACTICA-TABAC-CARGOLAR-1r-cicle-ESOdef-1.pdf\">Unitat did\u00e0ctica &#8216;Fumar? Jo no m&#8217;hi embolico!&#8217;<\/a><\/li>\n<\/ul>\n<hr \/>\n<h3>Projecte &#8216;What&#8217;s Up! Com vas de salut mental?&#8217;<\/h3>\n<p>Juntament amb el\u00a0<b>Departament d\u2019Ensenyament<\/b>, presentem el\u00a0<b>projecte de sensibilitzaci\u00f3 especialment pensat per a joves<\/b>\u00a0&#8216;<i><a href=\"https:\/\/obertament.org\/ca\/educacio\/projecte-what-s-up\" target=\"_blank\" rel=\"noopener noreferrer\">What\u2019s up! Com vas de salut mental?<\/a>&#8216;.\u00a0<\/i>Aquest projecte, dirigit a l\u2019\u00e0mbit educatiu, es fonamenta en materials, recursos i experi\u00e8ncies per abordar l\u2019estigma i la discriminaci\u00f3 de manera multifocal als instituts, amb joves de 3r i 4t d\u2019ESO.<\/p>\n<p>Amb aquest projecte es promou la intervenci\u00f3 en primera persona als centres educatius i tamb\u00e9 s\u2019ofereixen recursos als joves i professionals per millorar el proc\u00e9s de sensibilitzaci\u00f3 en temes de salut mental. Finalment, el fet de generar espais per al tractament d\u2019aquestes problem\u00e0tiques obre un proc\u00e9s de normalitzaci\u00f3 i apoderament, clau en la lluita contra l\u2019estigma.<\/p>\n<p>&nbsp;<\/p>\n","protected":false},"excerpt":{"rendered":"<p>Oferta d&#8217;activitats de promoci\u00f3 de la salut de diferents organismes per als centres educatius d&#8217;Osona. Programa Salut i escola. (PSiE) [&hellip;]<\/p>\n","protected":false},"author":1,"featured_media":0,"parent":906,"menu_order":0,"comment_status":"closed","ping_status":"closed","template":"","meta":{"_bbp_topic_count":0,"_bbp_reply_count":0,"_bbp_total_topic_count":0,"_bbp_total_reply_count":0,"_bbp_voice_count":0,"_bbp_anonymous_reply_count":0,"_bbp_topic_count_hidden":0,"_bbp_reply_count_hidden":0,"_bbp_forum_subforum_count":0,"site-sidebar-layout":"default","site-content-layout":"","ast-site-content-layout":"","site-content-style":"default","site-sidebar-style":"default","ast-global-header-display":"","ast-banner-title-visibility":"","ast-main-header-display":"","ast-hfb-above-header-display":"","ast-hfb-below-header-display":"","ast-hfb-mobile-header-display":"","site-post-title":"","ast-breadcrumbs-content":"","ast-featured-img":"","footer-sml-layout":"","theme-transparent-header-meta":"","adv-header-id-meta":"","stick-header-meta":"","header-above-stick-meta":"","header-main-stick-meta":"","header-below-stick-meta":"","astra-migrate-meta-layouts":"default","ast-page-background-enabled":"default","ast-page-background-meta":{"desktop":{"background-color":"var(--ast-global-color-4)","background-image":"","background-repeat":"repeat","background-position":"center center","background-size":"auto","background-attachment":"scroll","background-type":"","background-media":"","overlay-type":"","overlay-color":"","overlay-opacity":"","overlay-gradient":""},"tablet":{"background-color":"","background-image":"","background-repeat":"repeat","background-position":"center center","background-size":"auto","background-attachment":"scroll","background-type":"","background-media":"","overlay-type":"","overlay-color":"","overlay-opacity":"","overlay-gradient":""},"mobile":{"background-color":"","background-image":"","background-repeat":"repeat","background-position":"center center","background-size":"auto","background-attachment":"scroll","background-type":"","background-media":"","overlay-type":"","overlay-color":"","overlay-opacity":"","overlay-gradient":""}},"ast-content-background-meta":{"desktop":{"background-color":"var(--ast-global-color-5)","background-image":"","background-repeat":"repeat","background-position":"center center","background-size":"auto","background-attachment":"scroll","background-type":"","background-media":"","overlay-type":"","overlay-color":"","overlay-opacity":"","overlay-gradient":""},"tablet":{"background-color":"var(--ast-global-color-5)","background-image":"","background-repeat":"repeat","background-position":"center center","background-size":"auto","background-attachment":"scroll","background-type":"","background-media":"","overlay-type":"","overlay-color":"","overlay-opacity":"","overlay-gradient":""},"mobile":{"background-color":"var(--ast-global-color-5)","background-image":"","background-repeat":"repeat","background-position":"center center","background-size":"auto","background-attachment":"scroll","background-type":"","background-media":"","overlay-type":"","overlay-color":"","overlay-opacity":"","overlay-gradient":""}},"footnotes":""},"class_list":["post-8834","page","type-page","status-publish","hentry"],"post_mailing_queue_ids":[],"_links":{"self":[{"href":"https:\/\/serveiseducatius.xtec.cat\/osona\/wp-json\/wp\/v2\/pages\/8834","targetHints":{"allow":["GET"]}}],"collection":[{"href":"https:\/\/serveiseducatius.xtec.cat\/osona\/wp-json\/wp\/v2\/pages"}],"about":[{"href":"https:\/\/serveiseducatius.xtec.cat\/osona\/wp-json\/wp\/v2\/types\/page"}],"author":[{"embeddable":true,"href":"https:\/\/serveiseducatius.xtec.cat\/osona\/wp-json\/wp\/v2\/users\/1"}],"replies":[{"embeddable":true,"href":"https:\/\/serveiseducatius.xtec.cat\/osona\/wp-json\/wp\/v2\/comments?post=8834"}],"version-history":[{"count":4,"href":"https:\/\/serveiseducatius.xtec.cat\/osona\/wp-json\/wp\/v2\/pages\/8834\/revisions"}],"predecessor-version":[{"id":9287,"href":"https:\/\/serveiseducatius.xtec.cat\/osona\/wp-json\/wp\/v2\/pages\/8834\/revisions\/9287"}],"up":[{"embeddable":true,"href":"https:\/\/serveiseducatius.xtec.cat\/osona\/wp-json\/wp\/v2\/pages\/906"}],"wp:attachment":[{"href":"https:\/\/serveiseducatius.xtec.cat\/osona\/wp-json\/wp\/v2\/media?parent=8834"}],"curies":[{"name":"wp","href":"https:\/\/api.w.org\/{rel}","templated":true}]}}