{"id":8578,"date":"2017-06-22T12:38:59","date_gmt":"2017-06-22T10:38:59","guid":{"rendered":"http:\/\/serveiseducatius.xtec.cat\/osona\/?page_id=8578"},"modified":"2018-12-20T16:13:41","modified_gmt":"2018-12-20T15:13:41","slug":"les-fonts-del-llucanes","status":"publish","type":"page","link":"https:\/\/serveiseducatius.xtec.cat\/osona\/dinamitzacio\/projectes-dapadrinament\/les-fonts-del-llucanes\/","title":{"rendered":"Les Fonts del Llu\u00e7an\u00e8s"},"content":{"rendered":"<p>Apadrinem Les Fonts del Llu\u00e7an\u00e8s, \u00e9s un projecte com\u00fa, en el que participen totes les escoles del Llu\u00e7an\u00e8s, on cada escola apadrina una o m\u00e9s fonts del seu municipi.<\/p>\n<p>L&#8217;apadrinament implica que cada centre educatiu inclou en el seu Projecte Educatiu de Centre, el coneixement i l&#8217;estudi de l\u2019 element patrimonial del seu entorn local , recuperaci\u00f3 de la font, propera i accessible a l&#8217;escola, per tal d&#8217;utilitzar-la com a aula externa de ci\u00e8ncies, centre d&#8217;inter\u00e8s, per a un o tots els nivells educatius.<\/p>\n<p>El projecte des d&#8217;un punt de vista pedag\u00f2gic, facilita que l&#8217;alumnat assoleixi les compet\u00e8ncies b\u00e0siques Curriculars, ja que promou la utilitzaci\u00f3, per part del professorat, d&#8217;una metodologia activa, en la qual l&#8217;alumne \u00e9s el protagonista del seu propi proc\u00e9s d&#8217;aprenentatge.<\/p>\n<p>Aquest curs la plataforma Llu\u00e7an\u00e8s viu, ens ha explicat a les escoles de la comarca el seu projecte d&#8217;an\u00e0lisi i recuperaci\u00f3 de l&#8217;estat de salut de les nostres fonts. Per aquesta ra\u00f3 ens proposem que cada escola treballi en la recuperaci\u00f3 d&#8217;una font de la seva poblaci\u00f3, el marc del Programa Apadrinem el Nostre Patrimoni del Departament d&#8217;Ensenyament.<\/p>\n<table border=\"1\" cellspacing=\"0\">\n<tbody>\n<tr style=\"height: 32px;\">\n<td style=\"width: 96.6px; height: 32px;\"><span style=\"color: #993300;\">\u00a0Escola\u00a0<\/span><\/td>\n<td style=\"width: 159.25px; height: 32px;\"><span style=\"color: #993300; font-size: medium;\">Nom de la Font<\/span><\/td>\n<td style=\"width: 161.067px; height: 32px;\"><span style=\"color: #993300; font-size: medium;\">Enlla\u00e7 el projecte<\/span><\/td>\n<td style=\"width: 114.3px; height: 32px;\"><span style=\"color: #993300; font-size: medium;\">Imatge<\/span><\/td>\n<td style=\"width: 114.3px; height: 32px;\"><span style=\"color: #993300;\">\u00a0Web<\/span><\/td>\n<td style=\"width: 94.7167px; height: 32px;\"><span style=\"color: #993300;\">\u00a0Web<\/span><\/td>\n<\/tr>\n<tr style=\"height: 91px;\">\n<td style=\"width: 96.6px; height: 91px;\">Terra Nostra<\/td>\n<td style=\"width: 159.25px; height: 91px;\">\u00a0Font de la Puda<\/td>\n<td style=\"width: 161.067px; height: 91px;\"><a href=\"https:\/\/docs.google.com\/document\/d\/1_-UCngnY-st_iXDLALTmdMVmuNPK34jLgVgEY6Y1EVk\/edit\" target=\"_blank\" rel=\"noopener noreferrer\">La Font de la Casanova<\/a>.<\/td>\n<td style=\"width: 114.3px; height: 91px;\">\n<div><a href=\"https:\/\/sites.google.com\/a\/xtec.cat\/crp-osona\/les-fonts-del-llucanes\/olost.jpg?attredirects=0\"><img decoding=\"async\" src=\"https:\/\/sites.google.com\/a\/xtec.cat\/crp-osona\/_\/rsrc\/1472866166333\/les-fonts-del-llucanes\/olost.jpg\" border=\"0\" \/><\/a><\/div>\n<\/td>\n<td style=\"width: 114.3px; height: 91px;\"><a href=\"http:\/\/blocs.xtec.cat\/escolaolost\/font-de-la-casanova\/\" target=\"_blank\" rel=\"noopener noreferrer\">Web Projecte<\/a><\/td>\n<td style=\"width: 94.7167px; height: 91px;\"><a href=\"http:\/\/agora.xtec.cat\/ceip-terranostra\/\" target=\"_blank\" rel=\"noopener noreferrer\">Web escola<\/a><\/td>\n<\/tr>\n<tr style=\"height: 73px;\">\n<td style=\"width: 96.6px; height: 73px;\">Llu\u00e7an\u00e8s<\/td>\n<td style=\"width: 159.25px; height: 73px;\">Font de Guillera, Font del Mar\u00e7al i Font de les coves<\/td>\n<td style=\"width: 161.067px; height: 73px;\"><a href=\"https:\/\/docs.google.com\/document\/d\/1bLjkX-knxWWfZVUIfa7ma1fvAVfNLBJsmAl5FI36s_g\/edit\" target=\"_blank\" rel=\"noopener noreferrer\">La Font \u00a0Guillera, Font del Mar\u00e7al i Font de les Coves.<\/a><\/td>\n<td style=\"width: 114.3px; height: 73px;\">\n<div><a href=\"https:\/\/sites.google.com\/a\/xtec.cat\/crp-osona\/les-fonts-del-llucanes\/coves.jpeg?attredirects=0\"><img loading=\"lazy\" decoding=\"async\" src=\"https:\/\/sites.google.com\/a\/xtec.cat\/crp-osona\/_\/rsrc\/1472866160539\/les-fonts-del-llucanes\/coves.jpeg?height=112&amp;width=200\" width=\"200\" height=\"112\" border=\"0\" \/><\/a><\/div>\n<\/td>\n<td style=\"width: 114.3px; height: 73px;\"><a href=\"http:\/\/agora.xtec.cat\/ceipprats\/categoria\/projectes-descola\/apadrinem-el-patrimoni-projecte-fonts\/\" target=\"_blank\" rel=\"noopener noreferrer\">Web Projecte<\/a><\/td>\n<td style=\"width: 94.7167px; height: 73px;\"><a href=\"http:\/\/agora.xtec.cat\/ceipprats\/\" target=\"_blank\" rel=\"noopener noreferrer\">Web escola\u00a0<\/a><\/td>\n<\/tr>\n<tr style=\"height: 91px;\">\n<td style=\"width: 96.6px; height: 91px;\">FEDAC- Prats<\/td>\n<td style=\"width: 159.25px; height: 91px;\">Font del Ti i Font del Xamb\u00f3<\/td>\n<td style=\"width: 161.067px; height: 91px;\"><a href=\"https:\/\/docs.google.com\/document\/d\/1VL8Gk1Ebg7M5WKHvqfbg3Oxp6DZDF7-dX_TqQgs7dn8\/edit\" target=\"_blank\" rel=\"noopener noreferrer\">La Font del Ti i del Xambo<\/a><\/td>\n<td style=\"width: 114.3px; height: 91px;\">\n<div><a href=\"https:\/\/sites.google.com\/a\/xtec.cat\/crp-osona\/les-fonts-del-llucanes\/ti-xambo.jpeg?attredirects=0\"><img loading=\"lazy\" decoding=\"async\" src=\"https:\/\/sites.google.com\/a\/xtec.cat\/crp-osona\/_\/rsrc\/1472866169130\/les-fonts-del-llucanes\/ti-xambo.jpeg?height=149&amp;width=200\" width=\"200\" height=\"149\" border=\"0\" \/><\/a><\/div>\n<\/td>\n<td style=\"width: 114.3px; height: 91px;\"><a href=\"http:\/\/fedacpratscm.blogspot.com\/2017\/03\/\" target=\"_blank\" rel=\"noopener noreferrer\">Web Projecte<\/a><\/td>\n<td style=\"width: 94.7167px; height: 91px;\">\u00a0<a href=\"http:\/\/www.fedac.cat\/prats.php\" target=\"_blank\" rel=\"noopener noreferrer\"> Web escola<\/a><\/td>\n<\/tr>\n<tr style=\"height: 106px;\">\n<td style=\"width: 96.6px; height: 106px;\">La Monjoia<\/td>\n<td style=\"width: 159.25px; height: 106px;\">Font de la Teula<\/td>\n<td style=\"width: 161.067px; height: 106px;\"><a href=\"https:\/\/docs.google.com\/document\/d\/1n77SwTaYk5vDBQ0OygeHRmxnqIAuQ2BwOqak8QJIMxg\/edit\" target=\"_blank\" rel=\"noopener noreferrer\">La Font de la Teula<\/a>.<\/td>\n<td style=\"width: 114.3px; height: 106px;\">\n<div><a href=\"https:\/\/sites.google.com\/a\/xtec.cat\/crp-osona\/les-fonts-del-llucanes\/monjoia.jpg?attredirects=0\"><img decoding=\"async\" src=\"https:\/\/sites.google.com\/a\/xtec.cat\/crp-osona\/_\/rsrc\/1472866163195\/les-fonts-del-llucanes\/monjoia.jpg\" border=\"0\" \/><\/a><\/div>\n<div><\/div>\n<\/td>\n<td style=\"width: 114.3px; height: 106px;\">\n<div>Web Projecte<\/div>\n<\/td>\n<td style=\"width: 94.7167px; height: 106px;\"><a href=\"http:\/\/agora.xtec.cat\/ceip-lamonjoia\/moodle\/\" target=\"_blank\" rel=\"noopener noreferrer\">\u00a0Web escola<\/a><\/td>\n<\/tr>\n<tr style=\"height: 106px;\">\n<td style=\"width: 96.6px; height: 106px;\">La Monjoia<\/td>\n<td style=\"width: 159.25px; height: 106px;\">La Font del Vicari<\/td>\n<td style=\"width: 161.067px; height: 106px;\"><a href=\"https:\/\/docs.google.com\/document\/d\/1VP7lcTKi6ntrklxXklDb2yvq0EFcYy2cOoChvTaI6pM\/edit\" target=\"_blank\" rel=\"noopener noreferrer\">La Font del Vicari<\/a><\/td>\n<td style=\"width: 114.3px; height: 106px;\"><\/td>\n<td style=\"width: 114.3px; height: 106px;\">\n<div><a href=\"https:\/\/agora.xtec.cat\/ceip-lamonjoia\/tag\/apadrinem-el-nostre-patrimoni\/\">Web Projecte<\/a><\/div>\n<\/td>\n<td style=\"width: 94.7167px; height: 106px;\"><a href=\"https:\/\/agora.xtec.cat\/ceip-lamonjoia\/\">Web escola<\/a><\/td>\n<\/tr>\n<tr style=\"height: 100px;\">\n<td style=\"width: 96.6px; height: 100px;\">Gafarr\u00f3<\/td>\n<td style=\"width: 159.25px; height: 100px;\">Font \u00a0Mosquera<\/td>\n<td style=\"width: 161.067px; height: 100px;\"><a href=\"https:\/\/docs.google.com\/document\/d\/1h_TFnDnTM1rakKB9xxRjpQTxv-ev0QUO_mr7Ewp3Ov0\/edit\" target=\"_blank\" rel=\"noopener noreferrer\">La Font de la Mosquera<\/a><\/td>\n<td style=\"width: 114.3px; height: 100px;\">\u00a0<a href=\"http:\/\/serveiseducatius.xtec.cat\/osona\/wp-content\/uploads\/usu1175\/2017\/06\/mosquera.jpg\"><img loading=\"lazy\" decoding=\"async\" class=\"alignnone wp-image-8708\" src=\"http:\/\/serveiseducatius.xtec.cat\/osona\/wp-content\/uploads\/usu1175\/2017\/06\/mosquera.jpg\" alt=\"\" width=\"122\" height=\"57\" srcset=\"https:\/\/serveiseducatius.xtec.cat\/osona\/wp-content\/uploads\/usu1175\/2017\/06\/mosquera.jpg 935w, https:\/\/serveiseducatius.xtec.cat\/osona\/wp-content\/uploads\/usu1175\/2017\/06\/mosquera-300x141.jpg 300w, https:\/\/serveiseducatius.xtec.cat\/osona\/wp-content\/uploads\/usu1175\/2017\/06\/mosquera-768x361.jpg 768w\" sizes=\"auto, (max-width: 122px) 100vw, 122px\" \/><\/a><\/td>\n<td style=\"width: 114.3px; height: 100px;\"><a href=\"https:\/\/agora.xtec.cat\/zer-altllucanes\/general\/font-de-la-mosquera\/\">Web Projecte<\/a><\/td>\n<td style=\"width: 94.7167px; height: 100px;\"><a href=\"http:\/\/agora.xtec.cat\/zer-altllucanes\/categoria\/gafarro\/\" target=\"_blank\" rel=\"noopener noreferrer\">\u00a0Web escola<\/a><\/td>\n<\/tr>\n<tr style=\"height: 73px;\">\n<td style=\"width: 96.6px; height: 73px;\">Aurora<\/td>\n<td style=\"width: 159.25px; height: 73px;\">Font de Pujols<\/td>\n<td style=\"width: 161.067px; height: 73px;\"><a href=\"https:\/\/docs.google.com\/document\/d\/1Ze9A4bEt3a2pxcOrn3kRAyPjn5P4IW3rTrNQBqsQmjo\/edit\" target=\"_blank\" rel=\"noopener noreferrer\">La Font de Pujols<\/a><\/td>\n<td style=\"width: 114.3px; height: 73px;\">\n<div><a href=\"https:\/\/sites.google.com\/a\/xtec.cat\/crp-osona\/les-fonts-del-llucanes\/aurora.jpg?attredirects=0\"><img decoding=\"async\" src=\"https:\/\/sites.google.com\/a\/xtec.cat\/crp-osona\/_\/rsrc\/1472866170139\/les-fonts-del-llucanes\/aurora.jpg\" border=\"0\" \/><\/a><\/div>\n<\/td>\n<td style=\"width: 114.3px; height: 73px;\"><a href=\"http:\/\/agora.xtec.cat\/zer-altllucanes\/general\/cartells-del-projecte-fonts-escola-aurora\/\" target=\"_blank\" rel=\"noopener noreferrer\">Web Projecte<\/a><\/td>\n<td style=\"width: 94.7167px; height: 73px;\"><a href=\"http:\/\/agora.xtec.cat\/zer-altllucanes\/categoria\/aurora\/\" target=\"_blank\" rel=\"noopener noreferrer\">\u00a0Web escola<\/a><\/td>\n<\/tr>\n<tr style=\"height: 91px;\">\n<td style=\"width: 96.6px; height: 91px;\">La Forja<\/td>\n<td style=\"width: 159.25px; height: 91px;\">Font del Sidro<\/td>\n<td style=\"width: 161.067px; height: 91px;\"><a href=\"https:\/\/docs.google.com\/document\/d\/1IItfz019unKdmUiKCAB3u_XFDy2eZeC40P2Nr9tYasg\/edit\" target=\"_blank\" rel=\"noopener noreferrer\">La Font del Sidro<\/a><\/td>\n<td style=\"width: 114.3px; height: 91px;\">\n<div><a href=\"https:\/\/sites.google.com\/a\/xtec.cat\/crp-osona\/les-fonts-del-llucanes\/forja.jpg?attredirects=0\"><img decoding=\"async\" src=\"https:\/\/sites.google.com\/a\/xtec.cat\/crp-osona\/_\/rsrc\/1472866167310\/les-fonts-del-llucanes\/forja.jpg\" border=\"0\" \/><\/a><\/div>\n<\/td>\n<td style=\"width: 114.3px; height: 91px;\"><a href=\"https:\/\/agora.xtec.cat\/zer-altllucanes\/general\/projecte-fonts-a-la-forja\/\">Web Projecte<\/a><\/td>\n<td style=\"width: 94.7167px; height: 91px;\">\u00a0<a href=\"http:\/\/agora.xtec.cat\/zer-altllucanes\/categoria\/la-forja\/\" target=\"_blank\" rel=\"noopener noreferrer\">Web escola<\/a><\/td>\n<\/tr>\n<tr style=\"height: 98px;\">\n<td style=\"width: 96.6px; height: 98px;\">Heurom<\/td>\n<td style=\"width: 159.25px; height: 98px;\">Font del Raig<\/td>\n<td style=\"width: 161.067px; height: 98px;\"><a href=\"https:\/\/docs.google.com\/document\/d\/1SGhsKamNj_gJFmJe9_MlBOmYQ_hobV-aN2h5UKLIIkw\/edit\" target=\"_blank\" rel=\"noopener noreferrer\">La Font del Raig<\/a><\/td>\n<td style=\"width: 114.3px; height: 98px;\">\n<div><a href=\"https:\/\/sites.google.com\/a\/xtec.cat\/crp-osona\/les-fonts-del-llucanes\/raig.jpg?attredirects=0\"><img loading=\"lazy\" decoding=\"async\" src=\"https:\/\/sites.google.com\/a\/xtec.cat\/crp-osona\/_\/rsrc\/1494255825113\/les-fonts-del-llucanes\/raig.jpg?height=132&amp;width=200\" width=\"200\" height=\"132\" border=\"0\" \/><\/a><\/div>\n<div><\/div>\n<\/td>\n<td style=\"width: 114.3px; height: 98px;\">\n<div><a href=\"https:\/\/agora.xtec.cat\/zer-altllucanes\/general\/jornada-de-neteja-de-la-font-del-raig\/\" target=\"_blank\" rel=\"noopener noreferrer\">Web Projecte<\/a><\/div>\n<\/td>\n<td style=\"width: 94.7167px; height: 98px;\">\u00a0<a href=\"https:\/\/agora.xtec.cat\/zer-altllucanes\/categoria\/heurom\/\" target=\"_blank\" rel=\"noopener noreferrer\">Web escola<\/a><\/td>\n<\/tr>\n<tr style=\"height: 91px;\">\n<td style=\"width: 96.6px; height: 91px;\">Els Roures<\/td>\n<td style=\"width: 159.25px; height: 91px;\">Font dels Traginers<\/td>\n<td style=\"width: 161.067px; height: 91px;\"><a href=\"https:\/\/docs.google.com\/document\/d\/1gRlOXGSDO4VoYPtof7T5s3qkpdtMgX-9fpXyiCPA9QM\/edit\" target=\"_blank\" rel=\"noopener noreferrer\">La Font dels Traginers<\/a>.<\/td>\n<td style=\"width: 114.3px; height: 91px;\">\n<div><a href=\"https:\/\/sites.google.com\/a\/xtec.cat\/crp-osona\/les-fonts-del-llucanes\/roures.jpg?attredirects=0\"><img decoding=\"async\" src=\"https:\/\/sites.google.com\/a\/xtec.cat\/crp-osona\/_\/rsrc\/1472866162483\/les-fonts-del-llucanes\/roures.jpg\" border=\"0\" \/><\/a><\/div>\n<\/td>\n<td style=\"width: 114.3px; height: 91px;\"><a href=\"https:\/\/agora.xtec.cat\/zergavarresa\/projectes\/projecte-fonts\/\">Web Projecte<\/a><\/td>\n<td style=\"width: 94.7167px; height: 91px;\"><a href=\"https:\/\/agora.xtec.cat\/zergavarresa\/categoria\/escola-els-roures\/\" target=\"_blank\" rel=\"noopener noreferrer\">\u00a0Web escola<\/a><\/td>\n<\/tr>\n<tr style=\"height: 91px;\">\n<td style=\"width: 96.6px; height: 91px;\">Llevant<\/td>\n<td style=\"width: 159.25px; height: 91px;\">Font de la Tuia<\/td>\n<td style=\"width: 161.067px; height: 91px;\"><a href=\"https:\/\/docs.google.com\/document\/d\/1ErPfAgcwSwq3wNNmR__lG_oT_XnkcL8P_eWm8s6dsMk\/edit\" target=\"_blank\" rel=\"noopener noreferrer\">La Font de la Tuia<\/a><\/td>\n<td style=\"width: 114.3px; height: 91px;\">\n<div><a href=\"https:\/\/sites.google.com\/a\/xtec.cat\/crp-osona\/les-fonts-del-llucanes\/llevant.jpg?attredirects=0\"><img loading=\"lazy\" decoding=\"async\" src=\"https:\/\/sites.google.com\/a\/xtec.cat\/crp-osona\/_\/rsrc\/1494256003131\/les-fonts-del-llucanes\/llevant.jpg?height=150&amp;width=200\" width=\"200\" height=\"150\" border=\"0\" \/><\/a><\/div>\n<\/td>\n<td style=\"width: 114.3px; height: 91px;\"><a href=\"https:\/\/blocs.xtec.cat\/ceipllevant1\/2015\/09\/25\/les-fonts\/comment-page-1\/\">Web Projecte<\/a><\/td>\n<td style=\"width: 94.7167px; height: 91px;\"><a href=\"http:\/\/agora.xtec.cat\/zergavarresa\/categoria\/escola-llevant\/\" target=\"_blank\" rel=\"noopener noreferrer\">\u00a0Web escola<\/a><\/td>\n<\/tr>\n<tr style=\"height: 31px;\">\n<td style=\"width: 96.6px; height: 31px;\"><\/td>\n<td style=\"width: 159.25px; height: 31px;\"><\/td>\n<td style=\"width: 161.067px; height: 31px;\"><\/td>\n<td style=\"width: 114.3px; height: 31px;\"><\/td>\n<td style=\"width: 114.3px; height: 31px;\"><\/td>\n<td style=\"width: 94.7167px; height: 31px;\"><\/td>\n<\/tr>\n<\/tbody>\n<\/table>\n<div id=\"sites-canvas-main\" class=\"sites-canvas-main\"><\/div>\n","protected":false},"excerpt":{"rendered":"<p>Apadrinem Les Fonts del Llu\u00e7an\u00e8s, \u00e9s un projecte com\u00fa, en el que participen totes les escoles del Llu\u00e7an\u00e8s, on cada [&hellip;]<\/p>\n","protected":false},"author":1,"featured_media":0,"parent":8576,"menu_order":0,"comment_status":"closed","ping_status":"closed","template":"","meta":{"_bbp_topic_count":0,"_bbp_reply_count":0,"_bbp_total_topic_count":0,"_bbp_total_reply_count":0,"_bbp_voice_count":0,"_bbp_anonymous_reply_count":0,"_bbp_topic_count_hidden":0,"_bbp_reply_count_hidden":0,"_bbp_forum_subforum_count":0,"site-sidebar-layout":"default","site-content-layout":"","ast-site-content-layout":"","site-content-style":"default","site-sidebar-style":"default","ast-global-header-display":"","ast-banner-title-visibility":"","ast-main-header-display":"","ast-hfb-above-header-display":"","ast-hfb-below-header-display":"","ast-hfb-mobile-header-display":"","site-post-title":"","ast-breadcrumbs-content":"","ast-featured-img":"","footer-sml-layout":"","theme-transparent-header-meta":"","adv-header-id-meta":"","stick-header-meta":"","header-above-stick-meta":"","header-main-stick-meta":"","header-below-stick-meta":"","astra-migrate-meta-layouts":"default","ast-page-background-enabled":"default","ast-page-background-meta":{"desktop":{"background-color":"var(--ast-global-color-4)","background-image":"","background-repeat":"repeat","background-position":"center center","background-size":"auto","background-attachment":"scroll","background-type":"","background-media":"","overlay-type":"","overlay-color":"","overlay-opacity":"","overlay-gradient":""},"tablet":{"background-color":"","background-image":"","background-repeat":"repeat","background-position":"center center","background-size":"auto","background-attachment":"scroll","background-type":"","background-media":"","overlay-type":"","overlay-color":"","overlay-opacity":"","overlay-gradient":""},"mobile":{"background-color":"","background-image":"","background-repeat":"repeat","background-position":"center center","background-size":"auto","background-attachment":"scroll","background-type":"","background-media":"","overlay-type":"","overlay-color":"","overlay-opacity":"","overlay-gradient":""}},"ast-content-background-meta":{"desktop":{"background-color":"var(--ast-global-color-5)","background-image":"","background-repeat":"repeat","background-position":"center center","background-size":"auto","background-attachment":"scroll","background-type":"","background-media":"","overlay-type":"","overlay-color":"","overlay-opacity":"","overlay-gradient":""},"tablet":{"background-color":"var(--ast-global-color-5)","background-image":"","background-repeat":"repeat","background-position":"center center","background-size":"auto","background-attachment":"scroll","background-type":"","background-media":"","overlay-type":"","overlay-color":"","overlay-opacity":"","overlay-gradient":""},"mobile":{"background-color":"var(--ast-global-color-5)","background-image":"","background-repeat":"repeat","background-position":"center center","background-size":"auto","background-attachment":"scroll","background-type":"","background-media":"","overlay-type":"","overlay-color":"","overlay-opacity":"","overlay-gradient":""}},"footnotes":""},"class_list":["post-8578","page","type-page","status-publish","hentry"],"post_mailing_queue_ids":[],"_links":{"self":[{"href":"https:\/\/serveiseducatius.xtec.cat\/osona\/wp-json\/wp\/v2\/pages\/8578","targetHints":{"allow":["GET"]}}],"collection":[{"href":"https:\/\/serveiseducatius.xtec.cat\/osona\/wp-json\/wp\/v2\/pages"}],"about":[{"href":"https:\/\/serveiseducatius.xtec.cat\/osona\/wp-json\/wp\/v2\/types\/page"}],"author":[{"embeddable":true,"href":"https:\/\/serveiseducatius.xtec.cat\/osona\/wp-json\/wp\/v2\/users\/1"}],"replies":[{"embeddable":true,"href":"https:\/\/serveiseducatius.xtec.cat\/osona\/wp-json\/wp\/v2\/comments?post=8578"}],"version-history":[{"count":3,"href":"https:\/\/serveiseducatius.xtec.cat\/osona\/wp-json\/wp\/v2\/pages\/8578\/revisions"}],"predecessor-version":[{"id":9084,"href":"https:\/\/serveiseducatius.xtec.cat\/osona\/wp-json\/wp\/v2\/pages\/8578\/revisions\/9084"}],"up":[{"embeddable":true,"href":"https:\/\/serveiseducatius.xtec.cat\/osona\/wp-json\/wp\/v2\/pages\/8576"}],"wp:attachment":[{"href":"https:\/\/serveiseducatius.xtec.cat\/osona\/wp-json\/wp\/v2\/media?parent=8578"}],"curies":[{"name":"wp","href":"https:\/\/api.w.org\/{rel}","templated":true}]}}