{"id":8576,"date":"2017-06-22T12:35:03","date_gmt":"2017-06-22T10:35:03","guid":{"rendered":"http:\/\/serveiseducatius.xtec.cat\/osona\/?page_id=8576"},"modified":"2017-11-22T11:22:37","modified_gmt":"2017-11-22T10:22:37","slug":"projectes-dapadrinament","status":"publish","type":"page","link":"https:\/\/serveiseducatius.xtec.cat\/osona\/dinamitzacio\/projectes-dapadrinament\/","title":{"rendered":"Projectes d&#8217;apadrinament"},"content":{"rendered":"<p>Relaci\u00f3 de projectes d&#8217;Apadrinem el nostre Patrimoni a Osona<\/p>\n<p>Prim\u00e0ria<\/p>\n<table style=\"height: 39px; width: 821px;\">\n<tbody>\n<tr style=\"height: 26px;\">\n<td style=\"width: 273.636px; height: 26px; text-align: center;\"><a href=\"https:\/\/docs.google.com\/document\/d\/1S1Noh8IVrTvth2SF_NcCghuE5fzwSxnCaqfULj-MJ68\/edit\" target=\"_blank\" rel=\"noopener noreferrer\">Les Fonts del Llu\u00e7an\u00e8s<\/a>. Escoles del Llu\u00e7an\u00e8s<\/td>\n<td style=\"width: 225.455px; height: 26px; text-align: center;\"><a href=\"https:\/\/docs.google.com\/document\/d\/1NhLaM9ISiMXEz0K0WqSJg4wiH8d3DU-iEUFcdFCLz6s\/edit\" target=\"_blank\" rel=\"noopener noreferrer\">Seguint les passes del cam\u00ed Ral<\/a>. Escola El Cabrer\u00e8s<\/td>\n<td style=\"width: 312.727px; height: 26px; text-align: center;\">Sant Mart\u00ed de Riudeperes. Escola Sant Marc<\/td>\n<\/tr>\n<\/tbody>\n<\/table>\n<p>Secund\u00e0ria<\/p>\n<table style=\"height: 51px; width: 836px;\">\n<tbody>\n<tr style=\"height: 50px;\">\n<td style=\"width: 273.636px; height: 50px; text-align: center;\"><a href=\"https:\/\/docs.google.com\/document\/d\/10llwkUHThidQvn6xT8USqli1ytEovXKiInIpqlFDSIw\/edit\" target=\"_blank\" rel=\"noopener noreferrer\">El\u00a0 Torrent de l&#8217;Esperan\u00e7a<\/a>. SI de Gurb<\/td>\n<td style=\"width: 274.545px; height: 50px; text-align: center;\"><a href=\"https:\/\/docs.google.com\/document\/d\/1vK6c9uvCaEtNbohIOoRRnVembtgt1K8iokXTlDLhGE8\/edit\" target=\"_blank\" rel=\"noopener noreferrer\">El Ter Emboirat<\/a>.\u00a0 Institut del Ter<\/td>\n<td style=\"width: 278.182px; height: 50px; text-align: center;\">Sant Mart\u00ed de\u00a0 Riudeperes. Institut les Margues<\/td>\n<\/tr>\n<\/tbody>\n<\/table>\n","protected":false},"excerpt":{"rendered":"<p>Relaci\u00f3 de projectes d&#8217;Apadrinem el nostre Patrimoni a Osona Prim\u00e0ria Les Fonts del Llu\u00e7an\u00e8s. Escoles del Llu\u00e7an\u00e8s Seguint les passes [&hellip;]<\/p>\n","protected":false},"author":1,"featured_media":0,"parent":8504,"menu_order":0,"comment_status":"closed","ping_status":"closed","template":"","meta":{"_bbp_topic_count":0,"_bbp_reply_count":0,"_bbp_total_topic_count":0,"_bbp_total_reply_count":0,"_bbp_voice_count":0,"_bbp_anonymous_reply_count":0,"_bbp_topic_count_hidden":0,"_bbp_reply_count_hidden":0,"_bbp_forum_subforum_count":0,"site-sidebar-layout":"default","site-content-layout":"","ast-site-content-layout":"","site-content-style":"default","site-sidebar-style":"default","ast-global-header-display":"","ast-banner-title-visibility":"","ast-main-header-display":"","ast-hfb-above-header-display":"","ast-hfb-below-header-display":"","ast-hfb-mobile-header-display":"","site-post-title":"","ast-breadcrumbs-content":"","ast-featured-img":"","footer-sml-layout":"","theme-transparent-header-meta":"","adv-header-id-meta":"","stick-header-meta":"","header-above-stick-meta":"","header-main-stick-meta":"","header-below-stick-meta":"","astra-migrate-meta-layouts":"default","ast-page-background-enabled":"default","ast-page-background-meta":{"desktop":{"background-color":"var(--ast-global-color-4)","background-image":"","background-repeat":"repeat","background-position":"center center","background-size":"auto","background-attachment":"scroll","background-type":"","background-media":"","overlay-type":"","overlay-color":"","overlay-opacity":"","overlay-gradient":""},"tablet":{"background-color":"","background-image":"","background-repeat":"repeat","background-position":"center center","background-size":"auto","background-attachment":"scroll","background-type":"","background-media":"","overlay-type":"","overlay-color":"","overlay-opacity":"","overlay-gradient":""},"mobile":{"background-color":"","background-image":"","background-repeat":"repeat","background-position":"center center","background-size":"auto","background-attachment":"scroll","background-type":"","background-media":"","overlay-type":"","overlay-color":"","overlay-opacity":"","overlay-gradient":""}},"ast-content-background-meta":{"desktop":{"background-color":"var(--ast-global-color-5)","background-image":"","background-repeat":"repeat","background-position":"center center","background-size":"auto","background-attachment":"scroll","background-type":"","background-media":"","overlay-type":"","overlay-color":"","overlay-opacity":"","overlay-gradient":""},"tablet":{"background-color":"var(--ast-global-color-5)","background-image":"","background-repeat":"repeat","background-position":"center center","background-size":"auto","background-attachment":"scroll","background-type":"","background-media":"","overlay-type":"","overlay-color":"","overlay-opacity":"","overlay-gradient":""},"mobile":{"background-color":"var(--ast-global-color-5)","background-image":"","background-repeat":"repeat","background-position":"center center","background-size":"auto","background-attachment":"scroll","background-type":"","background-media":"","overlay-type":"","overlay-color":"","overlay-opacity":"","overlay-gradient":""}},"footnotes":""},"class_list":["post-8576","page","type-page","status-publish","hentry"],"post_mailing_queue_ids":[],"_links":{"self":[{"href":"https:\/\/serveiseducatius.xtec.cat\/osona\/wp-json\/wp\/v2\/pages\/8576","targetHints":{"allow":["GET"]}}],"collection":[{"href":"https:\/\/serveiseducatius.xtec.cat\/osona\/wp-json\/wp\/v2\/pages"}],"about":[{"href":"https:\/\/serveiseducatius.xtec.cat\/osona\/wp-json\/wp\/v2\/types\/page"}],"author":[{"embeddable":true,"href":"https:\/\/serveiseducatius.xtec.cat\/osona\/wp-json\/wp\/v2\/users\/1"}],"replies":[{"embeddable":true,"href":"https:\/\/serveiseducatius.xtec.cat\/osona\/wp-json\/wp\/v2\/comments?post=8576"}],"version-history":[{"count":4,"href":"https:\/\/serveiseducatius.xtec.cat\/osona\/wp-json\/wp\/v2\/pages\/8576\/revisions"}],"predecessor-version":[{"id":8710,"href":"https:\/\/serveiseducatius.xtec.cat\/osona\/wp-json\/wp\/v2\/pages\/8576\/revisions\/8710"}],"up":[{"embeddable":true,"href":"https:\/\/serveiseducatius.xtec.cat\/osona\/wp-json\/wp\/v2\/pages\/8504"}],"wp:attachment":[{"href":"https:\/\/serveiseducatius.xtec.cat\/osona\/wp-json\/wp\/v2\/media?parent=8576"}],"curies":[{"name":"wp","href":"https:\/\/api.w.org\/{rel}","templated":true}]}}