{"id":8307,"date":"2016-11-07T17:45:55","date_gmt":"2016-11-07T16:45:55","guid":{"rendered":"http:\/\/serveiseducatius.xtec.cat\/osona\/?page_id=8307"},"modified":"2019-06-06T10:34:48","modified_gmt":"2019-06-06T08:34:48","slug":"ciutadans-i-ciutadania","status":"publish","type":"page","link":"https:\/\/serveiseducatius.xtec.cat\/osona\/recursos\/recursos-al-territori\/ciutadans-i-ciutadania\/","title":{"rendered":"Ciutadans i ciutadania"},"content":{"rendered":"<p><a href=\"http:\/\/www.xtec.cat\/web\/guest\/home?p_p_id=3&amp;p_p_lifecycle=0&amp;p_p_state=maximized&amp;p_p_mode=view&amp;_3_struts_action=%2Fsearch%2Fsearch&amp;_3_keywords=Mart%C3%AD+i+Pol&amp;tabs1=Merl%C3%AD\" target=\"_blank\" rel=\"nofollow noopener noreferrer\">Cercador Merl\u00ed<\/a>: M\u00e9s de 60 resultats sobre Mart\u00ed i Pol.<br \/>\n<a href=\"http:\/\/www.escriptors.cat\/autors\/martipolm\/\" target=\"_blank\" rel=\"nofollow noopener noreferrer\">Web Associaci\u00f3 d&#8217;escriptors en llengua catalana<\/a><\/p>\n<p><a href=\"https:\/\/www.versos.cat\/autor\/miquel-marti-i-pol\/poemes\" target=\"_blank\" rel=\"nofollow noopener noreferrer\">Poemes de Miquel Mart\u00ed i Pol<\/a><br \/>\n<b><\/b><\/p>\n<div><a href=\"http:\/\/carmendiaz.pbllocweb.com\/\" target=\"_blank\" rel=\"nofollow noopener noreferrer\"><img loading=\"lazy\" decoding=\"async\" class=\"alignleft\" src=\"https:\/\/sites.google.com\/a\/xtec.cat\/recursososona\/_\/rsrc\/1468760360681\/ciutadania\/marti-pol2.jpg\" width=\"230\" height=\"184\" border=\"0\" \/><\/a><b>Una Cacera del tresor<\/b><\/div>\n<p><b> <\/b>Contingut: Poemes que en Miquel Mart\u00ed i Pol va escriure pensant amb la canalla: xocolata desfeta, ous ferrats, arr\u00f2s blanc&#8230; Dirigida a l&#8217;alumnat de Cicle Mitj\u00e0.<br \/>\nAutoria: Carmen Diaz<\/p>\n<p><a href=\"http:\/\/www.google.es\/search?q=Miquel+marti+i+pol&amp;hl=ca&amp;client=firefox-a&amp;hs=8Yg&amp;rls=org.mozilla:ca:official&amp;prmd=imvnsb&amp;source=lnms&amp;tbm=vid&amp;sa=X&amp;ei=agLjT-b8KZS5hAeAld3KAw&amp;ved=0CE4Q_AUoAw&amp;biw=1152&amp;bih=732\" target=\"_blank\" rel=\"noopener noreferrer\">V\u00eddeos<\/a> al YouTube<\/p>\n<hr \/>\n<p>Emili Teixidor<\/p>\n<div><img loading=\"lazy\" decoding=\"async\" class=\"size-large alignleft\" src=\"https:\/\/www.escriptors.cat\/sites\/default\/files\/2019-02\/teixidore.portic.g.jpg\" width=\"314\" height=\"340\" \/><\/div>\n<p><a href=\"http:\/\/aplitic.xtec.cat\/merli\/ServletCerca?tipus=simple&amp;nivell=0&amp;ordenacio=&amp;direccio=&amp;novaCerca=si&amp;usuari=null&amp;userGeneric=&amp;nomUsuari=null&amp;cataleg=si&amp;inxtec=1&amp;textCerca=Emili+Teixidor&amp;nivell_educatiu=-1&amp;area_curricular=-1\" target=\"_blank\" rel=\"nofollow noopener noreferrer\">Cercador Merl\u00ed:<\/a> 29 refer\u00e8ncies de l&#8217;Emili Teixidor.<br \/>\n<a href=\"https:\/\/www.escriptors.cat\/autors\/teixidore\/emili-teixidor-portic\" target=\"_blank\" rel=\"nofollow noopener noreferrer\">Associaci\u00f3 d\u2019Escriptors en llengua catalana<\/a><br \/>\n<a href=\"http:\/\/lletra.uoc.edu\/ca\/autor\/emili-teixidor\" target=\"_blank\" rel=\"nofollow noopener noreferrer\">Lletra, espai virtual de literatura catalana<\/a><\/p>\n<div><\/div>\n<div>\n<div><a href=\"http:\/\/www.edu365.cat\/eso\/muds\/catala\/lectures\/ocell\/index.htm\" target=\"_blank\" rel=\"nofollow noopener noreferrer\">L&#8217;ocell de foc<\/a> Activitats sobre aquesta divertida novel\u00b7la d&#8217;aventures i intriga .EDU365<\/div>\n<div><\/div>\n<\/div>\n<p><a href=\"http:\/\/www.rodadeter.cat\/perfil\/rodater\/recursos\/recursos\/exposici__el_llibre_i_la_lectura.pdf\" target=\"_blank\" rel=\"nofollow noopener noreferrer\">Exposici\u00f3 El llibre i la lectura, a cura de Carme Rubio<\/a>.<\/p>\n<div><b>V\u00eddeos<br \/>\n<a href=\"http:\/\/vimeo.com\/41644595#at=0\" target=\"_blank\" rel=\"nofollow noopener noreferrer\">UVIC<\/a>. <\/b><a href=\"http:\/\/www.edu3.cat\/Edu3tv\/Cerca?p_cp=1&amp;p_ex=Emili+Teixidor&amp;x=17&amp;y=12\" target=\"_blank\" rel=\"nofollow noopener noreferrer\">EDU3.cat<\/a>, <a href=\"http:\/\/www.youtube.com\/watch?v=IAxA6arFqvY&amp;feature=player_embedded\" target=\"_blank\" rel=\"noopener noreferrer\">Alexandria<\/a><\/p>\n<hr \/>\n<p><a href=\"http:\/\/aplitic.xtec.cat\/merli\/cerca\/fitxaRecurs.jsp?idRecurs=\/4738&amp;sheetId=&amp;nomUsuari=null&amp;inxtec=0\" target=\"_blank\" rel=\"nofollow noopener noreferrer\">Tot un m\u00f3n. Mediadors culturals<\/a><\/p>\n<\/div>\n<div>\n<p>2005<\/p>\n<div>\n<div><a href=\"http:\/\/aplitic.xtec.cat\/merli\/cerca\/fitxaRecurs.jsp?idRecurs=\/4738&amp;sheetId=&amp;nomUsuari=null&amp;inxtec=0\" target=\"_blank\" rel=\"nofollow noopener noreferrer\"><img loading=\"lazy\" decoding=\"async\" class=\"alignleft\" src=\"https:\/\/sites.google.com\/a\/xtec.cat\/recursososona\/_\/rsrc\/1468760364430\/ciutadania\/homes.jpg\" width=\"230\" height=\"184\" border=\"0\" \/><\/a><\/div>\n<p>A poblacions on l&#8217;ha pres\u00e8ncia d&#8217;immigrants ha crescut sobtadament en els darrers anys, la feina dels mediadors interculturals ha esdevingut imprescindible. &#8220;Tot un m\u00f3n&#8221; mostra l&#8217;experi\u00e8ncia de Manlleu. A Manlleu, Osona, el 15 % de la poblaci\u00f3 \u00e9s estrangera.<a href=\"http:\/\/aplitic.xtec.cat\/merli\/ServletCerca\" rel=\"nofollow\">[+]<\/a><\/p>\n<\/div>\n<\/div>\n<hr \/>\n<p><a href=\"http:\/\/aplitic.xtec.cat\/merli\/cerca\/fitxaRecurs.jsp?idRecurs=\/5477&amp;sheetId=&amp;nomUsuari=null&amp;inxtec=0\" rel=\"nofollow\">Tot un m\u00f3n. Anar i tornar<\/a><\/p>\n<p>2006<\/p>\n<div><a href=\"http:\/\/aplitic.xtec.cat\/merli\/cerca\/fitxaRecurs.jsp?idRecurs=\/5477&amp;sheetId=&amp;nomUsuari=null&amp;inxtec=0\" target=\"_blank\" rel=\"nofollow noopener noreferrer\"><img loading=\"lazy\" decoding=\"async\" class=\"alignleft\" src=\"https:\/\/sites.google.com\/a\/xtec.cat\/recursososona\/_\/rsrc\/1468760364240\/ciutadania\/anar.jpg\" width=\"230\" height=\"184\" border=\"0\" \/><\/a>Aquest cap\u00edtol del programa &#8220;Tot un m\u00f3n&#8221; explica una hist\u00f2ria d&#8217;anades i tornades, d&#8217;experi\u00e8ncies positives i negatives al voltant del fet migratori, gr\u00e0cies al testimoni de tres germans marroquins. Abdelasis Bouziane va emigrar a Europa ara fa quinze anys.<a href=\"http:\/\/aplitic.xtec.cat\/merli\/ServletCerca\" rel=\"nofollow\">[+]<\/a><\/div>\n<hr \/>\n<p><a href=\"http:\/\/aplitic.xtec.cat\/merli\/cerca\/fitxaRecurs.jsp?idRecurs=\/7114&amp;sheetId=&amp;nomUsuari=null&amp;inxtec=0\" rel=\"nofollow\">Tot un m\u00f3n. Cultures. Pastorets<\/a><\/p>\n<p>2008<\/p>\n<div>\n<p><a href=\"http:\/\/aplitic.xtec.cat\/merli\/cerca\/fitxaRecurs.jsp?idRecurs=\/7114&amp;sheetId=&amp;nomUsuari=null&amp;inxtec=0\" target=\"_blank\" rel=\"nofollow noopener noreferrer\"><img loading=\"lazy\" decoding=\"async\" class=\"alignleft\" src=\"https:\/\/sites.google.com\/a\/xtec.cat\/recursososona\/_\/rsrc\/1468760360327\/ciutadania\/pastorets.jpg\" width=\"230\" height=\"184\" border=\"0\" \/><\/a>La tradici\u00f3 de representar &#8220;Els pastorets&#8221; ha engrescat tamb\u00e9 persones vingudes d&#8217;altres pa\u00efsos. &#8220;Tot un m\u00f3n&#8221; parla amb tres actors sobre aquesta obra i sobre la cultura i la llengua catalanes. L&#8217;Ana, en Kobe i en Shadrak s\u00f3n tres dels actors que fa uns dies feien la representaci\u00f3 d'&#8221;Els pastorets&#8221; a Vic.<a href=\"http:\/\/aplitic.xtec.cat\/merli\/ServletCerca\" rel=\"nofollow\">[+]<\/a><\/p>\n<hr \/>\n<p><a href=\"http:\/\/aplitic.xtec.cat\/merli\/cerca\/fitxaRecurs.jsp?idRecurs=\/6036&amp;sheetId=&amp;nomUsuari=null&amp;inxtec=0\" rel=\"nofollow\">Tot un m\u00f3n. Visitar l&#8217;origen<\/a><br \/>\n2006<\/p>\n<div>\n<p><a href=\"http:\/\/aplitic.xtec.cat\/merli\/cerca\/fitxaRecurs.jsp?idRecurs=\/6036&amp;sheetId=&amp;nomUsuari=null&amp;inxtec=0\" target=\"_blank\" rel=\"nofollow noopener noreferrer\"><img loading=\"lazy\" decoding=\"async\" class=\"alignleft\" src=\"https:\/\/sites.google.com\/a\/xtec.cat\/recursososona\/_\/rsrc\/1468760364633\/ciutadania\/origen.jpg\" width=\"230\" height=\"184\" border=\"0\" \/><\/a>L&#8217;espai &#8220;Tot un m\u00f3n&#8221; conversa amb els integrants d&#8217;una delegaci\u00f3 d&#8217;alcaldes i regidors d&#8217;Osona que van fer un viatge al Marroc per seguir diferents projectes. Una delegaci\u00f3 d&#8217;alcaldes i regidors de la comarca d&#8217;Osona visita el nord del Marroc, terra d&#8217;origen de molts osonencs.<a href=\"http:\/\/aplitic.xtec.cat\/merli\/ServletCerca\" rel=\"nofollow\">[+]<\/a><\/p>\n<hr \/>\n<p><a href=\"http:\/\/aplitic.xtec.cat\/merli\/cerca\/fitxaRecurs.jsp?idRecurs=\/8911&amp;sheetId=&amp;nomUsuari=null&amp;inxtec=0\" rel=\"nofollow\">10 cites. Calixto i Pupy<\/a><\/p>\n<\/div>\n<div>2009<\/div>\n<div><\/div>\n<div>\n<div>\n<div><a href=\"http:\/\/aplitic.xtec.cat\/merli\/cerca\/fitxaRecurs.jsp?idRecurs=\/8911&amp;sheetId=&amp;nomUsuari=null&amp;inxtec=0\" target=\"_blank\" rel=\"nofollow noopener noreferrer\"><img loading=\"lazy\" decoding=\"async\" class=\"alignleft\" src=\"https:\/\/sites.google.com\/a\/xtec.cat\/recursososona\/_\/rsrc\/1468760363673\/ciutadania\/calixto.jpg\" width=\"230\" height=\"184\" border=\"0\" \/><\/a><\/div>\n<p>L&#8217;espai &#8220;10 cites&#8221; segueix les trobades de dos sud-americans que viuen a Torell\u00f3, a Osona, i participen en el programa &#8220;Voluntariat per la llengua&#8221;. Calixto Marcelo \u00e9s d&#8217;Oruro, a Bol\u00edvia. Parla castell\u00e0, qu\u00edtxua i catal\u00e0.<a href=\"http:\/\/aplitic.xtec.cat\/merli\/ServletCerca\" rel=\"nofollow\">[+]<\/a><\/p>\n<hr \/>\n<p><a href=\"http:\/\/aplitic.xtec.cat\/merli\/cerca\/fitxaRecurs.jsp?idRecurs=\/8288&amp;sheetId=&amp;nomUsuari=null&amp;inxtec=0\" rel=\"nofollow\">A pag\u00e8s. Urbanes al camp<\/a><br \/>\n2008<\/p>\n<div><a href=\"http:\/\/aplitic.xtec.cat\/merli\/cerca\/fitxaRecurs.jsp?idRecurs=\/8288&amp;sheetId=&amp;nomUsuari=null&amp;inxtec=0\" target=\"_blank\" rel=\"nofollow noopener noreferrer\"><img loading=\"lazy\" decoding=\"async\" class=\"alignleft\" src=\"https:\/\/sites.google.com\/a\/xtec.cat\/recursososona\/_\/rsrc\/1468760356750\/ciutadania\/urbanas.jpg\" width=\"230\" height=\"184\" border=\"0\" \/><\/a>Les protagonistes del programa &#8220;A pag\u00e8s&#8221; s\u00f3n tres dones nascudes i criades a la gran ciutat que ara viuen i treballen al camp. Per a elles, el pas de la ciutat al camp va ser tota una experi\u00e8ncia. Tot era nou: la fam\u00edlia del marit, les b\u00e8sties, les tradicions, el lloc.<a href=\"http:\/\/aplitic.xtec.cat\/merli\/ServletCerca\" rel=\"nofollow\">[+]<\/a><\/div>\n<\/div>\n<\/div>\n<\/div>\n<hr \/>\n<p><a href=\"http:\/\/aplitic.xtec.cat\/merli\/cerca\/fitxaRecurs.jsp?idRecurs=\/3015&amp;sheetId=&amp;nomUsuari=null&amp;inxtec=0\" rel=\"nofollow\">Bit@bit. Addiccions<\/a><\/p>\n<p>2007<\/p>\n<div>\n<div><a href=\"http:\/\/aplitic.xtec.cat\/merli\/cerca\/fitxaRecurs.jsp?idRecurs=\/3015&amp;sheetId=&amp;nomUsuari=null&amp;inxtec=0\" target=\"_blank\" rel=\"nofollow noopener noreferrer\"><img loading=\"lazy\" decoding=\"async\" class=\"alignleft\" src=\"https:\/\/sites.google.com\/a\/xtec.cat\/recursososona\/_\/rsrc\/1468760361641\/ciutadania\/ciber.jpg\" width=\"230\" height=\"184\" border=\"0\" \/><\/a><\/div>\n<p>&#8220;Bit@bit&#8221; parla dels perills que s&#8217;amaguen darrere les ciberaddiccions i d\u00f3na consells per fer un \u00fas racional de les noves tecnologies. La ciberaddicci\u00f3 \u00e9s a l&#8217;addicci\u00f3 a les tecnologies de la informaci\u00f3 i la comunicaci\u00f3.<a href=\"http:\/\/aplitic.xtec.cat\/merli\/ServletCerca\" rel=\"nofollow\">[+]<\/a><\/p>\n<\/div>\n","protected":false},"excerpt":{"rendered":"<p>Cercador Merl\u00ed: M\u00e9s de 60 resultats sobre Mart\u00ed i Pol. Web Associaci\u00f3 d&#8217;escriptors en llengua catalana Poemes de Miquel Mart\u00ed [&hellip;]<\/p>\n","protected":false},"author":1,"featured_media":0,"parent":8228,"menu_order":0,"comment_status":"closed","ping_status":"closed","template":"","meta":{"_bbp_topic_count":0,"_bbp_reply_count":0,"_bbp_total_topic_count":0,"_bbp_total_reply_count":0,"_bbp_voice_count":0,"_bbp_anonymous_reply_count":0,"_bbp_topic_count_hidden":0,"_bbp_reply_count_hidden":0,"_bbp_forum_subforum_count":0,"site-sidebar-layout":"default","site-content-layout":"","ast-site-content-layout":"","site-content-style":"default","site-sidebar-style":"default","ast-global-header-display":"","ast-banner-title-visibility":"","ast-main-header-display":"","ast-hfb-above-header-display":"","ast-hfb-below-header-display":"","ast-hfb-mobile-header-display":"","site-post-title":"","ast-breadcrumbs-content":"","ast-featured-img":"","footer-sml-layout":"","theme-transparent-header-meta":"","adv-header-id-meta":"","stick-header-meta":"","header-above-stick-meta":"","header-main-stick-meta":"","header-below-stick-meta":"","astra-migrate-meta-layouts":"default","ast-page-background-enabled":"default","ast-page-background-meta":{"desktop":{"background-color":"var(--ast-global-color-4)","background-image":"","background-repeat":"repeat","background-position":"center center","background-size":"auto","background-attachment":"scroll","background-type":"","background-media":"","overlay-type":"","overlay-color":"","overlay-opacity":"","overlay-gradient":""},"tablet":{"background-color":"","background-image":"","background-repeat":"repeat","background-position":"center center","background-size":"auto","background-attachment":"scroll","background-type":"","background-media":"","overlay-type":"","overlay-color":"","overlay-opacity":"","overlay-gradient":""},"mobile":{"background-color":"","background-image":"","background-repeat":"repeat","background-position":"center center","background-size":"auto","background-attachment":"scroll","background-type":"","background-media":"","overlay-type":"","overlay-color":"","overlay-opacity":"","overlay-gradient":""}},"ast-content-background-meta":{"desktop":{"background-color":"var(--ast-global-color-5)","background-image":"","background-repeat":"repeat","background-position":"center center","background-size":"auto","background-attachment":"scroll","background-type":"","background-media":"","overlay-type":"","overlay-color":"","overlay-opacity":"","overlay-gradient":""},"tablet":{"background-color":"var(--ast-global-color-5)","background-image":"","background-repeat":"repeat","background-position":"center center","background-size":"auto","background-attachment":"scroll","background-type":"","background-media":"","overlay-type":"","overlay-color":"","overlay-opacity":"","overlay-gradient":""},"mobile":{"background-color":"var(--ast-global-color-5)","background-image":"","background-repeat":"repeat","background-position":"center center","background-size":"auto","background-attachment":"scroll","background-type":"","background-media":"","overlay-type":"","overlay-color":"","overlay-opacity":"","overlay-gradient":""}},"footnotes":""},"class_list":["post-8307","page","type-page","status-publish","hentry"],"post_mailing_queue_ids":[],"_links":{"self":[{"href":"https:\/\/serveiseducatius.xtec.cat\/osona\/wp-json\/wp\/v2\/pages\/8307","targetHints":{"allow":["GET"]}}],"collection":[{"href":"https:\/\/serveiseducatius.xtec.cat\/osona\/wp-json\/wp\/v2\/pages"}],"about":[{"href":"https:\/\/serveiseducatius.xtec.cat\/osona\/wp-json\/wp\/v2\/types\/page"}],"author":[{"embeddable":true,"href":"https:\/\/serveiseducatius.xtec.cat\/osona\/wp-json\/wp\/v2\/users\/1"}],"replies":[{"embeddable":true,"href":"https:\/\/serveiseducatius.xtec.cat\/osona\/wp-json\/wp\/v2\/comments?post=8307"}],"version-history":[{"count":3,"href":"https:\/\/serveiseducatius.xtec.cat\/osona\/wp-json\/wp\/v2\/pages\/8307\/revisions"}],"predecessor-version":[{"id":9246,"href":"https:\/\/serveiseducatius.xtec.cat\/osona\/wp-json\/wp\/v2\/pages\/8307\/revisions\/9246"}],"up":[{"embeddable":true,"href":"https:\/\/serveiseducatius.xtec.cat\/osona\/wp-json\/wp\/v2\/pages\/8228"}],"wp:attachment":[{"href":"https:\/\/serveiseducatius.xtec.cat\/osona\/wp-json\/wp\/v2\/media?parent=8307"}],"curies":[{"name":"wp","href":"https:\/\/api.w.org\/{rel}","templated":true}]}}