{"id":8291,"date":"2016-11-07T13:07:26","date_gmt":"2016-11-07T12:07:26","guid":{"rendered":"http:\/\/serveiseducatius.xtec.cat\/osona\/?page_id=8291"},"modified":"2018-09-07T13:00:01","modified_gmt":"2018-09-07T11:00:01","slug":"municipis-i-rius","status":"publish","type":"page","link":"https:\/\/serveiseducatius.xtec.cat\/osona\/recursos\/recursos-al-territori\/geografia\/municipis-i-rius\/","title":{"rendered":"Municipis i rius"},"content":{"rendered":"<h2 style=\"text-align: center;\">Els municipis<\/h2>\n<p><a href=\"http:\/\/www.ccosona.es\/mapaOsona.php?idF=3&amp;idSubF=32\" target=\"_blank\" rel=\"nofollow noopener\">Web del Consell Comarcal.<\/a><\/p>\n<div><a href=\"https:\/\/sites.google.com\/a\/xtec.cat\/recursososona\/municipis\/consellcomarcal.jpg?attredirects=0\"><img loading=\"lazy\" decoding=\"async\" class=\"alignleft\" src=\"https:\/\/sites.google.com\/a\/xtec.cat\/recursososona\/_\/rsrc\/1468760356534\/municipis\/consellcomarcal.jpg\" width=\"230\" height=\"228\" border=\"0\" \/><\/a><\/div>\n<p>Qu\u00e8: Informaci\u00f3 de cada municipi.<\/p>\n<div>Contingut: <b>Composici\u00f3 dels ajuntaments<\/b>: alcalde o alcaldessa, regidors\/res, partits pol\u00edtics&#8230; Aix\u00ed com el web del poble o ciutat i el correu de contacte.<\/div>\n<div>Autoria: Consell Comarcal<\/div>\n<div><\/div>\n<div><\/div>\n<div><\/div>\n<div><\/div>\n<div>\n<hr \/>\n<\/div>\n<div>\n<p><a href=\"http:\/\/aplitic.xtec.cat\/merli\/ServletCerca?tipus=simple&amp;nivell=0&amp;ordenacio=&amp;direccio=&amp;novaCerca=si&amp;usuari=null&amp;userGeneric=&amp;nomUsuari=null&amp;cataleg=si&amp;textCerca=%22Viure+Catalunya%22+Osona&amp;nivell_educatiu=-1&amp;area_curricular=-1\" target=\"_blank\" rel=\"nofollow noopener\"><b>A l&#8217;Edu3.cat<\/b>\u00a0:<\/a><\/p>\n<div><a href=\"http:\/\/aplitic.xtec.cat\/merli\/ServletCerca?tipus=simple&amp;nivell=0&amp;ordenacio=&amp;direccio=&amp;novaCerca=si&amp;usuari=null&amp;userGeneric=&amp;nomUsuari=null&amp;cataleg=si&amp;textCerca=%22Viure+Catalunya%22+Osona&amp;nivell_educatiu=-1&amp;area_curricular=-1\" target=\"_blank\" rel=\"nofollow noopener\"><img loading=\"lazy\" decoding=\"async\" class=\"alignleft\" src=\"https:\/\/sites.google.com\/a\/xtec.cat\/recursososona\/_\/rsrc\/1468760364572\/municipis\/pobles.jpg\" width=\"230\" height=\"230\" border=\"0\" \/><\/a><\/div>\n<p>Qu\u00e8:\u00a0<b>\u00a09 v\u00eddeos<\/b><br \/>\nContingut:\u00a0L&#8217;edici\u00f3 del programa\u00a0<b>&#8220;Viure Catalunya&#8221;\u00a0<\/b>dedica a\u00a0<b>9 cap\u00edtols a diferents municipis d&#8217;Osona<\/b>.<br \/>\nUna visi\u00f3 a peu de carrer on queden reflectits els trets m\u00e9s\u00a0caracter\u00edstics\u00a0de cada poble.<br \/>\nAutoria:\u00a0Edu3.cat<\/p>\n<\/div>\n<div><\/div>\n<div><\/div>\n<div><\/div>\n<div><\/div>\n<div>\n<hr \/>\n<\/div>\n<div>\n<p><a href=\"http:\/\/www.paisatgesdelter.com\/portada-mostra-0-cat-portada.htm\" target=\"_blank\" rel=\"nofollow noopener\">Els municipis al voltant del Ter<\/a><\/p>\n<div><a href=\"https:\/\/sites.google.com\/a\/xtec.cat\/recursososona\/municipis\/paisatgeter.jpg?attredirects=0\"><img loading=\"lazy\" decoding=\"async\" class=\"alignleft\" src=\"https:\/\/sites.google.com\/a\/xtec.cat\/recursososona\/_\/rsrc\/1468760355872\/municipis\/paisatgeter.jpg\" width=\"230\" height=\"230\" border=\"0\" \/><\/a><\/div>\n<p>Informaci\u00f3 general i dels punts d&#8217;inter\u00e8s m\u00e9s rellevants dels municipis al voltant del riu Ter.<\/p>\n<\/div>\n<div><\/div>\n<div><\/div>\n<div><\/div>\n<div><\/div>\n<div><\/div>\n<div><\/div>\n<div><\/div>\n<div><\/div>\n<div><\/div>\n<div>\n<hr \/>\n<\/div>\n<div>\n<p><a href=\"http:\/\/www.idescat.cat\/emex\/?id=24\" target=\"_blank\" rel=\"nofollow noopener\">IDESCAT\u00a0<\/a>:<\/p>\n<div><a href=\"https:\/\/sites.google.com\/a\/xtec.cat\/recursososona\/municipis\/estadistica..jpg?attredirects=0\"><img loading=\"lazy\" decoding=\"async\" class=\"alignleft\" src=\"https:\/\/sites.google.com\/a\/xtec.cat\/recursososona\/_\/rsrc\/1468760358378\/municipis\/estadistica..jpg\" width=\"230\" height=\"267\" border=\"0\" \/><\/a><\/div>\n<p>Qu\u00e8:\u00a0<b>Anuari estad\u00edstic <\/b>de Catalunya<br \/>\nContingut: Estad\u00edstiques actualitzades de cada municipi sobre: poblaci\u00f3, sectors econ\u00f2mics, habitatge&#8230; \u00a0i acompanyades de mapes i gr\u00e0fiques<br \/>\nAutoria: \u00a0Institut d&#8217;Estad\u00edstica de Catalunya<\/p>\n<\/div>\n<div><\/div>\n<div><\/div>\n<div><\/div>\n<div><\/div>\n<div><\/div>\n<div><\/div>\n<div><\/div>\n<div><\/div>\n<div>\n<hr \/>\n<\/div>\n<div>\n<p>\u00a0<a href=\"http:\/\/www.naciodigital.cat\/osona\" target=\"_blank\" rel=\"nofollow noopener\">Diari digital \u00a0de cada municipi<\/a><\/p>\n<p><a href=\"http:\/\/www.naciodigital.cat\/osona\" target=\"_blank\" rel=\"nofollow noopener\"><img loading=\"lazy\" decoding=\"async\" class=\"alignleft\" src=\"https:\/\/sites.google.com\/a\/xtec.cat\/recursososona\/_\/rsrc\/1319701298799\/visio-general\/osonacom.jpg\" width=\"230\" height=\"225\" border=\"0\" \/><\/a>Qu\u00e8: \u00a0Molta <b>informaci\u00f3 actualitzada de cada municipi.<\/b><br \/>\nContingut: \u00daltimes\u00a0not\u00edcies de cada poble i galeries de fotos dels actes m\u00e9s importants<br \/>\nAutoria:\u00a0Osona.com<\/p>\n<\/div>\n<div><\/div>\n<div><\/div>\n<div><\/div>\n<div><\/div>\n<div><\/div>\n<div><\/div>\n<div>\n<hr \/>\n<\/div>\n<div><a href=\"http:\/\/www.xtec.net\/%7Eealonso\/flash\/osona3.html\" target=\"_blank\" rel=\"nofollow noopener\">Municipis d&#8217;Osona<\/a><br \/>\n<img loading=\"lazy\" decoding=\"async\" class=\"alignleft\" src=\"https:\/\/sites.google.com\/a\/xtec.cat\/recursososona\/_\/rsrc\/1319636298978\/mapes\/municipis2.jpg\" width=\"230\" height=\"225\" border=\"0\" \/>Qu\u00e8: <b>Mapa flash interactiu<\/b>. Tipus trencaclosques<br \/>\nContingut: \u00a0Han de colocar els municipis o les comarques damunt el mapa. Hi ha diferents nivells de dificultat.<br \/>\nAutor: Enrique Alonso.<\/div>\n<div><\/div>\n<div><\/div>\n<div><\/div>\n<div><\/div>\n<div><\/div>\n<div><\/div>\n<hr \/>\n<h2 style=\"text-align: center;\">Els rius<\/h2>\n<hr \/>\n<p style=\"text-align: left;\"><a href=\"http:\/\/aplitic.xtec.cat\/merli\/cerca\/fitxaRecurs.jsp?idRecurs=\/8471&amp;sheetId=&amp;nomUsuari=null&amp;inxtec=0\" target=\"_blank\" rel=\"nofollow noopener\">Qu\u00e8quicom \/ Ter, un riu a domicili<\/a><\/p>\n<div><a href=\"https:\/\/sites.google.com\/a\/xtec.cat\/recursososona\/els-rius\/ter3.jpg?attredirects=0\"><img loading=\"lazy\" decoding=\"async\" class=\"alignleft\" src=\"https:\/\/sites.google.com\/a\/xtec.cat\/recursososona\/_\/rsrc\/1468760361816\/els-rius\/ter3.jpg\" width=\"231\" height=\"196\" border=\"0\" \/><\/a>Nou de cada deu catalans rep aigua del Ter a casa seva. &#8220;Qu\u00e8quicom&#8221; segueix el curs del riu per saber quin \u00e9s l&#8217;estat de l&#8217;aigua a cada tram i com funcionen les depuradores que el netegen. Prop de sis milions de persones, sobretot de l&#8217;\u00e0rea metropolitana de Barcelona, reben aigua del riu Ter a les aixetes de casa seva, sovint barrejada amb la del Llobregat.<a href=\"http:\/\/aplitic.xtec.cat\/merli\/ServletCerca\" rel=\"nofollow\">[+]<\/a><\/div>\n<div><\/div>\n<div><\/div>\n<div><\/div>\n<div>\n<hr \/>\n<\/div>\n<div>\n<div>\n<p><a href=\"http:\/\/osonalamevacomarca.blogspot.com\/p\/els-rius.html\" target=\"_blank\" rel=\"nofollow noopener\"><span style=\"font-family: 'Lucida Grande','Lucida Sans',Verdana,Arial,sans-serif;\">Osona la meva comarca<\/span>: els rius<\/a><\/p>\n<div><a href=\"https:\/\/sites.google.com\/a\/xtec.cat\/recursososona\/visio-general\/PEC.jpg?attredirects=0\" target=\"_blank\" rel=\"noopener\"><img loading=\"lazy\" decoding=\"async\" class=\"\" src=\"https:\/\/sites.google.com\/a\/xtec.cat\/recursososona\/_\/rsrc\/1468760364009\/visio-general\/PEC.jpg\" width=\"230\" height=\"163\" border=\"0\" \/><\/a><\/div>\n<p>Molts i interessants recursos que acompanyen el<b>\u00a0tema 1<\/b>:\u00a0<b>La comarca<\/b><\/p>\n<\/div>\n<\/div>\n<hr \/>\n<p><strong>On \u00e9s l\u2019estany de l\u2019Estany?<\/strong><\/p>\n<p>&nbsp;<\/p>\n<p><img loading=\"lazy\" decoding=\"async\" class=\"wp-image-8821 alignleft\" src=\"http:\/\/serveiseducatius.xtec.cat\/osona\/wp-content\/uploads\/usu1175\/2018\/09\/unnamed.jpg\" alt=\"\" width=\"231\" height=\"143\" srcset=\"https:\/\/serveiseducatius.xtec.cat\/osona\/wp-content\/uploads\/usu1175\/2018\/09\/unnamed.jpg 545w, https:\/\/serveiseducatius.xtec.cat\/osona\/wp-content\/uploads\/usu1175\/2018\/09\/unnamed-300x186.jpg 300w\" sizes=\"auto, (max-width: 231px) 100vw, 231px\" \/><\/p>\n<p>Aquesta \u00e9s una pregunta que es fan sovint les persones que arriben per primera vegada a\u00a0<span style=\"font-family: inherit; font-size: 1em;\">aquest poble de la comarca del Moian\u00e8s.\u00a0On \u00e9s l\u2019estany? Hi ha hagut mai un estany?\u00a0I si \u00e9s aix\u00ed,\u00a0qu\u00e8 ha passat amb l\u2019aigua?<\/span><\/p>\n<p>Aquest misteri es desvetlla a la\u00a0visita dinamitzada\u00a0que ofereix el centre de visitants a\u00a0l\u2019exposici\u00f3 permanent\u00a0L\u2019Estany, hist\u00f2ria i natura: el domini de la terra i el domini de l\u2019aigua, un espai d\u2019interpretaci\u00f3 del territori, el relat del qual gira entorn de\u00a0l\u2019estany que va donar nom al municipi.<\/p>\n<p><strong>Qu\u00e8 ofereix la Visita dinamitzada?<\/strong><\/p>\n<p>Us adjuntem un d\u00edptic amb la informaci\u00f3 de les visites dinamitzades que tenim programades per a prim\u00e0ria. Es tracta d\u2019unes\u00a0visites guiades al Centre de visitants, Monestir de Santa Maria de l\u2019Estany i Mina de desgu\u00e0s de l\u2019antic estany. Inclou tamb\u00e9 la possibilitat de realitzar un\u00a0dels itineraris culturals senyalitzats al municipi. Les visites es poden adaptar a cada curs com veureu a la informaci\u00f3 que us adjuntem.<br \/>\nTamb\u00e9 oferim\u00a0visites guiades per als alumnes de Secund\u00e0ria i Batxillerat\u00a0al Centre de visitants, Mina de desgu\u00e0s i\/o itinerari.<br \/>\nEl poble compta amb un espai a l&#8217;aire lliure per a activitats l\u00fadiques, poder menjar, descansar, jugar&#8230; En cas de pluja,\u00a0disposem tamb\u00e9 del local social Cine.<\/p>\n<p><strong>Com podem reservar?<\/strong><\/p>\n<p>Estem a la vostra disposici\u00f3 per qualsevol dubte que tingueu.<br \/>\nSi voleu con\u00e8ixer de primera m\u00e0 el projecte i concretar una trobada podeu trucar al tel\u00e8fon 93 830 30 00.<\/p>\n<p><a href=\"http:\/\/serveiseducatius.xtec.cat\/osona\/wp-content\/uploads\/usu1175\/2018\/09\/Presentaci\u00f3-activitats-educatives-A4.pdf\">(PDF) Presentaci\u00f3 activitats educatives<\/a><\/p>\n<p><strong>On podem trobar m\u00e9s informaci\u00f3?<\/strong><\/p>\n<p>Podeu consultar la nostra p\u00e0gina web i xarxes socials:<br \/>\n<a href=\"http:\/\/estany.mailrelay-iv.es\/newslink\/21\/26.html\" target=\"_blank\" rel=\"noopener\" data-saferedirecturl=\"https:\/\/www.google.com\/url?hl=ca&amp;q=http:\/\/estany.mailrelay-iv.es\/newslink\/21\/26.html&amp;source=gmail&amp;ust=1536394620807000&amp;usg=AFQjCNElaUs6kUCXyEY7tKaigPmNzErtDA\">www.viulestany.cat<\/a><br \/>\n<a href=\"http:\/\/estany.mailrelay-iv.es\/newslink\/21\/30.html\" target=\"_blank\" rel=\"noopener\" data-saferedirecturl=\"https:\/\/www.google.com\/url?hl=ca&amp;q=http:\/\/estany.mailrelay-iv.es\/newslink\/21\/30.html&amp;source=gmail&amp;ust=1536394620807000&amp;usg=AFQjCNERpFjdFmPtFXmE9eVoYt6EelX-oA\">Facebook<\/a><br \/>\n<a href=\"http:\/\/estany.mailrelay-iv.es\/newslink\/21\/28.html\" target=\"_blank\" rel=\"noopener\" data-saferedirecturl=\"https:\/\/www.google.com\/url?hl=ca&amp;q=http:\/\/estany.mailrelay-iv.es\/newslink\/21\/28.html&amp;source=gmail&amp;ust=1536394620807000&amp;usg=AFQjCNHaKIbwCih2Gy8AIzyibeMlQ1i0yQ\">Twitter<\/a><br \/>\n<a href=\"http:\/\/estany.mailrelay-iv.es\/newslink\/21\/31.html\" target=\"_blank\" rel=\"noopener\" data-saferedirecturl=\"https:\/\/www.google.com\/url?hl=ca&amp;q=http:\/\/estany.mailrelay-iv.es\/newslink\/21\/31.html&amp;source=gmail&amp;ust=1536394620807000&amp;usg=AFQjCNHSEbevN4dLTXIjmCGVvOy3tRV8EA\">Instagram<\/a><\/p>\n","protected":false},"excerpt":{"rendered":"<p>Els municipis Web del Consell Comarcal. Qu\u00e8: Informaci\u00f3 de cada municipi. Contingut: Composici\u00f3 dels ajuntaments: alcalde o alcaldessa, regidors\/res, partits [&hellip;]<\/p>\n","protected":false},"author":1,"featured_media":0,"parent":8285,"menu_order":0,"comment_status":"closed","ping_status":"closed","template":"","meta":{"_bbp_topic_count":0,"_bbp_reply_count":0,"_bbp_total_topic_count":0,"_bbp_total_reply_count":0,"_bbp_voice_count":0,"_bbp_anonymous_reply_count":0,"_bbp_topic_count_hidden":0,"_bbp_reply_count_hidden":0,"_bbp_forum_subforum_count":0,"site-sidebar-layout":"default","site-content-layout":"","ast-site-content-layout":"","site-content-style":"default","site-sidebar-style":"default","ast-global-header-display":"","ast-banner-title-visibility":"","ast-main-header-display":"","ast-hfb-above-header-display":"","ast-hfb-below-header-display":"","ast-hfb-mobile-header-display":"","site-post-title":"","ast-breadcrumbs-content":"","ast-featured-img":"","footer-sml-layout":"","theme-transparent-header-meta":"","adv-header-id-meta":"","stick-header-meta":"","header-above-stick-meta":"","header-main-stick-meta":"","header-below-stick-meta":"","astra-migrate-meta-layouts":"default","ast-page-background-enabled":"default","ast-page-background-meta":{"desktop":{"background-color":"var(--ast-global-color-4)","background-image":"","background-repeat":"repeat","background-position":"center center","background-size":"auto","background-attachment":"scroll","background-type":"","background-media":"","overlay-type":"","overlay-color":"","overlay-opacity":"","overlay-gradient":""},"tablet":{"background-color":"","background-image":"","background-repeat":"repeat","background-position":"center center","background-size":"auto","background-attachment":"scroll","background-type":"","background-media":"","overlay-type":"","overlay-color":"","overlay-opacity":"","overlay-gradient":""},"mobile":{"background-color":"","background-image":"","background-repeat":"repeat","background-position":"center center","background-size":"auto","background-attachment":"scroll","background-type":"","background-media":"","overlay-type":"","overlay-color":"","overlay-opacity":"","overlay-gradient":""}},"ast-content-background-meta":{"desktop":{"background-color":"var(--ast-global-color-5)","background-image":"","background-repeat":"repeat","background-position":"center center","background-size":"auto","background-attachment":"scroll","background-type":"","background-media":"","overlay-type":"","overlay-color":"","overlay-opacity":"","overlay-gradient":""},"tablet":{"background-color":"var(--ast-global-color-5)","background-image":"","background-repeat":"repeat","background-position":"center center","background-size":"auto","background-attachment":"scroll","background-type":"","background-media":"","overlay-type":"","overlay-color":"","overlay-opacity":"","overlay-gradient":""},"mobile":{"background-color":"var(--ast-global-color-5)","background-image":"","background-repeat":"repeat","background-position":"center center","background-size":"auto","background-attachment":"scroll","background-type":"","background-media":"","overlay-type":"","overlay-color":"","overlay-opacity":"","overlay-gradient":""}},"footnotes":""},"class_list":["post-8291","page","type-page","status-publish","hentry"],"post_mailing_queue_ids":[],"_links":{"self":[{"href":"https:\/\/serveiseducatius.xtec.cat\/osona\/wp-json\/wp\/v2\/pages\/8291","targetHints":{"allow":["GET"]}}],"collection":[{"href":"https:\/\/serveiseducatius.xtec.cat\/osona\/wp-json\/wp\/v2\/pages"}],"about":[{"href":"https:\/\/serveiseducatius.xtec.cat\/osona\/wp-json\/wp\/v2\/types\/page"}],"author":[{"embeddable":true,"href":"https:\/\/serveiseducatius.xtec.cat\/osona\/wp-json\/wp\/v2\/users\/1"}],"replies":[{"embeddable":true,"href":"https:\/\/serveiseducatius.xtec.cat\/osona\/wp-json\/wp\/v2\/comments?post=8291"}],"version-history":[{"count":3,"href":"https:\/\/serveiseducatius.xtec.cat\/osona\/wp-json\/wp\/v2\/pages\/8291\/revisions"}],"predecessor-version":[{"id":8823,"href":"https:\/\/serveiseducatius.xtec.cat\/osona\/wp-json\/wp\/v2\/pages\/8291\/revisions\/8823"}],"up":[{"embeddable":true,"href":"https:\/\/serveiseducatius.xtec.cat\/osona\/wp-json\/wp\/v2\/pages\/8285"}],"wp:attachment":[{"href":"https:\/\/serveiseducatius.xtec.cat\/osona\/wp-json\/wp\/v2\/media?parent=8291"}],"curies":[{"name":"wp","href":"https:\/\/api.w.org\/{rel}","templated":true}]}}