{"id":8228,"date":"2016-09-26T15:56:22","date_gmt":"2016-09-26T14:56:22","guid":{"rendered":"http:\/\/serveiseducatius.xtec.cat\/osona\/?page_id=8228"},"modified":"2021-03-17T12:50:28","modified_gmt":"2021-03-17T11:50:28","slug":"recursos-al-territori","status":"publish","type":"page","link":"https:\/\/serveiseducatius.xtec.cat\/osona\/recursos\/recursos-al-territori\/","title":{"rendered":"Recursos al territori"},"content":{"rendered":"<div>\n<div><\/div>\n<div><a href=\"http:\/\/serveiseducatius.xtec.cat\/osona\/wp-content\/uploads\/usu1175\/2016\/09\/logo-recursos.gif\"><img loading=\"lazy\" decoding=\"async\" class=\"alignnone size-full wp-image-8229\" src=\"http:\/\/serveiseducatius.xtec.cat\/osona\/wp-content\/uploads\/usu1175\/2016\/09\/logo-recursos.gif\" alt=\"logo-recursos\" width=\"320\" height=\"181\" \/><\/a><\/div>\n<div><\/div>\n<div style=\"text-align: justify;\">Des del <b><span style=\"color: #b45f06;\">Centre de Recursos Pedag\u00f2gics d&#8217;Osona i el Llu\u00e7an\u00e8s<\/span><\/b> \u00a0hem recopilat aquelles activitats i recursos sobre la nostra comarca que creiem que poden ser de la vostra utilitat.<\/div>\n<div style=\"text-align: justify;\"><\/div>\n<div>\n<div style=\"text-align: justify;\">Tamb\u00e9 som conscients que en falten i per aix\u00f2 us proposem que ens feu arribar aquells recursos,materials did\u00e0ctics, sortides&#8230; que s\u00f3n del vostre inter\u00e8s i que no hem explicitat en aquest espai.<\/div>\n<div style=\"text-align: justify;\"><\/div>\n<div style=\"text-align: justify;\"><\/div>\n<div style=\"text-align: justify;\"><span style=\"color: #b45f06;\">La \u00a0vostra\u00a0col\u00b7laboraci\u00f3 \u00e9s\u00a0fonamental per enriquir i compartir aquest espai.<\/span><\/div>\n<div><\/div>\n<\/div>\n<\/div>\n<div><\/div>\n<ul>\n<li><a href=\"http:\/\/serveiseducatius.xtec.cat\/osona\/recursos\/recursos-al-territori\/gent-molt-capac-projecte-de-sensibilitzacio\/\">GENT MOLT CAPA\u00c7: PROJECTE DE SENSIBILITZACI\u00d3<\/a><\/li>\n<li><a href=\"http:\/\/serveiseducatius.xtec.cat\/osona\/recursos\/recursos-al-territori\/cases-de-colonies\/\">Cases de col\u00f2nies.<\/a><\/li>\n<li><a href=\"http:\/\/serveiseducatius.xtec.cat\/osona\/recursos\/recursos-al-territori\/ciutadans-i-ciutadania\/\">Ciutadans i ciutadania.<\/a><\/li>\n<\/ul>\n<p>&nbsp;<\/p>\n<div><\/div>\n<div style=\"text-align: right;\">\u00a0<span style=\"color: #ff9900; font-size: xx-large;\">+<\/span>\u00a0<b><span style=\"color: #000000;\">RECURSOS :<\/span><\/b>\u00a0\u00a0<a href=\"http:\/\/www.xtec.cat\/web\/recursos\/recursos\" target=\"_blank\" rel=\"nofollow noopener noreferrer\">XTEC<\/a>\u00a0 \u00a0 <a href=\"http:\/\/www.edu365.cat\/\" target=\"_blank\" rel=\"nofollow noopener noreferrer\">EDU 365<\/a>\u00a0 \u00a0 \u00a0<a href=\"http:\/\/www.edu3.cat\/\" target=\"_blank\" rel=\"nofollow noopener noreferrer\">EDU 3<\/a>\u00a0 \u00a0<a href=\"http:\/\/apliense.xtec.cat\/arc\/\" target=\"_blank\" rel=\"nofollow noopener noreferrer\">ARC<\/a><\/div>\n","protected":false},"excerpt":{"rendered":"<p>Des del Centre de Recursos Pedag\u00f2gics d&#8217;Osona i el Llu\u00e7an\u00e8s \u00a0hem recopilat aquelles activitats i recursos sobre la nostra comarca [&hellip;]<\/p>\n","protected":false},"author":1,"featured_media":0,"parent":906,"menu_order":0,"comment_status":"closed","ping_status":"closed","template":"","meta":{"_bbp_topic_count":0,"_bbp_reply_count":0,"_bbp_total_topic_count":0,"_bbp_total_reply_count":0,"_bbp_voice_count":0,"_bbp_anonymous_reply_count":0,"_bbp_topic_count_hidden":0,"_bbp_reply_count_hidden":0,"_bbp_forum_subforum_count":0,"site-sidebar-layout":"default","site-content-layout":"","ast-site-content-layout":"","site-content-style":"default","site-sidebar-style":"default","ast-global-header-display":"","ast-banner-title-visibility":"","ast-main-header-display":"","ast-hfb-above-header-display":"","ast-hfb-below-header-display":"","ast-hfb-mobile-header-display":"","site-post-title":"","ast-breadcrumbs-content":"","ast-featured-img":"","footer-sml-layout":"","theme-transparent-header-meta":"","adv-header-id-meta":"","stick-header-meta":"","header-above-stick-meta":"","header-main-stick-meta":"","header-below-stick-meta":"","astra-migrate-meta-layouts":"default","ast-page-background-enabled":"default","ast-page-background-meta":{"desktop":{"background-color":"var(--ast-global-color-4)","background-image":"","background-repeat":"repeat","background-position":"center center","background-size":"auto","background-attachment":"scroll","background-type":"","background-media":"","overlay-type":"","overlay-color":"","overlay-opacity":"","overlay-gradient":""},"tablet":{"background-color":"","background-image":"","background-repeat":"repeat","background-position":"center center","background-size":"auto","background-attachment":"scroll","background-type":"","background-media":"","overlay-type":"","overlay-color":"","overlay-opacity":"","overlay-gradient":""},"mobile":{"background-color":"","background-image":"","background-repeat":"repeat","background-position":"center center","background-size":"auto","background-attachment":"scroll","background-type":"","background-media":"","overlay-type":"","overlay-color":"","overlay-opacity":"","overlay-gradient":""}},"ast-content-background-meta":{"desktop":{"background-color":"var(--ast-global-color-5)","background-image":"","background-repeat":"repeat","background-position":"center center","background-size":"auto","background-attachment":"scroll","background-type":"","background-media":"","overlay-type":"","overlay-color":"","overlay-opacity":"","overlay-gradient":""},"tablet":{"background-color":"var(--ast-global-color-5)","background-image":"","background-repeat":"repeat","background-position":"center center","background-size":"auto","background-attachment":"scroll","background-type":"","background-media":"","overlay-type":"","overlay-color":"","overlay-opacity":"","overlay-gradient":""},"mobile":{"background-color":"var(--ast-global-color-5)","background-image":"","background-repeat":"repeat","background-position":"center center","background-size":"auto","background-attachment":"scroll","background-type":"","background-media":"","overlay-type":"","overlay-color":"","overlay-opacity":"","overlay-gradient":""}},"footnotes":""},"class_list":["post-8228","page","type-page","status-publish","hentry"],"post_mailing_queue_ids":[],"_links":{"self":[{"href":"https:\/\/serveiseducatius.xtec.cat\/osona\/wp-json\/wp\/v2\/pages\/8228","targetHints":{"allow":["GET"]}}],"collection":[{"href":"https:\/\/serveiseducatius.xtec.cat\/osona\/wp-json\/wp\/v2\/pages"}],"about":[{"href":"https:\/\/serveiseducatius.xtec.cat\/osona\/wp-json\/wp\/v2\/types\/page"}],"author":[{"embeddable":true,"href":"https:\/\/serveiseducatius.xtec.cat\/osona\/wp-json\/wp\/v2\/users\/1"}],"replies":[{"embeddable":true,"href":"https:\/\/serveiseducatius.xtec.cat\/osona\/wp-json\/wp\/v2\/comments?post=8228"}],"version-history":[{"count":3,"href":"https:\/\/serveiseducatius.xtec.cat\/osona\/wp-json\/wp\/v2\/pages\/8228\/revisions"}],"predecessor-version":[{"id":9258,"href":"https:\/\/serveiseducatius.xtec.cat\/osona\/wp-json\/wp\/v2\/pages\/8228\/revisions\/9258"}],"up":[{"embeddable":true,"href":"https:\/\/serveiseducatius.xtec.cat\/osona\/wp-json\/wp\/v2\/pages\/906"}],"wp:attachment":[{"href":"https:\/\/serveiseducatius.xtec.cat\/osona\/wp-json\/wp\/v2\/media?parent=8228"}],"curies":[{"name":"wp","href":"https:\/\/api.w.org\/{rel}","templated":true}]}}