{"id":8219,"date":"2016-09-19T15:36:11","date_gmt":"2016-09-19T14:36:11","guid":{"rendered":"http:\/\/serveiseducatius.xtec.cat\/osona\/?page_id=8219"},"modified":"2018-11-30T11:59:06","modified_gmt":"2018-11-30T10:59:06","slug":"prehistoria","status":"publish","type":"page","link":"https:\/\/serveiseducatius.xtec.cat\/osona\/recursos\/maletes-pedagogiques\/historia\/prehistoria\/","title":{"rendered":"Prehist\u00f2ria"},"content":{"rendered":"<table class=\"text\" style=\"border-color: #ffffff; background-color: #ffffff;\" border=\"0\" width=\"776\" cellspacing=\"5\" cellpadding=\"0\">\n<tbody>\n<tr>\n<td class=\"TitolMesGran\" style=\"border-color: #ffffff; background-color: #ffffff; width: 422px;\" width=\"422\"><span class=\"unnamed1\">Maletes de prehist\u00f2ria<\/span><\/td>\n<td class=\"TitolMesGran\" style=\"border-color: #ffffff; background-color: #ffffff; width: 422px;\" width=\"245\"><\/td>\n<td class=\"TitolMesGran\" style=\"border-color: #ffffff; background-color: #ffffff; width: 422px;\" width=\"139\"><\/td>\n<\/tr>\n<tr>\n<td class=\"TitolMesGran\" style=\"border-color: #ffffff; background-color: #ffffff; width: 422px;\" colspan=\"3\"><\/td>\n<\/tr>\n<tr valign=\"top\">\n<td class=\"TitolMesGran\" style=\"border-color: #ffffff; background-color: #ffffff; width: 422px;\" colspan=\"3\"><span class=\"Subtitol\">L&#8217;evoluci\u00f3 de l&#8217;home<\/span><span class=\"titols\"> <span class=\"explicacio\">presenta l&#8217;evoluci\u00f3 de l&#8217;home partint dels cinc cranis m\u00e9s representatius i conte: <\/span><\/span><\/td>\n<\/tr>\n<tr valign=\"top\">\n<td style=\"border-color: #ffffff; background-color: #ffffff;\" colspan=\"3\">\n<blockquote>\n<blockquote><p>Cranis de diferents esp\u00e8cies d&#8217;hom\u00ednids<\/p>\n<p>Guia did\u00e0ctica<\/p><\/blockquote>\n<\/blockquote>\n<\/td>\n<\/tr>\n<tr valign=\"top\">\n<td style=\"border-color: #ffffff; background-color: #ffffff;\" colspan=\"3\"><a href=\"http:\/\/serveiseducatius.xtec.cat\/osona\/wp-content\/uploads\/usu1175\/2018\/10\/Evoluci\u00f3-humana-1.jpg\"><img loading=\"lazy\" decoding=\"async\" class=\" wp-image-8891\" src=\"http:\/\/serveiseducatius.xtec.cat\/osona\/wp-content\/uploads\/usu1175\/2018\/10\/Evoluci\u00f3-humana-1-1024x768.jpg\" alt=\"\" width=\"639\" height=\"479\" srcset=\"https:\/\/serveiseducatius.xtec.cat\/osona\/wp-content\/uploads\/usu1175\/2018\/10\/Evoluci\u00f3-humana-1-1024x768.jpg 1024w, https:\/\/serveiseducatius.xtec.cat\/osona\/wp-content\/uploads\/usu1175\/2018\/10\/Evoluci\u00f3-humana-1-300x225.jpg 300w, https:\/\/serveiseducatius.xtec.cat\/osona\/wp-content\/uploads\/usu1175\/2018\/10\/Evoluci\u00f3-humana-1-768x576.jpg 768w, https:\/\/serveiseducatius.xtec.cat\/osona\/wp-content\/uploads\/usu1175\/2018\/10\/Evoluci\u00f3-humana-1-200x150.jpg 200w\" sizes=\"auto, (max-width: 639px) 100vw, 639px\" \/><\/a><\/p>\n<p>&nbsp;<\/p>\n<p><a href=\"http:\/\/serveiseducatius.xtec.cat\/osona\/wp-content\/uploads\/usu1175\/2018\/10\/Evoluci\u00f3-humana-2.jpg\"><img loading=\"lazy\" decoding=\"async\" class=\"alignnone wp-image-8890\" src=\"http:\/\/serveiseducatius.xtec.cat\/osona\/wp-content\/uploads\/usu1175\/2018\/10\/Evoluci\u00f3-humana-2-1024x752.jpg\" alt=\"\" width=\"639\" height=\"469\" srcset=\"https:\/\/serveiseducatius.xtec.cat\/osona\/wp-content\/uploads\/usu1175\/2018\/10\/Evoluci\u00f3-humana-2-1024x752.jpg 1024w, https:\/\/serveiseducatius.xtec.cat\/osona\/wp-content\/uploads\/usu1175\/2018\/10\/Evoluci\u00f3-humana-2-300x220.jpg 300w, https:\/\/serveiseducatius.xtec.cat\/osona\/wp-content\/uploads\/usu1175\/2018\/10\/Evoluci\u00f3-humana-2-768x564.jpg 768w\" sizes=\"auto, (max-width: 639px) 100vw, 639px\" \/><\/a><\/p>\n<p><span class=\"Subtitol\">El paleol\u00edtic. T\u00e8cniques i recursos<\/span><span class=\"titols\"> <span class=\"explicacio\">pret\u00e9n donar a con\u00e8ixer les t\u00e8cniques de confecci\u00f3 dels estris paleol\u00edtics i les possibilitats de la seva funcionalitat. Tamb\u00e9 cont\u00e9 una petita mostra sobre l&#8217;art prehist\u00f2ric.<\/span><\/span><\/td>\n<\/tr>\n<tr valign=\"top\">\n<td style=\"border-color: #ffffff; background-color: #ffffff;\" colspan=\"3\">\n<blockquote><p>Peces i fitxa did\u00e0ctica de cada pe\u00e7a<br \/>\nPropulsor<br \/>\nArp\u00f3<br \/>\nFletxa emmanegada.<br \/>\nC\u00f2dol tallat unifacialment<br \/>\nGratador<br \/>\nBur\u00ed<br \/>\nL\u00e0mina<br \/>\nGanivet<br \/>\nArt moble: bis\u00f3 de la cova La Madelaine (Fran\u00e7a)<br \/>\nColorant<br \/>\nArt rupestre: paleol\u00edtic i llevant\u00ed<br \/>\nV\u00eddeo: El paleol\u00edtic: t\u00e8cniques i recursos<br \/>\nUna unitat did\u00e0ctica sobre els museus<br \/>\nUna unitat did\u00e0ctica sobre El paleol\u00edtic.<br \/>\nDiapositives sobre les t\u00e8cniques de:la talla, l&#8217;esquarterament, de la ca\u00e7 i els usos de les eines<\/p><\/blockquote>\n<p><a href=\"http:\/\/serveiseducatius.xtec.cat\/osona\/wp-content\/uploads\/usu1175\/2018\/10\/Paleol\u00edtic.jpg\"><img loading=\"lazy\" decoding=\"async\" class=\" wp-image-8892\" src=\"http:\/\/serveiseducatius.xtec.cat\/osona\/wp-content\/uploads\/usu1175\/2018\/10\/Paleol\u00edtic-1024x768.jpg\" alt=\"\" width=\"639\" height=\"479\" srcset=\"https:\/\/serveiseducatius.xtec.cat\/osona\/wp-content\/uploads\/usu1175\/2018\/10\/Paleol\u00edtic-1024x768.jpg 1024w, https:\/\/serveiseducatius.xtec.cat\/osona\/wp-content\/uploads\/usu1175\/2018\/10\/Paleol\u00edtic-300x225.jpg 300w, https:\/\/serveiseducatius.xtec.cat\/osona\/wp-content\/uploads\/usu1175\/2018\/10\/Paleol\u00edtic-768x576.jpg 768w, https:\/\/serveiseducatius.xtec.cat\/osona\/wp-content\/uploads\/usu1175\/2018\/10\/Paleol\u00edtic-200x150.jpg 200w\" sizes=\"auto, (max-width: 639px) 100vw, 639px\" \/><\/a><\/p>\n<p><a href=\"http:\/\/serveiseducatius.xtec.cat\/osona\/wp-content\/uploads\/usu1175\/2018\/10\/neol\u00edtic.jpg\"><img loading=\"lazy\" decoding=\"async\" class=\" wp-image-8893\" src=\"http:\/\/serveiseducatius.xtec.cat\/osona\/wp-content\/uploads\/usu1175\/2018\/10\/neol\u00edtic-1024x768.jpg\" alt=\"\" width=\"639\" height=\"479\" srcset=\"https:\/\/serveiseducatius.xtec.cat\/osona\/wp-content\/uploads\/usu1175\/2018\/10\/neol\u00edtic-1024x768.jpg 1024w, https:\/\/serveiseducatius.xtec.cat\/osona\/wp-content\/uploads\/usu1175\/2018\/10\/neol\u00edtic-300x225.jpg 300w, https:\/\/serveiseducatius.xtec.cat\/osona\/wp-content\/uploads\/usu1175\/2018\/10\/neol\u00edtic-768x576.jpg 768w, https:\/\/serveiseducatius.xtec.cat\/osona\/wp-content\/uploads\/usu1175\/2018\/10\/neol\u00edtic-200x150.jpg 200w\" sizes=\"auto, (max-width: 639px) 100vw, 639px\" \/><\/a><\/td>\n<\/tr>\n<\/tbody>\n<\/table>\n<p>&nbsp;<\/p>\n","protected":false},"excerpt":{"rendered":"<p>Maletes de prehist\u00f2ria L&#8217;evoluci\u00f3 de l&#8217;home presenta l&#8217;evoluci\u00f3 de l&#8217;home partint dels cinc cranis m\u00e9s representatius i conte: Cranis de [&hellip;]<\/p>\n","protected":false},"author":1,"featured_media":0,"parent":8177,"menu_order":0,"comment_status":"closed","ping_status":"closed","template":"page-templates\/side-menu.php","meta":{"_bbp_topic_count":0,"_bbp_reply_count":0,"_bbp_total_topic_count":0,"_bbp_total_reply_count":0,"_bbp_voice_count":0,"_bbp_anonymous_reply_count":0,"_bbp_topic_count_hidden":0,"_bbp_reply_count_hidden":0,"_bbp_forum_subforum_count":0,"site-sidebar-layout":"default","site-content-layout":"","ast-site-content-layout":"","site-content-style":"default","site-sidebar-style":"default","ast-global-header-display":"","ast-banner-title-visibility":"","ast-main-header-display":"","ast-hfb-above-header-display":"","ast-hfb-below-header-display":"","ast-hfb-mobile-header-display":"","site-post-title":"","ast-breadcrumbs-content":"","ast-featured-img":"","footer-sml-layout":"","theme-transparent-header-meta":"","adv-header-id-meta":"","stick-header-meta":"","header-above-stick-meta":"","header-main-stick-meta":"","header-below-stick-meta":"","astra-migrate-meta-layouts":"default","ast-page-background-enabled":"default","ast-page-background-meta":{"desktop":{"background-color":"var(--ast-global-color-4)","background-image":"","background-repeat":"repeat","background-position":"center center","background-size":"auto","background-attachment":"scroll","background-type":"","background-media":"","overlay-type":"","overlay-color":"","overlay-opacity":"","overlay-gradient":""},"tablet":{"background-color":"","background-image":"","background-repeat":"repeat","background-position":"center center","background-size":"auto","background-attachment":"scroll","background-type":"","background-media":"","overlay-type":"","overlay-color":"","overlay-opacity":"","overlay-gradient":""},"mobile":{"background-color":"","background-image":"","background-repeat":"repeat","background-position":"center center","background-size":"auto","background-attachment":"scroll","background-type":"","background-media":"","overlay-type":"","overlay-color":"","overlay-opacity":"","overlay-gradient":""}},"ast-content-background-meta":{"desktop":{"background-color":"var(--ast-global-color-5)","background-image":"","background-repeat":"repeat","background-position":"center center","background-size":"auto","background-attachment":"scroll","background-type":"","background-media":"","overlay-type":"","overlay-color":"","overlay-opacity":"","overlay-gradient":""},"tablet":{"background-color":"var(--ast-global-color-5)","background-image":"","background-repeat":"repeat","background-position":"center center","background-size":"auto","background-attachment":"scroll","background-type":"","background-media":"","overlay-type":"","overlay-color":"","overlay-opacity":"","overlay-gradient":""},"mobile":{"background-color":"var(--ast-global-color-5)","background-image":"","background-repeat":"repeat","background-position":"center center","background-size":"auto","background-attachment":"scroll","background-type":"","background-media":"","overlay-type":"","overlay-color":"","overlay-opacity":"","overlay-gradient":""}},"footnotes":""},"class_list":["post-8219","page","type-page","status-publish","hentry"],"post_mailing_queue_ids":[],"_links":{"self":[{"href":"https:\/\/serveiseducatius.xtec.cat\/osona\/wp-json\/wp\/v2\/pages\/8219","targetHints":{"allow":["GET"]}}],"collection":[{"href":"https:\/\/serveiseducatius.xtec.cat\/osona\/wp-json\/wp\/v2\/pages"}],"about":[{"href":"https:\/\/serveiseducatius.xtec.cat\/osona\/wp-json\/wp\/v2\/types\/page"}],"author":[{"embeddable":true,"href":"https:\/\/serveiseducatius.xtec.cat\/osona\/wp-json\/wp\/v2\/users\/1"}],"replies":[{"embeddable":true,"href":"https:\/\/serveiseducatius.xtec.cat\/osona\/wp-json\/wp\/v2\/comments?post=8219"}],"version-history":[{"count":3,"href":"https:\/\/serveiseducatius.xtec.cat\/osona\/wp-json\/wp\/v2\/pages\/8219\/revisions"}],"predecessor-version":[{"id":9014,"href":"https:\/\/serveiseducatius.xtec.cat\/osona\/wp-json\/wp\/v2\/pages\/8219\/revisions\/9014"}],"up":[{"embeddable":true,"href":"https:\/\/serveiseducatius.xtec.cat\/osona\/wp-json\/wp\/v2\/pages\/8177"}],"wp:attachment":[{"href":"https:\/\/serveiseducatius.xtec.cat\/osona\/wp-json\/wp\/v2\/media?parent=8219"}],"curies":[{"name":"wp","href":"https:\/\/api.w.org\/{rel}","templated":true}]}}