{"id":8196,"date":"2016-09-19T11:55:06","date_gmt":"2016-09-19T10:55:06","guid":{"rendered":"http:\/\/serveiseducatius.xtec.cat\/osona\/?page_id=8196"},"modified":"2026-01-14T12:09:31","modified_gmt":"2026-01-14T11:09:31","slug":"el-sistema-solar","status":"publish","type":"page","link":"https:\/\/serveiseducatius.xtec.cat\/osona\/recursos\/maletes-pedagogiques\/ciencies\/el-sistema-solar\/","title":{"rendered":"El Sistema Solar"},"content":{"rendered":"<div>\n<p><span style=\"font-size: xx-large;\">La maleta did\u00e0ctica cont\u00e9:<\/span><\/p>\n<div>Una lluna il\u00b7luminada per poder veure les seves fases (12 fases controlades amb comandament a dist\u00e0ncia)<\/div>\n<div><\/div>\n<\/div>\n<div>\n<div class=\"ast-oembed-container \" style=\"height: 100%;\"><iframe loading=\"lazy\" title=\"My Very Own Moon\" width=\"500\" height=\"281\" src=\"https:\/\/www.youtube.com\/embed\/6Ebt9hYB-4k?feature=oembed\" frameborder=\"0\" allow=\"accelerometer; autoplay; clipboard-write; encrypted-media; gyroscope; picture-in-picture; web-share\" referrerpolicy=\"strict-origin-when-cross-origin\" allowfullscreen><\/iframe><\/div>\n<\/div>\n<div>Un globus terraqui amb una esfera petita per simular eclipsis<\/div>\n<div><\/div>\n<div><\/div>\n<div><a href=\"https:\/\/sites.google.com\/a\/xtec.cat\/crposonastronomia\/home\/terra_300x225.jpg?attredirects=0\"><img loading=\"lazy\" decoding=\"async\" src=\"https:\/\/sites.google.com\/a\/xtec.cat\/crposonastronomia\/_\/rsrc\/1362063041806\/home\/terra_300x225.jpg?height=150&amp;width=200\" width=\"200\" height=\"150\" border=\"0\" \/><\/a><\/div>\n<div><\/div>\n<div>Una maqueta del sistema solar (no a escala)<\/div>\n<div><\/div>\n<div><\/div>\n<div><a href=\"https:\/\/sites.google.com\/a\/xtec.cat\/crposonastronomia\/home\/sistemasolar1_300x225.jpg?attredirects=0\"><img loading=\"lazy\" decoding=\"async\" src=\"https:\/\/sites.google.com\/a\/xtec.cat\/crposonastronomia\/_\/rsrc\/1362063125346\/home\/sistemasolar1_300x225.jpg?height=150&amp;width=200\" width=\"200\" height=\"150\" border=\"0\" \/><\/a><\/div>\n<div>Col\u00b7lecci\u00f3 de llibres:<\/div>\n<p>&#8211; Casanovas Freixas, A. (2011). &#8220;L&#8217;Univers&#8221;. Larousse.<br \/>\n&#8211; O&#8217;Byrne, J. (2009). &#8220;El Espacio&#8221;. Ediciones Librer\u00eda Universitaria de Barcelona.<br \/>\n&#8211; Sabat\u00e9, T. i Sol\u00e0, C. (2008). &#8220;El Sistema Solar&#8221;. Miquel A. Salvatella.<br \/>\n&#8211; Mist, R. &#8220;El Sistema Solar&#8221;. Susaeta.- Sabat\u00e9, T. i Sol\u00e0, C. (2008). &#8220;L&#8217;Univers&#8221;. Miquel A. Salvatella.<br \/>\n&#8211; Ar\u00e0nega, S., Portell, J. (2011). &#8220;Els astres&#8221;. La Galera.- Mira Pons, M. (2008). &#8220;El Sol al teu abast&#8221;. Emp\u00faries.<br \/>\n&#8211; Mira Pons, M. (2008). &#8220;El Cel al teu abast&#8221;. Emp\u00faries.<br \/>\n&#8211; Bald\u00f3, E., Gil, R., Soliva, M. (2005).&#8221;Mira el cel&#8221;. Barcanova.<br \/>\n&#8211; Sabat\u00e9, T. i Sol\u00e0, C. (2008). &#8220;La Terra&#8221;. Miquel A. Salvatella.<br \/>\n&#8211; Urgerer, T. (2012). &#8220;Hombre Luna&#8221;. Zorro Ro.<br \/>\n&#8211; Munari, B. (2012). &#8220;En la noche oscura&#8221;. Corrani editore &#8211; Montav.<br \/>\n&#8211; Asimov, A. (1988). &#8220;Els cometes van matar els dinosaures?&#8221;. Cru\u00eflla \/ SM.<br \/>\n&#8211; Asimov, A. (1988). &#8220;El nostre sistema solar&#8221;. Cru\u00eflla \/ SM.<br \/>\n&#8211; Banqueri, E. (2007). &#8220;El cel&#8221;. Parram\u00f3n.<br \/>\n&#8211; Tola, J., Infiesta, E. (2001). &#8220;Atles b\u00e0sic d&#8217;astronomia&#8221;. Parram\u00f3n.<br \/>\n&#8211; Ortega, O. (2007). &#8220;L&#8217;Univers&#8221;. Parram\u00f3n.<br \/>\n&#8211; Escola de Natura Cel Rogent (2005). &#8220;On s&#8217;amaga el Sol?&#8221;. La Creu Blanca i Primers \u00d2ptics.<br \/>\n&#8211; Garcia i Muntan\u00e9, E. (1997). &#8220;Exploraci\u00f3 de l&#8217;espai&#8221;. Gra\u00f3.<br \/>\n&#8211; Jordi, C., Estalella, R. (2008). &#8220;L&#8217;astronomia\u00a0 a les aules&#8221;.<br \/>\n<u> <\/u><\/p>\n<div>\n<div>\n<p>Una proposta de sortida astron\u00f2mica:<\/p>\n<p><a href=\"https:\/\/docs.google.com\/document\/d\/1O0Wue-EWD9mz-ZWg62y889RdFhlJl64ZE8ucQIP3K40\/edit?usp=sharing\">Proposta de sortida<\/a><\/p>\n<\/div>\n<div>Una selecci\u00f3 de recursos a Internet:<\/div>\n<div><\/div>\n<\/div>\n<div><a href=\"http:\/\/www.symbaloo.com\/mix\/maletaastronomia\" target=\"_blank\" rel=\"nofollow noopener noreferrer\"><img loading=\"lazy\" decoding=\"async\" src=\"https:\/\/sites.google.com\/a\/xtec.cat\/crposonastronomia\/_\/rsrc\/1393237041430\/home\/AAAdibuix.GIF?height=147&amp;width=200\" alt=\"http:\/\/www.symbaloo.com\/mix\/maletaastronomia\" width=\"200\" height=\"147\" border=\"0\" \/><\/a><\/div>\n<div><\/div>\n<div><\/div>\n<div>\n<div>Un planetari estel\u00b7lar (opcional)<\/div>\n<div><\/div>\n<div>\n<div><a href=\"http:\/\/www.startheatre.it\/espanol\/index_es.html\" target=\"_blank\" rel=\"nofollow noopener noreferrer\"><img loading=\"lazy\" decoding=\"async\" src=\"https:\/\/sites.google.com\/a\/xtec.cat\/crposonastronomia\/_\/rsrc\/1362054929663\/home\/star_theatre.jpg?height=171&amp;width=320\" width=\"320\" height=\"171\" border=\"0\" \/><\/a><\/div>\n<\/div>\n<\/div>\n","protected":false},"excerpt":{"rendered":"<p>La maleta did\u00e0ctica cont\u00e9: Una lluna il\u00b7luminada per poder veure les seves fases (12 fases controlades amb comandament a dist\u00e0ncia) [&hellip;]<\/p>\n","protected":false},"author":1,"featured_media":0,"parent":8173,"menu_order":0,"comment_status":"closed","ping_status":"closed","template":"","meta":{"_bbp_topic_count":0,"_bbp_reply_count":0,"_bbp_total_topic_count":0,"_bbp_total_reply_count":0,"_bbp_voice_count":0,"_bbp_anonymous_reply_count":0,"_bbp_topic_count_hidden":0,"_bbp_reply_count_hidden":0,"_bbp_forum_subforum_count":0,"site-sidebar-layout":"default","site-content-layout":"","ast-site-content-layout":"default","site-content-style":"default","site-sidebar-style":"default","ast-global-header-display":"","ast-banner-title-visibility":"","ast-main-header-display":"","ast-hfb-above-header-display":"","ast-hfb-below-header-display":"","ast-hfb-mobile-header-display":"","site-post-title":"","ast-breadcrumbs-content":"","ast-featured-img":"","footer-sml-layout":"","theme-transparent-header-meta":"","adv-header-id-meta":"","stick-header-meta":"","header-above-stick-meta":"","header-main-stick-meta":"","header-below-stick-meta":"","astra-migrate-meta-layouts":"set","ast-page-background-enabled":"default","ast-page-background-meta":{"desktop":{"background-color":"var(--ast-global-color-4)","background-image":"","background-repeat":"repeat","background-position":"center center","background-size":"auto","background-attachment":"scroll","background-type":"","background-media":"","overlay-type":"","overlay-color":"","overlay-opacity":"","overlay-gradient":""},"tablet":{"background-color":"","background-image":"","background-repeat":"repeat","background-position":"center center","background-size":"auto","background-attachment":"scroll","background-type":"","background-media":"","overlay-type":"","overlay-color":"","overlay-opacity":"","overlay-gradient":""},"mobile":{"background-color":"","background-image":"","background-repeat":"repeat","background-position":"center center","background-size":"auto","background-attachment":"scroll","background-type":"","background-media":"","overlay-type":"","overlay-color":"","overlay-opacity":"","overlay-gradient":""}},"ast-content-background-meta":{"desktop":{"background-color":"var(--ast-global-color-5)","background-image":"","background-repeat":"repeat","background-position":"center center","background-size":"auto","background-attachment":"scroll","background-type":"","background-media":"","overlay-type":"","overlay-color":"","overlay-opacity":"","overlay-gradient":""},"tablet":{"background-color":"var(--ast-global-color-5)","background-image":"","background-repeat":"repeat","background-position":"center center","background-size":"auto","background-attachment":"scroll","background-type":"","background-media":"","overlay-type":"","overlay-color":"","overlay-opacity":"","overlay-gradient":""},"mobile":{"background-color":"var(--ast-global-color-5)","background-image":"","background-repeat":"repeat","background-position":"center center","background-size":"auto","background-attachment":"scroll","background-type":"","background-media":"","overlay-type":"","overlay-color":"","overlay-opacity":"","overlay-gradient":""}},"footnotes":""},"class_list":["post-8196","page","type-page","status-publish","hentry"],"post_mailing_queue_ids":[],"_links":{"self":[{"href":"https:\/\/serveiseducatius.xtec.cat\/osona\/wp-json\/wp\/v2\/pages\/8196","targetHints":{"allow":["GET"]}}],"collection":[{"href":"https:\/\/serveiseducatius.xtec.cat\/osona\/wp-json\/wp\/v2\/pages"}],"about":[{"href":"https:\/\/serveiseducatius.xtec.cat\/osona\/wp-json\/wp\/v2\/types\/page"}],"author":[{"embeddable":true,"href":"https:\/\/serveiseducatius.xtec.cat\/osona\/wp-json\/wp\/v2\/users\/1"}],"replies":[{"embeddable":true,"href":"https:\/\/serveiseducatius.xtec.cat\/osona\/wp-json\/wp\/v2\/comments?post=8196"}],"version-history":[{"count":4,"href":"https:\/\/serveiseducatius.xtec.cat\/osona\/wp-json\/wp\/v2\/pages\/8196\/revisions"}],"predecessor-version":[{"id":12680,"href":"https:\/\/serveiseducatius.xtec.cat\/osona\/wp-json\/wp\/v2\/pages\/8196\/revisions\/12680"}],"up":[{"embeddable":true,"href":"https:\/\/serveiseducatius.xtec.cat\/osona\/wp-json\/wp\/v2\/pages\/8173"}],"wp:attachment":[{"href":"https:\/\/serveiseducatius.xtec.cat\/osona\/wp-json\/wp\/v2\/media?parent=8196"}],"curies":[{"name":"wp","href":"https:\/\/api.w.org\/{rel}","templated":true}]}}