{"id":8194,"date":"2016-09-19T11:53:02","date_gmt":"2016-09-19T10:53:02","guid":{"rendered":"http:\/\/serveiseducatius.xtec.cat\/osona\/?page_id=8194"},"modified":"2018-10-08T17:00:50","modified_gmt":"2018-10-08T15:00:50","slug":"a-osona-multiproducte","status":"publish","type":"page","link":"https:\/\/serveiseducatius.xtec.cat\/osona\/recursos\/maletes-pedagogiques\/ciencies\/a-osona-multiproducte\/","title":{"rendered":"A Osona Multiproducte"},"content":{"rendered":"<iframe loading=\"lazy\" src=\"https:\/\/www.slideshare.net\/slideshow\/embed_code\/27738368\" width=\"400\" height=\"337\" frameborder=\"0\" marginwidth=\"0\" marginheight=\"0\" scrolling=\"no\"><\/iframe><br\/>\n<p><span class=\"a\">La maleta \u00abA Osona, Multipr<span class=\"l8\">oducte! \u2013 Multirecursos per a tria selectiva\u00bb i la guia que <\/span><\/span><span class=\"a\">l\u2019acompany<span class=\"l7\">a \u00e9s fruit d\u2019un treball col\u2219lectiu dut a terme entre difer<span class=\"l6\">ents escoles de la comarca <\/span><\/span><\/span><span class=\"a\">d\u2019Osona en col\u2219laboraci\u00f3 amb viladraueducaci\u00f3.com, amb la voluntat que esdevingui una <\/span><span class=\"a\">eina educativa per fomentar l\u2019h\u00e0bit del reciclatge.<\/span><\/p>\n<p><span class=\"a\">Osona \u00e9s una comarca pionera pel que fa a quantitat de residus reciclats, cosa que <\/span><span class=\"a\">representa una mostra de la consci\u00e8ncia c\u00edvica de la poblaci\u00f3. Des de l\u2019Administraci\u00f3 s\u2019ha fet, <\/span><span class=\"a\">durant anys, una bona feina en aquest \u00e0mbit i cal fer-la extensiva a tota la poblaci\u00f3.<\/span><\/p>\n<p><span class=\"a\">No cal <\/span><span class=\"a\">dir que la feina que es faci des de l\u2019escola ser\u00e0 primordial per con\u00e8ixer els diferents tipus de <\/span><span class=\"a\">residus que es generen di\u00e0riament i aprendre tot el que podem fer per al medi ambient. <\/span><span class=\"a\">El proc\u00e9s d\u2019aprenentatge \u00e9s molt extens i s\u2019ha d\u2019encarar des de diverses \u00e0rees. Saber fer b\u00e9 <\/span><span class=\"a\">les coses i portar-les a terme requereix un proc\u00e9s de transfer\u00e8ncia de l\u2019aprenentatge.<\/span><\/p>\n<p><span class=\"a\">Amb l\u2019\u00fas <\/span><span class=\"a\">de la maleta es pret\u00e9n parlar dels residus d\u2019una manera did\u00e0ctica i clara per afavorir els seus <\/span><span class=\"a\">cicles de vida i reduir aix\u00ed l\u2019impacte ambienta<span class=\"l6\">l. <\/span><\/span><span class=\"a\">Esperem que sigui una eina \u00fatil a les vostres aules i que serveixi per fer arribar el resultat de <\/span><span class=\"a\">l\u2019aprenentatge a les llars<\/span><\/p>\n","protected":false},"excerpt":{"rendered":"<p>La maleta \u00abA Osona, Multiproducte! \u2013 Multirecursos per a tria selectiva\u00bb i la guia que l\u2019acompanya \u00e9s fruit d\u2019un treball [&hellip;]<\/p>\n","protected":false},"author":1,"featured_media":0,"parent":8173,"menu_order":0,"comment_status":"closed","ping_status":"closed","template":"page-templates\/side-menu.php","meta":{"_bbp_topic_count":0,"_bbp_reply_count":0,"_bbp_total_topic_count":0,"_bbp_total_reply_count":0,"_bbp_voice_count":0,"_bbp_anonymous_reply_count":0,"_bbp_topic_count_hidden":0,"_bbp_reply_count_hidden":0,"_bbp_forum_subforum_count":0,"site-sidebar-layout":"default","site-content-layout":"","ast-site-content-layout":"","site-content-style":"default","site-sidebar-style":"default","ast-global-header-display":"","ast-banner-title-visibility":"","ast-main-header-display":"","ast-hfb-above-header-display":"","ast-hfb-below-header-display":"","ast-hfb-mobile-header-display":"","site-post-title":"","ast-breadcrumbs-content":"","ast-featured-img":"","footer-sml-layout":"","theme-transparent-header-meta":"","adv-header-id-meta":"","stick-header-meta":"","header-above-stick-meta":"","header-main-stick-meta":"","header-below-stick-meta":"","astra-migrate-meta-layouts":"default","ast-page-background-enabled":"default","ast-page-background-meta":{"desktop":{"background-color":"var(--ast-global-color-4)","background-image":"","background-repeat":"repeat","background-position":"center center","background-size":"auto","background-attachment":"scroll","background-type":"","background-media":"","overlay-type":"","overlay-color":"","overlay-opacity":"","overlay-gradient":""},"tablet":{"background-color":"","background-image":"","background-repeat":"repeat","background-position":"center center","background-size":"auto","background-attachment":"scroll","background-type":"","background-media":"","overlay-type":"","overlay-color":"","overlay-opacity":"","overlay-gradient":""},"mobile":{"background-color":"","background-image":"","background-repeat":"repeat","background-position":"center center","background-size":"auto","background-attachment":"scroll","background-type":"","background-media":"","overlay-type":"","overlay-color":"","overlay-opacity":"","overlay-gradient":""}},"ast-content-background-meta":{"desktop":{"background-color":"var(--ast-global-color-5)","background-image":"","background-repeat":"repeat","background-position":"center center","background-size":"auto","background-attachment":"scroll","background-type":"","background-media":"","overlay-type":"","overlay-color":"","overlay-opacity":"","overlay-gradient":""},"tablet":{"background-color":"var(--ast-global-color-5)","background-image":"","background-repeat":"repeat","background-position":"center center","background-size":"auto","background-attachment":"scroll","background-type":"","background-media":"","overlay-type":"","overlay-color":"","overlay-opacity":"","overlay-gradient":""},"mobile":{"background-color":"var(--ast-global-color-5)","background-image":"","background-repeat":"repeat","background-position":"center center","background-size":"auto","background-attachment":"scroll","background-type":"","background-media":"","overlay-type":"","overlay-color":"","overlay-opacity":"","overlay-gradient":""}},"footnotes":""},"class_list":["post-8194","page","type-page","status-publish","hentry"],"post_mailing_queue_ids":[],"_links":{"self":[{"href":"https:\/\/serveiseducatius.xtec.cat\/osona\/wp-json\/wp\/v2\/pages\/8194","targetHints":{"allow":["GET"]}}],"collection":[{"href":"https:\/\/serveiseducatius.xtec.cat\/osona\/wp-json\/wp\/v2\/pages"}],"about":[{"href":"https:\/\/serveiseducatius.xtec.cat\/osona\/wp-json\/wp\/v2\/types\/page"}],"author":[{"embeddable":true,"href":"https:\/\/serveiseducatius.xtec.cat\/osona\/wp-json\/wp\/v2\/users\/1"}],"replies":[{"embeddable":true,"href":"https:\/\/serveiseducatius.xtec.cat\/osona\/wp-json\/wp\/v2\/comments?post=8194"}],"version-history":[{"count":2,"href":"https:\/\/serveiseducatius.xtec.cat\/osona\/wp-json\/wp\/v2\/pages\/8194\/revisions"}],"predecessor-version":[{"id":8921,"href":"https:\/\/serveiseducatius.xtec.cat\/osona\/wp-json\/wp\/v2\/pages\/8194\/revisions\/8921"}],"up":[{"embeddable":true,"href":"https:\/\/serveiseducatius.xtec.cat\/osona\/wp-json\/wp\/v2\/pages\/8173"}],"wp:attachment":[{"href":"https:\/\/serveiseducatius.xtec.cat\/osona\/wp-json\/wp\/v2\/media?parent=8194"}],"curies":[{"name":"wp","href":"https:\/\/api.w.org\/{rel}","templated":true}]}}