{"id":8187,"date":"2016-09-19T11:34:54","date_gmt":"2016-09-19T10:34:54","guid":{"rendered":"http:\/\/serveiseducatius.xtec.cat\/osona\/?page_id=8187"},"modified":"2019-03-11T12:41:36","modified_gmt":"2019-03-11T11:41:36","slug":"educacio-fisica","status":"publish","type":"page","link":"https:\/\/serveiseducatius.xtec.cat\/osona\/recursos\/maletes-pedagogiques\/educacio-fisica\/","title":{"rendered":"Educaci\u00f3 F\u00edsica"},"content":{"rendered":"<p>Maletes pedag\u00f2giques de l&#8217;\u00e0rea d&#8217;educaci\u00f3 f\u00edsica.<\/p>\n<p><strong>JOCS MALABARS<\/strong><\/p>\n<p><strong>CONTINGUT<\/strong>:<\/p>\n<p style=\"padding-left: 30px;\"><strong>Material<\/strong>:<br \/>\nPilotes\u00a0 9<br \/>\nPilotes de llavors\u00a0 7<br \/>\nAros 11<br \/>\nDi\u00e0bolos 7<br \/>\nPal\u00a0 de di\u00e0bolos 7<br \/>\nPlats xinesos 4<br \/>\nPals plats xinesos 4<br \/>\nCarioques 6 jocs (12)<br \/>\nMocadors\u00a0 3 jocs (9)<br \/>\nPals xinesos &#8220;grans&#8221; 4<br \/>\nBaquetes pals xinesos&#8221;grans\u00a0 8<br \/>\nPals xinesos 2<br \/>\nBaquetes pals xinesos 2<br \/>\n<a href=\"https:\/\/www.youtube.com\/watch?v=jTQafnLf89w&amp;feature=youtu.be\">Speed Cups<\/a> 3 jocs<br \/>\nMaces 3 jocs\u00a0 (12)<\/p>\n<p>Tamb\u00e9 hi trobareu unes fitxes amb el material, les eines i tots els passos a seguir per si voleu crear-ne amb el vostre alumnat.<\/p>\n","protected":false},"excerpt":{"rendered":"<p>Maletes pedag\u00f2giques de l&#8217;\u00e0rea d&#8217;educaci\u00f3 f\u00edsica. JOCS MALABARS CONTINGUT: Material: Pilotes\u00a0 9 Pilotes de llavors\u00a0 7 Aros 11 Di\u00e0bolos 7 [&hellip;]<\/p>\n","protected":false},"author":1,"featured_media":0,"parent":541,"menu_order":0,"comment_status":"closed","ping_status":"closed","template":"page-templates\/side-menu.php","meta":{"_bbp_topic_count":0,"_bbp_reply_count":0,"_bbp_total_topic_count":0,"_bbp_total_reply_count":0,"_bbp_voice_count":0,"_bbp_anonymous_reply_count":0,"_bbp_topic_count_hidden":0,"_bbp_reply_count_hidden":0,"_bbp_forum_subforum_count":0,"site-sidebar-layout":"default","site-content-layout":"","ast-site-content-layout":"","site-content-style":"default","site-sidebar-style":"default","ast-global-header-display":"","ast-banner-title-visibility":"","ast-main-header-display":"","ast-hfb-above-header-display":"","ast-hfb-below-header-display":"","ast-hfb-mobile-header-display":"","site-post-title":"","ast-breadcrumbs-content":"","ast-featured-img":"","footer-sml-layout":"","theme-transparent-header-meta":"","adv-header-id-meta":"","stick-header-meta":"","header-above-stick-meta":"","header-main-stick-meta":"","header-below-stick-meta":"","astra-migrate-meta-layouts":"default","ast-page-background-enabled":"default","ast-page-background-meta":{"desktop":{"background-color":"var(--ast-global-color-4)","background-image":"","background-repeat":"repeat","background-position":"center center","background-size":"auto","background-attachment":"scroll","background-type":"","background-media":"","overlay-type":"","overlay-color":"","overlay-opacity":"","overlay-gradient":""},"tablet":{"background-color":"","background-image":"","background-repeat":"repeat","background-position":"center center","background-size":"auto","background-attachment":"scroll","background-type":"","background-media":"","overlay-type":"","overlay-color":"","overlay-opacity":"","overlay-gradient":""},"mobile":{"background-color":"","background-image":"","background-repeat":"repeat","background-position":"center center","background-size":"auto","background-attachment":"scroll","background-type":"","background-media":"","overlay-type":"","overlay-color":"","overlay-opacity":"","overlay-gradient":""}},"ast-content-background-meta":{"desktop":{"background-color":"var(--ast-global-color-5)","background-image":"","background-repeat":"repeat","background-position":"center center","background-size":"auto","background-attachment":"scroll","background-type":"","background-media":"","overlay-type":"","overlay-color":"","overlay-opacity":"","overlay-gradient":""},"tablet":{"background-color":"var(--ast-global-color-5)","background-image":"","background-repeat":"repeat","background-position":"center center","background-size":"auto","background-attachment":"scroll","background-type":"","background-media":"","overlay-type":"","overlay-color":"","overlay-opacity":"","overlay-gradient":""},"mobile":{"background-color":"var(--ast-global-color-5)","background-image":"","background-repeat":"repeat","background-position":"center center","background-size":"auto","background-attachment":"scroll","background-type":"","background-media":"","overlay-type":"","overlay-color":"","overlay-opacity":"","overlay-gradient":""}},"footnotes":""},"class_list":["post-8187","page","type-page","status-publish","hentry"],"post_mailing_queue_ids":[],"_links":{"self":[{"href":"https:\/\/serveiseducatius.xtec.cat\/osona\/wp-json\/wp\/v2\/pages\/8187","targetHints":{"allow":["GET"]}}],"collection":[{"href":"https:\/\/serveiseducatius.xtec.cat\/osona\/wp-json\/wp\/v2\/pages"}],"about":[{"href":"https:\/\/serveiseducatius.xtec.cat\/osona\/wp-json\/wp\/v2\/types\/page"}],"author":[{"embeddable":true,"href":"https:\/\/serveiseducatius.xtec.cat\/osona\/wp-json\/wp\/v2\/users\/1"}],"replies":[{"embeddable":true,"href":"https:\/\/serveiseducatius.xtec.cat\/osona\/wp-json\/wp\/v2\/comments?post=8187"}],"version-history":[{"count":3,"href":"https:\/\/serveiseducatius.xtec.cat\/osona\/wp-json\/wp\/v2\/pages\/8187\/revisions"}],"predecessor-version":[{"id":9194,"href":"https:\/\/serveiseducatius.xtec.cat\/osona\/wp-json\/wp\/v2\/pages\/8187\/revisions\/9194"}],"up":[{"embeddable":true,"href":"https:\/\/serveiseducatius.xtec.cat\/osona\/wp-json\/wp\/v2\/pages\/541"}],"wp:attachment":[{"href":"https:\/\/serveiseducatius.xtec.cat\/osona\/wp-json\/wp\/v2\/media?parent=8187"}],"curies":[{"name":"wp","href":"https:\/\/api.w.org\/{rel}","templated":true}]}}