{"id":8185,"date":"2016-09-19T11:03:00","date_gmt":"2016-09-19T10:03:00","guid":{"rendered":"http:\/\/serveiseducatius.xtec.cat\/osona\/?page_id=8185"},"modified":"2016-09-19T11:03:00","modified_gmt":"2016-09-19T10:03:00","slug":"educacio-en-valors","status":"publish","type":"page","link":"https:\/\/serveiseducatius.xtec.cat\/osona\/recursos\/maletes-pedagogiques\/educacio-en-valors\/","title":{"rendered":"Educaci\u00f3 en Valors"},"content":{"rendered":"<p>Maletes pedag\u00f2giques de l&#8217;\u00e0rea d&#8217;educaci\u00f3 en valors.<\/p>\n<p><strong>HABILITATS EMOCIONALS<\/strong><br \/>\n<strong>Nivell<\/strong>: Educaci\u00f3 Infantil<br \/>\n<strong>Objectius<\/strong>:<br \/>\nTreballar les emocions a partir de temes com: la mort, la por, la inseguretat, la gelosia, l&#8217;amistat, l&#8217;amor, l&#8217;alegria&#8230;<\/p>\n<p><strong>HABILITATS SOCIALS<\/strong><br \/>\n<strong>Nivell<\/strong>: Educaci\u00f3 Infantil i Prim\u00e0ria<br \/>\n<strong>Objectius<\/strong>:<br \/>\nTreballar les habilitats socials i cognitives a trav\u00e9s de contes que poden esdevenir un bon recurs per a tractar temes com: la solidaritat, la no viol\u00e8ncia, la diversitat,,,<\/p>\n<p><em>ALTRES MATERIALS PER TREBALLAR EL DESENVOLUPAMENT PERSONAL<\/em><\/p>\n<p><strong>IMPLICA&#8217;T amb la SOLIDARITAT<\/strong><br \/>\nIMPLICA&#8217;T \u00e9s un PROJECTE per treballar la solidaritat\u00a0 que abra\u00e7a totes les \u00e0rees i nivells educatius, a la vegada que\u00a0 presenta un ampli ventall de\u00a0 materials, tant de difusi\u00f3 i sensibilitzaci\u00f3 com d\u2019ajuda a tots aquells col\u00b7lectius, entitats i associacions que ho necessitin.<\/p>\n<p>En aquest projecte hi han col\u00b7laborat m\u00e9s de 30 professionals de l&#8217;educaci\u00f3.<br \/>\nInformaci\u00f3 sobre el contingut de la maleta: web del projecte IMPLICA&#8217;T<\/p>\n<p><strong>LA TERRA DELS NATS<\/strong>\u00a0\u00a0\u00a0\u00a0\u00a0\u00a0\u00a0 ( Veterinaris sense fronteres)<br \/>\n<strong>Nivell<\/strong>: Educaci\u00f3 Prim\u00e0ria<br \/>\n<strong>Objectius<\/strong>:<br \/>\nConsiderar l&#8217;alimentaci\u00f3 com un dret hum\u00e0 b\u00e0sic.<br \/>\nA trav\u00e9s dels personatges de les 3 hist\u00f2ries animades presentades en el DVD l&#8217;alumnat podr\u00e0 fer diferents activitats l\u00fadiques -puzles, xarranca, parelles&#8230; que els permetr\u00e0 treballar temes com: la dificultat d&#8217;accedir a l&#8217;alimentaci\u00f3 per una part de la humanitat, els transg\u00e8nics&#8230;<br \/>\nEs pret\u00e9n oferir un espai de reflexi\u00f3, alhora que es diverteixen jugant.<\/p>\n<p><strong>MIRA QUIN UN!<\/strong><br \/>\n<strong>Nivell<\/strong>: Educaci\u00f3 Infantil i Prim\u00e0ria<br \/>\n<strong>Objectius<\/strong>:<br \/>\nPotenciar la lectura, servint-se de la literatura.<br \/>\nAbordar la tem\u00e0tica d&#8217;educaci\u00f3 en valors:integraci\u00f3, interculturalitat, empatia, solidaritat, respecte, entre altres.<\/p>\n<p><strong>KITSCAIXA VALORS<\/strong><br \/>\n<strong>Nivell<\/strong>: Educaci\u00f3\u00a0 Prim\u00e0ria<br \/>\n<strong>Objectius<\/strong>:<br \/>\nRefor\u00e7ar els valors \u00e8tics i el comprom\u00eds social.<br \/>\nFomentar l&#8217;autoestima i el reconeixement de les qualitats de cadascun.<\/p>\n<p><strong>KitCaixa\u00a0\u00a0\u00a0 Joves emprenedors<\/strong><\/p>\n<p><strong>CONTES DEL M\u00d3N<\/strong><br \/>\n<strong>Nivell<\/strong>: Educaci\u00f3 Infantil i Prim\u00e0ria<br \/>\n<strong>Objectius<\/strong>:<br \/>\nTreballar contes i hist\u00f2ries de diferents cultures i diferents pa\u00efsos, per tal d&#8217;afavorir una bona cohesi\u00f3 social entre els alumnes.<br \/>\nEmprar com a eina de\u00a0 lectura per potenciar l&#8217;\u00fas de la llengua catalana i o altres lleng\u00fces.<\/p>\n","protected":false},"excerpt":{"rendered":"<p>Maletes pedag\u00f2giques de l&#8217;\u00e0rea d&#8217;educaci\u00f3 en valors. HABILITATS EMOCIONALS Nivell: Educaci\u00f3 Infantil Objectius: Treballar les emocions a partir de temes [&hellip;]<\/p>\n","protected":false},"author":1,"featured_media":0,"parent":541,"menu_order":0,"comment_status":"closed","ping_status":"closed","template":"page-templates\/side-menu.php","meta":{"_bbp_topic_count":0,"_bbp_reply_count":0,"_bbp_total_topic_count":0,"_bbp_total_reply_count":0,"_bbp_voice_count":0,"_bbp_anonymous_reply_count":0,"_bbp_topic_count_hidden":0,"_bbp_reply_count_hidden":0,"_bbp_forum_subforum_count":0,"site-sidebar-layout":"default","site-content-layout":"","ast-site-content-layout":"","site-content-style":"default","site-sidebar-style":"default","ast-global-header-display":"","ast-banner-title-visibility":"","ast-main-header-display":"","ast-hfb-above-header-display":"","ast-hfb-below-header-display":"","ast-hfb-mobile-header-display":"","site-post-title":"","ast-breadcrumbs-content":"","ast-featured-img":"","footer-sml-layout":"","theme-transparent-header-meta":"","adv-header-id-meta":"","stick-header-meta":"","header-above-stick-meta":"","header-main-stick-meta":"","header-below-stick-meta":"","astra-migrate-meta-layouts":"default","ast-page-background-enabled":"default","ast-page-background-meta":{"desktop":{"background-color":"var(--ast-global-color-4)","background-image":"","background-repeat":"repeat","background-position":"center center","background-size":"auto","background-attachment":"scroll","background-type":"","background-media":"","overlay-type":"","overlay-color":"","overlay-opacity":"","overlay-gradient":""},"tablet":{"background-color":"","background-image":"","background-repeat":"repeat","background-position":"center center","background-size":"auto","background-attachment":"scroll","background-type":"","background-media":"","overlay-type":"","overlay-color":"","overlay-opacity":"","overlay-gradient":""},"mobile":{"background-color":"","background-image":"","background-repeat":"repeat","background-position":"center center","background-size":"auto","background-attachment":"scroll","background-type":"","background-media":"","overlay-type":"","overlay-color":"","overlay-opacity":"","overlay-gradient":""}},"ast-content-background-meta":{"desktop":{"background-color":"var(--ast-global-color-5)","background-image":"","background-repeat":"repeat","background-position":"center center","background-size":"auto","background-attachment":"scroll","background-type":"","background-media":"","overlay-type":"","overlay-color":"","overlay-opacity":"","overlay-gradient":""},"tablet":{"background-color":"var(--ast-global-color-5)","background-image":"","background-repeat":"repeat","background-position":"center center","background-size":"auto","background-attachment":"scroll","background-type":"","background-media":"","overlay-type":"","overlay-color":"","overlay-opacity":"","overlay-gradient":""},"mobile":{"background-color":"var(--ast-global-color-5)","background-image":"","background-repeat":"repeat","background-position":"center center","background-size":"auto","background-attachment":"scroll","background-type":"","background-media":"","overlay-type":"","overlay-color":"","overlay-opacity":"","overlay-gradient":""}},"footnotes":""},"class_list":["post-8185","page","type-page","status-publish","hentry"],"post_mailing_queue_ids":[],"_links":{"self":[{"href":"https:\/\/serveiseducatius.xtec.cat\/osona\/wp-json\/wp\/v2\/pages\/8185","targetHints":{"allow":["GET"]}}],"collection":[{"href":"https:\/\/serveiseducatius.xtec.cat\/osona\/wp-json\/wp\/v2\/pages"}],"about":[{"href":"https:\/\/serveiseducatius.xtec.cat\/osona\/wp-json\/wp\/v2\/types\/page"}],"author":[{"embeddable":true,"href":"https:\/\/serveiseducatius.xtec.cat\/osona\/wp-json\/wp\/v2\/users\/1"}],"replies":[{"embeddable":true,"href":"https:\/\/serveiseducatius.xtec.cat\/osona\/wp-json\/wp\/v2\/comments?post=8185"}],"version-history":[{"count":1,"href":"https:\/\/serveiseducatius.xtec.cat\/osona\/wp-json\/wp\/v2\/pages\/8185\/revisions"}],"predecessor-version":[{"id":8186,"href":"https:\/\/serveiseducatius.xtec.cat\/osona\/wp-json\/wp\/v2\/pages\/8185\/revisions\/8186"}],"up":[{"embeddable":true,"href":"https:\/\/serveiseducatius.xtec.cat\/osona\/wp-json\/wp\/v2\/pages\/541"}],"wp:attachment":[{"href":"https:\/\/serveiseducatius.xtec.cat\/osona\/wp-json\/wp\/v2\/media?parent=8185"}],"curies":[{"name":"wp","href":"https:\/\/api.w.org\/{rel}","templated":true}]}}