{"id":8179,"date":"2016-09-19T10:45:07","date_gmt":"2016-09-19T09:45:07","guid":{"rendered":"http:\/\/serveiseducatius.xtec.cat\/osona\/?page_id=8179"},"modified":"2016-09-19T10:45:07","modified_gmt":"2016-09-19T09:45:07","slug":"llengua","status":"publish","type":"page","link":"https:\/\/serveiseducatius.xtec.cat\/osona\/recursos\/maletes-pedagogiques\/llengua\/","title":{"rendered":"Llengua"},"content":{"rendered":"<p>Maletes pedag\u00f2giques de l&#8217;\u00e0rea de llengua.<\/p>\n<p><strong>MAR DE BABEL<\/strong><br \/>\n<strong>Nivell<\/strong>: Educaci\u00f3 Prim\u00e0ria<\/p>\n<p><strong>Objectius<\/strong>:<br \/>\nTreballar les fam\u00edlies ling\u00fc\u00edstiques que coexisteixen a la Mediterr\u00e0nia a trav\u00e9s de sis contes populars de diferents indrets. Cont\u00e9 CD amb els contes i les m\u00fasiques, il\u00b7lustracions i dossier did\u00e0ctic.<br \/>\nAquest curs no la tenim.<\/p>\n<p><strong>MALETA DE CONTES DE HANS CHRISTIAN ANDERSEN<\/strong><\/p>\n<p><strong>Nivell<\/strong>: Educaci\u00f3 Infantil i Prim\u00e0ria<br \/>\n<strong>Objectius<\/strong>:<br \/>\nFacilitar diferents eines i recursos per treballar el llenguatge i les habilitats de<br \/>\npensament a l&#8217;aula.<br \/>\n<strong>MALETA CAP DIA SENSE UN CONTE!<\/strong>. Aquesta maleta la deixem com a model.<br \/>\n<strong>Nivell<\/strong>: Educaci\u00f3 Infantil Primer i segon cicle.<br \/>\n<strong>Objectius<\/strong>:<br \/>\nIniciar els infants en l&#8217;h\u00e0bit de la lectura. Gaudir d&#8217;un conte.<br \/>\nCompartir pares i fills uns moments de de qualitat explicant, mirant, llegint un conte.<\/p>\n<p><strong>LLIBRES DE LECTURA I CONTES.<\/strong><br \/>\n<strong>Nivell<\/strong>: Educaci\u00f3 Infantil<br \/>\n<strong>Objectius<\/strong>:<br \/>\nFomentar que l&#8217;alumnat miri i conegui nous llibres.<br \/>\nAfavorir l&#8217;h\u00e0bit lector dels infants<br \/>\nImaginaci\u00f3 3-6<\/p>\n<p><strong>LLIBRES DE LECTURA I CONTES. ACALI<\/strong><br \/>\n<strong>Nivell<\/strong>: Educaci\u00f3 Infantil i Prim\u00e0ria<br \/>\n<strong>Objectius<\/strong>:<br \/>\nFomentar que l&#8217;alumnat miri i llegeixi nous llibres.<br \/>\nDonar suport a aquelles escoles que no disposen d&#8217;una gran biblioteca.<\/p>\n<p><strong>LLIBRES DE LECTURA.<\/strong><br \/>\n<strong>Nivell<\/strong>: Educaci\u00f3 Prim\u00e0ria<br \/>\n<strong>Objectius<\/strong>:<br \/>\nFomentar la compet\u00e8ncia lectora dels alumnes.<br \/>\nDonar suport a l&#8217;espai de lectura diari.<br \/>\nRecolzar la la biblioteca de l&#8217;aula.<br \/>\nMillorar la compet\u00e8ncia ling\u00fc\u00edstica i el desenvolupament de l&#8217;h\u00e0bit lector dels infants<br \/>\nMaleta CI Maleta CM Maleta CS Maleta: EM DIC Maleta : Grans llibres<\/p>\n<p><strong>LLIBRES DE LECTURA. NOVEL\u00b7LA: IMAGINACI\u00d3, HIST\u00d2RICA<\/strong><br \/>\n<strong>Nivell<\/strong>: Primer i segon cicle ESO<br \/>\n<strong>Objectius<\/strong>:<br \/>\nDonar suport a la mitja hora de lectura<br \/>\nMillorar la compet\u00e8ncia ling\u00fc\u00edstica i el desenvolupament de l&#8217;h\u00e0bit lector dels joves.<br \/>\nMaleta 1 Maleta 2 Maleta 3<\/p>\n<p><strong>LLIBRES DE LECTURA I CI\u00c8NCIA<\/strong><br \/>\n<strong>Nivell<\/strong>: Primer i segon cicle ESO.<br \/>\n<strong>Objectius<\/strong>:<br \/>\nDonar suport a la mitja hora de lectura di\u00e0ria<br \/>\nMillorar la compet\u00e8ncia ling\u00fc\u00edstica i el desenvolupament de l&#8217;h\u00e0bit lector dels joves.<br \/>\nPotenciar la lectura sistem\u00e0tica des de diferents \u00e0rees del Cirr\u00edculum.<br \/>\nMaleta 1 Maleta 2<\/p>\n<p><strong> MALETES VIATGERES DE POESIA<\/strong><br \/>\n<strong>Nivell<\/strong>: Educaci\u00f3 Prim\u00e0ria i ESO<br \/>\n<strong>Objectius<\/strong>:<br \/>\nAcostar la poesia a l&#8217;alumnat i facilitar al professorat unes eines per aconseguir l&#8217;objectiu.<\/p>\n<p><strong>4 MALETES VIATGERES D&#8217;ANGL\u00c8S<\/strong><br \/>\n1 per Educaci\u00f3 Infantil i 3 per E. Prim\u00e0ria.<\/p>\n<p><strong>Nivell<\/strong>: Educaci\u00f3 Infantil i Prim\u00e0ria.<br \/>\n<strong>Objectius<\/strong>:<br \/>\nFacilitar que l&#8217;alumnat miri i llegeixi llibres en angl\u00e8s.<\/p>\n","protected":false},"excerpt":{"rendered":"<p>Maletes pedag\u00f2giques de l&#8217;\u00e0rea de llengua. MAR DE BABEL Nivell: Educaci\u00f3 Prim\u00e0ria Objectius: Treballar les fam\u00edlies ling\u00fc\u00edstiques que coexisteixen a [&hellip;]<\/p>\n","protected":false},"author":1,"featured_media":0,"parent":541,"menu_order":0,"comment_status":"closed","ping_status":"closed","template":"page-templates\/side-menu.php","meta":{"_bbp_topic_count":0,"_bbp_reply_count":0,"_bbp_total_topic_count":0,"_bbp_total_reply_count":0,"_bbp_voice_count":0,"_bbp_anonymous_reply_count":0,"_bbp_topic_count_hidden":0,"_bbp_reply_count_hidden":0,"_bbp_forum_subforum_count":0,"site-sidebar-layout":"default","site-content-layout":"","ast-site-content-layout":"","site-content-style":"default","site-sidebar-style":"default","ast-global-header-display":"","ast-banner-title-visibility":"","ast-main-header-display":"","ast-hfb-above-header-display":"","ast-hfb-below-header-display":"","ast-hfb-mobile-header-display":"","site-post-title":"","ast-breadcrumbs-content":"","ast-featured-img":"","footer-sml-layout":"","theme-transparent-header-meta":"","adv-header-id-meta":"","stick-header-meta":"","header-above-stick-meta":"","header-main-stick-meta":"","header-below-stick-meta":"","astra-migrate-meta-layouts":"default","ast-page-background-enabled":"default","ast-page-background-meta":{"desktop":{"background-color":"var(--ast-global-color-4)","background-image":"","background-repeat":"repeat","background-position":"center center","background-size":"auto","background-attachment":"scroll","background-type":"","background-media":"","overlay-type":"","overlay-color":"","overlay-opacity":"","overlay-gradient":""},"tablet":{"background-color":"","background-image":"","background-repeat":"repeat","background-position":"center center","background-size":"auto","background-attachment":"scroll","background-type":"","background-media":"","overlay-type":"","overlay-color":"","overlay-opacity":"","overlay-gradient":""},"mobile":{"background-color":"","background-image":"","background-repeat":"repeat","background-position":"center center","background-size":"auto","background-attachment":"scroll","background-type":"","background-media":"","overlay-type":"","overlay-color":"","overlay-opacity":"","overlay-gradient":""}},"ast-content-background-meta":{"desktop":{"background-color":"var(--ast-global-color-5)","background-image":"","background-repeat":"repeat","background-position":"center center","background-size":"auto","background-attachment":"scroll","background-type":"","background-media":"","overlay-type":"","overlay-color":"","overlay-opacity":"","overlay-gradient":""},"tablet":{"background-color":"var(--ast-global-color-5)","background-image":"","background-repeat":"repeat","background-position":"center center","background-size":"auto","background-attachment":"scroll","background-type":"","background-media":"","overlay-type":"","overlay-color":"","overlay-opacity":"","overlay-gradient":""},"mobile":{"background-color":"var(--ast-global-color-5)","background-image":"","background-repeat":"repeat","background-position":"center center","background-size":"auto","background-attachment":"scroll","background-type":"","background-media":"","overlay-type":"","overlay-color":"","overlay-opacity":"","overlay-gradient":""}},"footnotes":""},"class_list":["post-8179","page","type-page","status-publish","hentry"],"post_mailing_queue_ids":[],"_links":{"self":[{"href":"https:\/\/serveiseducatius.xtec.cat\/osona\/wp-json\/wp\/v2\/pages\/8179","targetHints":{"allow":["GET"]}}],"collection":[{"href":"https:\/\/serveiseducatius.xtec.cat\/osona\/wp-json\/wp\/v2\/pages"}],"about":[{"href":"https:\/\/serveiseducatius.xtec.cat\/osona\/wp-json\/wp\/v2\/types\/page"}],"author":[{"embeddable":true,"href":"https:\/\/serveiseducatius.xtec.cat\/osona\/wp-json\/wp\/v2\/users\/1"}],"replies":[{"embeddable":true,"href":"https:\/\/serveiseducatius.xtec.cat\/osona\/wp-json\/wp\/v2\/comments?post=8179"}],"version-history":[{"count":1,"href":"https:\/\/serveiseducatius.xtec.cat\/osona\/wp-json\/wp\/v2\/pages\/8179\/revisions"}],"predecessor-version":[{"id":8180,"href":"https:\/\/serveiseducatius.xtec.cat\/osona\/wp-json\/wp\/v2\/pages\/8179\/revisions\/8180"}],"up":[{"embeddable":true,"href":"https:\/\/serveiseducatius.xtec.cat\/osona\/wp-json\/wp\/v2\/pages\/541"}],"wp:attachment":[{"href":"https:\/\/serveiseducatius.xtec.cat\/osona\/wp-json\/wp\/v2\/media?parent=8179"}],"curies":[{"name":"wp","href":"https:\/\/api.w.org\/{rel}","templated":true}]}}