{"id":385,"date":"2015-11-25T14:26:15","date_gmt":"2015-11-25T13:26:15","guid":{"rendered":"http:\/\/serveiseducatius.xtec.cat\/osona\/?page_id=385"},"modified":"2016-11-29T12:39:58","modified_gmt":"2016-11-29T11:39:58","slug":"ensenyament-secundari-batxillerat-i-formacio-professional","status":"publish","type":"page","link":"https:\/\/serveiseducatius.xtec.cat\/osona\/comunitat\/centres-educatius\/ensenyament-secundari-batxillerat-i-formacio-professional\/","title":{"rendered":"Ensenyament secundari, Batxillerat i Formaci\u00f3 professional"},"content":{"rendered":"<p><b>Centre 08016203 Sagrats Cors<\/b><br \/>\nAdre\u00e7a c. Hospital, 11<br \/>\n08540 Centelles<br \/>\nTel\u00e8fon <b>938810261<\/b><br \/>\nCorreu-e a8016203@xtec.cat<\/p>\n<p><b>Centre 08019952 La Salle Manlleu<\/b><br \/>\nAdre\u00e7a c. Enric Delaris, 68<br \/>\n08560 Manlleu<br \/>\nTel\u00e8fon <b>938506064<\/b><br \/>\nCorreu-e a8019952@xtec.cat<\/p>\n<p><b>Centre 08026543 Mare de D\u00e9u de la Gleva<\/b><br \/>\nAdre\u00e7a Casa d&#8217;Exercicis La Gleva<br \/>\n08512 Les Masies de Voltreg\u00e0<br \/>\nTel\u00e8fon <b>938570106<\/b><br \/>\nCorreu-e a8026543@xtec.cat<\/p>\n<p><b>Centre 08026798 El Roser<\/b><br \/>\nAdre\u00e7a pg. Puig i Cu\u00f1er, s\/n<br \/>\n08514 Sant Juli\u00e0 de Vilatorta<br \/>\nTel\u00e8fon <b>938122244<\/b><br \/>\nCorreu-e a8026798@xtec.cat<\/p>\n<p><b>Centre 08030431 Vedruna-Tona<\/b><br \/>\nAdre\u00e7a c. Germana Vict\u00f2ria, 21<br \/>\n08551 Tona<br \/>\nTel\u00e8fon <b>938124762<\/b><br \/>\nCorreu-e a8030431@xtec.cat<\/p>\n<p><b>Centre 08030455 Pive<\/b><br \/>\nAdre\u00e7a c. Joan Llus\u00e0, 39<br \/>\n08551 Tona<br \/>\nTel\u00e8fon <b>938870020<\/b><br \/>\nCorreu-e a8030455@xtec.cat<\/p>\n<p><b>Centre 08030534 Rocaprevera<\/b><br \/>\nAdre\u00e7a c. Estudis, 7<br \/>\n08570 Torell\u00f3<br \/>\nTel\u00e8fon <b>938590630<\/b><br \/>\nCorreu-e a8030534@xtec.cat<\/p>\n<p><b>Centre 08030546 Sagrats Cors<\/b><br \/>\nAdre\u00e7a c. Puig d&#8217;Assalit, 32<br \/>\n08570 Torell\u00f3<br \/>\nTel\u00e8fon <b>938590490<\/b><br \/>\nCorreu-e a8030546@xtec.cat<\/p>\n<p><b>Centre 08030911 Sagrat Cor de Jes\u00fas<\/b><br \/>\nAdre\u00e7a pg. Generalitat, 13<br \/>\n08500 Vic<br \/>\nTel\u00e8fon <b>938851194<\/b><br \/>\nCorreu-e a8030911@xtec.cat<\/p>\n<p><b>Centre 08030947 Escorial<\/b><br \/>\nAdre\u00e7a c. Santa Joaquima de Vedruna, 6<br \/>\n08500 Vic<br \/>\nTel\u00e8fon <b>938863612<\/b><br \/>\nCorreu-e a8030947@xtec.cat<\/p>\n<p><b>Centre 08030959 Sant Miquel dels Sants<\/b><br \/>\nAdre\u00e7a c. Jaume I, 11<br \/>\n08500 Vic<br \/>\nTel\u00e8fon <b>938861244<\/b><br \/>\nCorreu-e a8030959@xtec.cat<\/p>\n<p><b>Centre 08030960 FEDAC-Vic<\/b><br \/>\nAdre\u00e7a c. Pare Coll, 15<br \/>\n08500 Vic<br \/>\nTel\u00e8fon <b>938893351<\/b><br \/>\nCorreu-e a8030960@xtec.cat<\/p>\n<p><b>Centre 08031022 Institut de Vic<\/b><br \/>\nAdre\u00e7a av. Sant Bernat Calb\u00f3, 8<br \/>\n08500 Vic<br \/>\nTel\u00e8fon <b>938891878<\/b><br \/>\nCorreu-e a8031022@xtec.cat<\/p>\n<p><b>Centre 08031034 Institut Jaume Call\u00eds<\/b><br \/>\nAdre\u00e7a av. Ol\u00edmpia, 2<br \/>\n08500 Vic<br \/>\nTel\u00e8fon <b>938852017<\/b><br \/>\nCorreu-e a8031034@xtec.cat<\/p>\n<p><b>Centre 08032154 EFA Quintanes<\/b><br \/>\nAdre\u00e7a Mas Quintanes, s\/n<br \/>\n08508 Les Masies de Voltreg\u00e0<br \/>\nTel\u00e8fon <b>938502441<\/b><br \/>\nCorreu-e a8032154@xtec.cat<\/p>\n<p><b>Centre 08035003 EASD de Vic<\/b><br \/>\nAdre\u00e7a rbla. Sant Dom\u00e8nec, 24<br \/>\n08500 Vic<br \/>\nTel\u00e8fon <b>938854851<\/b><br \/>\nCorreu-e a8035003@xtec.cat<\/p>\n<p><b>Centre 08039215 Casals-Gr\u00e0cia<\/b><br \/>\nAdre\u00e7a c. Voltreg\u00e0, 101 (apartat correus 129)<br \/>\n08560 Manlleu<br \/>\nTel\u00e8fon <b>938507398<\/b><br \/>\nCorreu-e a8039215@xtec.cat<\/p>\n<p><b>Centre 08040552 Institut Antoni Pous i Argila<\/b><br \/>\nAdre\u00e7a av. Roma, 260<br \/>\n08560 Manlleu<br \/>\nTel\u00e8fon <b>938513705<\/b><br \/>\nCorreu-e a8040552@xtec.cat<\/p>\n<p><b>Centre 08044569 Institut Pere Barnils<\/b><br \/>\nAdre\u00e7a av. Pere Barnils, s\/n<br \/>\n08540 Centelles<br \/>\nTel\u00e8fon <b>938812752<\/b><br \/>\nCorreu-e a8044569@xtec.cat<\/p>\n<p><b>Centre 08053005 Institut Castell de Quer<\/b><br \/>\nAdre\u00e7a c. Mateu Garreta, s\/n<br \/>\n08513 Prats de Llu\u00e7an\u00e8s<br \/>\nTel\u00e8fon <b>938560506<\/b><br \/>\nCorreu-e a8053005@xtec.cat<\/p>\n<p><b>Centre 08053042 Institut Miquel Mart\u00ed i Pol<\/b><br \/>\nAdre\u00e7a av. Miquel Mart\u00ed i Pol, 1-3<br \/>\n08510 Roda de Ter<br \/>\nTel\u00e8fon <b>938500244<\/b><br \/>\nCorreu-e a8053042@xtec.cat<\/p>\n<p><b>Centre 08053121 Institut Taradell<\/b><br \/>\nAdre\u00e7a c. Pompeu Fabra, 12<br \/>\n08552 Taradell<br \/>\nTel\u00e8fon <b>938800012<\/b><br \/>\nCorreu-e a8053121@xtec.cat<\/p>\n<p><b>Centre 08054277 Institut de Tona<\/b><br \/>\nAdre\u00e7a c. Torres i Bages, 32<br \/>\n08551 Tona<br \/>\nTel\u00e8fon <b>938125723<\/b><br \/>\nCorreu-e a8054277@xtec.cat<\/p>\n<p><b>Centre 08058404 Institut Cirvi\u00e0num de Torell\u00f3<\/b><br \/>\nAdre\u00e7a c. Ausi\u00e0s March-Molina A. correus 69<br \/>\n08570 Torell\u00f3<br \/>\nTel\u00e8fon <b>938594841<\/b><br \/>\nCorreu-e a8058404@xtec.cat<\/p>\n<p><b>Centre 08058428 Sec. d&#8217;Institut Bisaura<\/b><br \/>\nAdre\u00e7a c. Mestre Quer, 13<br \/>\n08580 Sant Quirze de Besora<br \/>\nTel\u00e8fon <b>938550816<\/b><br \/>\nCorreu-e a8058428@xtec.cat<\/p>\n<p><b>Centre 08060976 Institut del Voltregan\u00e8s<\/b><br \/>\nAdre\u00e7a c. Matagalls, 48<br \/>\n08508 Les Masies de Voltreg\u00e0<br \/>\nTel\u00e8fon <b>938572672<\/b><br \/>\nCorreu-e a8060976@xtec.cat<\/p>\n<p><b>Centre 08062870 Institut La Plana<\/b><br \/>\nAdre\u00e7a c. Rector de Vallfogona, 65<br \/>\n08500 Vic<br \/>\nTel\u00e8fon <b>938834851<\/b><br \/>\nCorreu-e a8062870@xtec.cat<\/p>\n<p><b>Centre 08063837 Sec. d&#8217;Institut Les Margues<\/b><br \/>\nAdre\u00e7a av. de Francesc Maci\u00e0, 14<br \/>\n08506 Calldetenes<br \/>\nTel\u00e8fon <b>938867116<\/b><br \/>\nCorreu-e a8063837@xtec.cat<\/p>\n<p><b>Centre 08068380 Sec. d&#8217;Institut Gurb<\/b><br \/>\nAdre\u00e7a c. de l&#8217;Olivera, s\/n<br \/>\n08503 Gurb<br \/>\nTel\u00e8fon <b>938897572<\/b><br \/>\nCorreu-e a8068380@xtec.cat<\/p>\n<p><b>Centre 08071408 El Seminari<\/b><br \/>\nAdre\u00e7a rda. Francesc Camprodon, 2<br \/>\n08500 Vic<br \/>\nTel\u00e8fon <b>600572508<\/b><br \/>\nCorreu-e a8071408@xtec.cat<\/p>\n<p><b>Centre 08072176 Sec. d&#8217;Institut del Ter<\/b><br \/>\nAdre\u00e7a c. Eduard Rif\u00e0, 24<br \/>\n08560 Manlleu<br \/>\nTel\u00e8fon <b>938512312<\/b><br \/>\nCorreu-e a8072176@xtec.cat<\/p>\n<p><b>Centre 08074318 Tekn\u00f3s<\/b><br \/>\nAdre\u00e7a c. Bisbe Morgades, 15<br \/>\n08500 Vic<br \/>\nTel\u00e8fon <b>938815531<\/b><br \/>\nCorreu-e a8074318@xtec.cat<\/p>\n<p><b>Centre 08075256 Institut Escola Marta Mata<\/b><br \/>\nAdre\u00e7a av. del Castell, 42<br \/>\n08570 Torell\u00f3<br \/>\nTel\u00e8fon <b>938594746<\/b><br \/>\nCorreu-e a8075256@xtec.cat<\/p>\n","protected":false},"excerpt":{"rendered":"<p>Centre 08016203 Sagrats Cors Adre\u00e7a c. Hospital, 11 08540 Centelles Tel\u00e8fon 938810261 Correu-e a8016203@xtec.cat Centre 08019952 La Salle Manlleu Adre\u00e7a [&hellip;]<\/p>\n","protected":false},"author":1,"featured_media":0,"parent":338,"menu_order":30,"comment_status":"closed","ping_status":"closed","template":"page-templates\/side-menu.php","meta":{"_bbp_topic_count":0,"_bbp_reply_count":0,"_bbp_total_topic_count":0,"_bbp_total_reply_count":0,"_bbp_voice_count":0,"_bbp_anonymous_reply_count":0,"_bbp_topic_count_hidden":0,"_bbp_reply_count_hidden":0,"_bbp_forum_subforum_count":0,"site-sidebar-layout":"default","site-content-layout":"","ast-site-content-layout":"","site-content-style":"default","site-sidebar-style":"default","ast-global-header-display":"","ast-banner-title-visibility":"","ast-main-header-display":"","ast-hfb-above-header-display":"","ast-hfb-below-header-display":"","ast-hfb-mobile-header-display":"","site-post-title":"","ast-breadcrumbs-content":"","ast-featured-img":"","footer-sml-layout":"","theme-transparent-header-meta":"","adv-header-id-meta":"","stick-header-meta":"","header-above-stick-meta":"","header-main-stick-meta":"","header-below-stick-meta":"","astra-migrate-meta-layouts":"default","ast-page-background-enabled":"default","ast-page-background-meta":{"desktop":{"background-color":"var(--ast-global-color-4)","background-image":"","background-repeat":"repeat","background-position":"center center","background-size":"auto","background-attachment":"scroll","background-type":"","background-media":"","overlay-type":"","overlay-color":"","overlay-opacity":"","overlay-gradient":""},"tablet":{"background-color":"","background-image":"","background-repeat":"repeat","background-position":"center center","background-size":"auto","background-attachment":"scroll","background-type":"","background-media":"","overlay-type":"","overlay-color":"","overlay-opacity":"","overlay-gradient":""},"mobile":{"background-color":"","background-image":"","background-repeat":"repeat","background-position":"center center","background-size":"auto","background-attachment":"scroll","background-type":"","background-media":"","overlay-type":"","overlay-color":"","overlay-opacity":"","overlay-gradient":""}},"ast-content-background-meta":{"desktop":{"background-color":"var(--ast-global-color-5)","background-image":"","background-repeat":"repeat","background-position":"center center","background-size":"auto","background-attachment":"scroll","background-type":"","background-media":"","overlay-type":"","overlay-color":"","overlay-opacity":"","overlay-gradient":""},"tablet":{"background-color":"var(--ast-global-color-5)","background-image":"","background-repeat":"repeat","background-position":"center center","background-size":"auto","background-attachment":"scroll","background-type":"","background-media":"","overlay-type":"","overlay-color":"","overlay-opacity":"","overlay-gradient":""},"mobile":{"background-color":"var(--ast-global-color-5)","background-image":"","background-repeat":"repeat","background-position":"center center","background-size":"auto","background-attachment":"scroll","background-type":"","background-media":"","overlay-type":"","overlay-color":"","overlay-opacity":"","overlay-gradient":""}},"footnotes":""},"class_list":["post-385","page","type-page","status-publish","hentry"],"post_mailing_queue_ids":[],"_links":{"self":[{"href":"https:\/\/serveiseducatius.xtec.cat\/osona\/wp-json\/wp\/v2\/pages\/385","targetHints":{"allow":["GET"]}}],"collection":[{"href":"https:\/\/serveiseducatius.xtec.cat\/osona\/wp-json\/wp\/v2\/pages"}],"about":[{"href":"https:\/\/serveiseducatius.xtec.cat\/osona\/wp-json\/wp\/v2\/types\/page"}],"author":[{"embeddable":true,"href":"https:\/\/serveiseducatius.xtec.cat\/osona\/wp-json\/wp\/v2\/users\/1"}],"replies":[{"embeddable":true,"href":"https:\/\/serveiseducatius.xtec.cat\/osona\/wp-json\/wp\/v2\/comments?post=385"}],"version-history":[{"count":4,"href":"https:\/\/serveiseducatius.xtec.cat\/osona\/wp-json\/wp\/v2\/pages\/385\/revisions"}],"predecessor-version":[{"id":8387,"href":"https:\/\/serveiseducatius.xtec.cat\/osona\/wp-json\/wp\/v2\/pages\/385\/revisions\/8387"}],"up":[{"embeddable":true,"href":"https:\/\/serveiseducatius.xtec.cat\/osona\/wp-json\/wp\/v2\/pages\/338"}],"wp:attachment":[{"href":"https:\/\/serveiseducatius.xtec.cat\/osona\/wp-json\/wp\/v2\/media?parent=385"}],"curies":[{"name":"wp","href":"https:\/\/api.w.org\/{rel}","templated":true}]}}