{"id":306,"date":"2015-11-24T18:02:44","date_gmt":"2015-11-24T17:02:44","guid":{"rendered":"http:\/\/serveiseducatius.xtec.cat\/osona\/?page_id=306"},"modified":"2021-03-22T17:30:58","modified_gmt":"2021-03-22T16:30:58","slug":"equip","status":"publish","type":"page","link":"https:\/\/serveiseducatius.xtec.cat\/osona\/el-servei-educatiu\/equip\/","title":{"rendered":"Carta de serveis"},"content":{"rendered":"<p><img loading=\"lazy\" decoding=\"async\" class=\"size-full wp-image-10253 alignleft\" src=\"https:\/\/serveiseducatius.xtec.cat\/osona\/wp-content\/uploads\/usu1175\/2021\/03\/CMYK_SE_osona.jpg\" alt=\"\" width=\"141\" height=\"80\" \/><\/p>\n<p>El Servei Educatiu d&#8217;Osona \u00e9s un equip de multiprofessionals que donen suport i assessorament als centres educatius p\u00fablics i privats concertats de nivells educatius no universitaris (professorat, alumnat i fam\u00edlies).<\/p>\n<p>Els centres de recursos pedag\u00f2gics (CRP), els equips d&#8217;assessorament i orientaci\u00f3 psicopedag\u00f2gica (EAP) i els equips d&#8217;assessorament en llengua i cohesi\u00f3 social (ELIC) s\u00f3n els serveis educatius que intervenen en els centres d&#8217;una zona educativa espec\u00edfica. En el nostre cas la comarca d&#8217;Osona.<\/p>\n<h3><a href=\"https:\/\/drive.google.com\/file\/d\/1aTkfRhBLQAFwz8Ma9wkhD2QddMDZ60fA\/view?usp=sharing\">Aquesta \u00e9s la nostra carta de serveis.\u00a0<\/a><\/h3>\n<p><em>\u00a0<\/em><\/p>\n","protected":false},"excerpt":{"rendered":"<p>El Servei Educatiu d&#8217;Osona \u00e9s un equip de multiprofessionals que donen suport i assessorament als centres educatius p\u00fablics i privats [&hellip;]<\/p>\n","protected":false},"author":1,"featured_media":0,"parent":806,"menu_order":20,"comment_status":"closed","ping_status":"closed","template":"page-templates\/side-menu.php","meta":{"_bbp_topic_count":0,"_bbp_reply_count":0,"_bbp_total_topic_count":0,"_bbp_total_reply_count":0,"_bbp_voice_count":0,"_bbp_anonymous_reply_count":0,"_bbp_topic_count_hidden":0,"_bbp_reply_count_hidden":0,"_bbp_forum_subforum_count":0,"site-sidebar-layout":"default","site-content-layout":"","ast-site-content-layout":"","site-content-style":"default","site-sidebar-style":"default","ast-global-header-display":"","ast-banner-title-visibility":"","ast-main-header-display":"","ast-hfb-above-header-display":"","ast-hfb-below-header-display":"","ast-hfb-mobile-header-display":"","site-post-title":"","ast-breadcrumbs-content":"","ast-featured-img":"","footer-sml-layout":"","theme-transparent-header-meta":"","adv-header-id-meta":"","stick-header-meta":"","header-above-stick-meta":"","header-main-stick-meta":"","header-below-stick-meta":"","astra-migrate-meta-layouts":"default","ast-page-background-enabled":"default","ast-page-background-meta":{"desktop":{"background-color":"var(--ast-global-color-4)","background-image":"","background-repeat":"repeat","background-position":"center center","background-size":"auto","background-attachment":"scroll","background-type":"","background-media":"","overlay-type":"","overlay-color":"","overlay-opacity":"","overlay-gradient":""},"tablet":{"background-color":"","background-image":"","background-repeat":"repeat","background-position":"center center","background-size":"auto","background-attachment":"scroll","background-type":"","background-media":"","overlay-type":"","overlay-color":"","overlay-opacity":"","overlay-gradient":""},"mobile":{"background-color":"","background-image":"","background-repeat":"repeat","background-position":"center center","background-size":"auto","background-attachment":"scroll","background-type":"","background-media":"","overlay-type":"","overlay-color":"","overlay-opacity":"","overlay-gradient":""}},"ast-content-background-meta":{"desktop":{"background-color":"var(--ast-global-color-5)","background-image":"","background-repeat":"repeat","background-position":"center center","background-size":"auto","background-attachment":"scroll","background-type":"","background-media":"","overlay-type":"","overlay-color":"","overlay-opacity":"","overlay-gradient":""},"tablet":{"background-color":"var(--ast-global-color-5)","background-image":"","background-repeat":"repeat","background-position":"center center","background-size":"auto","background-attachment":"scroll","background-type":"","background-media":"","overlay-type":"","overlay-color":"","overlay-opacity":"","overlay-gradient":""},"mobile":{"background-color":"var(--ast-global-color-5)","background-image":"","background-repeat":"repeat","background-position":"center center","background-size":"auto","background-attachment":"scroll","background-type":"","background-media":"","overlay-type":"","overlay-color":"","overlay-opacity":"","overlay-gradient":""}},"footnotes":""},"class_list":["post-306","page","type-page","status-publish","hentry"],"post_mailing_queue_ids":[],"_links":{"self":[{"href":"https:\/\/serveiseducatius.xtec.cat\/osona\/wp-json\/wp\/v2\/pages\/306","targetHints":{"allow":["GET"]}}],"collection":[{"href":"https:\/\/serveiseducatius.xtec.cat\/osona\/wp-json\/wp\/v2\/pages"}],"about":[{"href":"https:\/\/serveiseducatius.xtec.cat\/osona\/wp-json\/wp\/v2\/types\/page"}],"author":[{"embeddable":true,"href":"https:\/\/serveiseducatius.xtec.cat\/osona\/wp-json\/wp\/v2\/users\/1"}],"replies":[{"embeddable":true,"href":"https:\/\/serveiseducatius.xtec.cat\/osona\/wp-json\/wp\/v2\/comments?post=306"}],"version-history":[{"count":3,"href":"https:\/\/serveiseducatius.xtec.cat\/osona\/wp-json\/wp\/v2\/pages\/306\/revisions"}],"predecessor-version":[{"id":10254,"href":"https:\/\/serveiseducatius.xtec.cat\/osona\/wp-json\/wp\/v2\/pages\/306\/revisions\/10254"}],"up":[{"embeddable":true,"href":"https:\/\/serveiseducatius.xtec.cat\/osona\/wp-json\/wp\/v2\/pages\/806"}],"wp:attachment":[{"href":"https:\/\/serveiseducatius.xtec.cat\/osona\/wp-json\/wp\/v2\/media?parent=306"}],"curies":[{"name":"wp","href":"https:\/\/api.w.org\/{rel}","templated":true}]}}