{"id":12613,"date":"2025-10-27T12:07:45","date_gmt":"2025-10-27T11:07:45","guid":{"rendered":"https:\/\/serveiseducatius.xtec.cat\/osona\/?page_id=12613"},"modified":"2025-10-27T12:07:46","modified_gmt":"2025-10-27T11:07:46","slug":"valoracio-duna-formacio","status":"publish","type":"page","link":"https:\/\/serveiseducatius.xtec.cat\/osona\/valoracio-duna-formacio\/","title":{"rendered":"Valoraci\u00f3 d&#8217;una formaci\u00f3"},"content":{"rendered":"\n<p><strong>Valoraci\u00f3 d&#8217;una activitat de formaci\u00f3<\/strong><\/p>\n\n\n\n<p>Per tal de realitzar la valoraci\u00f3 de les activitats de formaci\u00f3, necess\u00e0ria per tal que des del CRP puguem activar el tancament de l\u2019activitat i, per tant, emetre els certificats de formaci\u00f3 corresponents, cal seguir aquestes instruccions:<\/p>\n\n\n\n<ol class=\"wp-block-list\">\n<li>Entra en aquesta p\u00e0gina de la XTEC: \u00a0(Formaci\u00f3 \/ Les meves activitats):\u00a0<a href=\"http:\/\/xtec.gencat.cat\/ca\/formacio\/la-meva-formacio\/les-meves-activitats\" target=\"_blank\" rel=\"noreferrer noopener\">http:\/\/xtec.gencat.cat\/ca\/formacio\/la-meva-formacio\/les-meves-activitats<\/a><\/li>\n\n\n\n<li>Identifica\u2019t amb el teu nom d\u2019usuari i la teva contrasenya de la XTEC. \u00a0(ATENCI\u00d3: les teves dades\u00a0<strong>NO\u00a0<\/strong>s\u2019enregistraran quan responguis el q\u00fcestionari). Fes clic a \u201cRevisa sol\u00b7licituds amb usuari XTEC\u201d.<\/li>\n\n\n\n<li>Fixa\u2019t que a la dreta de les dades de l\u2019activitat de formaci\u00f3 (com a la imatge de mostra) surt el bot\u00f3 d\u2018acc\u00e9s al\u00a0<strong>Q\u00fcestionari per als Assistents<\/strong>. Clica-hi.<\/li>\n<\/ol>\n\n\n\n<figure class=\"wp-block-image\"><img decoding=\"async\" src=\"https:\/\/lh5.googleusercontent.com\/weW9Lo-uvHfdumoG9q8M65CYDbyKRbqD4Ej36l_ZKAYUlLkkE50Lshm65UYByFsxo0xFeL2mjA9MyBhmVSu1ALgbBV1t-uKde-hAzYz1_Qeh90JSwgOsf7XQNg9J90sKVSngtBFq\" alt=\"\"\/><\/figure>\n\n\n\n<p>Despr\u00e9s d\u2019una informaci\u00f3 sobre l\u2019anonimat de les teves respostes, podr\u00e0s accedir al q\u00fcestionari. &nbsp;En acabar el formulari, fes clic al bot\u00f3&nbsp;<strong>Enviar<\/strong>&nbsp;del final<strong>. Des del Centre de Recursos desconeixem l\u2019autor de cada resposta, per\u00f2 tenim const\u00e0ncia de qui ha respost i qui no.<\/strong><\/p>\n\n\n\n<p>Gr\u00e0cies per la teva col\u00b7laboraci\u00f3<\/p>\n\n\n\n<p><\/p>\n","protected":false},"excerpt":{"rendered":"<p>Valoraci\u00f3 d&#8217;una activitat de formaci\u00f3 Per tal de realitzar la valoraci\u00f3 de les activitats de formaci\u00f3, necess\u00e0ria per tal que [&hellip;]<\/p>\n","protected":false},"author":1,"featured_media":0,"parent":0,"menu_order":0,"comment_status":"closed","ping_status":"close","template":"","meta":{"_bbp_topic_count":0,"_bbp_reply_count":0,"_bbp_total_topic_count":0,"_bbp_total_reply_count":0,"_bbp_voice_count":0,"_bbp_anonymous_reply_count":0,"_bbp_topic_count_hidden":0,"_bbp_reply_count_hidden":0,"_bbp_forum_subforum_count":0,"site-sidebar-layout":"default","site-content-layout":"","ast-site-content-layout":"default","site-content-style":"default","site-sidebar-style":"default","ast-global-header-display":"","ast-banner-title-visibility":"","ast-main-header-display":"","ast-hfb-above-header-display":"","ast-hfb-below-header-display":"","ast-hfb-mobile-header-display":"","site-post-title":"","ast-breadcrumbs-content":"","ast-featured-img":"disabled","footer-sml-layout":"","theme-transparent-header-meta":"","adv-header-id-meta":"","stick-header-meta":"","header-above-stick-meta":"","header-main-stick-meta":"","header-below-stick-meta":"","astra-migrate-meta-layouts":"set","ast-page-background-enabled":"default","ast-page-background-meta":{"desktop":{"background-color":"var(--ast-global-color-4)","background-image":"","background-repeat":"repeat","background-position":"center center","background-size":"auto","background-attachment":"scroll","background-type":"","background-media":"","overlay-type":"","overlay-color":"","overlay-opacity":"","overlay-gradient":""},"tablet":{"background-color":"","background-image":"","background-repeat":"repeat","background-position":"center center","background-size":"auto","background-attachment":"scroll","background-type":"","background-media":"","overlay-type":"","overlay-color":"","overlay-opacity":"","overlay-gradient":""},"mobile":{"background-color":"","background-image":"","background-repeat":"repeat","background-position":"center center","background-size":"auto","background-attachment":"scroll","background-type":"","background-media":"","overlay-type":"","overlay-color":"","overlay-opacity":"","overlay-gradient":""}},"ast-content-background-meta":{"desktop":{"background-color":"var(--ast-global-color-5)","background-image":"","background-repeat":"repeat","background-position":"center center","background-size":"auto","background-attachment":"scroll","background-type":"","background-media":"","overlay-type":"","overlay-color":"","overlay-opacity":"","overlay-gradient":""},"tablet":{"background-color":"var(--ast-global-color-5)","background-image":"","background-repeat":"repeat","background-position":"center center","background-size":"auto","background-attachment":"scroll","background-type":"","background-media":"","overlay-type":"","overlay-color":"","overlay-opacity":"","overlay-gradient":""},"mobile":{"background-color":"var(--ast-global-color-5)","background-image":"","background-repeat":"repeat","background-position":"center center","background-size":"auto","background-attachment":"scroll","background-type":"","background-media":"","overlay-type":"","overlay-color":"","overlay-opacity":"","overlay-gradient":""}},"footnotes":""},"class_list":["post-12613","page","type-page","status-publish","hentry"],"post_mailing_queue_ids":[],"_links":{"self":[{"href":"https:\/\/serveiseducatius.xtec.cat\/osona\/wp-json\/wp\/v2\/pages\/12613","targetHints":{"allow":["GET"]}}],"collection":[{"href":"https:\/\/serveiseducatius.xtec.cat\/osona\/wp-json\/wp\/v2\/pages"}],"about":[{"href":"https:\/\/serveiseducatius.xtec.cat\/osona\/wp-json\/wp\/v2\/types\/page"}],"author":[{"embeddable":true,"href":"https:\/\/serveiseducatius.xtec.cat\/osona\/wp-json\/wp\/v2\/users\/1"}],"replies":[{"embeddable":true,"href":"https:\/\/serveiseducatius.xtec.cat\/osona\/wp-json\/wp\/v2\/comments?post=12613"}],"version-history":[{"count":1,"href":"https:\/\/serveiseducatius.xtec.cat\/osona\/wp-json\/wp\/v2\/pages\/12613\/revisions"}],"predecessor-version":[{"id":12614,"href":"https:\/\/serveiseducatius.xtec.cat\/osona\/wp-json\/wp\/v2\/pages\/12613\/revisions\/12614"}],"wp:attachment":[{"href":"https:\/\/serveiseducatius.xtec.cat\/osona\/wp-json\/wp\/v2\/media?parent=12613"}],"curies":[{"name":"wp","href":"https:\/\/api.w.org\/{rel}","templated":true}]}}