{"id":11765,"date":"2023-11-27T11:45:51","date_gmt":"2023-11-27T10:45:51","guid":{"rendered":"https:\/\/serveiseducatius.xtec.cat\/osona\/?page_id=11765"},"modified":"2024-10-29T12:06:42","modified_gmt":"2024-10-29T11:06:42","slug":"cacadors-de-diamants","status":"publish","type":"page","link":"https:\/\/serveiseducatius.xtec.cat\/osona\/recursos\/maletes-pedagogiques\/educacio-fisica\/cacadors-de-diamants\/","title":{"rendered":"CA\u00c7ADORS DE DIAMANTS"},"content":{"rendered":"<p><span style=\"font-weight: 400;\"><a href=\"https:\/\/serveiseducatius.xtec.cat\/osona\/wp-content\/uploads\/usu1175\/2023\/11\/Foto-material-3.jpg\"><img loading=\"lazy\" decoding=\"async\" class=\"size-medium wp-image-11766 alignleft\" src=\"https:\/\/serveiseducatius.xtec.cat\/osona\/wp-content\/uploads\/usu1175\/2023\/11\/Foto-material-3-272x300.jpg\" alt=\"\" width=\"272\" height=\"300\" srcset=\"https:\/\/serveiseducatius.xtec.cat\/osona\/wp-content\/uploads\/usu1175\/2023\/11\/Foto-material-3-272x300.jpg 272w, https:\/\/serveiseducatius.xtec.cat\/osona\/wp-content\/uploads\/usu1175\/2023\/11\/Foto-material-3.jpg 500w\" sizes=\"auto, (max-width: 272px) 100vw, 272px\" \/><\/a><\/span>Presentem una gamificacio\u0301 de reptes fi\u0301sics cooperatius <strong>destinada a alumnes de cicle mitja\u0300, superior o ESO<\/strong>\u00a0a trave\u0301s del joc de \u201c<em><strong>Cac\u0327adors de diamants<\/strong><\/em>\u201d<\/p>\n<p><span style=\"font-weight: 400;\">\u00c9s una proposta que planteja la realitzaci\u00f3 de reptes d\u2019educaci\u00f3 f\u00edsica desenvolupant l\u2019estructura d\u2019aprenentatge cooperatiu: PENSA, COMPARTEIX i ACTUA.\u00a0<\/span><\/p>\n<p><span style=\"font-weight: 400;\">Est\u00e0 formada per un taulell de joc , dau, una fitxa per tot el grup classe, una fitxa del corb, rellotges de sorra de 60 i 120 segons, una motxilla per cada grup i targetes de reptes organitzades per dificultat: 62 reptes f\u00e0cils, 39 reptes mitjans i 22 reptes dif\u00edcils. Tamb\u00e9 necessitarem material d\u2019educaci\u00f3 f\u00edsica: cordes, pales, xanques, pilotes variades, cons, matal\u00e0s, c\u00e8rcols, raquetes varies\u2026\u00a0<\/span><\/p>\n<p><span style=\"font-weight: 400;\">El grup-classe s\u2019organitzar\u00e0 en grups de 4 alumnes.L\u2019objectiu del joc \u00e9s superar reptes i avan\u00e7ar pel bosc perdut (taulell). Guanyarem la partida si completem tot el cam\u00ed abans que ho faci el corb. \u00c9s a dir, que GUANYAREM TOTS o b\u00e9 PERDREM TOTS. Durant el recorregut del joc hi han 4 diamants que s\u2019han d\u2019aconseguir abans que el corb i aix\u00ed guanyarem recompenses. Per finalitzar el joc realitzarem una sessi\u00f3 de comiat amb tants jocs com diamants aconseguits.\u00a0<\/span><\/p>\n<p><span style=\"font-weight: 400;\">La sessi\u00f3 t\u00e9 una durada aproximada de 6 sessions (1 hora).<\/span><\/p>\n<p><b>Joc col\u00b7lectiu:<\/b><\/p>\n<p><span style=\"font-weight: 400;\">S\u2019Inicia l\u2019activitat amb el v\u00eddeo presentaci\u00f3 o llegint una hist\u00f2ria que va passar al bosc perdut. El taulell t\u00e9 100 caselles, cada 25 caselles completarem un tram i podem aconseguir un diamant o b\u00e9 el corb si arriba abans que nosaltres .Cada cop que es finalitza una etapa hi haur\u00e0 una reuni\u00f3 de grup-classe per llegir com continua la hist\u00f2ria. La pe\u00e7a del grup-classe (tots compartim un \u00fanic personatge) avan\u00e7ar\u00e0 les caselles que valguin les targetes reptes (1, 2 i 3 passes) i si no \u00e9s supera el repte la pe\u00e7a del personatge del corb avan\u00e7ar\u00e0 els passos corresponents a la carta. El joc finalitza quan la pe\u00e7a del grup classe o el corb arribi al final del cam\u00ed, aconsegueixi els diamants i d\u2019aquesta manera alliberi la m\u00e0gia dels habitants del bosc. Durant el trajecte haurem anat guanyant recompenses, si arribem als diamants abans que el corb. Finalitzarem el joc amb una sessi\u00f3 de jocs cooperatius amb paracaigudes.(tants jocs com diamants aconseguits).<\/span><\/p>\n<p><span style=\"font-weight: 400;\">Tipus de targetes:<\/span><\/p>\n<p><span style=\"font-weight: 400;\">-Targetes repte: expliquen el repte que s\u2019ha de superar, poden tenir associades un benefici o b\u00e9 un perill que dificulta el repte.\u00a0<\/span><\/p>\n<p><span style=\"font-weight: 400;\">-Targetes especials: no hi ha cap repte associat i es poden guardar a la motxilla per ser utilitzades quan m\u00e9s es requereixin.\u00a0<\/span><\/p>\n<p><span style=\"font-weight: 400;\">Dins de cada grup, l\u2019alumnat es repartir\u00e0 en diferents rols: cap de l\u2019expedici\u00f3, guia, explorador i intendent. Aquests rols aniran rotant durant la realitzaci\u00f3 del joc de manera que tothom realitzi tots els rols.<\/span><\/p>\n<p><b>Avaluaci\u00f3 i seguiment<\/b><\/p>\n<p><span style=\"font-weight: 400;\">Per tal de dur a terme el seguiment del joc i el funcionament grupal, cada grup cooperatiu disposar\u00e0 de 2 dianes de coavalauaci\u00f3 i un full de seguiment.\u00a0<\/span><\/p>\n<ul>\n<li style=\"font-weight: 400;\" aria-level=\"1\"><span style=\"font-weight: 400;\">Diana de coavaluaci\u00f3 de reptes: servir\u00e0 per coavaluar el treball realitzat i ajudar-los a seguir millorant com a grup. Per altre banda tamb\u00e9 ens permetr\u00e0 saber per quins reptes han passat al finalitzar el joc.\u00a0<\/span><\/li>\n<li style=\"font-weight: 400;\" aria-level=\"1\"><span style=\"font-weight: 400;\">Diana de coavaluaci\u00f3 de personatges: Servir\u00e0 per a realitzar un seguiment de la responsabilitat individual que t\u00e9 cada membre del grup.\u00a0<\/span><\/li>\n<li style=\"font-weight: 400;\" aria-level=\"1\"><span style=\"font-weight: 400;\">Full de seguiment: Servir\u00e0 per seguir la partida d\u2019una sessi\u00f3 a una altra. Anotarem els comodins que tenia cada grup a la motxilla al finalitzar la sessi\u00f3, el repte que estaven intentant superar i la casella on ha quedat la fitxa del grup-classe i la del corb. D\u2019aquesta manera a la seg\u00fcent sessi\u00f3 continuarem la partida all\u00e0 on la vam deixar.\u00a0<\/span><\/li>\n<\/ul>\n<p>Us adjuntem les <a href=\"https:\/\/drive.google.com\/file\/d\/1fw4xyvNgSH7SmBc8IyjpLgpWSUZcGuk6\/view?usp=sharing\">instruccions<\/a> i el <a href=\"https:\/\/drive.google.com\/file\/d\/1FGEQGB30NmREjQ01di6IARb7D2ZgXkob\/view?usp=sharing\">llistat del material<\/a>.<\/p>\n<p><a href=\"https:\/\/serveiseducatius.xtec.cat\/osona\/wp-content\/uploads\/usu1175\/2023\/11\/Foto-material-3.jpg\"><img loading=\"lazy\" decoding=\"async\" class=\"size-medium wp-image-11766 alignright\" src=\"https:\/\/serveiseducatius.xtec.cat\/osona\/wp-content\/uploads\/usu1175\/2023\/11\/Foto-material-3-272x300.jpg\" alt=\"\" width=\"272\" height=\"300\" srcset=\"https:\/\/serveiseducatius.xtec.cat\/osona\/wp-content\/uploads\/usu1175\/2023\/11\/Foto-material-3-272x300.jpg 272w, https:\/\/serveiseducatius.xtec.cat\/osona\/wp-content\/uploads\/usu1175\/2023\/11\/Foto-material-3.jpg 500w\" sizes=\"auto, (max-width: 272px) 100vw, 272px\" \/><\/a><\/p>\n","protected":false},"excerpt":{"rendered":"<p>Presentem una gamificacio\u0301 de reptes fi\u0301sics cooperatius destinada a alumnes de cicle mitja\u0300, superior o ESO\u00a0a trave\u0301s del joc de [&hellip;]<\/p>\n","protected":false},"author":1,"featured_media":0,"parent":8187,"menu_order":0,"comment_status":"closed","ping_status":"closed","template":"","meta":{"_bbp_topic_count":0,"_bbp_reply_count":0,"_bbp_total_topic_count":0,"_bbp_total_reply_count":0,"_bbp_voice_count":0,"_bbp_anonymous_reply_count":0,"_bbp_topic_count_hidden":0,"_bbp_reply_count_hidden":0,"_bbp_forum_subforum_count":0,"site-sidebar-layout":"default","site-content-layout":"","ast-site-content-layout":"","site-content-style":"default","site-sidebar-style":"default","ast-global-header-display":"","ast-banner-title-visibility":"","ast-main-header-display":"","ast-hfb-above-header-display":"","ast-hfb-below-header-display":"","ast-hfb-mobile-header-display":"","site-post-title":"","ast-breadcrumbs-content":"","ast-featured-img":"","footer-sml-layout":"","theme-transparent-header-meta":"","adv-header-id-meta":"","stick-header-meta":"","header-above-stick-meta":"","header-main-stick-meta":"","header-below-stick-meta":"","astra-migrate-meta-layouts":"default","ast-page-background-enabled":"default","ast-page-background-meta":{"desktop":{"background-color":"var(--ast-global-color-4)","background-image":"","background-repeat":"repeat","background-position":"center center","background-size":"auto","background-attachment":"scroll","background-type":"","background-media":"","overlay-type":"","overlay-color":"","overlay-opacity":"","overlay-gradient":""},"tablet":{"background-color":"","background-image":"","background-repeat":"repeat","background-position":"center center","background-size":"auto","background-attachment":"scroll","background-type":"","background-media":"","overlay-type":"","overlay-color":"","overlay-opacity":"","overlay-gradient":""},"mobile":{"background-color":"","background-image":"","background-repeat":"repeat","background-position":"center center","background-size":"auto","background-attachment":"scroll","background-type":"","background-media":"","overlay-type":"","overlay-color":"","overlay-opacity":"","overlay-gradient":""}},"ast-content-background-meta":{"desktop":{"background-color":"var(--ast-global-color-5)","background-image":"","background-repeat":"repeat","background-position":"center center","background-size":"auto","background-attachment":"scroll","background-type":"","background-media":"","overlay-type":"","overlay-color":"","overlay-opacity":"","overlay-gradient":""},"tablet":{"background-color":"var(--ast-global-color-5)","background-image":"","background-repeat":"repeat","background-position":"center center","background-size":"auto","background-attachment":"scroll","background-type":"","background-media":"","overlay-type":"","overlay-color":"","overlay-opacity":"","overlay-gradient":""},"mobile":{"background-color":"var(--ast-global-color-5)","background-image":"","background-repeat":"repeat","background-position":"center center","background-size":"auto","background-attachment":"scroll","background-type":"","background-media":"","overlay-type":"","overlay-color":"","overlay-opacity":"","overlay-gradient":""}},"footnotes":""},"class_list":["post-11765","page","type-page","status-publish","hentry"],"post_mailing_queue_ids":[],"_links":{"self":[{"href":"https:\/\/serveiseducatius.xtec.cat\/osona\/wp-json\/wp\/v2\/pages\/11765","targetHints":{"allow":["GET"]}}],"collection":[{"href":"https:\/\/serveiseducatius.xtec.cat\/osona\/wp-json\/wp\/v2\/pages"}],"about":[{"href":"https:\/\/serveiseducatius.xtec.cat\/osona\/wp-json\/wp\/v2\/types\/page"}],"author":[{"embeddable":true,"href":"https:\/\/serveiseducatius.xtec.cat\/osona\/wp-json\/wp\/v2\/users\/1"}],"replies":[{"embeddable":true,"href":"https:\/\/serveiseducatius.xtec.cat\/osona\/wp-json\/wp\/v2\/comments?post=11765"}],"version-history":[{"count":3,"href":"https:\/\/serveiseducatius.xtec.cat\/osona\/wp-json\/wp\/v2\/pages\/11765\/revisions"}],"predecessor-version":[{"id":12056,"href":"https:\/\/serveiseducatius.xtec.cat\/osona\/wp-json\/wp\/v2\/pages\/11765\/revisions\/12056"}],"up":[{"embeddable":true,"href":"https:\/\/serveiseducatius.xtec.cat\/osona\/wp-json\/wp\/v2\/pages\/8187"}],"wp:attachment":[{"href":"https:\/\/serveiseducatius.xtec.cat\/osona\/wp-json\/wp\/v2\/media?parent=11765"}],"curies":[{"name":"wp","href":"https:\/\/api.w.org\/{rel}","templated":true}]}}