{"id":11533,"date":"2023-02-28T16:43:52","date_gmt":"2023-02-28T15:43:52","guid":{"rendered":"https:\/\/serveiseducatius.xtec.cat\/osona\/?page_id=11533"},"modified":"2023-02-28T16:43:52","modified_gmt":"2023-02-28T15:43:52","slug":"aixo-es-la-polla","status":"publish","type":"page","link":"https:\/\/serveiseducatius.xtec.cat\/osona\/recursos\/catalegs-tematics\/coeducacio\/aixo-es-la-polla\/","title":{"rendered":"Aix\u00f2 \u00e9s la polla!!"},"content":{"rendered":"<p>L&#8217;objectiu d&#8217;aquesta maleta \u00e9s con\u00e8ixer i aprofundir en la sexualitat masculina.<\/p>\n<p>La maleta est\u00e0 organitzada en 4 blocs de recursos:<\/p>\n<ul>\n<li>Recull de contes\/llibres (alumnes de Prim\u00e0ri, Secund\u00e0ria i Batxillerat)<\/li>\n<li>Recull de v\u00eddeos per alumnes d&#8217;ESO i Batxillerat<\/li>\n<li><a href=\"https:\/\/serveiseducatius.xtec.cat\/osona\/recursos\/maletes-pedagogiques\/ciencies\/models-anatomics-de-pelvis\/\">Model anat\u00f2mic dels genitals masculins i femenins<\/a><\/li>\n<li>Recursos per a docents<\/li>\n<\/ul>\n<p>En aquest <a href=\"https:\/\/drive.google.com\/drive\/folders\/14ehiKjcFXHz2SGOsMaCoUbjy7L5CEXef?usp=sharing\">enlla\u00e7<\/a> hi trobareu tot el contin<a href=\"https:\/\/serveiseducatius.xtec.cat\/osona\/wp-content\/uploads\/usu1175\/2023\/02\/IMG_8338-rotated-e1677599017432.jpg\"><img loading=\"lazy\" decoding=\"async\" class=\"alignleft size-full wp-image-11536\" src=\"https:\/\/serveiseducatius.xtec.cat\/osona\/wp-content\/uploads\/usu1175\/2023\/02\/IMG_8338-rotated-e1677599017432.jpg\" alt=\"\" width=\"640\" height=\"480\" srcset=\"https:\/\/serveiseducatius.xtec.cat\/osona\/wp-content\/uploads\/usu1175\/2023\/02\/IMG_8338-rotated-e1677599017432.jpg 640w, https:\/\/serveiseducatius.xtec.cat\/osona\/wp-content\/uploads\/usu1175\/2023\/02\/IMG_8338-rotated-e1677599017432-300x225.jpg 300w, https:\/\/serveiseducatius.xtec.cat\/osona\/wp-content\/uploads\/usu1175\/2023\/02\/IMG_8338-rotated-e1677599017432-200x150.jpg 200w\" sizes=\"auto, (max-width: 640px) 100vw, 640px\" \/><\/a>gut detallat de cada bloc<\/p>\n","protected":false},"excerpt":{"rendered":"<p>L&#8217;objectiu d&#8217;aquesta maleta \u00e9s con\u00e8ixer i aprofundir en la sexualitat masculina. La maleta est\u00e0 organitzada en 4 blocs de recursos: [&hellip;]<\/p>\n","protected":false},"author":1,"featured_media":0,"parent":10021,"menu_order":0,"comment_status":"closed","ping_status":"closed","template":"","meta":{"_bbp_topic_count":0,"_bbp_reply_count":0,"_bbp_total_topic_count":0,"_bbp_total_reply_count":0,"_bbp_voice_count":0,"_bbp_anonymous_reply_count":0,"_bbp_topic_count_hidden":0,"_bbp_reply_count_hidden":0,"_bbp_forum_subforum_count":0,"site-sidebar-layout":"default","site-content-layout":"","ast-site-content-layout":"","site-content-style":"default","site-sidebar-style":"default","ast-global-header-display":"","ast-banner-title-visibility":"","ast-main-header-display":"","ast-hfb-above-header-display":"","ast-hfb-below-header-display":"","ast-hfb-mobile-header-display":"","site-post-title":"","ast-breadcrumbs-content":"","ast-featured-img":"","footer-sml-layout":"","theme-transparent-header-meta":"","adv-header-id-meta":"","stick-header-meta":"","header-above-stick-meta":"","header-main-stick-meta":"","header-below-stick-meta":"","astra-migrate-meta-layouts":"default","ast-page-background-enabled":"default","ast-page-background-meta":{"desktop":{"background-color":"var(--ast-global-color-4)","background-image":"","background-repeat":"repeat","background-position":"center center","background-size":"auto","background-attachment":"scroll","background-type":"","background-media":"","overlay-type":"","overlay-color":"","overlay-opacity":"","overlay-gradient":""},"tablet":{"background-color":"","background-image":"","background-repeat":"repeat","background-position":"center center","background-size":"auto","background-attachment":"scroll","background-type":"","background-media":"","overlay-type":"","overlay-color":"","overlay-opacity":"","overlay-gradient":""},"mobile":{"background-color":"","background-image":"","background-repeat":"repeat","background-position":"center center","background-size":"auto","background-attachment":"scroll","background-type":"","background-media":"","overlay-type":"","overlay-color":"","overlay-opacity":"","overlay-gradient":""}},"ast-content-background-meta":{"desktop":{"background-color":"var(--ast-global-color-5)","background-image":"","background-repeat":"repeat","background-position":"center center","background-size":"auto","background-attachment":"scroll","background-type":"","background-media":"","overlay-type":"","overlay-color":"","overlay-opacity":"","overlay-gradient":""},"tablet":{"background-color":"var(--ast-global-color-5)","background-image":"","background-repeat":"repeat","background-position":"center center","background-size":"auto","background-attachment":"scroll","background-type":"","background-media":"","overlay-type":"","overlay-color":"","overlay-opacity":"","overlay-gradient":""},"mobile":{"background-color":"var(--ast-global-color-5)","background-image":"","background-repeat":"repeat","background-position":"center center","background-size":"auto","background-attachment":"scroll","background-type":"","background-media":"","overlay-type":"","overlay-color":"","overlay-opacity":"","overlay-gradient":""}},"footnotes":""},"class_list":["post-11533","page","type-page","status-publish","hentry"],"post_mailing_queue_ids":[],"_links":{"self":[{"href":"https:\/\/serveiseducatius.xtec.cat\/osona\/wp-json\/wp\/v2\/pages\/11533","targetHints":{"allow":["GET"]}}],"collection":[{"href":"https:\/\/serveiseducatius.xtec.cat\/osona\/wp-json\/wp\/v2\/pages"}],"about":[{"href":"https:\/\/serveiseducatius.xtec.cat\/osona\/wp-json\/wp\/v2\/types\/page"}],"author":[{"embeddable":true,"href":"https:\/\/serveiseducatius.xtec.cat\/osona\/wp-json\/wp\/v2\/users\/1"}],"replies":[{"embeddable":true,"href":"https:\/\/serveiseducatius.xtec.cat\/osona\/wp-json\/wp\/v2\/comments?post=11533"}],"version-history":[{"count":1,"href":"https:\/\/serveiseducatius.xtec.cat\/osona\/wp-json\/wp\/v2\/pages\/11533\/revisions"}],"predecessor-version":[{"id":11538,"href":"https:\/\/serveiseducatius.xtec.cat\/osona\/wp-json\/wp\/v2\/pages\/11533\/revisions\/11538"}],"up":[{"embeddable":true,"href":"https:\/\/serveiseducatius.xtec.cat\/osona\/wp-json\/wp\/v2\/pages\/10021"}],"wp:attachment":[{"href":"https:\/\/serveiseducatius.xtec.cat\/osona\/wp-json\/wp\/v2\/media?parent=11533"}],"curies":[{"name":"wp","href":"https:\/\/api.w.org\/{rel}","templated":true}]}}