{"id":11520,"date":"2023-02-16T10:07:21","date_gmt":"2023-02-16T09:07:21","guid":{"rendered":"https:\/\/serveiseducatius.xtec.cat\/osona\/?page_id=11520"},"modified":"2023-06-06T14:47:08","modified_gmt":"2023-06-06T12:47:08","slug":"models-anatomics-de-pelvis","status":"publish","type":"page","link":"https:\/\/serveiseducatius.xtec.cat\/osona\/recursos\/maletes-pedagogiques\/ciencies\/models-anatomics-de-pelvis\/","title":{"rendered":"Models anat\u00f2mics de pelvis"},"content":{"rendered":"<p>Models anat\u00f2mics de pelvis masculina i femenina.<\/p>\n<p><a href=\"https:\/\/serveiseducatius.xtec.cat\/osona\/wp-content\/uploads\/usu1175\/2023\/02\/Pelvis.png\"><img loading=\"lazy\" decoding=\"async\" class=\"alignleft size-full wp-image-11521\" src=\"https:\/\/serveiseducatius.xtec.cat\/osona\/wp-content\/uploads\/usu1175\/2023\/02\/Pelvis.png\" alt=\"\" width=\"527\" height=\"493\" srcset=\"https:\/\/serveiseducatius.xtec.cat\/osona\/wp-content\/uploads\/usu1175\/2023\/02\/Pelvis.png 527w, https:\/\/serveiseducatius.xtec.cat\/osona\/wp-content\/uploads\/usu1175\/2023\/02\/Pelvis-300x281.png 300w\" sizes=\"auto, (max-width: 527px) 100vw, 527px\" \/><\/a><\/p>\n<p id=\"tw-target-text\" class=\"tw-data-text tw-text-large tw-ta\" dir=\"ltr\" data-placeholder=\"Traducci\u00f3\"><span class=\"Y2IQFc\" lang=\"ca\"> Aquest model en forma de tall mitj\u00e0 presenta totes les estructures importants de la pelvis. Una meitat dels \u00f2rgans genitals amb la bufeta i el recte \u00e9s desmuntable per als estudis amb detall. \u00c9s un model de sobre taula. Cada model anat\u00f2mic original de 3B Scientific\u00ae us proporciona acc\u00e9s directe al vostre bess\u00f3 digital en un smartphone, tablet o dispositiu de sobretaula. Gaudiu de contingut anat\u00f2mic virtual exclusiu amb les seg\u00fcents caracter\u00edstiques: Rotaci\u00f3 lliure, augment i reducci\u00f3 del model digital, visualitzaci\u00f3 de les zones actives i les seves estructures anat\u00f2miques\u00a0 mitjan\u00e7ant realitat augmentada (AR). Tamb\u00e9 trobareu q\u00fcestionaris d&#8217;anatomia per provar i millorar el nivell de coneixements anat\u00f2mics amb resultats instantanis i puntuaci\u00f3 final d&#8217;avaluaci\u00f3. A m\u00e9s, trobareu una funci\u00f3 de dibuix per personalitzar, desar i compartir imatges, una funci\u00f3 de notes \u00fatils per ajudar amb el vostre aprenentatge personal o dels alumnes.<\/span><\/p>\n<p class=\"tw-data-text tw-text-large tw-ta\" dir=\"ltr\" data-placeholder=\"Traducci\u00f3\"><span class=\"Y2IQFc\" lang=\"ca\"> Aprenentatge d\u00b4anatomia masculina i femenina de f\u00e0cil acc\u00e9s a contingut 3D amb i sense connexi\u00f3. Disponible en 11 idiomes Per comen\u00e7ar, nom\u00e9s cal escanejar el codi QR situat al model anat\u00f2mic de 3B Scientific\u00ae, descarregar la nova app 3B Smart Anatomy i endinsar-se en el m\u00f3n virtual de l&#8217;anatomia humana. Feu clic <a href=\"https:\/\/www.3bscientific.com\/3b-smart-anatomy,3bsa.html\" target=\"_blank\" rel=\"noopener\">aqu\u00ed<\/a> per obtenir m\u00e9s informaci\u00f3.<\/span><\/p>\n","protected":false},"excerpt":{"rendered":"<p>Models anat\u00f2mics de pelvis masculina i femenina. Aquest model en forma de tall mitj\u00e0 presenta totes les estructures importants de [&hellip;]<\/p>\n","protected":false},"author":1,"featured_media":0,"parent":8173,"menu_order":0,"comment_status":"closed","ping_status":"closed","template":"","meta":{"_bbp_topic_count":0,"_bbp_reply_count":0,"_bbp_total_topic_count":0,"_bbp_total_reply_count":0,"_bbp_voice_count":0,"_bbp_anonymous_reply_count":0,"_bbp_topic_count_hidden":0,"_bbp_reply_count_hidden":0,"_bbp_forum_subforum_count":0,"site-sidebar-layout":"default","site-content-layout":"","ast-site-content-layout":"","site-content-style":"default","site-sidebar-style":"default","ast-global-header-display":"","ast-banner-title-visibility":"","ast-main-header-display":"","ast-hfb-above-header-display":"","ast-hfb-below-header-display":"","ast-hfb-mobile-header-display":"","site-post-title":"","ast-breadcrumbs-content":"","ast-featured-img":"","footer-sml-layout":"","theme-transparent-header-meta":"","adv-header-id-meta":"","stick-header-meta":"","header-above-stick-meta":"","header-main-stick-meta":"","header-below-stick-meta":"","astra-migrate-meta-layouts":"default","ast-page-background-enabled":"default","ast-page-background-meta":{"desktop":{"background-color":"var(--ast-global-color-4)","background-image":"","background-repeat":"repeat","background-position":"center center","background-size":"auto","background-attachment":"scroll","background-type":"","background-media":"","overlay-type":"","overlay-color":"","overlay-opacity":"","overlay-gradient":""},"tablet":{"background-color":"","background-image":"","background-repeat":"repeat","background-position":"center center","background-size":"auto","background-attachment":"scroll","background-type":"","background-media":"","overlay-type":"","overlay-color":"","overlay-opacity":"","overlay-gradient":""},"mobile":{"background-color":"","background-image":"","background-repeat":"repeat","background-position":"center center","background-size":"auto","background-attachment":"scroll","background-type":"","background-media":"","overlay-type":"","overlay-color":"","overlay-opacity":"","overlay-gradient":""}},"ast-content-background-meta":{"desktop":{"background-color":"var(--ast-global-color-5)","background-image":"","background-repeat":"repeat","background-position":"center center","background-size":"auto","background-attachment":"scroll","background-type":"","background-media":"","overlay-type":"","overlay-color":"","overlay-opacity":"","overlay-gradient":""},"tablet":{"background-color":"var(--ast-global-color-5)","background-image":"","background-repeat":"repeat","background-position":"center center","background-size":"auto","background-attachment":"scroll","background-type":"","background-media":"","overlay-type":"","overlay-color":"","overlay-opacity":"","overlay-gradient":""},"mobile":{"background-color":"var(--ast-global-color-5)","background-image":"","background-repeat":"repeat","background-position":"center center","background-size":"auto","background-attachment":"scroll","background-type":"","background-media":"","overlay-type":"","overlay-color":"","overlay-opacity":"","overlay-gradient":""}},"footnotes":""},"class_list":["post-11520","page","type-page","status-publish","hentry"],"post_mailing_queue_ids":[],"_links":{"self":[{"href":"https:\/\/serveiseducatius.xtec.cat\/osona\/wp-json\/wp\/v2\/pages\/11520","targetHints":{"allow":["GET"]}}],"collection":[{"href":"https:\/\/serveiseducatius.xtec.cat\/osona\/wp-json\/wp\/v2\/pages"}],"about":[{"href":"https:\/\/serveiseducatius.xtec.cat\/osona\/wp-json\/wp\/v2\/types\/page"}],"author":[{"embeddable":true,"href":"https:\/\/serveiseducatius.xtec.cat\/osona\/wp-json\/wp\/v2\/users\/1"}],"replies":[{"embeddable":true,"href":"https:\/\/serveiseducatius.xtec.cat\/osona\/wp-json\/wp\/v2\/comments?post=11520"}],"version-history":[{"count":3,"href":"https:\/\/serveiseducatius.xtec.cat\/osona\/wp-json\/wp\/v2\/pages\/11520\/revisions"}],"predecessor-version":[{"id":11652,"href":"https:\/\/serveiseducatius.xtec.cat\/osona\/wp-json\/wp\/v2\/pages\/11520\/revisions\/11652"}],"up":[{"embeddable":true,"href":"https:\/\/serveiseducatius.xtec.cat\/osona\/wp-json\/wp\/v2\/pages\/8173"}],"wp:attachment":[{"href":"https:\/\/serveiseducatius.xtec.cat\/osona\/wp-json\/wp\/v2\/media?parent=11520"}],"curies":[{"name":"wp","href":"https:\/\/api.w.org\/{rel}","templated":true}]}}