{"id":11132,"date":"2022-06-02T14:00:52","date_gmt":"2022-06-02T12:00:52","guid":{"rendered":"https:\/\/serveiseducatius.xtec.cat\/osona\/?page_id=11132"},"modified":"2023-09-08T10:05:03","modified_gmt":"2023-09-08T08:05:03","slug":"ausetanada","status":"publish","type":"page","link":"https:\/\/serveiseducatius.xtec.cat\/osona\/dinamitzacio\/ausetanada\/","title":{"rendered":"Ausetanada"},"content":{"rendered":"<p dir=\"ltr\">Aquesta activitat est\u00e0 adre\u00e7ada a l\u2019alumnat de <strong>primer cicle d\u2019ESO<\/strong> (1r i 2n).<\/p>\n<p dir=\"ltr\"><strong>Descripci\u00f3 de l\u2019activitat:<\/strong><\/p>\n<p>&nbsp;<\/p>\n<p dir=\"ltr\">L\u2019#Ausetanada&#8211; es tracta d\u2019una activitat que combina geolocalitzaci\u00f3, descoberta del territori i dels elements que s\u2019hi poden trobar i l&#8217;\u00fas d\u2019apps.<\/p>\n<p>&nbsp;<\/p>\n<p dir=\"ltr\">El curs 2019-2020 es va crear un grup de treball amb docents de diversos <span class=\"il\">centres<\/span> de la comarca que van realitzar un llistat de punts d\u2019inter\u00e8s per tem\u00e0tiques, despr\u00e9s aquests punts els van documentar els alumnes de 3r i 4t d\u2019ESO a trav\u00e9s d\u2019una p\u00e0gina web, introduint les coordenades geogr\u00e0fiques, el nom del punt i un recull d\u2019informaci\u00f3 d\u2019inter\u00e8s.<\/p>\n<p>&nbsp;<\/p>\n<p dir=\"ltr\" style=\"text-align: center;\">Amb aquestes dades es generen els targetons amb els que grups de 5 alumnes de 1r i 2n d\u2019ESO planifiquen un itinerari per la ciutat de Vic i quan arriben al lloc indicat, a trav\u00e9s d\u2019una app se\u2019ls activen un seguit de proves que han de realitzar i pujar a les xarxes socials.<\/p>\n<table class=\" aligncenter\" style=\"width: 46.8455%; border-collapse: collapse; border-color: #ffffff;\">\n<tbody>\n<tr>\n<td style=\"width: 23.5315%;\"><img loading=\"lazy\" decoding=\"async\" class=\"CToWUd a6T aligncenter\" tabindex=\"0\" src=\"https:\/\/lh4.googleusercontent.com\/U-akauXqk4jvDRRmsXLQttbCZLRwKG7meF72yoSdiPfmsmTOZoGBGYOm8eXeIcbQdRwAHlYcxoX-i94mf5KIBDjPW3294lqN6u7UBU4OY5YQnKif69AkJ8q3WBLKceDmz1xVguJE\" width=\"291\" height=\"165\" \/><\/td>\n<td style=\"width: 23.314%;\"><img loading=\"lazy\" decoding=\"async\" class=\"CToWUd a6T aligncenter\" tabindex=\"0\" src=\"https:\/\/lh4.googleusercontent.com\/bQ9QT0jFxuiYHl4cwMikcchYh7Nx2YpvzbT01MsW9aCUNJWpUozv8UvD3KX-cNnWh9Axvy3cn_YkcogmXXuCZh4FF2-QxMDSbDCClsWUQUpbcMSeyUpIHedTzIXOB5e4cewCBOrB\" width=\"290\" height=\"165\" \/><\/td>\n<\/tr>\n<\/tbody>\n<\/table>\n<p dir=\"ltr\">L\u2019activitat <strong>t\u00e9 una durada de dues<\/strong> hores.<\/p>\n<p dir=\"ltr\" style=\"text-align: center;\">Els alumnes recorren la ciutat, decidint quin itinerari realitzaran i quina prova duran a terme en cada lloc que visitin.<\/p>\n<table class=\" aligncenter\" style=\"border-collapse: collapse; width: 61.7839%;\">\n<tbody>\n<tr>\n<td style=\"width: 20.0628%;\"><img loading=\"lazy\" decoding=\"async\" class=\"CToWUd a6T aligncenter\" style=\"font-size: 20px;\" tabindex=\"0\" src=\"https:\/\/lh4.googleusercontent.com\/z_vvkZrH9YphwopJ_UCPLG-Rd_4kdVlx5lmRYa-aFpwgz1Y7MoHRARzOS4omiZgj71eNwfIYIV6qaA329iKZZr3I1KL6uXsrVOlSoArHKGXrfceb38sX2jpcVQxX4Efzp9sQBqwL\" width=\"253\" height=\"246\" \/><\/td>\n<td style=\"width: 22.8839%;\"><img loading=\"lazy\" decoding=\"async\" class=\"CToWUd a6T aligncenter\" tabindex=\"0\" src=\"https:\/\/lh4.googleusercontent.com\/PAmoHVgjCmHL6WhjtQvuoWQKmxSZ3qikj7mpHn-Dk-yBxYcBNaVB7dkCvjY8DpSQCK5Vrbj6liDQXjB3hJO5wXn7KVUPEvSn-Utn2tio8njih5yRp3lwL7Jwq0GAgNJ0oQk1-g9k\" width=\"285\" height=\"242\" \/><\/td>\n<td style=\"width: 22.6782%;\"><img loading=\"lazy\" decoding=\"async\" class=\"CToWUd aligncenter\" src=\"https:\/\/lh5.googleusercontent.com\/ybXAlteFjJL1zzUlUHSPxSiHhp7IdlT1U9jGBNM_F8lhyg1vwwstcTqGcSKyn2Vd4motR030o6ejGum5o7GlBUW_FM03ZT5Xbpmw9O_OD7N2vHXuSVyOLuqEoHXXMULWyaZ9dz-Q\" width=\"258\" height=\"230\" \/><\/td>\n<\/tr>\n<\/tbody>\n<\/table>\n<p dir=\"ltr\">Al <span class=\"il\">centre<\/span> de control, un equip de docents supervisa la ubicaci\u00f3 dels grups, la realitzaci\u00f3 de les proves i estan en contacte amb els alumnes per si es presenta alguna eventualitat.<\/p>\n<p>&nbsp;<\/p>\n<p dir=\"ltr\"><img loading=\"lazy\" decoding=\"async\" class=\"CToWUd a6T aligncenter\" tabindex=\"0\" src=\"https:\/\/lh5.googleusercontent.com\/OZ_AzGOIrUmvgsxqziFzaiRNKgz_MEXtRKOnfcWv4MVpRHyrpreoB73Zy5dopXH8fMpNI2VrxaoDFsdrzEIXsYBVHr3nvC-DhLDJbshXbLc9hiPBMV1BXfAoefzhmExtbWJaj9_s\" width=\"602\" height=\"311\" \/><\/p>\n<p>&nbsp;<\/p>\n<p dir=\"ltr\">Paral\u00b7lelament, tant la gu\u00e0rdia urbana de Vic com els agents c\u00edvics estan informats i al corrent de la realitzaci\u00f3 de les proves per si els alumnes necessitessin ajuda.<\/p>\n<p>&nbsp;<\/p>\n<p dir=\"ltr\"><strong>Requisits:<\/strong><\/p>\n<p>&nbsp;<\/p>\n<p dir=\"ltr\">Almenys tres alumnes de cada grup han de disposar de tel\u00e8fons m\u00f2bils amb dades i instal\u00b7lar-se algunes aplicacions (geolocalitzaci\u00f3 i seguiment a dist\u00e0ncia).<\/p>\n<p dir=\"ltr\">Cal que hi hagi un docent del <span class=\"il\">centre<\/span> per cada 20 o 25 alumnes per fer-ne el seguiment i suport des de la sala de control.<\/p>\n<p dir=\"ltr\">Almenys un docent del centre ha de participar en el grup de treball per anar preparant l&#8217;activitat i poder traslladar la informaci\u00f3 necess\u00e0ria a la resta de docents i alumnes que participaran el dia de la prova.<\/p>\n","protected":false},"excerpt":{"rendered":"<p>Aquesta activitat est\u00e0 adre\u00e7ada a l\u2019alumnat de primer cicle d\u2019ESO (1r i 2n). Descripci\u00f3 de l\u2019activitat: &nbsp; L\u2019#Ausetanada&#8211; es tracta [&hellip;]<\/p>\n","protected":false},"author":1,"featured_media":0,"parent":8504,"menu_order":0,"comment_status":"closed","ping_status":"closed","template":"","meta":{"_bbp_topic_count":0,"_bbp_reply_count":0,"_bbp_total_topic_count":0,"_bbp_total_reply_count":0,"_bbp_voice_count":0,"_bbp_anonymous_reply_count":0,"_bbp_topic_count_hidden":0,"_bbp_reply_count_hidden":0,"_bbp_forum_subforum_count":0,"site-sidebar-layout":"default","site-content-layout":"","ast-site-content-layout":"","site-content-style":"default","site-sidebar-style":"default","ast-global-header-display":"","ast-banner-title-visibility":"","ast-main-header-display":"","ast-hfb-above-header-display":"","ast-hfb-below-header-display":"","ast-hfb-mobile-header-display":"","site-post-title":"","ast-breadcrumbs-content":"","ast-featured-img":"","footer-sml-layout":"","theme-transparent-header-meta":"","adv-header-id-meta":"","stick-header-meta":"","header-above-stick-meta":"","header-main-stick-meta":"","header-below-stick-meta":"","astra-migrate-meta-layouts":"default","ast-page-background-enabled":"default","ast-page-background-meta":{"desktop":{"background-color":"var(--ast-global-color-4)","background-image":"","background-repeat":"repeat","background-position":"center center","background-size":"auto","background-attachment":"scroll","background-type":"","background-media":"","overlay-type":"","overlay-color":"","overlay-opacity":"","overlay-gradient":""},"tablet":{"background-color":"","background-image":"","background-repeat":"repeat","background-position":"center center","background-size":"auto","background-attachment":"scroll","background-type":"","background-media":"","overlay-type":"","overlay-color":"","overlay-opacity":"","overlay-gradient":""},"mobile":{"background-color":"","background-image":"","background-repeat":"repeat","background-position":"center center","background-size":"auto","background-attachment":"scroll","background-type":"","background-media":"","overlay-type":"","overlay-color":"","overlay-opacity":"","overlay-gradient":""}},"ast-content-background-meta":{"desktop":{"background-color":"var(--ast-global-color-5)","background-image":"","background-repeat":"repeat","background-position":"center center","background-size":"auto","background-attachment":"scroll","background-type":"","background-media":"","overlay-type":"","overlay-color":"","overlay-opacity":"","overlay-gradient":""},"tablet":{"background-color":"var(--ast-global-color-5)","background-image":"","background-repeat":"repeat","background-position":"center center","background-size":"auto","background-attachment":"scroll","background-type":"","background-media":"","overlay-type":"","overlay-color":"","overlay-opacity":"","overlay-gradient":""},"mobile":{"background-color":"var(--ast-global-color-5)","background-image":"","background-repeat":"repeat","background-position":"center center","background-size":"auto","background-attachment":"scroll","background-type":"","background-media":"","overlay-type":"","overlay-color":"","overlay-opacity":"","overlay-gradient":""}},"footnotes":""},"class_list":["post-11132","page","type-page","status-publish","hentry"],"post_mailing_queue_ids":[],"_links":{"self":[{"href":"https:\/\/serveiseducatius.xtec.cat\/osona\/wp-json\/wp\/v2\/pages\/11132","targetHints":{"allow":["GET"]}}],"collection":[{"href":"https:\/\/serveiseducatius.xtec.cat\/osona\/wp-json\/wp\/v2\/pages"}],"about":[{"href":"https:\/\/serveiseducatius.xtec.cat\/osona\/wp-json\/wp\/v2\/types\/page"}],"author":[{"embeddable":true,"href":"https:\/\/serveiseducatius.xtec.cat\/osona\/wp-json\/wp\/v2\/users\/1"}],"replies":[{"embeddable":true,"href":"https:\/\/serveiseducatius.xtec.cat\/osona\/wp-json\/wp\/v2\/comments?post=11132"}],"version-history":[{"count":3,"href":"https:\/\/serveiseducatius.xtec.cat\/osona\/wp-json\/wp\/v2\/pages\/11132\/revisions"}],"predecessor-version":[{"id":11705,"href":"https:\/\/serveiseducatius.xtec.cat\/osona\/wp-json\/wp\/v2\/pages\/11132\/revisions\/11705"}],"up":[{"embeddable":true,"href":"https:\/\/serveiseducatius.xtec.cat\/osona\/wp-json\/wp\/v2\/pages\/8504"}],"wp:attachment":[{"href":"https:\/\/serveiseducatius.xtec.cat\/osona\/wp-json\/wp\/v2\/media?parent=11132"}],"curies":[{"name":"wp","href":"https:\/\/api.w.org\/{rel}","templated":true}]}}