{"id":11114,"date":"2022-05-31T13:20:47","date_gmt":"2022-05-31T11:20:47","guid":{"rendered":"https:\/\/serveiseducatius.xtec.cat\/osona\/?page_id=11114"},"modified":"2022-05-31T13:23:54","modified_gmt":"2022-05-31T11:23:54","slug":"maletes-velles-prehistoria","status":"publish","type":"page","link":"https:\/\/serveiseducatius.xtec.cat\/osona\/recursos\/maletes-pedagogiques\/historia\/maletes-velles-prehistoria\/","title":{"rendered":"Maletes velles prehist\u00f2ria"},"content":{"rendered":"<h3>Maleta evoluci\u00f3 humana + dossier f\u00f2ssils<\/h3>\n<p><img loading=\"lazy\" decoding=\"async\" class=\"alignnone wp-image-11117\" src=\"https:\/\/serveiseducatius.xtec.cat\/osona\/wp-content\/uploads\/usu1175\/2022\/05\/IMG_20220502_093028-300x138.jpg\" alt=\"\" width=\"450\" height=\"207\" srcset=\"https:\/\/serveiseducatius.xtec.cat\/osona\/wp-content\/uploads\/usu1175\/2022\/05\/IMG_20220502_093028-300x138.jpg 300w, https:\/\/serveiseducatius.xtec.cat\/osona\/wp-content\/uploads\/usu1175\/2022\/05\/IMG_20220502_093028-768x354.jpg 768w, https:\/\/serveiseducatius.xtec.cat\/osona\/wp-content\/uploads\/usu1175\/2022\/05\/IMG_20220502_093028.jpg 1024w\" sizes=\"auto, (max-width: 450px) 100vw, 450px\" \/><\/p>\n<p style=\"padding-left: 40px;\"><strong>HOMO SAPIENS SAPIENS<\/strong><\/p>\n<p style=\"padding-left: 80px;\">Localitat: Cro-Magnon<\/p>\n<p style=\"padding-left: 80px;\">Sinon\u00edmia: &#8220;Home de Cro-Magnon&#8221;. Homo Spaiens Fossilis.<\/p>\n<p style=\"padding-left: 80px;\">Edat: Plistoc\u00e8 superior (-30.000)<\/p>\n<p style=\"padding-left: 40px;\">\n<p style=\"padding-left: 40px;\"><strong>HOMO SAPIENS NEANDERTHALENSIS<\/strong><\/p>\n<p style=\"padding-left: 80px;\">Localitat: La Ferrasie (Fran\u00e7a)<\/p>\n<p style=\"padding-left: 80px;\">Sinon\u00edmia: &#8220;Home de Neanderthal&#8221;<\/p>\n<p style=\"padding-left: 80px;\">Edat: plistoc\u00e8 superior (-80.000)<\/p>\n<p style=\"padding-left: 40px;\">\n<p style=\"padding-left: 40px;\"><strong>AUTRALOPITHECUS AFRICANUS<\/strong><\/p>\n<p style=\"padding-left: 80px;\">Localitat: Sterkfonteint (Sud\u00e0frica)<\/p>\n<p style=\"padding-left: 80px;\">Sinon\u00edmia: Plesianthropus transvalensis<\/p>\n<p style=\"padding-left: 80px;\">Edat: Plioc\u00e8 superior (2&#8217;5-3 milions d&#8217;anys)<\/p>\n<p style=\"padding-left: 40px;\">\n<p style=\"padding-left: 40px;\"><strong>HOMO HABILIS<\/strong><\/p>\n<p style=\"padding-left: 80px;\">Localitat: Koobi Fora (Turkana oriental, K\u00e8nia)<\/p>\n<p style=\"padding-left: 80px;\">Edat: Plioc\u00e8 superior-plistoc\u00e8 inferior (1&#8217;8-2 milions d&#8217;anys)<\/p>\n<p style=\"padding-left: 40px;\">\n<p style=\"padding-left: 40px;\"><strong>HOMO HERECTUS<\/strong><\/p>\n<p style=\"padding-left: 80px;\">Localitat: Zhokoudian (Beijing, Xina)<\/p>\n<p style=\"padding-left: 80px;\">Sinon\u00edmia: Sinanthropus pekinensis<\/p>\n<p style=\"padding-left: 80px;\">Edat: Plistoc\u00e8 mitj\u00e0 (450.000 anys)<\/p>\n<p><strong>Dossier<\/strong>:\u00a0<a href=\"https:\/\/serveiseducatius.xtec.cat\/osona\/wp-content\/uploads\/usu1175\/2022\/05\/La-recerca-de-restes-fossils.pdf\">La recerca de restes f\u00f2ssils (PDF)<\/a><\/p>\n<p>&nbsp;<\/p>\n<h3>Maleta estris + dossier paleol\u00edtic<\/h3>\n<p><img loading=\"lazy\" decoding=\"async\" class=\"alignnone wp-image-11115\" src=\"https:\/\/serveiseducatius.xtec.cat\/osona\/wp-content\/uploads\/usu1175\/2022\/05\/IMG_20220502_093432-scaled-e1653995276692-300x171.jpg\" alt=\"\" width=\"450\" height=\"257\" srcset=\"https:\/\/serveiseducatius.xtec.cat\/osona\/wp-content\/uploads\/usu1175\/2022\/05\/IMG_20220502_093432-scaled-e1653995276692-300x171.jpg 300w, https:\/\/serveiseducatius.xtec.cat\/osona\/wp-content\/uploads\/usu1175\/2022\/05\/IMG_20220502_093432-scaled-e1653995276692-768x438.jpg 768w, https:\/\/serveiseducatius.xtec.cat\/osona\/wp-content\/uploads\/usu1175\/2022\/05\/IMG_20220502_093432-scaled-e1653995276692.jpg 1024w\" sizes=\"auto, (max-width: 450px) 100vw, 450px\" \/><\/p>\n<p><strong>Fitxes did\u00e0ctiques<\/strong>:<\/p>\n<ul>\n<li style=\"list-style-type: none;\">\n<ul>\n<li>El propulsor<\/li>\n<li>L&#8217;arp\u00f3<\/li>\n<li>La fletxa<\/li>\n<li>C\u00f2dol tallat unifacialment<\/li>\n<li>Gratador<\/li>\n<li>Bur\u00ed<\/li>\n<li>La mina<\/li>\n<li>Ganivet<\/li>\n<li>Art moble<\/li>\n<li>Els colorants<\/li>\n<\/ul>\n<\/li>\n<\/ul>\n<p><strong>Dossier<\/strong>: <a href=\"https:\/\/serveiseducatius.xtec.cat\/osona\/wp-content\/uploads\/usu1175\/2022\/05\/El-paleolitic-1.pdf\">El paleol\u00edtic (PDF)<\/a><\/p>\n<p>&nbsp;<\/p>\n","protected":false},"excerpt":{"rendered":"<p>Maleta evoluci\u00f3 humana + dossier f\u00f2ssils HOMO SAPIENS SAPIENS Localitat: Cro-Magnon Sinon\u00edmia: &#8220;Home de Cro-Magnon&#8221;. Homo Spaiens Fossilis. Edat: Plistoc\u00e8 [&hellip;]<\/p>\n","protected":false},"author":1,"featured_media":0,"parent":8177,"menu_order":0,"comment_status":"closed","ping_status":"closed","template":"","meta":{"_bbp_topic_count":0,"_bbp_reply_count":0,"_bbp_total_topic_count":0,"_bbp_total_reply_count":0,"_bbp_voice_count":0,"_bbp_anonymous_reply_count":0,"_bbp_topic_count_hidden":0,"_bbp_reply_count_hidden":0,"_bbp_forum_subforum_count":0,"site-sidebar-layout":"default","site-content-layout":"","ast-site-content-layout":"","site-content-style":"default","site-sidebar-style":"default","ast-global-header-display":"","ast-banner-title-visibility":"","ast-main-header-display":"","ast-hfb-above-header-display":"","ast-hfb-below-header-display":"","ast-hfb-mobile-header-display":"","site-post-title":"","ast-breadcrumbs-content":"","ast-featured-img":"","footer-sml-layout":"","theme-transparent-header-meta":"","adv-header-id-meta":"","stick-header-meta":"","header-above-stick-meta":"","header-main-stick-meta":"","header-below-stick-meta":"","astra-migrate-meta-layouts":"default","ast-page-background-enabled":"default","ast-page-background-meta":{"desktop":{"background-color":"var(--ast-global-color-4)","background-image":"","background-repeat":"repeat","background-position":"center center","background-size":"auto","background-attachment":"scroll","background-type":"","background-media":"","overlay-type":"","overlay-color":"","overlay-opacity":"","overlay-gradient":""},"tablet":{"background-color":"","background-image":"","background-repeat":"repeat","background-position":"center center","background-size":"auto","background-attachment":"scroll","background-type":"","background-media":"","overlay-type":"","overlay-color":"","overlay-opacity":"","overlay-gradient":""},"mobile":{"background-color":"","background-image":"","background-repeat":"repeat","background-position":"center center","background-size":"auto","background-attachment":"scroll","background-type":"","background-media":"","overlay-type":"","overlay-color":"","overlay-opacity":"","overlay-gradient":""}},"ast-content-background-meta":{"desktop":{"background-color":"var(--ast-global-color-5)","background-image":"","background-repeat":"repeat","background-position":"center center","background-size":"auto","background-attachment":"scroll","background-type":"","background-media":"","overlay-type":"","overlay-color":"","overlay-opacity":"","overlay-gradient":""},"tablet":{"background-color":"var(--ast-global-color-5)","background-image":"","background-repeat":"repeat","background-position":"center center","background-size":"auto","background-attachment":"scroll","background-type":"","background-media":"","overlay-type":"","overlay-color":"","overlay-opacity":"","overlay-gradient":""},"mobile":{"background-color":"var(--ast-global-color-5)","background-image":"","background-repeat":"repeat","background-position":"center center","background-size":"auto","background-attachment":"scroll","background-type":"","background-media":"","overlay-type":"","overlay-color":"","overlay-opacity":"","overlay-gradient":""}},"footnotes":""},"class_list":["post-11114","page","type-page","status-publish","hentry"],"post_mailing_queue_ids":[],"_links":{"self":[{"href":"https:\/\/serveiseducatius.xtec.cat\/osona\/wp-json\/wp\/v2\/pages\/11114","targetHints":{"allow":["GET"]}}],"collection":[{"href":"https:\/\/serveiseducatius.xtec.cat\/osona\/wp-json\/wp\/v2\/pages"}],"about":[{"href":"https:\/\/serveiseducatius.xtec.cat\/osona\/wp-json\/wp\/v2\/types\/page"}],"author":[{"embeddable":true,"href":"https:\/\/serveiseducatius.xtec.cat\/osona\/wp-json\/wp\/v2\/users\/1"}],"replies":[{"embeddable":true,"href":"https:\/\/serveiseducatius.xtec.cat\/osona\/wp-json\/wp\/v2\/comments?post=11114"}],"version-history":[{"count":3,"href":"https:\/\/serveiseducatius.xtec.cat\/osona\/wp-json\/wp\/v2\/pages\/11114\/revisions"}],"predecessor-version":[{"id":11125,"href":"https:\/\/serveiseducatius.xtec.cat\/osona\/wp-json\/wp\/v2\/pages\/11114\/revisions\/11125"}],"up":[{"embeddable":true,"href":"https:\/\/serveiseducatius.xtec.cat\/osona\/wp-json\/wp\/v2\/pages\/8177"}],"wp:attachment":[{"href":"https:\/\/serveiseducatius.xtec.cat\/osona\/wp-json\/wp\/v2\/media?parent=11114"}],"curies":[{"name":"wp","href":"https:\/\/api.w.org\/{rel}","templated":true}]}}