{"id":10418,"date":"2021-06-21T13:18:15","date_gmt":"2021-06-21T11:18:15","guid":{"rendered":"http:\/\/serveiseducatius.xtec.cat\/osona\/?page_id=10418"},"modified":"2021-06-21T13:58:36","modified_gmt":"2021-06-21T11:58:36","slug":"geologia","status":"publish","type":"page","link":"https:\/\/serveiseducatius.xtec.cat\/osona\/recursos\/catalegs-tematics\/geologia\/","title":{"rendered":"Geologia"},"content":{"rendered":"<h2>Materials i recursos per treballar la geologia amb els alumnes.<\/h2>\n<table style=\"border-style: none;\">\n<tbody>\n<tr>\n<td style=\"border-style: none; border-color: #ffffff; background-color: #ffffff;\"><img decoding=\"async\" src=\"https:\/\/c.pxhere.com\/photos\/e9\/67\/antelope_canyon_lower_canyon_arizona_antelope_slot_navajo_light-664788.jpg!d\" srcset=\"https:\/\/c.pxhere.com\/photos\/e9\/67\/antelope_canyon_lower_canyon_arizona_antelope_slot_navajo_light-664788.jpg!d\" alt=\"paisaje, naturaleza, arena, rock, ligero, luz de sol, Desierto, flor, pared, arenisca, piedra, viajar, haz, formaci\u00f3n, misterio, naranja, cueva, rojo, color, parque, Estados Unidos, America, ca\u00f1\u00f3n, turismo, p\u00e1gina, ant\u00edlope, Erosionado, erosi\u00f3n, Arizona, Ant\u00edlope, de cerca, geolog\u00eda, ojo, unido, inferior, indio, Navajo, espacio, suroeste, Estados, Fotos gratis In PxHere\" \/><\/td>\n<td style=\"border-style: none; border-color: #ffffff; background-color: #ffffff;\"><img decoding=\"async\" src=\"https:\/\/c.pxhere.com\/photos\/f9\/7c\/skeleton_bones_dinosaur_fossil_excavations_paleontology-1165050.jpg!d\" srcset=\"https:\/\/c.pxhere.com\/photos\/f9\/7c\/skeleton_bones_dinosaur_fossil_excavations_paleontology-1165050.jpg!d\" alt=\"rock, madera, barro, material, escultura, art, geolog\u00eda, esqueleto, huesos, f\u00f3sil, tallado, dinosaurio, paleontolog\u00eda, Excavaciones, historia antigua, Fotos gratis In PxHere\" \/><\/td>\n<\/tr>\n<\/tbody>\n<\/table>\n<p>En aquest espai trobareu tot de recursos per treballar la geologia amb els vostres alumnes, des de maletes pedag\u00f2giques fins a activitats on-line d&#8217;organismes tan coneguts com l&#8217;ICGC, el Centre Excursionista de Catalunya, l&#8217;Instituto Geogr\u00e1fico Nacional i d&#8217;altres.<\/p>\n<h3>Materials en pr\u00e9stec a disposici\u00f3 dels centres:<\/h3>\n<h4>Col\u00b7leccions de roques i minerals<\/h4>\n<table>\n<tbody>\n<tr>\n<td><img loading=\"lazy\" decoding=\"async\" class=\"aligncenter wp-image-10421\" src=\"https:\/\/serveiseducatius.xtec.cat\/osona\/wp-content\/uploads\/usu1175\/2021\/06\/IMG_20210621_095418-300x181.jpg\" alt=\"\" width=\"500\" height=\"301\" srcset=\"https:\/\/serveiseducatius.xtec.cat\/osona\/wp-content\/uploads\/usu1175\/2021\/06\/IMG_20210621_095418-300x181.jpg 300w, https:\/\/serveiseducatius.xtec.cat\/osona\/wp-content\/uploads\/usu1175\/2021\/06\/IMG_20210621_095418-768x462.jpg 768w, https:\/\/serveiseducatius.xtec.cat\/osona\/wp-content\/uploads\/usu1175\/2021\/06\/IMG_20210621_095418-1024x616.jpg 1024w\" sizes=\"auto, (max-width: 500px) 100vw, 500px\" \/><\/td>\n<td><img loading=\"lazy\" decoding=\"async\" class=\"aligncenter wp-image-10422\" src=\"https:\/\/serveiseducatius.xtec.cat\/osona\/wp-content\/uploads\/usu1175\/2021\/06\/IMG_20210621_095504-159x300.jpg\" alt=\"\" width=\"300\" height=\"567\" srcset=\"https:\/\/serveiseducatius.xtec.cat\/osona\/wp-content\/uploads\/usu1175\/2021\/06\/IMG_20210621_095504-159x300.jpg 159w, https:\/\/serveiseducatius.xtec.cat\/osona\/wp-content\/uploads\/usu1175\/2021\/06\/IMG_20210621_095504-768x1450.jpg 768w, https:\/\/serveiseducatius.xtec.cat\/osona\/wp-content\/uploads\/usu1175\/2021\/06\/IMG_20210621_095504-542x1024.jpg 542w\" sizes=\"auto, (max-width: 300px) 100vw, 300px\" \/><\/td>\n<\/tr>\n<tr>\n<td><img loading=\"lazy\" decoding=\"async\" class=\"aligncenter wp-image-10423\" src=\"https:\/\/serveiseducatius.xtec.cat\/osona\/wp-content\/uploads\/usu1175\/2021\/06\/IMG_20210621_095545-300x184.jpg\" alt=\"\" width=\"500\" height=\"307\" srcset=\"https:\/\/serveiseducatius.xtec.cat\/osona\/wp-content\/uploads\/usu1175\/2021\/06\/IMG_20210621_095545-300x184.jpg 300w, https:\/\/serveiseducatius.xtec.cat\/osona\/wp-content\/uploads\/usu1175\/2021\/06\/IMG_20210621_095545-768x471.jpg 768w, https:\/\/serveiseducatius.xtec.cat\/osona\/wp-content\/uploads\/usu1175\/2021\/06\/IMG_20210621_095545-1024x628.jpg 1024w\" sizes=\"auto, (max-width: 500px) 100vw, 500px\" \/><\/td>\n<td><img loading=\"lazy\" decoding=\"async\" class=\"aligncenter wp-image-10424\" src=\"https:\/\/serveiseducatius.xtec.cat\/osona\/wp-content\/uploads\/usu1175\/2021\/06\/IMG_20210621_095602-156x300.jpg\" alt=\"\" width=\"259\" height=\"500\" srcset=\"https:\/\/serveiseducatius.xtec.cat\/osona\/wp-content\/uploads\/usu1175\/2021\/06\/IMG_20210621_095602-156x300.jpg 156w, https:\/\/serveiseducatius.xtec.cat\/osona\/wp-content\/uploads\/usu1175\/2021\/06\/IMG_20210621_095602-768x1480.jpg 768w, https:\/\/serveiseducatius.xtec.cat\/osona\/wp-content\/uploads\/usu1175\/2021\/06\/IMG_20210621_095602-531x1024.jpg 531w\" sizes=\"auto, (max-width: 259px) 100vw, 259px\" \/><\/td>\n<\/tr>\n<tr>\n<td>F\u00f2ssils<\/td>\n<td><img loading=\"lazy\" decoding=\"async\" class=\"aligncenter wp-image-10425\" src=\"https:\/\/serveiseducatius.xtec.cat\/osona\/wp-content\/uploads\/usu1175\/2021\/06\/IMG_20210621_095638-180x300.jpg\" alt=\"\" width=\"299\" height=\"500\" srcset=\"https:\/\/serveiseducatius.xtec.cat\/osona\/wp-content\/uploads\/usu1175\/2021\/06\/IMG_20210621_095638-180x300.jpg 180w, https:\/\/serveiseducatius.xtec.cat\/osona\/wp-content\/uploads\/usu1175\/2021\/06\/IMG_20210621_095638-768x1283.jpg 768w, https:\/\/serveiseducatius.xtec.cat\/osona\/wp-content\/uploads\/usu1175\/2021\/06\/IMG_20210621_095638-613x1024.jpg 613w\" sizes=\"auto, (max-width: 299px) 100vw, 299px\" \/><\/td>\n<\/tr>\n<tr>\n<td>\u00a0\u00a0\u00a0\u00a0\u00a0\u00a0\u00a0\u00a0\u00a0\u00a0 <img loading=\"lazy\" decoding=\"async\" class=\"aligncenter wp-image-10426\" src=\"https:\/\/serveiseducatius.xtec.cat\/osona\/wp-content\/uploads\/usu1175\/2021\/06\/IMG_20210621_095653-300x139.jpg\" alt=\"\" width=\"500\" height=\"231\" srcset=\"https:\/\/serveiseducatius.xtec.cat\/osona\/wp-content\/uploads\/usu1175\/2021\/06\/IMG_20210621_095653-300x139.jpg 300w, https:\/\/serveiseducatius.xtec.cat\/osona\/wp-content\/uploads\/usu1175\/2021\/06\/IMG_20210621_095653-768x355.jpg 768w, https:\/\/serveiseducatius.xtec.cat\/osona\/wp-content\/uploads\/usu1175\/2021\/06\/IMG_20210621_095653-1024x473.jpg 1024w\" sizes=\"auto, (max-width: 500px) 100vw, 500px\" \/>\u00a0\u00a0\u00a0\u00a0\u00a0\u00a0 4<\/td>\n<td><img loading=\"lazy\" decoding=\"async\" class=\"aligncenter wp-image-10427\" src=\"https:\/\/serveiseducatius.xtec.cat\/osona\/wp-content\/uploads\/usu1175\/2021\/06\/IMG_20210621_095702-174x300.jpg\" alt=\"\" width=\"290\" height=\"500\" srcset=\"https:\/\/serveiseducatius.xtec.cat\/osona\/wp-content\/uploads\/usu1175\/2021\/06\/IMG_20210621_095702-174x300.jpg 174w, https:\/\/serveiseducatius.xtec.cat\/osona\/wp-content\/uploads\/usu1175\/2021\/06\/IMG_20210621_095702-768x1325.jpg 768w, https:\/\/serveiseducatius.xtec.cat\/osona\/wp-content\/uploads\/usu1175\/2021\/06\/IMG_20210621_095702-593x1024.jpg 593w, https:\/\/serveiseducatius.xtec.cat\/osona\/wp-content\/uploads\/usu1175\/2021\/06\/IMG_20210621_095702.jpg 2040w\" sizes=\"auto, (max-width: 290px) 100vw, 290px\" \/><\/td>\n<\/tr>\n<tr>\n<td><img loading=\"lazy\" decoding=\"async\" class=\"aligncenter wp-image-10428\" src=\"https:\/\/serveiseducatius.xtec.cat\/osona\/wp-content\/uploads\/usu1175\/2021\/06\/IMG_20210621_095728-300x128.jpg\" alt=\"\" width=\"500\" height=\"214\" srcset=\"https:\/\/serveiseducatius.xtec.cat\/osona\/wp-content\/uploads\/usu1175\/2021\/06\/IMG_20210621_095728-300x128.jpg 300w, https:\/\/serveiseducatius.xtec.cat\/osona\/wp-content\/uploads\/usu1175\/2021\/06\/IMG_20210621_095728-768x329.jpg 768w, https:\/\/serveiseducatius.xtec.cat\/osona\/wp-content\/uploads\/usu1175\/2021\/06\/IMG_20210621_095728-1024x438.jpg 1024w\" sizes=\"auto, (max-width: 500px) 100vw, 500px\" \/><\/td>\n<td><img loading=\"lazy\" decoding=\"async\" class=\"aligncenter wp-image-10429\" src=\"https:\/\/serveiseducatius.xtec.cat\/osona\/wp-content\/uploads\/usu1175\/2021\/06\/IMG_20210621_095739-300x177.jpg\" alt=\"\" width=\"500\" height=\"295\" srcset=\"https:\/\/serveiseducatius.xtec.cat\/osona\/wp-content\/uploads\/usu1175\/2021\/06\/IMG_20210621_095739-300x177.jpg 300w, https:\/\/serveiseducatius.xtec.cat\/osona\/wp-content\/uploads\/usu1175\/2021\/06\/IMG_20210621_095739-768x452.jpg 768w, https:\/\/serveiseducatius.xtec.cat\/osona\/wp-content\/uploads\/usu1175\/2021\/06\/IMG_20210621_095739-1024x603.jpg 1024w\" sizes=\"auto, (max-width: 500px) 100vw, 500px\" \/><\/td>\n<\/tr>\n<tr>\n<td><img loading=\"lazy\" decoding=\"async\" class=\"aligncenter wp-image-10436\" src=\"https:\/\/serveiseducatius.xtec.cat\/osona\/wp-content\/uploads\/usu1175\/2021\/06\/IMG_20210621_095312-300x160.jpg\" alt=\"\" width=\"500\" height=\"266\" srcset=\"https:\/\/serveiseducatius.xtec.cat\/osona\/wp-content\/uploads\/usu1175\/2021\/06\/IMG_20210621_095312-300x160.jpg 300w, https:\/\/serveiseducatius.xtec.cat\/osona\/wp-content\/uploads\/usu1175\/2021\/06\/IMG_20210621_095312-768x409.jpg 768w, https:\/\/serveiseducatius.xtec.cat\/osona\/wp-content\/uploads\/usu1175\/2021\/06\/IMG_20210621_095312-1024x546.jpg 1024w\" sizes=\"auto, (max-width: 500px) 100vw, 500px\" \/><\/td>\n<td><img loading=\"lazy\" decoding=\"async\" class=\"aligncenter wp-image-10437\" src=\"https:\/\/serveiseducatius.xtec.cat\/osona\/wp-content\/uploads\/usu1175\/2021\/06\/IMG_20210621_095323-300x148.jpg\" alt=\"\" width=\"500\" height=\"247\" srcset=\"https:\/\/serveiseducatius.xtec.cat\/osona\/wp-content\/uploads\/usu1175\/2021\/06\/IMG_20210621_095323-300x148.jpg 300w, https:\/\/serveiseducatius.xtec.cat\/osona\/wp-content\/uploads\/usu1175\/2021\/06\/IMG_20210621_095323-768x379.jpg 768w, https:\/\/serveiseducatius.xtec.cat\/osona\/wp-content\/uploads\/usu1175\/2021\/06\/IMG_20210621_095323-1024x506.jpg 1024w\" sizes=\"auto, (max-width: 500px) 100vw, 500px\" \/><\/td>\n<\/tr>\n<tr>\n<td><img loading=\"lazy\" decoding=\"async\" class=\"aligncenter wp-image-10419\" src=\"https:\/\/serveiseducatius.xtec.cat\/osona\/wp-content\/uploads\/usu1175\/2021\/06\/IMG_20210621_095335-300x110.jpg\" alt=\"\" width=\"500\" height=\"183\" srcset=\"https:\/\/serveiseducatius.xtec.cat\/osona\/wp-content\/uploads\/usu1175\/2021\/06\/IMG_20210621_095335-300x110.jpg 300w, https:\/\/serveiseducatius.xtec.cat\/osona\/wp-content\/uploads\/usu1175\/2021\/06\/IMG_20210621_095335-768x282.jpg 768w, https:\/\/serveiseducatius.xtec.cat\/osona\/wp-content\/uploads\/usu1175\/2021\/06\/IMG_20210621_095335-1024x376.jpg 1024w\" sizes=\"auto, (max-width: 500px) 100vw, 500px\" \/><\/td>\n<td><img loading=\"lazy\" decoding=\"async\" class=\"aligncenter wp-image-10420\" src=\"https:\/\/serveiseducatius.xtec.cat\/osona\/wp-content\/uploads\/usu1175\/2021\/06\/IMG_20210621_095347-151x300.jpg\" alt=\"\" width=\"251\" height=\"500\" srcset=\"https:\/\/serveiseducatius.xtec.cat\/osona\/wp-content\/uploads\/usu1175\/2021\/06\/IMG_20210621_095347-151x300.jpg 151w, https:\/\/serveiseducatius.xtec.cat\/osona\/wp-content\/uploads\/usu1175\/2021\/06\/IMG_20210621_095347-768x1530.jpg 768w, https:\/\/serveiseducatius.xtec.cat\/osona\/wp-content\/uploads\/usu1175\/2021\/06\/IMG_20210621_095347-514x1024.jpg 514w\" sizes=\"auto, (max-width: 251px) 100vw, 251px\" \/><\/td>\n<\/tr>\n<tr>\n<td><img loading=\"lazy\" decoding=\"async\" class=\"aligncenter wp-image-10431\" src=\"https:\/\/serveiseducatius.xtec.cat\/osona\/wp-content\/uploads\/usu1175\/2021\/06\/IMG_20210621_095902-300x134.jpg\" alt=\"\" width=\"500\" height=\"224\" srcset=\"https:\/\/serveiseducatius.xtec.cat\/osona\/wp-content\/uploads\/usu1175\/2021\/06\/IMG_20210621_095902-300x134.jpg 300w, https:\/\/serveiseducatius.xtec.cat\/osona\/wp-content\/uploads\/usu1175\/2021\/06\/IMG_20210621_095902-768x343.jpg 768w, https:\/\/serveiseducatius.xtec.cat\/osona\/wp-content\/uploads\/usu1175\/2021\/06\/IMG_20210621_095902-1024x458.jpg 1024w\" sizes=\"auto, (max-width: 500px) 100vw, 500px\" \/><\/td>\n<td><img loading=\"lazy\" decoding=\"async\" class=\"aligncenter wp-image-10430\" src=\"https:\/\/serveiseducatius.xtec.cat\/osona\/wp-content\/uploads\/usu1175\/2021\/06\/IMG_20210621_095832-300x172.jpg\" alt=\"\" width=\"500\" height=\"287\" srcset=\"https:\/\/serveiseducatius.xtec.cat\/osona\/wp-content\/uploads\/usu1175\/2021\/06\/IMG_20210621_095832-300x172.jpg 300w, https:\/\/serveiseducatius.xtec.cat\/osona\/wp-content\/uploads\/usu1175\/2021\/06\/IMG_20210621_095832-768x441.jpg 768w, https:\/\/serveiseducatius.xtec.cat\/osona\/wp-content\/uploads\/usu1175\/2021\/06\/IMG_20210621_095832-1024x588.jpg 1024w\" sizes=\"auto, (max-width: 500px) 100vw, 500px\" \/><\/td>\n<\/tr>\n<tr>\n<td><img loading=\"lazy\" decoding=\"async\" class=\"aligncenter wp-image-10432\" src=\"https:\/\/serveiseducatius.xtec.cat\/osona\/wp-content\/uploads\/usu1175\/2021\/06\/IMG_20210621_095905-300x123.jpg\" alt=\"\" width=\"500\" height=\"205\" srcset=\"https:\/\/serveiseducatius.xtec.cat\/osona\/wp-content\/uploads\/usu1175\/2021\/06\/IMG_20210621_095905-300x123.jpg 300w, https:\/\/serveiseducatius.xtec.cat\/osona\/wp-content\/uploads\/usu1175\/2021\/06\/IMG_20210621_095905-768x314.jpg 768w, https:\/\/serveiseducatius.xtec.cat\/osona\/wp-content\/uploads\/usu1175\/2021\/06\/IMG_20210621_095905-1024x419.jpg 1024w\" sizes=\"auto, (max-width: 500px) 100vw, 500px\" \/><\/td>\n<td><img loading=\"lazy\" decoding=\"async\" class=\"aligncenter wp-image-10433\" src=\"https:\/\/serveiseducatius.xtec.cat\/osona\/wp-content\/uploads\/usu1175\/2021\/06\/IMG_20210621_095932-198x300.jpg\" alt=\"\" width=\"330\" height=\"500\" srcset=\"https:\/\/serveiseducatius.xtec.cat\/osona\/wp-content\/uploads\/usu1175\/2021\/06\/IMG_20210621_095932-198x300.jpg 198w, https:\/\/serveiseducatius.xtec.cat\/osona\/wp-content\/uploads\/usu1175\/2021\/06\/IMG_20210621_095932-768x1163.jpg 768w, https:\/\/serveiseducatius.xtec.cat\/osona\/wp-content\/uploads\/usu1175\/2021\/06\/IMG_20210621_095932-676x1024.jpg 676w, https:\/\/serveiseducatius.xtec.cat\/osona\/wp-content\/uploads\/usu1175\/2021\/06\/IMG_20210621_095932.jpg 2040w\" sizes=\"auto, (max-width: 330px) 100vw, 330px\" \/><\/td>\n<\/tr>\n<tr>\n<td><img loading=\"lazy\" decoding=\"async\" class=\"aligncenter wp-image-10434\" src=\"https:\/\/serveiseducatius.xtec.cat\/osona\/wp-content\/uploads\/usu1175\/2021\/06\/IMG_20210621_095952-300x145.jpg\" alt=\"\" width=\"500\" height=\"242\" srcset=\"https:\/\/serveiseducatius.xtec.cat\/osona\/wp-content\/uploads\/usu1175\/2021\/06\/IMG_20210621_095952-300x145.jpg 300w, https:\/\/serveiseducatius.xtec.cat\/osona\/wp-content\/uploads\/usu1175\/2021\/06\/IMG_20210621_095952-768x371.jpg 768w, https:\/\/serveiseducatius.xtec.cat\/osona\/wp-content\/uploads\/usu1175\/2021\/06\/IMG_20210621_095952-1024x495.jpg 1024w\" sizes=\"auto, (max-width: 500px) 100vw, 500px\" \/><\/td>\n<td><img loading=\"lazy\" decoding=\"async\" class=\"aligncenter wp-image-10435\" src=\"https:\/\/serveiseducatius.xtec.cat\/osona\/wp-content\/uploads\/usu1175\/2021\/06\/IMG_20210621_100008-300x201.jpg\" alt=\"\" width=\"500\" height=\"334\" srcset=\"https:\/\/serveiseducatius.xtec.cat\/osona\/wp-content\/uploads\/usu1175\/2021\/06\/IMG_20210621_100008-300x201.jpg 300w, https:\/\/serveiseducatius.xtec.cat\/osona\/wp-content\/uploads\/usu1175\/2021\/06\/IMG_20210621_100008-768x513.jpg 768w, https:\/\/serveiseducatius.xtec.cat\/osona\/wp-content\/uploads\/usu1175\/2021\/06\/IMG_20210621_100008-1024x685.jpg 1024w\" sizes=\"auto, (max-width: 500px) 100vw, 500px\" \/><\/td>\n<\/tr>\n<\/tbody>\n<\/table>\n<p>&nbsp;<\/p>\n<h4>Maleta &#8220;Interpretem paisatges&#8221; (CESIRE)<\/h4>\n<p>Des del CESIRE s&#8217;ha elaborat una maleta per interpretar i treballar de manera experimental el paisatge amb eines del camp de la geologia, s&#8217;ha triat cinc unitats paisatg\u00edstiques representatives del pa\u00eds, alta muntanya, litoral, falles, fluvial i c\u00e0rstic.<\/p>\n<p><a href=\"https:\/\/drive.google.com\/file\/d\/1OhcRwb6Uy6_cTb4fOiiX9o_LsmU-hHfd\/view\" target=\"_blank\" rel=\"noopener noreferrer\">Per qu\u00e8 una maleta per interpretar el paisatge?<\/a><\/p>\n<p><a href=\"https:\/\/sites.google.com\/xtec.cat\/interpretemelpaisatge\/inicio\/interpretem-paisatges\" target=\"_blank\" rel=\"noopener noreferrer\">Interpretem paisatges<\/a>, enlla\u00e7os als v\u00eddeos de presentaci\u00f3 de les maletes per a cada tipologia de paisatge, amb propostes per a l&#8217;aula i material d&#8217;ampliaci\u00f3.<\/p>\n<p><a href=\"https:\/\/sites.google.com\/xtec.cat\/interpretemelpaisatge\/inicio\/una-maleta-amb-recursos\" target=\"_blank\" rel=\"noopener noreferrer\">Altres recursos i informaci\u00f3 relacionada<\/a> (Web CESIRE)<\/p>\n<h3>EspaiGEA<\/h3>\n<div class=\"wp-block-column\">\n<p><a href=\"https:\/\/espaigea.cat\/\" target=\"_blank\" rel=\"noopener noreferrer\"><strong>Espaigea <\/strong><\/a>\u00e9s una plataforma oberta que neix amb la voluntat de connectar totes les institucions, associacions, entitats, museus, centres d\u2019interpretaci\u00f3 o divulgadors, entre d\u2019altres, que realitzen activitats relacionades amb la divulgaci\u00f3 de la geologia i de les ci\u00e8ncies afins. L\u2019objectiu primordial d\u2019ESPAIGEA \u00e9s posar-les en valor i donar-les a con\u00e8ixer.<\/p>\n<p><strong>Espaigea<\/strong> \u00e9s un aparador i un altaveu de les diferents <strong>activitats de divulgaci\u00f3 de la geologia <\/strong>que es fan a Catalunya, per fer-les arribar al m\u00e0xim de p\u00fablic.\u00a0Per tal de facilitar aquesta tasca, s\u2019ha implementat una plataforma web que centralitza les agendes de la comunitat espaigea en un \u00fanic espai en qu\u00e8 es pot trobar informaci\u00f3 sobre confer\u00e8ncies, seminaris, debats, webinars, cursos, jornades, tallers, exposicions, sortides de camp, geolodies, etc.<\/p>\n<p><strong>Espaigea<\/strong> contribueix a difondre tot tipus de <strong>publicacions i recursos<\/strong> \u2013 ja sigui <strong>en suport material o digital <\/strong>\u2013 que acostin les persones al coneixement de les geoci\u00e8ncies i al patrimoni geol\u00f2gic en particular: <a href=\"https:\/\/espaigea.cat\/category\/recursos-didactics\/\" target=\"_blank\" rel=\"noopener noreferrer\">recursos did\u00e0ctics<\/a>, llibres, revistes, guies de camp, blogs, webs, v\u00eddeos, podcasts, articles de divulgaci\u00f3 cient\u00edfica, projectes educatius, etc.<\/p>\n<\/div>\n<p><span class=\"\"><iframe loading=\"lazy\" src=\"https:\/\/www.youtube.com\/embed\/RMzm5wRtkeM\" width=\"560\" height=\"315\" frameborder=\"0\"><\/iframe><\/span><\/p>\n<h3>EducaIGN<\/h3>\n<p>L&#8217;Instituto Geogr\u00e1fico Nacional ha desenvolupat una plataforma de recursos educatius lliures i accessibles, hi ha recursos de consulta i de treball (alguns configurables), aquesta plataforma rep el nom d&#8217;<a href=\"https:\/\/www.ign.es\/web\/ign\/portal\/recursos-educativos\" target=\"_blank\" rel=\"noopener noreferrer\">EducaIGN<\/a> i pel que fa a la geologia destaquem els seg\u00fcents:<\/p>\n<p><iframe loading=\"lazy\" src=\"https:\/\/www.youtube.com\/embed\/46ait2dCuWw\" width=\"560\" height=\"315\" frameborder=\"0\"><\/iframe><\/p>\n<p>Los volcanes<\/p>\n<p><span class=\"\"><iframe loading=\"lazy\" src=\"https:\/\/www.youtube.com\/embed\/W3Oz4aSMHfg\" width=\"560\" height=\"315\" frameborder=\"0\"><\/iframe><\/span><\/p>\n<p>Terremotos y maremotos, \u00bfc\u00f3mo se generan?<\/p>\n<p><span class=\"atwho-query\"><a href=\"https:\/\/www.ign.es\/web\/ign\/portal\/recursos-educativos\/terremotos-y-tsunamis\" target=\"_blank\" rel=\"noopener noreferrer\">Terremotos y tsunamis<\/a> (Genial\u00b7ly)<\/span><\/p>\n<h3>Webinars Centre Excursionista de Catalunya (CEC)<\/h3>\n<p><a href=\"https:\/\/cec.cat\/\" target=\"_blank\" rel=\"noopener noreferrer\"><img loading=\"lazy\" decoding=\"async\" class=\"alignleft wp-image-10445 size-medium\" src=\"https:\/\/serveiseducatius.xtec.cat\/osona\/wp-content\/uploads\/usu1175\/2021\/06\/CEC_Logo-Vertical-300x139.png\" alt=\"\" width=\"300\" height=\"139\" srcset=\"https:\/\/serveiseducatius.xtec.cat\/osona\/wp-content\/uploads\/usu1175\/2021\/06\/CEC_Logo-Vertical-300x139.png 300w, https:\/\/serveiseducatius.xtec.cat\/osona\/wp-content\/uploads\/usu1175\/2021\/06\/CEC_Logo-Vertical-768x356.png 768w, https:\/\/serveiseducatius.xtec.cat\/osona\/wp-content\/uploads\/usu1175\/2021\/06\/CEC_Logo-Vertical.png 925w\" sizes=\"auto, (max-width: 300px) 100vw, 300px\" \/><\/a><\/p>\n<p>&nbsp;<\/p>\n<p>El Centre Excursionista de Catalunya ha publicat uns <a href=\"https:\/\/cec.cat\/webinars\/\" target=\"_blank\" rel=\"noopener noreferrer\">webinars de tem\u00e0tica geol\u00f2gica<\/a>, des del CRP d&#8217;Osona considerem que tenen un gran valor pedag\u00f2gic i amb la seu consentiment els posem a l&#8217;abast dels docents de la zona.<\/p>\n<h4><\/h4>\n<h4><\/h4>\n<h4>Descobrint la geologia Montserratina<\/h4>\n<p>Una mirada al present per entendre el passat (<a href=\"https:\/\/ceccat-my.sharepoint.com\/:v:\/g\/personal\/acampo_cec_cat\/EcXBEFgjHqRNv6FZIe1dF1ABGZ2r38Sz2w_QzwvQbl2_1Q?e=jFKlGL\" target=\"_blank\" rel=\"noopener noreferrer\">v\u00eddeo<\/a>) 1h07&#8242;<\/p>\n<p><b>Descripci\u00f3: <\/b>Vols saber com es va formar la muntanya de Montserrat? A trav\u00e9s del Geowebminar s\u2019explicar\u00e0 de forma senzilla, did\u00e0ctica i entenedora el proc\u00e9s geol\u00f2gic que va comen\u00e7ar fa m\u00e9s de 55 milions d\u2019anys i que ha donat forma al mass\u00eds de Montserrat.<\/p>\n<h4>Descobrint els recursos minerals de Catalunya<\/h4>\n<p>Un patrimoni geol\u00f2gic \u00fanic (<a href=\"https:\/\/ceccat-my.sharepoint.com\/:v:\/g\/personal\/acampo_cec_cat\/ER2a2ZgZ-35Gi-4SwhQIh3ABWSpU7cN7n1MB-2i-UMa93A?e=su1YsC\" target=\"_blank\" rel=\"noopener noreferrer\">v\u00eddeo<\/a>) 1h11&#8242;<\/p>\n<p><b>Descripci\u00f3: <\/b>Amb aquest geo-webinar descobrireu alguns dels processos geol\u00f2gics m\u00e9s importants que han perm\u00e8s la concentraci\u00f3 an\u00f2mala de minerals d\u2019inter\u00e8s econ\u00f2mic a Catalunya, sent molts d\u2019ells explotats des de l\u2019antiguitat gr\u00e0cies a la seva rica pres\u00e8ncia al s\u00f2l del territori.<\/p>\n<p>&nbsp;<\/p>\n","protected":false},"excerpt":{"rendered":"<p>Materials i recursos per treballar la geologia amb els alumnes. En aquest espai trobareu tot de recursos per treballar la [&hellip;]<\/p>\n","protected":false},"author":1,"featured_media":0,"parent":9626,"menu_order":0,"comment_status":"closed","ping_status":"closed","template":"","meta":{"_bbp_topic_count":0,"_bbp_reply_count":0,"_bbp_total_topic_count":0,"_bbp_total_reply_count":0,"_bbp_voice_count":0,"_bbp_anonymous_reply_count":0,"_bbp_topic_count_hidden":0,"_bbp_reply_count_hidden":0,"_bbp_forum_subforum_count":0,"site-sidebar-layout":"default","site-content-layout":"","ast-site-content-layout":"","site-content-style":"default","site-sidebar-style":"default","ast-global-header-display":"","ast-banner-title-visibility":"","ast-main-header-display":"","ast-hfb-above-header-display":"","ast-hfb-below-header-display":"","ast-hfb-mobile-header-display":"","site-post-title":"","ast-breadcrumbs-content":"","ast-featured-img":"","footer-sml-layout":"","theme-transparent-header-meta":"","adv-header-id-meta":"","stick-header-meta":"","header-above-stick-meta":"","header-main-stick-meta":"","header-below-stick-meta":"","astra-migrate-meta-layouts":"default","ast-page-background-enabled":"default","ast-page-background-meta":{"desktop":{"background-color":"var(--ast-global-color-4)","background-image":"","background-repeat":"repeat","background-position":"center center","background-size":"auto","background-attachment":"scroll","background-type":"","background-media":"","overlay-type":"","overlay-color":"","overlay-opacity":"","overlay-gradient":""},"tablet":{"background-color":"","background-image":"","background-repeat":"repeat","background-position":"center center","background-size":"auto","background-attachment":"scroll","background-type":"","background-media":"","overlay-type":"","overlay-color":"","overlay-opacity":"","overlay-gradient":""},"mobile":{"background-color":"","background-image":"","background-repeat":"repeat","background-position":"center center","background-size":"auto","background-attachment":"scroll","background-type":"","background-media":"","overlay-type":"","overlay-color":"","overlay-opacity":"","overlay-gradient":""}},"ast-content-background-meta":{"desktop":{"background-color":"var(--ast-global-color-5)","background-image":"","background-repeat":"repeat","background-position":"center center","background-size":"auto","background-attachment":"scroll","background-type":"","background-media":"","overlay-type":"","overlay-color":"","overlay-opacity":"","overlay-gradient":""},"tablet":{"background-color":"var(--ast-global-color-5)","background-image":"","background-repeat":"repeat","background-position":"center center","background-size":"auto","background-attachment":"scroll","background-type":"","background-media":"","overlay-type":"","overlay-color":"","overlay-opacity":"","overlay-gradient":""},"mobile":{"background-color":"var(--ast-global-color-5)","background-image":"","background-repeat":"repeat","background-position":"center center","background-size":"auto","background-attachment":"scroll","background-type":"","background-media":"","overlay-type":"","overlay-color":"","overlay-opacity":"","overlay-gradient":""}},"footnotes":""},"class_list":["post-10418","page","type-page","status-publish","hentry"],"post_mailing_queue_ids":[],"_links":{"self":[{"href":"https:\/\/serveiseducatius.xtec.cat\/osona\/wp-json\/wp\/v2\/pages\/10418","targetHints":{"allow":["GET"]}}],"collection":[{"href":"https:\/\/serveiseducatius.xtec.cat\/osona\/wp-json\/wp\/v2\/pages"}],"about":[{"href":"https:\/\/serveiseducatius.xtec.cat\/osona\/wp-json\/wp\/v2\/types\/page"}],"author":[{"embeddable":true,"href":"https:\/\/serveiseducatius.xtec.cat\/osona\/wp-json\/wp\/v2\/users\/1"}],"replies":[{"embeddable":true,"href":"https:\/\/serveiseducatius.xtec.cat\/osona\/wp-json\/wp\/v2\/comments?post=10418"}],"version-history":[{"count":3,"href":"https:\/\/serveiseducatius.xtec.cat\/osona\/wp-json\/wp\/v2\/pages\/10418\/revisions"}],"predecessor-version":[{"id":10448,"href":"https:\/\/serveiseducatius.xtec.cat\/osona\/wp-json\/wp\/v2\/pages\/10418\/revisions\/10448"}],"up":[{"embeddable":true,"href":"https:\/\/serveiseducatius.xtec.cat\/osona\/wp-json\/wp\/v2\/pages\/9626"}],"wp:attachment":[{"href":"https:\/\/serveiseducatius.xtec.cat\/osona\/wp-json\/wp\/v2\/media?parent=10418"}],"curies":[{"name":"wp","href":"https:\/\/api.w.org\/{rel}","templated":true}]}}