{"id":10266,"date":"2021-03-23T11:30:35","date_gmt":"2021-03-23T10:30:35","guid":{"rendered":"http:\/\/serveiseducatius.xtec.cat\/osona\/?page_id=10266"},"modified":"2021-03-23T11:30:35","modified_gmt":"2021-03-23T10:30:35","slug":"pmf","status":"publish","type":"page","link":"https:\/\/serveiseducatius.xtec.cat\/osona\/recursos\/area-de-cultura-digital\/pmf\/","title":{"rendered":"PMF"},"content":{"rendered":"<h1><b>Preguntes m\u00e9s freq\u00fcents<\/b><\/h1>\n<p>&nbsp;<\/p>\n<table>\n<tbody>\n<tr>\n<td><b>Pregunta \/ comentari<\/b><\/td>\n<td><b>Resposta<\/b><\/td>\n<\/tr>\n<tr>\n<td><span style=\"font-weight: 400;\">En deixar els port\u00e0tils als alumnes durant el confinament no vam fer llistat de codis SACE. Si ara telef\u00f2nica diu que els ha entregat per\u00f2 els alumnes asseguren que no els han rebut. Qu\u00e8 hem de fer?? Els donem per perduts? Sense codi SACE em tanquen la incid\u00e8ncia autom\u00e0ticament.<\/span><\/td>\n<td><span style=\"font-weight: 400;\">Registrar-ho assegurant que no v\u00e0reu posar el codi SACE i que no us ho han tornat.<\/span><\/td>\n<\/tr>\n<tr>\n<td><span style=\"font-weight: 400;\">Al final del curs passat es va dir que aquest curs es dotaria als centres d&#8217;equipament inform\u00e0tic. Quina previsi\u00f3 hi ha perqu\u00e8 arribin ordinadors port\u00e0tils pel professorat als centres?<\/span><\/td>\n<td><span style=\"font-weight: 400;\">\u00c9s la dotaci\u00f3 prevista pel PEDC.<\/span><\/td>\n<\/tr>\n<tr>\n<td><span style=\"font-weight: 400;\">Heu parlat de la dotaci\u00f3 d&#8217;inici de curs. Totes les escoles reben dotacions? Si no ens han dit res al centre, vol dir que el nostre centre no rebr\u00e0 cap dotaci\u00f3?<\/span><\/td>\n<td><span style=\"font-weight: 400;\">Les dotacions d&#8217;inici de curs nom\u00e9s s\u00f3n per creixement de grups.<\/span><\/td>\n<\/tr>\n<tr>\n<td><span style=\"font-weight: 400;\">Els recursos web en FLASH que estan a la XTEC i l&#8217;EDU365 estaran migrats en altres formats per tal d&#8217;estar disponibles un cop FLASH deixi d&#8217;estar operatiu (desembre 2020) ??<\/span><\/td>\n<td><span style=\"font-weight: 400;\">S\u00ed, s&#8217;est\u00e0 migrant tot a HTML5, per\u00f2 encara no sabem quan estar\u00e0 a punt.<\/span><\/td>\n<\/tr>\n<tr>\n<td><span style=\"font-weight: 400;\">Des del consell comarcal de vegades ens demanen informaci\u00f3 personal de l&#8217;alumnat (per exemple el correu electr\u00f2nic) de les fam\u00edlies per temes de beques. Per tema de protecci\u00f3 de dades no es podria compartir oi? Quina seria la manera adequada de transmetre aquesta informaci\u00f3? O millor no fer-ho?<\/span><\/td>\n<td><span style=\"font-weight: 400;\">Que ho demanin als ST<\/span><\/td>\n<\/tr>\n<tr>\n<td><span style=\"font-weight: 400;\">Els ordinadors de les aules d&#8217;inform\u00e0tica que actualment tenim amb Windows7 els podrem passar a Windows10 (no em plantejo passar a Windows8 de cap de les maneres)<\/span><\/td>\n<td><span style=\"font-weight: 400;\">Aix\u00f2 ja no es pot fer.<\/span><\/td>\n<\/tr>\n<tr>\n<td><span style=\"font-weight: 400;\">Heu comentat que als nous ordinadors d&#8217;administraci\u00f3 NO deixen instal\u00b7lar programari nou. Per\u00f2 poden ser instal\u00b7lats programes per a la signatura digital com el Xolido?<\/span><\/td>\n<td><span style=\"font-weight: 400;\">S\u00ed, ho podeu demanar pel Remedy i ho faran remotament.<\/span><\/td>\n<\/tr>\n<tr>\n<td><span style=\"font-weight: 400;\">Una bona pr\u00e0ctica que ten\u00edem a un altre CRP era fer que els estudiants d&#8217;aquests m\u00f2duls CFGM i CFGS hi havia conveni entre les direccions dels IES i els centres educatius i venien a fer les pr\u00e0ctiques als centres. Aquests ajudaven molt i donaven molt suport als centres.<\/span><\/td>\n<td><span style=\"font-weight: 400;\">S&#8217;ha d&#8217;arribar a un acord entre l&#8217;Ajuntament i el Departament (direcci\u00f3 dels Serveis Territorials)<\/span><\/td>\n<\/tr>\n<tr>\n<td><span style=\"font-weight: 400;\">El material que van retornar els alumnes als centres, en podem fer \u00fas? Crec que \u00e9s un bon recurs que podem utilitzar els centres, ja que no disposem d&#8217;aquest equipament.<\/span><\/td>\n<td><span style=\"font-weight: 400;\">No, perqu\u00e8 s&#8217;est\u00e0 organitzant la recollida d&#8217;aquest equipament.<\/span><\/td>\n<\/tr>\n<tr>\n<td><span style=\"font-weight: 400;\">Si confinen una classe, que el curs anterior alguns alumnes tenien dotaci\u00f3, els hi hem de donar la tauleta o no?<\/span><\/td>\n<td><span style=\"font-weight: 400;\">De moment no.<\/span><\/td>\n<\/tr>\n<tr>\n<td><span style=\"font-weight: 400;\">Els nous servidors permeten accedir-hi a dist\u00e0ncia? \u00c9s per poder accedir a les dades de gesti\u00f3 del centre des de casa en casos de confinament. Hi ha calendari per saber quan ens el portaran a cada centre?<\/span><\/td>\n<td><span style=\"font-weight: 400;\">No. El Departament de moment no vol fer-ho, per tema de seguretat.<\/span><\/td>\n<\/tr>\n<tr>\n<td><span style=\"font-weight: 400;\">Si som dels centres on la Wifi &#8220;no va massa b\u00e9&#8221;, per la transformaci\u00f3 de la WIFI a qui ens hem de dirigir? O vindran sols?<\/span><\/td>\n<td><span style=\"font-weight: 400;\">Vindran sols, es far\u00e0 un desplegament massiu amb diverses empreses.<\/span><\/td>\n<\/tr>\n<tr>\n<td><span style=\"font-weight: 400;\">Es podrien comprar miniordinadors fora d&#8217;aquest cat\u00e0leg?<\/span><\/td>\n<td><span style=\"font-weight: 400;\">Hi haur\u00e0 d&#8217;haver alguna justificaci\u00f3, com per exemple que aquest equip no est\u00e0 al cat\u00e0leg.<\/span><\/td>\n<\/tr>\n<tr>\n<td><span style=\"font-weight: 400;\">Com es decidir\u00e0 i quins mestres podran accedir als port\u00e0tils.<\/span><\/p>\n<p><span style=\"font-weight: 400;\">A l&#8217;escola ens comencen a demanar perqu\u00e8 s\u00f3n diversos a teletreballar a casa amb un \u00fanic dispositiu o el que tenien s&#8217;ha espatllat durant el confinament&#8230;<\/span><\/td>\n<td><span style=\"font-weight: 400;\">Desconeixem els criteris, de moment.<\/span><\/td>\n<\/tr>\n<tr>\n<td><span style=\"font-weight: 400;\">Al portal PAUTIC\/Remedy hi ha inventari del material tal com hi ha al gepse?<\/span><\/td>\n<td><span style=\"font-weight: 400;\">S\u00ed, hi ha tot el material que s&#8217;ha repartit des que existeix el PAUTIC. No s&#8217;hi va migrar el del GEPSE, per\u00f2.<\/span><\/td>\n<\/tr>\n<tr>\n<td><span style=\"font-weight: 400;\">Ens agradaria saber com imprimir a la Konica amb els Chromebooks comprats per cat\u00e0leg.<\/span><\/td>\n<td><span style=\"font-weight: 400;\">Es pot, per\u00f2 no hi ha suport del Departament perqu\u00e8 no s&#8217;ha homologat.<\/span><\/td>\n<\/tr>\n<tr>\n<td><span style=\"font-weight: 400;\">Bones. Jo ja he fet la incid\u00e8ncia sobre els ordinadors del projecte equitat digital a Sau la setmana passada i no han donat senyals de vida.<\/span><\/td>\n<td><span style=\"font-weight: 400;\">S\u00ed, de moment \u00e9s aix\u00ed. Estan recopilant informaci\u00f3. \u00c9s important registrar aquesta informaci\u00f3.<\/span><\/td>\n<\/tr>\n<tr>\n<td><span style=\"font-weight: 400;\">Amb el tem impresora Konica minolta&#8230; quan es queda sense toner cal demanar-lo? o ja o detecta i envien toner abans que s&#8217;acabi? Ho dic perqu\u00e8 ja fa 2 setmanes que n&#8217;he demanat i no tinc cap mena d&#8217;informaci\u00f3. Gr\u00e0cies,<\/span><\/td>\n<td><span style=\"font-weight: 400;\">No cal demanar t\u00f2ners, arriba autom\u00e0ticament. Si aix\u00f2 no passa, es pot obrir una incid\u00e8ncia al SAU. Si passa sovint, poseu-vos en contacte amb nosaltres.<\/span><\/td>\n<\/tr>\n<tr>\n<td><span style=\"font-weight: 400;\">He fet petici\u00f3 per recondicionar els ordinadors retornats i han utilitzat les hores de preventiu per fer-ho i molt em temo, que aquest dijous em faran el mateix. No hauria de ser aix\u00ed<\/span><\/td>\n<td><span style=\"font-weight: 400;\">Aix\u00f2 est\u00e0 mal fet. Una petici\u00f3 mai s&#8217;ha d&#8217;atendre amb hores de preventiu. Al t\u00e8cnic de preventiu li heu de dir que no ho faci (excepte si l&#8217;equipament no t\u00e9 SACE).<\/span><\/td>\n<\/tr>\n<tr>\n<td><span style=\"font-weight: 400;\">Els equipaments rebuts per equitat digital des del departament, en podem fer \u00fas al centre?<\/span><\/p>\n<p><span style=\"font-weight: 400;\">Segur que el Xavier ho ha dit, per\u00f2 just al moment que parlava del tema EQUITAT DIGITAL, he hagut d&#8217;atendre una trucada. Mil disculpes i moltes gr\u00e0cies<\/span><\/td>\n<td><span style=\"font-weight: 400;\">No (contestat abans).<\/span><\/td>\n<\/tr>\n<tr>\n<td><span style=\"font-weight: 400;\">Qu\u00e8 es pot esperar de la transformaci\u00f3 wifi en centre gran no transformat?<\/span><\/td>\n<td><span style=\"font-weight: 400;\">Aquest curs augmentar\u00e0 la velocitat de la fibra de tots els centres, comen\u00e7ant pels instituts grans<\/span><\/td>\n<\/tr>\n<tr>\n<td><span style=\"font-weight: 400;\">Si tenim G-Suite for Education amb un domini propi, podem passar dades d&#8217;alumnes a trav\u00e9s del correu del domini propi?<\/span><\/td>\n<td><span style=\"font-weight: 400;\">S\u00ed, per\u00f2 haur\u00edeu de demanar una autoritzaci\u00f3 expressa si hi ha una cessi\u00f3 de dades de l&#8217;alumnat (encara que nom\u00e9s sigui el nom)<\/span><\/td>\n<\/tr>\n<tr>\n<td><span style=\"font-weight: 400;\">Bona tarda, del projecte de reparaci\u00f3 d&#8217;equipament, l&#8217;any passat en vam donar i, clar, amb tot, no va ser retornat. Retornaran al centre o com acaba?<\/span><\/td>\n<td><span style=\"font-weight: 400;\">Quan tinguem la possibilitat de reprendre-ho, els equips lliurats a reparar tornaran al centre, s\u00ed.<\/span><\/td>\n<\/tr>\n<tr>\n<td><span style=\"font-weight: 400;\">En cas d&#8217;equipament en manteniment (port\u00e0til) per\u00f2 que els components no ho estan (bateria), qu\u00e8 cal fer?<\/span><\/td>\n<td><span style=\"font-weight: 400;\">Se n&#8217;ha de fer c\u00e0rrec el centre.<\/span><\/td>\n<\/tr>\n<tr>\n<td><span style=\"font-weight: 400;\">Qu\u00e8 fem amb els dispositius de connectivitat que ens va retornar l&#8217;alumnat i tenim al centre?<\/span><\/p>\n<p><span style=\"font-weight: 400;\">Gr\u00e0cies,<\/span><\/td>\n<td><span style=\"font-weight: 400;\">Custodiar-los fins que s&#8217;organitzi la recollida per part del Departament.<\/span><\/td>\n<\/tr>\n<\/tbody>\n<\/table>\n","protected":false},"excerpt":{"rendered":"<p>Preguntes m\u00e9s freq\u00fcents &nbsp; Pregunta \/ comentari Resposta En deixar els port\u00e0tils als alumnes durant el confinament no vam fer [&hellip;]<\/p>\n","protected":false},"author":1,"featured_media":0,"parent":9956,"menu_order":0,"comment_status":"closed","ping_status":"closed","template":"","meta":{"_bbp_topic_count":0,"_bbp_reply_count":0,"_bbp_total_topic_count":0,"_bbp_total_reply_count":0,"_bbp_voice_count":0,"_bbp_anonymous_reply_count":0,"_bbp_topic_count_hidden":0,"_bbp_reply_count_hidden":0,"_bbp_forum_subforum_count":0,"site-sidebar-layout":"default","site-content-layout":"","ast-site-content-layout":"","site-content-style":"default","site-sidebar-style":"default","ast-global-header-display":"","ast-banner-title-visibility":"","ast-main-header-display":"","ast-hfb-above-header-display":"","ast-hfb-below-header-display":"","ast-hfb-mobile-header-display":"","site-post-title":"","ast-breadcrumbs-content":"","ast-featured-img":"","footer-sml-layout":"","theme-transparent-header-meta":"","adv-header-id-meta":"","stick-header-meta":"","header-above-stick-meta":"","header-main-stick-meta":"","header-below-stick-meta":"","astra-migrate-meta-layouts":"default","ast-page-background-enabled":"default","ast-page-background-meta":{"desktop":{"background-color":"var(--ast-global-color-4)","background-image":"","background-repeat":"repeat","background-position":"center center","background-size":"auto","background-attachment":"scroll","background-type":"","background-media":"","overlay-type":"","overlay-color":"","overlay-opacity":"","overlay-gradient":""},"tablet":{"background-color":"","background-image":"","background-repeat":"repeat","background-position":"center center","background-size":"auto","background-attachment":"scroll","background-type":"","background-media":"","overlay-type":"","overlay-color":"","overlay-opacity":"","overlay-gradient":""},"mobile":{"background-color":"","background-image":"","background-repeat":"repeat","background-position":"center center","background-size":"auto","background-attachment":"scroll","background-type":"","background-media":"","overlay-type":"","overlay-color":"","overlay-opacity":"","overlay-gradient":""}},"ast-content-background-meta":{"desktop":{"background-color":"var(--ast-global-color-5)","background-image":"","background-repeat":"repeat","background-position":"center center","background-size":"auto","background-attachment":"scroll","background-type":"","background-media":"","overlay-type":"","overlay-color":"","overlay-opacity":"","overlay-gradient":""},"tablet":{"background-color":"var(--ast-global-color-5)","background-image":"","background-repeat":"repeat","background-position":"center center","background-size":"auto","background-attachment":"scroll","background-type":"","background-media":"","overlay-type":"","overlay-color":"","overlay-opacity":"","overlay-gradient":""},"mobile":{"background-color":"var(--ast-global-color-5)","background-image":"","background-repeat":"repeat","background-position":"center center","background-size":"auto","background-attachment":"scroll","background-type":"","background-media":"","overlay-type":"","overlay-color":"","overlay-opacity":"","overlay-gradient":""}},"footnotes":""},"class_list":["post-10266","page","type-page","status-publish","hentry"],"post_mailing_queue_ids":[],"_links":{"self":[{"href":"https:\/\/serveiseducatius.xtec.cat\/osona\/wp-json\/wp\/v2\/pages\/10266","targetHints":{"allow":["GET"]}}],"collection":[{"href":"https:\/\/serveiseducatius.xtec.cat\/osona\/wp-json\/wp\/v2\/pages"}],"about":[{"href":"https:\/\/serveiseducatius.xtec.cat\/osona\/wp-json\/wp\/v2\/types\/page"}],"author":[{"embeddable":true,"href":"https:\/\/serveiseducatius.xtec.cat\/osona\/wp-json\/wp\/v2\/users\/1"}],"replies":[{"embeddable":true,"href":"https:\/\/serveiseducatius.xtec.cat\/osona\/wp-json\/wp\/v2\/comments?post=10266"}],"version-history":[{"count":1,"href":"https:\/\/serveiseducatius.xtec.cat\/osona\/wp-json\/wp\/v2\/pages\/10266\/revisions"}],"predecessor-version":[{"id":10267,"href":"https:\/\/serveiseducatius.xtec.cat\/osona\/wp-json\/wp\/v2\/pages\/10266\/revisions\/10267"}],"up":[{"embeddable":true,"href":"https:\/\/serveiseducatius.xtec.cat\/osona\/wp-json\/wp\/v2\/pages\/9956"}],"wp:attachment":[{"href":"https:\/\/serveiseducatius.xtec.cat\/osona\/wp-json\/wp\/v2\/media?parent=10266"}],"curies":[{"name":"wp","href":"https:\/\/api.w.org\/{rel}","templated":true}]}}