{"id":10145,"date":"2021-03-08T13:45:57","date_gmt":"2021-03-08T12:45:57","guid":{"rendered":"http:\/\/serveiseducatius.xtec.cat\/osona\/?page_id=10145"},"modified":"2021-06-22T15:08:08","modified_gmt":"2021-06-22T13:08:08","slug":"astronomia","status":"publish","type":"page","link":"https:\/\/serveiseducatius.xtec.cat\/osona\/recursos\/catalegs-tematics\/astronomia\/","title":{"rendered":"Astronomia"},"content":{"rendered":"<h2><span style=\"color: #000000;\">Materials i recursos per treballar l&#8217;astronomia amb els alumnes.<\/span><\/h2>\n<figure id=\"attachment_10193\" aria-describedby=\"caption-attachment-10193\" style=\"width: 399px\" class=\"wp-caption alignnone\"><img loading=\"lazy\" decoding=\"async\" class=\" wp-image-10193\" src=\"https:\/\/serveiseducatius.xtec.cat\/osona\/wp-content\/uploads\/usu1175\/2021\/03\/Astronomia-300x200.jpg\" alt=\"\" width=\"399\" height=\"266\" srcset=\"https:\/\/serveiseducatius.xtec.cat\/osona\/wp-content\/uploads\/usu1175\/2021\/03\/Astronomia-300x200.jpg 300w, https:\/\/serveiseducatius.xtec.cat\/osona\/wp-content\/uploads\/usu1175\/2021\/03\/Astronomia-768x512.jpg 768w, https:\/\/serveiseducatius.xtec.cat\/osona\/wp-content\/uploads\/usu1175\/2021\/03\/Astronomia-1024x682.jpg 1024w, https:\/\/serveiseducatius.xtec.cat\/osona\/wp-content\/uploads\/usu1175\/2021\/03\/Astronomia.jpg 1600w\" sizes=\"auto, (max-width: 399px) 100vw, 399px\" \/><figcaption id=\"caption-attachment-10193\" class=\"wp-caption-text\">Cr\u00e8dits: http:\/\/experimentexchange.com\/earth-space\/make-a-constellation-finder-2\/<\/figcaption><\/figure>\n<p>En aquest espai trobareu tot de recursos per treballar l&#8217;astronomia amb els vostres alumnes, des de maletes pedag\u00f2giques fins a activitats on-line d&#8217;organismes tan coneguts com l&#8217;ag\u00e8ncia espacial europea (ESA) o la national aeronautics and space administration (NASA), sense deixar enrere els materials i la feina de divulgaci\u00f3 que fa l&#8217;agrupaci\u00f3 astron\u00f2mica d&#8217;Osona, o l&#8217;activitat de gamificaci\u00f3 Escape Earth en la que l&#8217;Olga Schl\u00fcter ens convida a trobar planetes exteriors al sistema solar que puguin albergar vida tal i com la coneixem.<\/p>\n<h3><\/h3>\n<h3><span style=\"color: #000000;\">Maleta pedag\u00f2gica<\/span> &#8220;<a href=\"https:\/\/serveiseducatius.xtec.cat\/osona\/recursos\/maletes-pedagogiques\/ciencies\/el-sistema-solar\/\" target=\"_blank\" rel=\"noopener noreferrer\">El sistema Solar<\/a>&#8220;<\/h3>\n<h3><span style=\"color: #000000;\">Activitats educatives de l&#8217;<\/span><a href=\"http:\/\/www.esa.int\/kids\/es\/Home\" target=\"_blank\" rel=\"noopener noreferrer\">ag\u00e8ncia espacial europea<\/a> (ESA)<\/h3>\n<h3><span style=\"color: #000000;\">Activitats educatives de la<\/span> <a href=\"https:\/\/spaceplace.nasa.gov\/sp\/\" target=\"_blank\" rel=\"noopener noreferrer\">National Aeronautics and Space Administration<\/a> (NASA)<\/h3>\n<h3><span style=\"color: #000000;\">Activitats i recursos via CSIC &#8211;<\/span> <a href=\"http:\/\/sac.csic.es\/unawe\/index.html\" target=\"_blank\" rel=\"noopener noreferrer\">UNAWE<\/a><\/h3>\n<h3><span style=\"color: #000000;\">Agrupaci\u00f3 astron\u00f2mica d&#8217;osona<\/span> (<a href=\"http:\/\/astroosona.net\/blog\/\" target=\"_blank\" rel=\"noopener noreferrer\">Astroosona<\/a>)<\/h3>\n<h4 style=\"padding-left: 40px;\"><a href=\"http:\/\/astroosona.net\/blog\/apunts-2\/\" target=\"_blank\" rel=\"noopener noreferrer\">Apunts<\/a><\/h4>\n<h4 style=\"padding-left: 40px;\"><a href=\"http:\/\/astroosona.net\/blog\/pedagogia\/\" target=\"_blank\" rel=\"noopener noreferrer\">Pedagogia<\/a><\/h4>\n<p>&nbsp;<\/p>\n<h3><span style=\"color: #000000;\">Escape Earth<\/span><\/h3>\n<p><a href=\"http:\/\/xtec.cat\/~oschlute\/EscapeEarth\/\" target=\"_blank\" rel=\"noopener noreferrer\"><img loading=\"lazy\" decoding=\"async\" class=\"alignleft size-full wp-image-10175\" src=\"https:\/\/serveiseducatius.xtec.cat\/osona\/wp-content\/uploads\/usu1175\/2021\/03\/Escape-Earth-Logo.png\" alt=\"\" width=\"1521\" height=\"210\" srcset=\"https:\/\/serveiseducatius.xtec.cat\/osona\/wp-content\/uploads\/usu1175\/2021\/03\/Escape-Earth-Logo.png 1521w, https:\/\/serveiseducatius.xtec.cat\/osona\/wp-content\/uploads\/usu1175\/2021\/03\/Escape-Earth-Logo-300x41.png 300w, https:\/\/serveiseducatius.xtec.cat\/osona\/wp-content\/uploads\/usu1175\/2021\/03\/Escape-Earth-Logo-768x106.png 768w, https:\/\/serveiseducatius.xtec.cat\/osona\/wp-content\/uploads\/usu1175\/2021\/03\/Escape-Earth-Logo-1024x141.png 1024w\" sizes=\"auto, (max-width: 1521px) 100vw, 1521px\" \/><\/a><\/p>\n<h4><span style=\"color: #000000;\">PRESENTACI\u00d3N DEL PROYECTO<\/span><\/h4>\n<p>El objetivo del proyecto Escape Earth es ofrecer material did\u00e1ctico actualizado sobre astronom\u00eda para el profesorado de secundaria en forma de proyecto gamificado. Se siguen las metodolog\u00edas de trabajo basado en proyectos, retos y trabajo colaborativo, adem\u00e1s de la gamificaci\u00f3n y la controversia. Asimismo, se fomenta el uso de las TIC y el uso de datos reales que el alumnado puede extraer de bases de datos astron\u00f3micas online.<\/p>\n<p>El nombre del proyecto, Escape Earth, pretende emular los juegos de tipo \u201cEscape Room\u201d donde los participantes deben escapar de una habitaci\u00f3n cerrada con la ayuda de ciertas pistas. El reto para los alumnos es descubrir cu\u00e1l es el mejor exoplaneta donde la humanidad debe huir. A lo largo de los talleres, ir\u00e1n evaluando los par\u00e1metros proporcionados y finalmente deber\u00e1n justificar su elecci\u00f3n del exoplaneta, describiendo su habitabilidad a partir de sus caracter\u00edsticas.<\/p>\n<p>En total se han desarrollado 13 talleres descargables de aproximadamente de unas dos horas cada uno, donde se describen las competencias clave, los contenidos curriculares y se detallan las actividades. El proyecto propuesto permite, por un lado, trabajar independientemente cada tema y escoger las actividades que se adapten mejor a cada grupo-clase, o bien, en la opci\u00f3n gamificada seguir todos los talleres.<\/p>\n<p>La pregunta reto que impulsa todo el proyecto proviene de la frase del famoso cient\u00edfico Stephen Hawking\u00a0<a class=\"link\" href=\"https:\/\/space.nss.org\/stephen-hawking-why-we-should-go-into-space-video\/\" target=\"blank\" rel=\"noopener noreferrer\">\u201cNo tenemos futuro si no colonizamos el espacio\u201d.<\/a><\/p>\n<p><a href=\"https:\/\/docs.google.com\/presentation\/d\/17Uhax50JTypNPDMKgpy2KoR5a5tn-7J-DwPQlUBaYUM\/edit?usp=sharing\" target=\"_blank\" rel=\"noopener noreferrer\">Enlla\u00e7 a la presentaci\u00f3 emprada a les sessions<\/a>.<\/p>\n<h4><span style=\"color: #000000;\">Sessions de presentaci\u00f3 del projecte:<\/span><\/h4>\n<h5>Sessi\u00f3 1<\/h5>\n<p><iframe loading=\"lazy\" src=\"https:\/\/drive.google.com\/file\/d\/11y7pekx9QoiobOJYah69b2sd-jKSy92H\/preview\" width=\"640\" height=\"480\"><\/iframe><\/p>\n<h5>Sessi\u00f3 2<\/h5>\n<p><iframe loading=\"lazy\" src=\"https:\/\/drive.google.com\/file\/d\/1HaDTXScdihCjAmkQf1Ma6yliSwlFtSut\/preview\" width=\"640\" height=\"480\"><\/iframe><\/p>\n<p>Canal de Telegram per <a href=\"https:\/\/t.me\/joinchat\/UyyBeB4JKKhkMmY0\" target=\"_blank\" rel=\"noopener noreferrer\">docents interessats en l&#8217;astronomia<\/a> (cal tenir usuari de Telegram)<\/p>\n<p>&nbsp;<\/p>\n<p><a href=\"https:\/\/t.me\/joinchat\/UyyBeB4JKKhkMmY0\" target=\"_blank\" rel=\"noopener noreferrer\"><img loading=\"lazy\" decoding=\"async\" class=\"wp-image-10200 size-full alignleft\" src=\"https:\/\/serveiseducatius.xtec.cat\/osona\/wp-content\/uploads\/usu1175\/2021\/03\/logo_telegram.png\" alt=\"\" width=\"236\" height=\"236\" srcset=\"https:\/\/serveiseducatius.xtec.cat\/osona\/wp-content\/uploads\/usu1175\/2021\/03\/logo_telegram.png 236w, https:\/\/serveiseducatius.xtec.cat\/osona\/wp-content\/uploads\/usu1175\/2021\/03\/logo_telegram-150x150.png 150w\" sizes=\"auto, (max-width: 236px) 100vw, 236px\" \/><\/a><\/p>\n<p>&nbsp;<\/p>\n<p>&nbsp;<\/p>\n<p>&nbsp;<\/p>\n<p>&nbsp;<\/p>\n<p>&nbsp;<\/p>\n<p>&nbsp;<\/p>\n<h3>Aparells d&#8217;autoconstrucci\u00f3.<\/h3>\n<p>&nbsp;<\/p>\n<h4><a href=\"https:\/\/publiclab.org\/wiki\/foldable-spec#Build+your+own\" target=\"_blank\" rel=\"noopener noreferrer\">Espectr\u00f2metre plegable pel m\u00f2bil.<\/a><\/h4>\n<p>Aportaci\u00f3 de la \u00darsula Balduzzi, \u00e9s una plantilla que es pot imprimir o calcar sobre cartolina o cartr\u00f3 prim i cal disposar d&#8217;un CD (<a href=\"https:\/\/publiclab.org\/questions\/Nelari\/05-25-2019\/split-dvd-which-part-to-use-for-spectrometer\" target=\"_blank\" rel=\"noopener noreferrer\">Compact Disc<\/a>) per fer la descomposici\u00f3 de la llum.<\/p>\n","protected":false},"excerpt":{"rendered":"<p>Materials i recursos per treballar l&#8217;astronomia amb els alumnes. En aquest espai trobareu tot de recursos per treballar l&#8217;astronomia amb [&hellip;]<\/p>\n","protected":false},"author":1,"featured_media":0,"parent":9626,"menu_order":0,"comment_status":"closed","ping_status":"closed","template":"","meta":{"_bbp_topic_count":0,"_bbp_reply_count":0,"_bbp_total_topic_count":0,"_bbp_total_reply_count":0,"_bbp_voice_count":0,"_bbp_anonymous_reply_count":0,"_bbp_topic_count_hidden":0,"_bbp_reply_count_hidden":0,"_bbp_forum_subforum_count":0,"site-sidebar-layout":"default","site-content-layout":"","ast-site-content-layout":"","site-content-style":"default","site-sidebar-style":"default","ast-global-header-display":"","ast-banner-title-visibility":"","ast-main-header-display":"","ast-hfb-above-header-display":"","ast-hfb-below-header-display":"","ast-hfb-mobile-header-display":"","site-post-title":"","ast-breadcrumbs-content":"","ast-featured-img":"","footer-sml-layout":"","theme-transparent-header-meta":"","adv-header-id-meta":"","stick-header-meta":"","header-above-stick-meta":"","header-main-stick-meta":"","header-below-stick-meta":"","astra-migrate-meta-layouts":"default","ast-page-background-enabled":"default","ast-page-background-meta":{"desktop":{"background-color":"var(--ast-global-color-4)","background-image":"","background-repeat":"repeat","background-position":"center center","background-size":"auto","background-attachment":"scroll","background-type":"","background-media":"","overlay-type":"","overlay-color":"","overlay-opacity":"","overlay-gradient":""},"tablet":{"background-color":"","background-image":"","background-repeat":"repeat","background-position":"center center","background-size":"auto","background-attachment":"scroll","background-type":"","background-media":"","overlay-type":"","overlay-color":"","overlay-opacity":"","overlay-gradient":""},"mobile":{"background-color":"","background-image":"","background-repeat":"repeat","background-position":"center center","background-size":"auto","background-attachment":"scroll","background-type":"","background-media":"","overlay-type":"","overlay-color":"","overlay-opacity":"","overlay-gradient":""}},"ast-content-background-meta":{"desktop":{"background-color":"var(--ast-global-color-5)","background-image":"","background-repeat":"repeat","background-position":"center center","background-size":"auto","background-attachment":"scroll","background-type":"","background-media":"","overlay-type":"","overlay-color":"","overlay-opacity":"","overlay-gradient":""},"tablet":{"background-color":"var(--ast-global-color-5)","background-image":"","background-repeat":"repeat","background-position":"center center","background-size":"auto","background-attachment":"scroll","background-type":"","background-media":"","overlay-type":"","overlay-color":"","overlay-opacity":"","overlay-gradient":""},"mobile":{"background-color":"var(--ast-global-color-5)","background-image":"","background-repeat":"repeat","background-position":"center center","background-size":"auto","background-attachment":"scroll","background-type":"","background-media":"","overlay-type":"","overlay-color":"","overlay-opacity":"","overlay-gradient":""}},"footnotes":""},"class_list":["post-10145","page","type-page","status-publish","hentry"],"post_mailing_queue_ids":[],"_links":{"self":[{"href":"https:\/\/serveiseducatius.xtec.cat\/osona\/wp-json\/wp\/v2\/pages\/10145","targetHints":{"allow":["GET"]}}],"collection":[{"href":"https:\/\/serveiseducatius.xtec.cat\/osona\/wp-json\/wp\/v2\/pages"}],"about":[{"href":"https:\/\/serveiseducatius.xtec.cat\/osona\/wp-json\/wp\/v2\/types\/page"}],"author":[{"embeddable":true,"href":"https:\/\/serveiseducatius.xtec.cat\/osona\/wp-json\/wp\/v2\/users\/1"}],"replies":[{"embeddable":true,"href":"https:\/\/serveiseducatius.xtec.cat\/osona\/wp-json\/wp\/v2\/comments?post=10145"}],"version-history":[{"count":3,"href":"https:\/\/serveiseducatius.xtec.cat\/osona\/wp-json\/wp\/v2\/pages\/10145\/revisions"}],"predecessor-version":[{"id":10449,"href":"https:\/\/serveiseducatius.xtec.cat\/osona\/wp-json\/wp\/v2\/pages\/10145\/revisions\/10449"}],"up":[{"embeddable":true,"href":"https:\/\/serveiseducatius.xtec.cat\/osona\/wp-json\/wp\/v2\/pages\/9626"}],"wp:attachment":[{"href":"https:\/\/serveiseducatius.xtec.cat\/osona\/wp-json\/wp\/v2\/media?parent=10145"}],"curies":[{"name":"wp","href":"https:\/\/api.w.org\/{rel}","templated":true}]}}